{"id":22820,"date":"2026-04-01T14:30:05","date_gmt":"2026-04-01T12:30:05","guid":{"rendered":"https:\/\/humanitas.edu.pl\/?page_id=22820"},"modified":"2026-04-01T14:51:07","modified_gmt":"2026-04-01T12:51:07","slug":"azs-humanitas-sosnowiec","status":"publish","type":"page","link":"https:\/\/humanitas.edu.pl\/uk\/azs-humanitas-sosnowiec\/","title":{"rendered":"AZS Humanitas Sosnowiec"},"content":{"rendered":"    <section\n        class=\"block-content-with-gallery block-content-with-gallery--white block-content-with-gallery--left\"\n        id=\"block_ff60d4874dc86f8b60a0b338ef66b659\">\n                <div class=\"container\">\n            <div class=\"block-content-with-gallery__wrapper\">\n                <div class=\"block-content-with-gallery__gallery js-delay fade-in\">\n                                                                        <figure class=\"block-content-with-gallery__item js-delay-item\">\n                                <img loading=\"lazy\" decoding=\"async\" width=\"800\" height=\"600\" src=\"https:\/\/humanitas.edu.pl\/wp-content\/uploads\/2026\/02\/Szablon-www-aktualnosc-1.jpg\" class=\"attachment-full-size size-full-size\" alt=\"\" aria-hidden=\"true\" srcset=\"https:\/\/humanitas.edu.pl\/wp-content\/uploads\/2026\/02\/Szablon-www-aktualnosc-1.jpg 800w, https:\/\/humanitas.edu.pl\/wp-content\/uploads\/2026\/02\/Szablon-www-aktualnosc-1-300x225.jpg 300w, https:\/\/humanitas.edu.pl\/wp-content\/uploads\/2026\/02\/Szablon-www-aktualnosc-1-768x576.jpg 768w\" sizes=\"(max-width: 800px) 100vw, 800px\" \/>                            <\/figure>\n                                                            <\/div>\n                <div id=\"block-69d7987196fe69.29749790\" class=\"block-content-with-gallery__content\">\n                    <h2\n                        class=\"block-content-with-gallery__title heading-underline heading-dot fade-in \">\n                        Twoje miejsce na sport, energi\u0119 i ludzi z pasj\u0105<\/h3>\n                        <div class=\"block-content-with-gallery__text fade-in\">\n\n                                                            <div class=\"block-content-with-gallery__text-full\">\n                                    <p data-start=\"183\" data-end=\"504\"><strong data-start=\"183\" data-end=\"210\">AZS Humanitas Sosnowiec<\/strong> to co\u015b wi\u0119cej ni\u017c sekcja sportowa \u2013 to spo\u0142eczno\u015b\u0107, kt\u00f3ra \u0142\u0105czy student\u00f3w poprzez ruch, emocje i wsp\u00f3lne cele. Dzia\u0142amy w ramach <span class=\"hover:entity-accent entity-underline inline cursor-pointer align-baseline\"><span class=\"whitespace-normal\">Akademickiego Zwi\u0105zku Sportowego<\/span><\/span> \u2013 najwi\u0119kszej organizacji sportu akademickiego w Polsce, kt\u00f3ra od ponad wieku inspiruje m\u0142odych ludzi do aktywno\u015bci i rozwoju.<\/p>\n<p data-start=\"183\" data-end=\"504\">U nas sport spotyka si\u0119 z akademick\u0105 codzienno\u015bci\u0105, a trening staje si\u0119 przestrzeni\u0105 do budowania relacji, pewno\u015bci siebie i dobrej energii.<\/p>\n                                <\/div>\n                            \n                        <\/div>\n                                        <\/div>\n            <\/div>\n        <\/div>\n            <\/section>\n\n    <script>\n        document.addEventListener('DOMContentLoaded', function() {\n            var containerId = \"block-69d7987196fe69.29749790\";\n            var container = document.getElementById(containerId);\n\n            if (container) {\n                const button = container.querySelector('.block-content-with-gallery__read-more');\n                const truncated = container.querySelector('.block-content-with-gallery__text-truncated');\n                const full = container.querySelector('.block-content-with-gallery__text-full');\n\n                button.addEventListener('click', function() {\n                    if (truncated.style.display !== 'none') {\n                        truncated.style.display = 'none';\n                        full.style.display = 'block';\n                        button.textContent = button.getAttribute('data-read-less');\n                    } else {\n                        truncated.style.display = 'block';\n                        full.style.display = 'none';\n                        button.textContent = button.getAttribute('data-read-more');\n                    }\n                });\n            }\n        });\n    <\/script>\n\n\n<section\n    class=\"block-content-with-buttons block-content-with-buttons--light-blue block-content-with-buttons--left\"\n    id=\"block_81d476f8863e828cef1a5c9c1c2f48f1\">\n            \n<div class=\"triangle triangle--top-left default\">\n    <svg aria-hidden=\"true\" focusable=\"false\" width=\"1440\" height=\"98\" viewBox=\"0 0 1440 98\" fill=\"none\" xmlns=\"http:\/\/www.w3.org\/2000\/svg\">\n<path d=\"M0 98L1440 0H0V98Z\" fill=\"white\"\/>\n<\/svg>\n<\/div>\n        <div class=\"container\">\n        <div class=\"block-content-with-buttons__wrapper\">\n            <figure\n                class=\"block-content-with-buttons__image fade-in \">\n                            <\/figure>\n            <div class=\"block-content-with-buttons__content\">\n                <h2\n                    class=\"block-content-with-buttons__title heading-underline heading-dot fade-in  no-dot\">\n                    Kim jeste\u015bmy?<\/h2>\n                <div class=\"block-content-with-buttons__text fade-in\">\n                    <p data-start=\"673\" data-end=\"809\">Jeste\u015bmy cz\u0119\u015bci\u0105 spo\u0142eczno\u015bci Akademii Humanitas \u2013 ludzi, kt\u00f3rzy chc\u0105 \u017cy\u0107 aktywnie, rozwija\u0107 si\u0119 i wykorzystywa\u0107 studencki czas w pe\u0142ni.<\/p>\n<p data-start=\"811\" data-end=\"851\">Tworzymy otwart\u0105 przestrze\u0144 dla ka\u017cdego:<\/p>\n<ul data-start=\"852\" data-end=\"961\">\n<li data-section-id=\"1qjuglh\" data-start=\"852\" data-end=\"890\">niezale\u017cnie od poziomu sportowego,<\/li>\n<li data-section-id=\"1xnlfps\" data-start=\"891\" data-end=\"924\">niezale\u017cnie od do\u015bwiadczenia,<\/li>\n<li data-section-id=\"k5l85k\" data-start=\"925\" data-end=\"961\">niezale\u017cnie od kierunku studi\u00f3w.<\/li>\n<\/ul>\n<p data-start=\"963\" data-end=\"1049\">Dzia\u0142amy w duchu warto\u015bci, kt\u00f3re od lat promuje <span class=\"hover:entity-accent entity-underline inline cursor-pointer align-baseline\"><span class=\"whitespace-normal\">Akademicki Zwi\u0105zek Sportowy<\/span><\/span>:<\/p>\n<ul>\n<li>zdrowy styl \u017cycia,<\/li>\n<li data-section-id=\"gc8o4j\" data-start=\"1073\" data-end=\"1101\">wsp\u00f3\u0142prac\u0119 i integracj\u0119,<\/li>\n<li data-section-id=\"1lssdwy\" data-start=\"1102\" data-end=\"1134\">rozw\u00f3j osobisty i zespo\u0142owy,<\/li>\n<li data-section-id=\"bkk8qy\" data-start=\"1135\" data-end=\"1177\">rado\u015b\u0107 p\u0142yn\u0105c\u0105 z aktywno\u015bci fizycznej.<\/li>\n<\/ul>\n<p data-start=\"1179\" data-end=\"1291\">Wierzymy, \u017ce sport to nie tylko rywalizacja \u2013 to przede wszystkim ludzie i atmosfera, do kt\u00f3rej chce si\u0119 wraca\u0107.<\/p>\n                <\/div>\n                                <div\n                    class=\"block-content-with-buttons__buttons block-content-with-buttons__buttons--with-icons js-delay fade-in\">\n                                    <\/div>\n            <\/div>\n        <\/div>\n    <\/div>\n            \n<div class=\"triangle triangle--bottom-right \">\n    <svg aria-hidden=\"true\" focusable=\"false\" width=\"1440\" height=\"98\" viewBox=\"0 0 1440 98\" fill=\"none\" xmlns=\"http:\/\/www.w3.org\/2000\/svg\">\n<path d=\"M1440 0L0 98H1440V0Z\" fill=\"white\"\/>\n<\/svg>\n<\/div>\n    <\/section>\n\n<section\n    class=\"block-content-with-buttons block-content-with-buttons--light-blue block-content-with-buttons--left\"\n    id=\"block_a94403978d5c58bfe5db8fa0624239ad\">\n            \n<div class=\"triangle triangle--top-left default\">\n    <svg aria-hidden=\"true\" focusable=\"false\" width=\"1440\" height=\"98\" viewBox=\"0 0 1440 98\" fill=\"none\" xmlns=\"http:\/\/www.w3.org\/2000\/svg\">\n<path d=\"M0 98L1440 0H0V98Z\" fill=\"white\"\/>\n<\/svg>\n<\/div>\n        <div class=\"container\">\n        <div class=\"block-content-with-buttons__wrapper\">\n            <figure\n                class=\"block-content-with-buttons__image fade-in \">\n                            <\/figure>\n            <div class=\"block-content-with-buttons__content\">\n                <h2\n                    class=\"block-content-with-buttons__title heading-underline heading-dot fade-in  no-dot\">\n                    Dlaczego warto do nas do\u0142\u0105czy\u0107?<\/h2>\n                <div class=\"block-content-with-buttons__text fade-in\">\n                    <p data-section-id=\"1gfcwv5\" data-start=\"1336\" data-end=\"1371\"><strong>Oderwij si\u0119 od codzienno\u015bci<\/strong><br \/>\nStudia to nie tylko nauka. Trening to moment, w kt\u00f3rym mo\u017cesz z\u0142apa\u0107 oddech, zredukowa\u0107 stres i zadba\u0107 o siebie.<\/p>\n<p><strong>Poznaj ludzi takich jak Ty<\/strong><br \/>\nW AZS spotykaj\u0105 si\u0119 osoby pe\u0142ne energii, otwarte i gotowe na nowe znajomo\u015bci. Tu naprawd\u0119 \u0142atwo znale\u017a\u0107 \u201eswoich ludzi\u201d.<\/p>\n<p><strong>Rozwijaj si\u0119 \u2013 nie tylko sportowo<\/strong><br \/>\nUdzia\u0142 w AZS to tak\u017ce rozw\u00f3j kompetencji mi\u0119kkich: wsp\u00f3\u0142pracy, komunikacji i zaanga\u017cowania \u2013 umiej\u0119tno\u015bci, kt\u00f3re przydaj\u0105 si\u0119 daleko poza uczelni\u0105.<\/p>\n<p><strong>Poczuj sportowe emocje<\/strong><br \/>\nNiezale\u017cnie od tego, czy trenujesz rekreacyjnie, czy chcesz rywalizowa\u0107 \u2013 znajdziesz u nas swoje miejsce.<\/p>\n                <\/div>\n                                <div\n                    class=\"block-content-with-buttons__buttons block-content-with-buttons__buttons--with-icons js-delay fade-in\">\n                                    <\/div>\n            <\/div>\n        <\/div>\n    <\/div>\n            \n<div class=\"triangle triangle--bottom-right \">\n    <svg aria-hidden=\"true\" focusable=\"false\" width=\"1440\" height=\"98\" viewBox=\"0 0 1440 98\" fill=\"none\" xmlns=\"http:\/\/www.w3.org\/2000\/svg\">\n<path d=\"M1440 0L0 98H1440V0Z\" fill=\"white\"\/>\n<\/svg>\n<\/div>\n    <\/section>\n\n\n\t<section class=\"block-content-with-offers\" id=\"block_9fe4e92bba34a84f5e6c0db2b8f03a4b\">\n\t\t<div class=\"container\">\n\t\t\t<div class=\"block-content-with-offers__wrapper\">\n\t\t\t\t<figure class=\"block-content-with-offers__image fade-in\">\n\t\t\t\t\t<img loading=\"lazy\" decoding=\"async\" width=\"2048\" height=\"1152\" src=\"https:\/\/humanitas.edu.pl\/wp-content\/uploads\/2026\/02\/DSC08279.jpg\" class=\"attachment-full-size size-full-size\" alt=\"\" aria-hidden=\"true\" srcset=\"https:\/\/humanitas.edu.pl\/wp-content\/uploads\/2026\/02\/DSC08279.jpg 2048w, https:\/\/humanitas.edu.pl\/wp-content\/uploads\/2026\/02\/DSC08279-300x169.jpg 300w, https:\/\/humanitas.edu.pl\/wp-content\/uploads\/2026\/02\/DSC08279-1024x576.jpg 1024w, https:\/\/humanitas.edu.pl\/wp-content\/uploads\/2026\/02\/DSC08279-768x432.jpg 768w, https:\/\/humanitas.edu.pl\/wp-content\/uploads\/2026\/02\/DSC08279-1536x864.jpg 1536w\" sizes=\"(max-width: 2048px) 100vw, 2048px\" \/>\t\t\t\t<\/figure>\n\t\t\t\t<div class=\"block-content-with-offers__container\">\n\t\t\t\t\t\t\t\t\t\t\t<h2\n\t\t\t\t\t\t\tclass=\"block-content-with-offers__title heading-underline heading-dot fade-in \">\n\t\t\t\t\t\t\t\ud83c\udfd0 Nasza duma \u2013 siatk\u00f3wka kobiet<\/h2>\n\t\t\t\t\t\t\t\t\t\t<div class=\"block-content-with-offers__content fade-in\">\n\t\t\t\t\t\t<p data-start=\"2015\" data-end=\"2127\">Szczeg\u00f3lne miejsce w AZS Humanitas Sosnowiec zajmuje <strong data-start=\"2058\" data-end=\"2079\">dru\u017cyna siatkarek<\/strong>, kt\u00f3ra osi\u0105ga sukcesy na arenie og\u00f3lnopolskiej.<\/p>\n<p data-start=\"2129\" data-end=\"2278\"><strong data-start=\"2132\" data-end=\"2169\">\ud83c\udfc5 Akademickie wicemistrzynie Polski<\/strong> \u2013 to tytu\u0142, kt\u00f3ry najlepiej pokazuje, \u017ce pasja, systematyczna praca i zaanga\u017cowanie przynosz\u0105 realne efekty.<\/p>\n<p data-start=\"2280\" data-end=\"2410\">To nie tylko dru\u017cyna \u2013 to inspiracja dla ca\u0142ej naszej spo\u0142eczno\u015bci i dow\u00f3d na to, \u017ce w AZS Humanitas mo\u017cna si\u0119ga\u0107 naprawd\u0119 wysoko.<\/p>\n\t\t\t\t\t<\/div>\n\t\t\t\t\t<div class=\"block-content-with-offers__offers\">\n\t\t\t\t\t\t\t\t\t\t\t<\/div>\n\t\t\t\t\t\t\t\t\t\t\t\t\t\t<\/div>\n\t\t\t<\/div>\n\t\t<\/div>\n\t<\/section>\n\n\n<section\n    class=\"block-content-with-buttons block-content-with-buttons--light-blue block-content-with-buttons--left\"\n    id=\"block_36b1a5ba4c3d8440d46e764b8590979f\">\n            \n<div class=\"triangle triangle--top-left default\">\n    <svg aria-hidden=\"true\" focusable=\"false\" width=\"1440\" height=\"98\" viewBox=\"0 0 1440 98\" fill=\"none\" xmlns=\"http:\/\/www.w3.org\/2000\/svg\">\n<path d=\"M0 98L1440 0H0V98Z\" fill=\"white\"\/>\n<\/svg>\n<\/div>\n        <div class=\"container\">\n        <div class=\"block-content-with-buttons__wrapper\">\n            <figure\n                class=\"block-content-with-buttons__image fade-in \">\n                            <\/figure>\n            <div class=\"block-content-with-buttons__content\">\n                <h2\n                    class=\"block-content-with-buttons__title heading-underline heading-dot fade-in \">\n                    Do\u0142\u0105cz do AZS Humanitas Sosnowiec<\/h2>\n                <div class=\"block-content-with-buttons__text fade-in\">\n                    <p data-start=\"2449\" data-end=\"2509\">Nie musisz by\u0107 zawodowcem. Wystarczy, \u017ce chcesz spr\u00f3bowa\u0107<\/p>\n<p data-start=\"2449\" data-end=\"2509\"><strong data-start=\"2514\" data-end=\"2526\">\ud83d\udccdMiejsce:<\/strong> hala sportowa w Milowicach, ul. Baczy\u0144skiego 4, Sosnowiec<br \/>\n\ud83d\udcc5 <strong data-start=\"2592\" data-end=\"2602\">Kiedy: <\/strong>wtorki, godz. 18:30\u201320:00<br \/>\n\ud83d\udcde <strong data-start=\"2637\" data-end=\"2649\">Kontakt: <\/strong>501 401 416<\/p>\n<div class=\"flex flex-col text-sm pb-25\">\n<section class=\"text-token-text-primary w-full focus:outline-none [--shadow-height:45px] has-data-writing-block:pointer-events-none has-data-writing-block:-mt-(--shadow-height) has-data-writing-block:pt-(--shadow-height) [&amp;:has([data-writing-block])&gt;*]:pointer-events-auto scroll-mt-[calc(var(--header-height)+min(200px,max(70px,20svh)))]\" dir=\"auto\" data-turn-id=\"eacdec77-fb4c-4b26-af6e-57d19b4d7140\" data-testid=\"conversation-turn-4\" data-scroll-anchor=\"true\" data-turn=\"assistant\">\n<div class=\"text-base my-auto mx-auto pb-10 [--thread-content-margin:var(--thread-content-margin-xs,calc(var(--spacing)*4))] @w-sm\/main:[--thread-content-margin:var(--thread-content-margin-sm,calc(var(--spacing)*6))] @w-lg\/main:[--thread-content-margin:var(--thread-content-margin-lg,calc(var(--spacing)*16))] px-(--thread-content-margin)\">\n<div class=\"[--thread-content-max-width:40rem] @w-lg\/main:[--thread-content-max-width:48rem] mx-auto max-w-(--thread-content-max-width) flex-1 group\/turn-messages focus-visible:outline-hidden relative flex w-full min-w-0 flex-col agent-turn\">\n<div class=\"flex max-w-full flex-col gap-4 grow\">\n<div class=\"min-h-8 text-message relative flex w-full flex-col items-end gap-2 text-start break-words whitespace-normal outline-none keyboard-focused:focus-ring [.text-message+&amp;]:mt-1\" dir=\"auto\" tabindex=\"0\" data-message-author-role=\"assistant\" data-message-id=\"eacdec77-fb4c-4b26-af6e-57d19b4d7140\" data-turn-start-message=\"true\" data-message-model-slug=\"gpt-5-3\">\n<div class=\"flex w-full flex-col gap-1 empty:hidden\">\n<div class=\"markdown prose dark:prose-invert w-full wrap-break-word light markdown-new-styling\">\n<p data-start=\"2702\" data-end=\"2731\">Je\u015bli szukasz miejsca, gdzie:<\/p>\n<ul data-start=\"2732\" data-end=\"2848\">\n<li data-section-id=\"1x31rsh\" data-start=\"2732\" data-end=\"2752\">zadbasz o form\u0119,<\/li>\n<li data-section-id=\"s8f2ap\" data-start=\"2753\" data-end=\"2781\">poznasz \u015bwietnych ludzi,<\/li>\n<li data-section-id=\"gthejq\" data-start=\"2782\" data-end=\"2813\">prze\u017cyjesz sportowe emocje,<\/li>\n<li data-section-id=\"h2r0nc\" data-start=\"2814\" data-end=\"2848\">oderwiesz si\u0119 od codzienno\u015bci\u2026<\/li>\n<\/ul>\n<p data-start=\"2850\" data-end=\"2905\">\ud83d\udc49 <strong data-start=\"2853\" data-end=\"2905\">AZS Humanitas Sosnowiec jest w\u0142a\u015bnie dla Ciebie.<\/strong><\/p>\n<p data-start=\"2907\" data-end=\"3030\" data-is-last-node=\"\" data-is-only-node=\"\">Nie czekaj na \u201elepszy moment\u201d \u2013 zacznij ju\u017c teraz.<br data-start=\"2957\" data-end=\"2960\" \/><strong data-start=\"2960\" data-end=\"3030\" data-is-last-node=\"\">Do\u0142\u0105cz do nas i sta\u0144 si\u0119 cz\u0119\u015bci\u0105 sportowej energii naszej Uczelni.<\/strong><\/p>\n<\/div>\n<\/div>\n<\/div>\n<\/div>\n<\/div>\n<\/div>\n<\/section>\n<\/div>\n                <\/div>\n                                <div\n                    class=\"block-content-with-buttons__buttons block-content-with-buttons__buttons--with-icons js-delay fade-in\">\n                                    <\/div>\n            <\/div>\n        <\/div>\n    <\/div>\n            \n<div class=\"triangle triangle--bottom-right \">\n    <svg aria-hidden=\"true\" focusable=\"false\" width=\"1440\" height=\"98\" viewBox=\"0 0 1440 98\" fill=\"none\" xmlns=\"http:\/\/www.w3.org\/2000\/svg\">\n<path d=\"M1440 0L0 98H1440V0Z\" fill=\"white\"\/>\n<\/svg>\n<\/div>\n    <\/section>","protected":false},"excerpt":{"rendered":"","protected":false},"author":7,"featured_media":0,"parent":0,"menu_order":0,"comment_status":"closed","ping_status":"closed","template":"","meta":{"_acf_changed":false,"inline_featured_image":false,"footnotes":""},"class_list":["post-22820","page","type-page","status-publish","hentry"],"acf":[],"yoast_head":"<!-- This site is optimized with the Yoast SEO Premium plugin v27.3 (Yoast SEO v27.3) - https:\/\/yoast.com\/product\/yoast-seo-premium-wordpress\/ -->\n<title>AZS Humanitas Sosnowiec - Akademia Humanitas<\/title>\n<meta name=\"description\" content=\"AZS Humanitas Sosnowiec to co\u015b wi\u0119cej ni\u017c sekcja sportowa \u2013 to spo\u0142eczno\u015b\u0107, kt\u00f3ra \u0142\u0105czy student\u00f3w poprzez ruch, emocje i wsp\u00f3lne cele.\" \/>\n<meta name=\"robots\" content=\"index, follow, max-snippet:-1, max-image-preview:large, max-video-preview:-1\" \/>\n<link rel=\"canonical\" href=\"https:\/\/humanitas.edu.pl\/uk\/azs-humanitas-sosnowiec\/\" \/>\n<meta property=\"og:locale\" content=\"en_US\" \/>\n<meta property=\"og:type\" content=\"article\" \/>\n<meta property=\"og:title\" content=\"AZS Humanitas Sosnowiec\" \/>\n<meta property=\"og:description\" content=\"AZS Humanitas Sosnowiec to co\u015b wi\u0119cej ni\u017c sekcja sportowa \u2013 to spo\u0142eczno\u015b\u0107, kt\u00f3ra \u0142\u0105czy student\u00f3w poprzez ruch, emocje i wsp\u00f3lne cele.\" \/>\n<meta property=\"og:url\" content=\"https:\/\/humanitas.edu.pl\/uk\/azs-humanitas-sosnowiec\/\" \/>\n<meta property=\"og:site_name\" content=\"Akademia Humanitas\" \/>\n<meta property=\"article:modified_time\" content=\"2026-04-01T12:51:07+00:00\" \/>\n<meta name=\"twitter:card\" content=\"summary_large_image\" \/>\n<meta name=\"twitter:label1\" content=\"Est. reading time\" \/>\n\t<meta name=\"twitter:data1\" content=\"3 minutes\" \/>\n<script type=\"application\/ld+json\" class=\"yoast-schema-graph\">{\"@context\":\"https:\\\/\\\/schema.org\",\"@graph\":[{\"@type\":\"WebPage\",\"@id\":\"https:\\\/\\\/humanitas.edu.pl\\\/uk\\\/azs-humanitas-sosnowiec\\\/\",\"url\":\"https:\\\/\\\/humanitas.edu.pl\\\/uk\\\/azs-humanitas-sosnowiec\\\/\",\"name\":\"AZS Humanitas Sosnowiec - Akademia Humanitas\",\"isPartOf\":{\"@id\":\"https:\\\/\\\/humanitas.edu.pl\\\/uk\\\/#website\"},\"datePublished\":\"2026-04-01T12:30:05+00:00\",\"dateModified\":\"2026-04-01T12:51:07+00:00\",\"description\":\"AZS Humanitas Sosnowiec to co\u015b wi\u0119cej ni\u017c sekcja sportowa \u2013 to spo\u0142eczno\u015b\u0107, kt\u00f3ra \u0142\u0105czy student\u00f3w poprzez ruch, emocje i wsp\u00f3lne cele.\",\"breadcrumb\":{\"@id\":\"https:\\\/\\\/humanitas.edu.pl\\\/uk\\\/azs-humanitas-sosnowiec\\\/#breadcrumb\"},\"inLanguage\":\"ua\",\"potentialAction\":[{\"@type\":\"ReadAction\",\"target\":[\"https:\\\/\\\/humanitas.edu.pl\\\/uk\\\/azs-humanitas-sosnowiec\\\/\"]}]},{\"@type\":\"BreadcrumbList\",\"@id\":\"https:\\\/\\\/humanitas.edu.pl\\\/uk\\\/azs-humanitas-sosnowiec\\\/#breadcrumb\",\"itemListElement\":[{\"@type\":\"ListItem\",\"position\":1,\"name\":\"Home\",\"item\":\"https:\\\/\\\/humanitas.edu.pl\\\/uk\\\/strona-glowna\\\/\"},{\"@type\":\"ListItem\",\"position\":2,\"name\":\"AZS Humanitas Sosnowiec\"}]},{\"@type\":\"WebSite\",\"@id\":\"https:\\\/\\\/humanitas.edu.pl\\\/uk\\\/#website\",\"url\":\"https:\\\/\\\/humanitas.edu.pl\\\/uk\\\/\",\"name\":\"Akademia Humanitas\",\"description\":\"\",\"potentialAction\":[{\"@type\":\"SearchAction\",\"target\":{\"@type\":\"EntryPoint\",\"urlTemplate\":\"https:\\\/\\\/humanitas.edu.pl\\\/uk\\\/?s={search_term_string}\"},\"query-input\":{\"@type\":\"PropertyValueSpecification\",\"valueRequired\":true,\"valueName\":\"search_term_string\"}}],\"inLanguage\":\"ua\"}]}<\/script>\n<!-- \/ Yoast SEO Premium plugin. -->","yoast_head_json":{"title":"AZS Humanitas Sosnowiec - Akademia Humanitas","description":"AZS Humanitas Sosnowiec to co\u015b wi\u0119cej ni\u017c sekcja sportowa \u2013 to spo\u0142eczno\u015b\u0107, kt\u00f3ra \u0142\u0105czy student\u00f3w poprzez ruch, emocje i wsp\u00f3lne cele.","robots":{"index":"index","follow":"follow","max-snippet":"max-snippet:-1","max-image-preview":"max-image-preview:large","max-video-preview":"max-video-preview:-1"},"canonical":"https:\/\/humanitas.edu.pl\/uk\/azs-humanitas-sosnowiec\/","og_locale":"en_US","og_type":"article","og_title":"AZS Humanitas Sosnowiec","og_description":"AZS Humanitas Sosnowiec to co\u015b wi\u0119cej ni\u017c sekcja sportowa \u2013 to spo\u0142eczno\u015b\u0107, kt\u00f3ra \u0142\u0105czy student\u00f3w poprzez ruch, emocje i wsp\u00f3lne cele.","og_url":"https:\/\/humanitas.edu.pl\/uk\/azs-humanitas-sosnowiec\/","og_site_name":"Akademia Humanitas","article_modified_time":"2026-04-01T12:51:07+00:00","twitter_card":"summary_large_image","twitter_misc":{"Est. reading time":"3 minutes"},"schema":{"@context":"https:\/\/schema.org","@graph":[{"@type":"WebPage","@id":"https:\/\/humanitas.edu.pl\/uk\/azs-humanitas-sosnowiec\/","url":"https:\/\/humanitas.edu.pl\/uk\/azs-humanitas-sosnowiec\/","name":"AZS Humanitas Sosnowiec - Akademia Humanitas","isPartOf":{"@id":"https:\/\/humanitas.edu.pl\/uk\/#website"},"datePublished":"2026-04-01T12:30:05+00:00","dateModified":"2026-04-01T12:51:07+00:00","description":"AZS Humanitas Sosnowiec to co\u015b wi\u0119cej ni\u017c sekcja sportowa \u2013 to spo\u0142eczno\u015b\u0107, kt\u00f3ra \u0142\u0105czy student\u00f3w poprzez ruch, emocje i wsp\u00f3lne cele.","breadcrumb":{"@id":"https:\/\/humanitas.edu.pl\/uk\/azs-humanitas-sosnowiec\/#breadcrumb"},"inLanguage":"ua","potentialAction":[{"@type":"ReadAction","target":["https:\/\/humanitas.edu.pl\/uk\/azs-humanitas-sosnowiec\/"]}]},{"@type":"BreadcrumbList","@id":"https:\/\/humanitas.edu.pl\/uk\/azs-humanitas-sosnowiec\/#breadcrumb","itemListElement":[{"@type":"ListItem","position":1,"name":"Home","item":"https:\/\/humanitas.edu.pl\/uk\/strona-glowna\/"},{"@type":"ListItem","position":2,"name":"AZS Humanitas Sosnowiec"}]},{"@type":"WebSite","@id":"https:\/\/humanitas.edu.pl\/uk\/#website","url":"https:\/\/humanitas.edu.pl\/uk\/","name":"Akademia Humanitas","description":"","potentialAction":[{"@type":"SearchAction","target":{"@type":"EntryPoint","urlTemplate":"https:\/\/humanitas.edu.pl\/uk\/?s={search_term_string}"},"query-input":{"@type":"PropertyValueSpecification","valueRequired":true,"valueName":"search_term_string"}}],"inLanguage":"ua"}]}},"_links":{"self":[{"href":"https:\/\/humanitas.edu.pl\/uk\/wp-json\/wp\/v2\/pages\/22820","targetHints":{"allow":["GET"]}}],"collection":[{"href":"https:\/\/humanitas.edu.pl\/uk\/wp-json\/wp\/v2\/pages"}],"about":[{"href":"https:\/\/humanitas.edu.pl\/uk\/wp-json\/wp\/v2\/types\/page"}],"author":[{"embeddable":true,"href":"https:\/\/humanitas.edu.pl\/uk\/wp-json\/wp\/v2\/users\/7"}],"replies":[{"embeddable":true,"href":"https:\/\/humanitas.edu.pl\/uk\/wp-json\/wp\/v2\/comments?post=22820"}],"version-history":[{"count":6,"href":"https:\/\/humanitas.edu.pl\/uk\/wp-json\/wp\/v2\/pages\/22820\/revisions"}],"predecessor-version":[{"id":22864,"href":"https:\/\/humanitas.edu.pl\/uk\/wp-json\/wp\/v2\/pages\/22820\/revisions\/22864"}],"wp:attachment":[{"href":"https:\/\/humanitas.edu.pl\/uk\/wp-json\/wp\/v2\/media?parent=22820"}],"curies":[{"name":"wp","href":"https:\/\/api.w.org\/{rel}","templated":true}]}}