{"id":21757,"date":"2026-03-16T16:10:00","date_gmt":"2026-03-16T14:10:00","guid":{"rendered":"https:\/\/humanitas.edu.pl\/?page_id=21757"},"modified":"2026-03-16T16:12:54","modified_gmt":"2026-03-16T14:12:54","slug":"formularz-seksuologia-kliniczna-i-sadowa","status":"publish","type":"page","link":"https:\/\/humanitas.edu.pl\/uk\/formularz-seksuologia-kliniczna-i-sadowa\/","title":{"rendered":"Formularz Seksuologia kliniczna i s\u0105dowa"},"content":{"rendered":"<style id=\"wpforms-css-vars-21754-block-3edd4fd8-f95d-48e3-a459-3be6974de65d\">\n\t\t\t\t#wpforms-21754.wpforms-block-3edd4fd8-f95d-48e3-a459-3be6974de65d {\n\t\t\t\t--wpforms-container-padding: 150px;\n--wpforms-field-size-input-height: 43px;\n--wpforms-field-size-input-spacing: 15px;\n--wpforms-field-size-font-size: 16px;\n--wpforms-field-size-line-height: 19px;\n--wpforms-field-size-padding-h: 14px;\n--wpforms-field-size-checkbox-size: 16px;\n--wpforms-field-size-sublabel-spacing: 5px;\n--wpforms-field-size-icon-size: 1;\n--wpforms-label-size-font-size: 16px;\n--wpforms-label-size-line-height: 19px;\n--wpforms-label-size-sublabel-font-size: 14px;\n--wpforms-label-size-sublabel-line-height: 17px;\n--wpforms-button-size-font-size: 17px;\n--wpforms-button-size-height: 41px;\n--wpforms-button-size-padding-h: 15px;\n--wpforms-button-size-margin-top: 10px;\n--wpforms-container-shadow-size-box-shadow: none;\n\t\t\t}\n\t\t\t<\/style><div class=\"wpforms-container wpforms-container-full wpforms-block wpforms-block-3edd4fd8-f95d-48e3-a459-3be6974de65d wpforms-render-modern\" id=\"wpforms-21754\"><form id=\"wpforms-form-21754\" class=\"wpforms-validate wpforms-form wpforms-ajax-form\" data-formid=\"21754\" method=\"post\" enctype=\"multipart\/form-data\" action=\"\/uk\/wp-json\/wp\/v2\/pages\/21757\" data-token=\"7765e8c5ef59549377c850a9700ba8e7\" data-token-time=\"1775838935\"><div class=\"wpforms-head-container\"><div class=\"wpforms-title\">Formularz seksuologia kliniczna i s\u0105dowa<\/div><\/div><noscript class=\"wpforms-error-noscript\">\u0423\u0432\u0456\u043c\u043a\u043d\u0456\u0442\u044c JavaScript \u0443 \u0441\u0432\u043e\u0454\u043c\u0443 \u0431\u0440\u0430\u0443\u0437\u0435\u0440\u0456, \u0449\u043e\u0431 \u0437\u0430\u043f\u043e\u0432\u043d\u0438\u0442\u0438 \u0446\u044e \u0444\u043e\u0440\u043c\u0443.<\/noscript><div id=\"wpforms-error-noscript\" style=\"display: none;\">\u0423\u0432\u0456\u043c\u043a\u043d\u0456\u0442\u044c JavaScript \u0443 \u0441\u0432\u043e\u0454\u043c\u0443 \u0431\u0440\u0430\u0443\u0437\u0435\u0440\u0456, \u0449\u043e\u0431 \u0437\u0430\u043f\u043e\u0432\u043d\u0438\u0442\u0438 \u0446\u044e \u0444\u043e\u0440\u043c\u0443.<\/div><div class=\"wpforms-field-container\"><div id=\"wpforms-21754-field_1-container\" class=\"wpforms-field wpforms-field-text\" data-field-id=\"1\"><label class=\"wpforms-field-label\" for=\"wpforms-21754-field_1\">Imi\u0119 i Nazwisko <span class=\"wpforms-required-label\" aria-hidden=\"true\">*<\/span><\/label><input type=\"text\" id=\"wpforms-21754-field_1\" class=\"wpforms-field-large wpforms-field-required\" name=\"wpforms[fields][1]\" placeholder=\"Jan Kowalski\" aria-errormessage=\"wpforms-21754-field_1-error\" required><\/div><div id=\"wpforms-21754-field_2-container\" class=\"wpforms-field wpforms-field-email\" data-field-id=\"2\"><label class=\"wpforms-field-label\" for=\"wpforms-21754-field_2\">Adres E-mail <span class=\"wpforms-required-label\" aria-hidden=\"true\">*<\/span><\/label><input type=\"email\" id=\"wpforms-21754-field_2\" class=\"wpforms-field-large wpforms-field-required\" name=\"wpforms[fields][2]\" placeholder=\"jan.kowalski@example.com\" spellcheck=\"false\" aria-errormessage=\"wpforms-21754-field_2-error\" required><\/div><div id=\"wpforms-21754-field_6-container\" class=\"wpforms-field wpforms-field-phone\" data-field-id=\"6\"><label class=\"wpforms-field-label\" for=\"wpforms-21754-field_6\">Telefon<\/label><input type=\"tel\" id=\"wpforms-21754-field_6\" class=\"wpforms-field-medium wpforms-smart-phone-field\" data-rule-smart-phone-field=\"true\" name=\"wpforms[fields][6]\" aria-label=\"Telefon\" aria-errormessage=\"wpforms-21754-field_6-error\" ><\/div><div id=\"wpforms-21754-field_5-container\" class=\"wpforms-field wpforms-field-checkbox\" data-field-id=\"5\"><fieldset><legend class=\"wpforms-field-label wpforms-label-hide\" aria-hidden=\"false\">Checkboxes <span class=\"wpforms-required-label\" aria-hidden=\"true\">*<\/span><\/legend><ul id=\"wpforms-21754-field_5\" class=\"wpforms-field-required\"><li class=\"choice-1 depth-1\"><input type=\"checkbox\" id=\"wpforms-21754-field_5_1\" name=\"wpforms[fields][5][]\" value=\"&lt;b&gt;Zgoda na przetwarzanie danych:&lt;\/b&gt; Wyra\u017cam zgod\u0119 na przetwarzanie moich danych osobowych przez Akademi\u0119 Humanitas w celu odpowiedzi na moje zapytanie. Zosta\u0142em\/am poinformowany\/a o moich prawach, w tym o dost\u0119pie do danych, ich poprawianiu, oraz prawie do cofni\u0119cia zgody. Szczeg\u00f3\u0142y w &lt;a href=&quot;#&quot;&gt;Polityce Prywatno\u015bci&lt;\/a&gt;.\" aria-errormessage=\"wpforms-21754-field_5_1-error\" required ><label class=\"wpforms-field-label-inline\" for=\"wpforms-21754-field_5_1\"><b>Zgoda na przetwarzanie danych:<\/b> Wyra\u017cam zgod\u0119 na przetwarzanie moich danych osobowych przez Akademi\u0119 Humanitas w celu odpowiedzi na moje zapytanie. Zosta\u0142em\/am poinformowany\/a o moich prawach, w tym o dost\u0119pie do danych, ich poprawianiu, oraz prawie do cofni\u0119cia zgody. Szczeg\u00f3\u0142y w <a href=\"#\">Polityce Prywatno\u015bci<\/a>.<\/label><\/li><\/ul><\/fieldset><\/div><div id=\"wpforms-21754-field_7-container\" class=\"wpforms-field wpforms-field-checkbox\" data-field-id=\"7\"><fieldset><legend class=\"wpforms-field-label wpforms-label-hide\" aria-hidden=\"false\">Checkboxes (kopia) <span class=\"wpforms-required-label\" aria-hidden=\"true\">*<\/span><\/legend><ul id=\"wpforms-21754-field_7\" class=\"wpforms-field-required\"><li class=\"choice-1 depth-1\"><input type=\"checkbox\" id=\"wpforms-21754-field_7_1\" name=\"wpforms[fields][7][]\" value=\"ZGODA NA OTRZYMYWANIE INFORMACJI HANDLOWYCH\/MARKETINGOWYCH \u201eWyra\u017cam zgod\u0119 na otrzymywanie informacji handlowych oraz informacji marketingu bezpo\u015bredniego (oraz na dostosowywanie kierowanych do mnie informacji handlowych i informacji marketingu bezpo\u015bredniego na podstawie udost\u0119pnionych przeze mnie informacji) o us\u0142ugach oferowanych przez Akademi\u0119 Humanitas z siedzib\u0105 w Sosnowcu (us\u0142ugach edukacyjnych, studiach, studiach podyplomowych, szkoleniach, wyk\u0142adach, warsztatach, konferencjach, innych przedsi\u0119wzi\u0119ciach zwi\u0105zanych z dzia\u0142alno\u015bci\u0105 Akademii Humanitas w Sosnowcu) za pomoc\u0105 \u015brodk\u00f3w komunikacji elektronicznej, zgodnie z przepisami ustawy z dnia 18 lipca 2002 roku o \u015bwiadczeniu us\u0142ug drog\u0105 elektroniczn\u0105 (tj. Dz.U. Nr 144, poz. 1204 z p\u00f3\u017aniejszymi zmianami) oraz ustawy z dnia 16 lipca 2004 roku \u2013 Prawo telekomunikacyjne (tj. Dz.U. Nr 171, poz. 1800 z p\u00f3\u017aniejszymi zmianami) - na wskazane przeze mnie w Formularzu dane kontaktowe (adres e-mail \u2013 wiadomo\u015bci e-mailowe; numer telefonu \u2013 po\u0142\u0105czenia telefoniczne, wiadomo\u015bci SMS i MMS)\u201d.  \u201eWyra\u017cam zgod\u0119 na przetwarzanie moich danych osobowych zawartych w niniejszym formularzu na potrzeby otrzymywania informacji handlowych i informacji marketingu bezpo\u015bredniego, o kt\u00f3rych mowa w pytaniach 1-3 - zgodnie z przepisami rozporz\u0105dzenia RODO, ustawy z dnia 10 maja 2018 roku o ochronie danych osobowych (Dz.U. z 2018 r. poz. 1000) oraz klauzul\u0105 informacyjn\u0105, o kt\u00f3rej mowa w poprzednim pytaniu.\u201d\" aria-errormessage=\"wpforms-21754-field_7_1-error\" required ><label class=\"wpforms-field-label-inline\" for=\"wpforms-21754-field_7_1\">ZGODA NA OTRZYMYWANIE INFORMACJI HANDLOWYCH\/MARKETINGOWYCH \u201eWyra\u017cam zgod\u0119 na otrzymywanie informacji handlowych oraz informacji marketingu bezpo\u015bredniego (oraz na dostosowywanie kierowanych do mnie informacji handlowych i informacji marketingu bezpo\u015bredniego na podstawie udost\u0119pnionych przeze mnie informacji) o us\u0142ugach oferowanych przez Akademi\u0119 Humanitas z siedzib\u0105 w Sosnowcu (us\u0142ugach edukacyjnych, studiach, studiach podyplomowych, szkoleniach, wyk\u0142adach, warsztatach, konferencjach, innych przedsi\u0119wzi\u0119ciach zwi\u0105zanych z dzia\u0142alno\u015bci\u0105 Akademii Humanitas w Sosnowcu) za pomoc\u0105 \u015brodk\u00f3w komunikacji elektronicznej, zgodnie z przepisami ustawy z dnia 18 lipca 2002 roku o \u015bwiadczeniu us\u0142ug drog\u0105 elektroniczn\u0105 (tj. Dz.U. Nr 144, poz. 1204 z p\u00f3\u017aniejszymi zmianami) oraz ustawy z dnia 16 lipca 2004 roku \u2013 Prawo telekomunikacyjne (tj. Dz.U. Nr 171, poz. 1800 z p\u00f3\u017aniejszymi zmianami) &#8211; na wskazane przeze mnie w Formularzu dane kontaktowe (adres e-mail \u2013 wiadomo\u015bci e-mailowe; numer telefonu \u2013 po\u0142\u0105czenia telefoniczne, wiadomo\u015bci SMS i MMS)\u201d.  \u201eWyra\u017cam zgod\u0119 na przetwarzanie moich danych osobowych zawartych w niniejszym formularzu na potrzeby otrzymywania informacji handlowych i informacji marketingu bezpo\u015bredniego, o kt\u00f3rych mowa w pytaniach 1-3 &#8211; zgodnie z przepisami rozporz\u0105dzenia RODO, ustawy z dnia 10 maja 2018 roku o ochronie danych osobowych (Dz.U. z 2018 r. poz. 1000) oraz klauzul\u0105 informacyjn\u0105, o kt\u00f3rej mowa w poprzednim pytaniu.\u201d<\/label><\/li><\/ul><\/fieldset><\/div><\/div><!-- .wpforms-field-container --><div class=\"wpforms-recaptcha-container wpforms-is-recaptcha wpforms-is-recaptcha-type-v3\" ><input type=\"hidden\" name=\"wpforms[recaptcha]\" value=\"\"><\/div><div class=\"wpforms-submit-container\" ><input type=\"hidden\" name=\"wpforms[id]\" value=\"21754\"><input type=\"hidden\" name=\"page_title\" value=\"\"><input type=\"hidden\" name=\"page_url\" value=\"https:\/\/humanitas.edu.pl\/uk\/wp-json\/wp\/v2\/pages\/21757\"><input type=\"hidden\" name=\"url_referer\" value=\"\"><button type=\"submit\" name=\"wpforms[submit]\" id=\"wpforms-submit-21754\" class=\"wpforms-submit button button-yellow button-large\" data-alt-text=\"Wysy\u0142anie...\" data-submit-text=\"Wy\u015blij\" aria-live=\"assertive\" value=\"wpforms-submit\">Wy\u015blij<\/button><img loading=\"lazy\" decoding=\"async\" src=\"https:\/\/humanitas.edu.pl\/wp-content\/plugins\/wpforms\/assets\/images\/submit-spin.svg\" class=\"wpforms-submit-spinner\" style=\"display: none;\" width=\"26\" height=\"26\" alt=\"Loading\"><\/div><\/form><\/div>  <!-- .wpforms-container -->","protected":false},"excerpt":{"rendered":"","protected":false},"author":6,"featured_media":0,"parent":0,"menu_order":0,"comment_status":"closed","ping_status":"closed","template":"","meta":{"_acf_changed":false,"inline_featured_image":false,"footnotes":""},"class_list":["post-21757","page","type-page","status-publish","hentry"],"acf":[],"yoast_head":"<!-- This site is optimized with the Yoast SEO Premium plugin v27.3 (Yoast SEO v27.3) - https:\/\/yoast.com\/product\/yoast-seo-premium-wordpress\/ -->\n<title>Formularz Seksuologia kliniczna i s\u0105dowa - Akademia Humanitas<\/title>\n<meta name=\"robots\" content=\"index, follow, max-snippet:-1, max-image-preview:large, max-video-preview:-1\" \/>\n<link rel=\"canonical\" href=\"https:\/\/humanitas.edu.pl\/uk\/formularz-seksuologia-kliniczna-i-sadowa\/\" \/>\n<meta property=\"og:locale\" content=\"en_US\" \/>\n<meta property=\"og:type\" content=\"article\" \/>\n<meta property=\"og:title\" content=\"Formularz Seksuologia kliniczna i s\u0105dowa\" \/>\n<meta property=\"og:url\" content=\"https:\/\/humanitas.edu.pl\/uk\/formularz-seksuologia-kliniczna-i-sadowa\/\" \/>\n<meta property=\"og:site_name\" content=\"Akademia Humanitas\" \/>\n<meta property=\"article:modified_time\" content=\"2026-03-16T14:12:54+00:00\" \/>\n<meta name=\"twitter:card\" content=\"summary_large_image\" \/>\n<script type=\"application\/ld+json\" class=\"yoast-schema-graph\">{\"@context\":\"https:\\\/\\\/schema.org\",\"@graph\":[{\"@type\":\"WebPage\",\"@id\":\"https:\\\/\\\/humanitas.edu.pl\\\/uk\\\/formularz-seksuologia-kliniczna-i-sadowa\\\/\",\"url\":\"https:\\\/\\\/humanitas.edu.pl\\\/uk\\\/formularz-seksuologia-kliniczna-i-sadowa\\\/\",\"name\":\"Formularz Seksuologia kliniczna i s\u0105dowa - Akademia Humanitas\",\"isPartOf\":{\"@id\":\"https:\\\/\\\/humanitas.edu.pl\\\/uk\\\/#website\"},\"datePublished\":\"2026-03-16T14:10:00+00:00\",\"dateModified\":\"2026-03-16T14:12:54+00:00\",\"breadcrumb\":{\"@id\":\"https:\\\/\\\/humanitas.edu.pl\\\/uk\\\/formularz-seksuologia-kliniczna-i-sadowa\\\/#breadcrumb\"},\"inLanguage\":\"ua\",\"potentialAction\":[{\"@type\":\"ReadAction\",\"target\":[\"https:\\\/\\\/humanitas.edu.pl\\\/uk\\\/formularz-seksuologia-kliniczna-i-sadowa\\\/\"]}]},{\"@type\":\"BreadcrumbList\",\"@id\":\"https:\\\/\\\/humanitas.edu.pl\\\/uk\\\/formularz-seksuologia-kliniczna-i-sadowa\\\/#breadcrumb\",\"itemListElement\":[{\"@type\":\"ListItem\",\"position\":1,\"name\":\"Home\",\"item\":\"https:\\\/\\\/humanitas.edu.pl\\\/uk\\\/strona-glowna\\\/\"},{\"@type\":\"ListItem\",\"position\":2,\"name\":\"Formularz Seksuologia kliniczna i s\u0105dowa\"}]},{\"@type\":\"WebSite\",\"@id\":\"https:\\\/\\\/humanitas.edu.pl\\\/uk\\\/#website\",\"url\":\"https:\\\/\\\/humanitas.edu.pl\\\/uk\\\/\",\"name\":\"Akademia Humanitas\",\"description\":\"\",\"potentialAction\":[{\"@type\":\"SearchAction\",\"target\":{\"@type\":\"EntryPoint\",\"urlTemplate\":\"https:\\\/\\\/humanitas.edu.pl\\\/uk\\\/?s={search_term_string}\"},\"query-input\":{\"@type\":\"PropertyValueSpecification\",\"valueRequired\":true,\"valueName\":\"search_term_string\"}}],\"inLanguage\":\"ua\"}]}<\/script>\n<!-- \/ Yoast SEO Premium plugin. -->","yoast_head_json":{"title":"Formularz Seksuologia kliniczna i s\u0105dowa - Akademia Humanitas","robots":{"index":"index","follow":"follow","max-snippet":"max-snippet:-1","max-image-preview":"max-image-preview:large","max-video-preview":"max-video-preview:-1"},"canonical":"https:\/\/humanitas.edu.pl\/uk\/formularz-seksuologia-kliniczna-i-sadowa\/","og_locale":"en_US","og_type":"article","og_title":"Formularz Seksuologia kliniczna i s\u0105dowa","og_url":"https:\/\/humanitas.edu.pl\/uk\/formularz-seksuologia-kliniczna-i-sadowa\/","og_site_name":"Akademia Humanitas","article_modified_time":"2026-03-16T14:12:54+00:00","twitter_card":"summary_large_image","schema":{"@context":"https:\/\/schema.org","@graph":[{"@type":"WebPage","@id":"https:\/\/humanitas.edu.pl\/uk\/formularz-seksuologia-kliniczna-i-sadowa\/","url":"https:\/\/humanitas.edu.pl\/uk\/formularz-seksuologia-kliniczna-i-sadowa\/","name":"Formularz Seksuologia kliniczna i s\u0105dowa - Akademia Humanitas","isPartOf":{"@id":"https:\/\/humanitas.edu.pl\/uk\/#website"},"datePublished":"2026-03-16T14:10:00+00:00","dateModified":"2026-03-16T14:12:54+00:00","breadcrumb":{"@id":"https:\/\/humanitas.edu.pl\/uk\/formularz-seksuologia-kliniczna-i-sadowa\/#breadcrumb"},"inLanguage":"ua","potentialAction":[{"@type":"ReadAction","target":["https:\/\/humanitas.edu.pl\/uk\/formularz-seksuologia-kliniczna-i-sadowa\/"]}]},{"@type":"BreadcrumbList","@id":"https:\/\/humanitas.edu.pl\/uk\/formularz-seksuologia-kliniczna-i-sadowa\/#breadcrumb","itemListElement":[{"@type":"ListItem","position":1,"name":"Home","item":"https:\/\/humanitas.edu.pl\/uk\/strona-glowna\/"},{"@type":"ListItem","position":2,"name":"Formularz Seksuologia kliniczna i s\u0105dowa"}]},{"@type":"WebSite","@id":"https:\/\/humanitas.edu.pl\/uk\/#website","url":"https:\/\/humanitas.edu.pl\/uk\/","name":"Akademia Humanitas","description":"","potentialAction":[{"@type":"SearchAction","target":{"@type":"EntryPoint","urlTemplate":"https:\/\/humanitas.edu.pl\/uk\/?s={search_term_string}"},"query-input":{"@type":"PropertyValueSpecification","valueRequired":true,"valueName":"search_term_string"}}],"inLanguage":"ua"}]}},"_links":{"self":[{"href":"https:\/\/humanitas.edu.pl\/uk\/wp-json\/wp\/v2\/pages\/21757","targetHints":{"allow":["GET"]}}],"collection":[{"href":"https:\/\/humanitas.edu.pl\/uk\/wp-json\/wp\/v2\/pages"}],"about":[{"href":"https:\/\/humanitas.edu.pl\/uk\/wp-json\/wp\/v2\/types\/page"}],"author":[{"embeddable":true,"href":"https:\/\/humanitas.edu.pl\/uk\/wp-json\/wp\/v2\/users\/6"}],"replies":[{"embeddable":true,"href":"https:\/\/humanitas.edu.pl\/uk\/wp-json\/wp\/v2\/comments?post=21757"}],"version-history":[{"count":3,"href":"https:\/\/humanitas.edu.pl\/uk\/wp-json\/wp\/v2\/pages\/21757\/revisions"}],"predecessor-version":[{"id":21760,"href":"https:\/\/humanitas.edu.pl\/uk\/wp-json\/wp\/v2\/pages\/21757\/revisions\/21760"}],"wp:attachment":[{"href":"https:\/\/humanitas.edu.pl\/uk\/wp-json\/wp\/v2\/media?parent=21757"}],"curies":[{"name":"wp","href":"https:\/\/api.w.org\/{rel}","templated":true}]}}