{"id":18624,"date":"2026-01-21T16:58:12","date_gmt":"2026-01-21T14:58:12","guid":{"rendered":"https:\/\/humanitas.edu.pl\/?page_id=18624"},"modified":"2026-01-23T12:22:52","modified_gmt":"2026-01-23T10:22:52","slug":"biblioteki-w-regionie","status":"publish","type":"page","link":"https:\/\/humanitas.edu.pl\/uk\/biblioteka\/biblioteki-w-regionie\/","title":{"rendered":"Biblioteki w regionie"},"content":{"rendered":"<section class=\"block-logo-slider block-logo-slider--with-text\" id=\"block_40ebfaf884cf1a08b9de7dacc9ee4e57\">\n    <div class=\"container\">\n        <h2 class=\"block-logo-slider__title heading-underline fade-in \">Instytucje, z kt\u00f3rymi Biblioteka AH ma podpisan\u0105 umow\u0119 o wsp\u00f3\u0142pracy<\/h2>\n    <\/div>\n            <div class=\"block-logo-slider__partners\">\n            <div class=\"container\">\n                                    <div\n                        class=\"block-logo-slider__partner\"\n                        data-partner-index=\"0\"\n                        style=\"\"\n                    >\n                        <figure class=\"block-logo-slider__partner-logo\">\n                                                    <\/figure>\n                        <div class=\"block-logo-slider__partner-content\">\n                            <h3 class=\"block-logo-slider__partner-title\">Biblioteka \u015al\u0105ska<\/h3>\n                            <div class=\"block-logo-slider__partner-text\"><p>pl. Rady Europy 1<br \/>\n40-021 Katowice<\/p>\n<p>Telefony:<br \/>\nczytelnia: (+48) 32 208 38 81<br \/>\ninformacja biblioteczna: (+48) 32 20 83 740<br \/>\nwypo\u017cyczalnia: (+48) 32 208 37 48<br \/>\nsekretariat: (+48) 32 20 83 875<br \/>\nEmail:<br \/>\ninformacja: info@bs.katowice.pl<br \/>\nsekretariat: bsl@bs.katowice.pl<br \/>\n<a href=\"http:\/\/www.bs.katowice.pl\/\">www.bs.katowice.pl<\/a><\/p>\n<\/div>\n                        <\/div>\n                    <\/div>\n                                    <div\n                        class=\"block-logo-slider__partner\"\n                        data-partner-index=\"1\"\n                        style=\"\"\n                    >\n                        <figure class=\"block-logo-slider__partner-logo\">\n                                                    <\/figure>\n                        <div class=\"block-logo-slider__partner-content\">\n                            <h3 class=\"block-logo-slider__partner-title\">Pedagogiczna Biblioteka Wojew\u00f3dzka<\/h3>\n                            <div class=\"block-logo-slider__partner-text\"><p>Filia Sosnowiec<br \/>\nul. Chmielna 17<br \/>\n41-209 Sosnowiec<\/p>\n<p>Telefon:<br \/>\n(32) 266 81 76<br \/>\nEmail:<br \/>\nsosnowiec@pbw.katowice.pl<br \/>\n<a href=\"http:\/\/sosnowiec.pbw.katowice.pl\/\">www.sosnowiec.pbw.katowice.pl<\/a><\/p>\n<\/div>\n                        <\/div>\n                    <\/div>\n                                    <div\n                        class=\"block-logo-slider__partner\"\n                        data-partner-index=\"2\"\n                        style=\"\"\n                    >\n                        <figure class=\"block-logo-slider__partner-logo\">\n                                                    <\/figure>\n                        <div class=\"block-logo-slider__partner-content\">\n                            <h3 class=\"block-logo-slider__partner-title\">Centrum Informacji Naukowej i Biblioteka Akademicka (CINiBA)<\/h3>\n                            <div class=\"block-logo-slider__partner-text\"><p>ulica Bankowa 11a<br \/>\n40-007 Katowice<\/p>\n<p>Telefony:<br \/>\n(+48) 32 786 50 00<br \/>\ninformatorium: 32 786 51 30<br \/>\nwypo\u017cyczalnia:\u00a032 786 51 21<br \/>\nwypo\u017cyczalnia mi\u0119dzybiblioteczna: 32 786 5123<br \/>\nsekretariat: 32 786 50 00<\/p>\n<p>E-mail:<br \/>\ninformatorium: zapytaj@ciniba.edu.pl<br \/>\nwypo\u017cyczalnia:\u00a0bgwyp@ciniba.edu.pl<br \/>\nwypo\u017cyczalnia mi\u0119dzybiblioteczna: bgwm@ciniba.edu.pl<br \/>\nsekretariat: sekretariat@ciniba.edu.pl<br \/>\n<a href=\"https:\/\/ciniba.edu.pl\/\">https:\/\/ciniba.edu.pl\/<\/a><\/p>\n<p>&nbsp;<\/p>\n<\/div>\n                        <\/div>\n                    <\/div>\n                                    <div\n                        class=\"block-logo-slider__partner\"\n                        data-partner-index=\"3\"\n                        style=\"\"\n                    >\n                        <figure class=\"block-logo-slider__partner-logo\">\n                                                    <\/figure>\n                        <div class=\"block-logo-slider__partner-content\">\n                            <h3 class=\"block-logo-slider__partner-title\">Miejska Biblioteka Publiczna im. Gustawa Dani\u0142owskiego (Zag\u0142\u0119biowska Mediateka)<\/h3>\n                            <div class=\"block-logo-slider__partner-text\"><p>ul. Ko\u015bcielna 11<br \/>\n41-200 Sosnowiec<\/p>\n<p>Telefon:<br \/>\n32 297 90 05<br \/>\nEmail:<br \/>\nbiblioteka@biblioteka.sosnowiec.pl<br \/>\n<a href=\"http:\/\/www.biblioteka.sosnowiec.pl\/\">www.biblioteka.sosnowiec.pl<\/a><\/p>\n<\/div>\n                        <\/div>\n                    <\/div>\n                                            <\/div>\n        <\/div>\n    <\/section>\n\n\n<section class=\"block-logo-slider block-logo-slider--with-text\" id=\"block_00055acdf2d558eec2f81dcbc4c6597b\">\n    <div class=\"container\">\n        <h2 class=\"block-logo-slider__title heading-underline fade-in \">Biblioteki w regionie<\/h2>\n    <\/div>\n            <div class=\"block-logo-slider__partners\">\n            <div class=\"container\">\n                                    <div\n                        class=\"block-logo-slider__partner\"\n                        data-partner-index=\"0\"\n                        style=\"\"\n                    >\n                        <figure class=\"block-logo-slider__partner-logo\">\n                                                    <\/figure>\n                        <div class=\"block-logo-slider__partner-content\">\n                            <h3 class=\"block-logo-slider__partner-title\">Miejska Biblioteka Publiczna im. Hugona Ko\u0142\u0142\u0105taja<\/h3>\n                            <div class=\"block-logo-slider__partner-text\"><p>ul. Tadeusza Ko\u015bciuszki 25<br \/>\n41-300 D\u0105browa G\u00f3rnicza<\/p>\n<p>Telefony:<br \/>\nCzytelnia: (+48) 32 262 52 81<br \/>\nWypo\u017cyczalnia Centralna: (+48) 32 262 52 80<br \/>\nEmail:<br \/>\nbiblioteka@biblioteka-dg.pl<br \/>\n<a href=\"http:\/\/www.biblioteka-dg.pl\/\">www.biblioteka-dg.pl<\/a><\/p>\n<\/div>\n                        <\/div>\n                    <\/div>\n                                    <div\n                        class=\"block-logo-slider__partner\"\n                        data-partner-index=\"1\"\n                        style=\"\"\n                    >\n                        <figure class=\"block-logo-slider__partner-logo\">\n                                                    <\/figure>\n                        <div class=\"block-logo-slider__partner-content\">\n                            <h3 class=\"block-logo-slider__partner-title\">Pedagogiczna Biblioteka Wojew\u00f3dzka<\/h3>\n                            <div class=\"block-logo-slider__partner-text\"><p>im. J\u00f3zefa Lompy<br \/>\nul. Ks.kard.S. Wyszy\u0144skiego 7<br \/>\n40-132 Katowice<\/p>\n<p>Telefon:<br \/>\n(32) 258 38 38, (32) 258 57 84<br \/>\nEmail:<br \/>\nbiblioteka@pbw.katowice.pl<br \/>\n<a href=\"http:\/\/www.pbw.katowice.pl\/\">www.pbw.katowice.pl<\/a><\/p>\n<\/div>\n                        <\/div>\n                    <\/div>\n                                    <div\n                        class=\"block-logo-slider__partner\"\n                        data-partner-index=\"2\"\n                        style=\"\"\n                    >\n                        <figure class=\"block-logo-slider__partner-logo\">\n                                                    <\/figure>\n                        <div class=\"block-logo-slider__partner-content\">\n                            <h3 class=\"block-logo-slider__partner-title\">Biblioteka G\u0142\u00f3wna \u015al\u0105skiego Uniwersytetu Medycznego (Oddzia\u0142 Biblioteki \u015aUM w Katowicach-Ligocie z czytelni\u0105 w Katowicach)<\/h3>\n                            <div class=\"block-logo-slider__partner-text\"><p>ul. Warszawska 14<br \/>\n40-006 Katowice<\/p>\n<p>Telefony:<br \/>\nczytelnia: 32 208 35 62<br \/>\ninformacja naukowa: 32 208 35 20<\/p>\n<p>Email:<br \/>\nczytelnia: <a href=\"mailto:bibudos@sum.edu.pl\">czytinfo@sum.edu.pl<\/a><br \/>\ninformacja naukowa: <a href=\"mailto:bibudos@sum.edu.pl\">bibudos@sum.edu.pl<\/a><\/p>\n<p>&nbsp;<\/p>\n<\/div>\n                        <\/div>\n                    <\/div>\n                                    <div\n                        class=\"block-logo-slider__partner\"\n                        data-partner-index=\"3\"\n                        style=\"\"\n                    >\n                        <figure class=\"block-logo-slider__partner-logo\">\n                                                    <\/figure>\n                        <div class=\"block-logo-slider__partner-content\">\n                            <h3 class=\"block-logo-slider__partner-title\">Oddzia\u0142 Biblioteki \u015aUM w Zabrzu-Rokitnicy z Czytelni\u0105 w Zabrzu<\/h3>\n                            <div class=\"block-logo-slider__partner-text\"><p><strong>Biblioteka w\u00a0Zabrzu-Rokitnicy<\/strong><br \/>\nul.\u00a0Jordana 19<br \/>\n41-808 Zabrze-Rokitnica<\/p>\n<p>Telefony:<br \/>\n32 275 51 83; 32 275 51 16<br \/>\nEmail:<br \/>\n<a href=\"mailto:bibrok@sum.edu.pl\">bibrok@sum.edu.pl<\/a><br \/>\n<a href=\"mailto:bibzab@sum.edu.pl\">bibzab@sum.edu.pl<\/a><\/p>\n<p><strong>Czytelnia w\u00a0Zabrzu<\/strong><br \/>\nPl. Traugutta 2, pok. 302<br \/>\n41-800 Zabrze<\/p>\n<p>Telefony:<br \/>\n32 370 52 59<br \/>\nEmail:<br \/>\n<a href=\"mailto:zabczyt@sum.edu.pl\">zabczyt@sum.edu.pl<\/a><\/p>\n<p><a href=\"https:\/\/biblioteka.sum.edu.pl\/\">https:\/\/biblioteka.sum.edu.pl\/<\/a><\/p>\n<\/div>\n                        <\/div>\n                    <\/div>\n                                    <div\n                        class=\"block-logo-slider__partner\"\n                        data-partner-index=\"4\"\n                        style=\"\"\n                    >\n                        <figure class=\"block-logo-slider__partner-logo\">\n                                                    <\/figure>\n                        <div class=\"block-logo-slider__partner-content\">\n                            <h3 class=\"block-logo-slider__partner-title\">Oddzia\u0142 \u015aUM w Katowicach-Ligocie<\/h3>\n                            <div class=\"block-logo-slider__partner-text\"><p>ul. Medyk\u00f3w 18<br \/>\n40-752 Katowice-Ligota<\/p>\n<p>Telefon:<br \/>\nwypo\u017cyczalnia: 32 208 84 89<br \/>\nEmail:<br \/>\n<a href=\"mailto:bibudos@sum.edu.pl\">biblig@sum.edu.pl<\/a><\/p>\n<\/div>\n                        <\/div>\n                    <\/div>\n                                    <div\n                        class=\"block-logo-slider__partner\"\n                        data-partner-index=\"5\"\n                        style=\"display: none;\"\n                    >\n                        <figure class=\"block-logo-slider__partner-logo\">\n                                                    <\/figure>\n                        <div class=\"block-logo-slider__partner-content\">\n                            <h3 class=\"block-logo-slider__partner-title\">Oddzia\u0142 Biblioteki \u015aUM w Sosnowcu<\/h3>\n                            <div class=\"block-logo-slider__partner-text\"><p>ul. Ostrog\u00f3rska 30<br \/>\n41-200 Sosnowiec<\/p>\n<p>Telefony:<br \/>\nwypo\u017cyczalnia: 32 364 14 50<br \/>\nczytelnia: 32 364 14 52<br \/>\nEmail:<br \/>\n<a href=\"mailto:bfarm@sum.edu.pl\">bfarm@sum.edu.pl<\/a><\/p>\n<\/div>\n                        <\/div>\n                    <\/div>\n                                    <div\n                        class=\"block-logo-slider__partner\"\n                        data-partner-index=\"6\"\n                        style=\"display: none;\"\n                    >\n                        <figure class=\"block-logo-slider__partner-logo\">\n                                                    <\/figure>\n                        <div class=\"block-logo-slider__partner-content\">\n                            <h3 class=\"block-logo-slider__partner-title\">G\u0142\u00f3wna Biblioteka Lekarska im. Stanis\u0142awa Konopki w Warszawie Odzia\u0142 G\u0142\u00f3wnej Biblioteki Lekarskiej w Katowicach<\/h3>\n                            <div class=\"block-logo-slider__partner-text\"><p>ul. Sokolska 65<br \/>\n40-087 Katowice<\/p>\n<p>Telefon:<br \/>\n573 955 319<br \/>\nE-mail:<br \/>\n<a href=\"mailto:odzkat@gbl.waw.pl\">odzkat@gbl.waw.pl<\/a><\/p>\n<\/div>\n                        <\/div>\n                    <\/div>\n                                                    <button\n                        type=\"button\"\n                        class=\"block-logo-slider__read-more button   button-tertiary button-blue\"\n                        data-visible=\"5\"\n                        data-step=\"5\"\n                    >\n                        \u041f\u043e\u043a\u0430\u0437\u0430\u0442\u0438 \u0431\u0456\u043b\u044c\u0448\u0435                    <\/button>\n                            <\/div>\n        <\/div>\n    <\/section>\n","protected":false},"excerpt":{"rendered":"","protected":false},"author":7,"featured_media":0,"parent":3027,"menu_order":0,"comment_status":"closed","ping_status":"closed","template":"","meta":{"_acf_changed":false,"inline_featured_image":false,"footnotes":""},"class_list":["post-18624","page","type-page","status-publish","hentry"],"acf":[],"yoast_head":"<!-- This site is optimized with the Yoast SEO Premium plugin v27.3 (Yoast SEO v27.3) - https:\/\/yoast.com\/product\/yoast-seo-premium-wordpress\/ -->\n<title>Biblioteki w regionie - Akademia Humanitas<\/title>\n<meta name=\"robots\" content=\"index, follow, max-snippet:-1, max-image-preview:large, max-video-preview:-1\" \/>\n<link rel=\"canonical\" href=\"https:\/\/humanitas.edu.pl\/uk\/biblioteka\/biblioteki-w-regionie\/\" \/>\n<meta property=\"og:locale\" content=\"en_US\" \/>\n<meta property=\"og:type\" content=\"article\" \/>\n<meta property=\"og:title\" content=\"Biblioteki w regionie\" \/>\n<meta property=\"og:url\" content=\"https:\/\/humanitas.edu.pl\/uk\/biblioteka\/biblioteki-w-regionie\/\" \/>\n<meta property=\"og:site_name\" content=\"Akademia Humanitas\" \/>\n<meta property=\"article:modified_time\" content=\"2026-01-23T10:22:52+00:00\" \/>\n<meta name=\"twitter:card\" content=\"summary_large_image\" \/>\n<meta name=\"twitter:label1\" content=\"Est. reading time\" \/>\n\t<meta name=\"twitter:data1\" content=\"3 minutes\" \/>\n<script type=\"application\/ld+json\" class=\"yoast-schema-graph\">{\"@context\":\"https:\\\/\\\/schema.org\",\"@graph\":[{\"@type\":\"WebPage\",\"@id\":\"https:\\\/\\\/humanitas.edu.pl\\\/uk\\\/biblioteka\\\/biblioteki-w-regionie\\\/\",\"url\":\"https:\\\/\\\/humanitas.edu.pl\\\/uk\\\/biblioteka\\\/biblioteki-w-regionie\\\/\",\"name\":\"Biblioteki w regionie - Akademia Humanitas\",\"isPartOf\":{\"@id\":\"https:\\\/\\\/humanitas.edu.pl\\\/uk\\\/#website\"},\"datePublished\":\"2026-01-21T14:58:12+00:00\",\"dateModified\":\"2026-01-23T10:22:52+00:00\",\"breadcrumb\":{\"@id\":\"https:\\\/\\\/humanitas.edu.pl\\\/uk\\\/biblioteka\\\/biblioteki-w-regionie\\\/#breadcrumb\"},\"inLanguage\":\"ua\",\"potentialAction\":[{\"@type\":\"ReadAction\",\"target\":[\"https:\\\/\\\/humanitas.edu.pl\\\/uk\\\/biblioteka\\\/biblioteki-w-regionie\\\/\"]}]},{\"@type\":\"BreadcrumbList\",\"@id\":\"https:\\\/\\\/humanitas.edu.pl\\\/uk\\\/biblioteka\\\/biblioteki-w-regionie\\\/#breadcrumb\",\"itemListElement\":[{\"@type\":\"ListItem\",\"position\":1,\"name\":\"Home\",\"item\":\"https:\\\/\\\/humanitas.edu.pl\\\/uk\\\/strona-glowna\\\/\"},{\"@type\":\"ListItem\",\"position\":2,\"name\":\"Biblioteka\",\"item\":\"https:\\\/\\\/humanitas.edu.pl\\\/uk\\\/biblioteka\\\/\"},{\"@type\":\"ListItem\",\"position\":3,\"name\":\"Biblioteki w regionie\"}]},{\"@type\":\"WebSite\",\"@id\":\"https:\\\/\\\/humanitas.edu.pl\\\/uk\\\/#website\",\"url\":\"https:\\\/\\\/humanitas.edu.pl\\\/uk\\\/\",\"name\":\"Akademia Humanitas\",\"description\":\"\",\"potentialAction\":[{\"@type\":\"SearchAction\",\"target\":{\"@type\":\"EntryPoint\",\"urlTemplate\":\"https:\\\/\\\/humanitas.edu.pl\\\/uk\\\/?s={search_term_string}\"},\"query-input\":{\"@type\":\"PropertyValueSpecification\",\"valueRequired\":true,\"valueName\":\"search_term_string\"}}],\"inLanguage\":\"ua\"}]}<\/script>\n<!-- \/ Yoast SEO Premium plugin. -->","yoast_head_json":{"title":"Biblioteki w regionie - Akademia Humanitas","robots":{"index":"index","follow":"follow","max-snippet":"max-snippet:-1","max-image-preview":"max-image-preview:large","max-video-preview":"max-video-preview:-1"},"canonical":"https:\/\/humanitas.edu.pl\/uk\/biblioteka\/biblioteki-w-regionie\/","og_locale":"en_US","og_type":"article","og_title":"Biblioteki w regionie","og_url":"https:\/\/humanitas.edu.pl\/uk\/biblioteka\/biblioteki-w-regionie\/","og_site_name":"Akademia Humanitas","article_modified_time":"2026-01-23T10:22:52+00:00","twitter_card":"summary_large_image","twitter_misc":{"Est. reading time":"3 minutes"},"schema":{"@context":"https:\/\/schema.org","@graph":[{"@type":"WebPage","@id":"https:\/\/humanitas.edu.pl\/uk\/biblioteka\/biblioteki-w-regionie\/","url":"https:\/\/humanitas.edu.pl\/uk\/biblioteka\/biblioteki-w-regionie\/","name":"Biblioteki w regionie - Akademia Humanitas","isPartOf":{"@id":"https:\/\/humanitas.edu.pl\/uk\/#website"},"datePublished":"2026-01-21T14:58:12+00:00","dateModified":"2026-01-23T10:22:52+00:00","breadcrumb":{"@id":"https:\/\/humanitas.edu.pl\/uk\/biblioteka\/biblioteki-w-regionie\/#breadcrumb"},"inLanguage":"ua","potentialAction":[{"@type":"ReadAction","target":["https:\/\/humanitas.edu.pl\/uk\/biblioteka\/biblioteki-w-regionie\/"]}]},{"@type":"BreadcrumbList","@id":"https:\/\/humanitas.edu.pl\/uk\/biblioteka\/biblioteki-w-regionie\/#breadcrumb","itemListElement":[{"@type":"ListItem","position":1,"name":"Home","item":"https:\/\/humanitas.edu.pl\/uk\/strona-glowna\/"},{"@type":"ListItem","position":2,"name":"Biblioteka","item":"https:\/\/humanitas.edu.pl\/uk\/biblioteka\/"},{"@type":"ListItem","position":3,"name":"Biblioteki w regionie"}]},{"@type":"WebSite","@id":"https:\/\/humanitas.edu.pl\/uk\/#website","url":"https:\/\/humanitas.edu.pl\/uk\/","name":"Akademia Humanitas","description":"","potentialAction":[{"@type":"SearchAction","target":{"@type":"EntryPoint","urlTemplate":"https:\/\/humanitas.edu.pl\/uk\/?s={search_term_string}"},"query-input":{"@type":"PropertyValueSpecification","valueRequired":true,"valueName":"search_term_string"}}],"inLanguage":"ua"}]}},"_links":{"self":[{"href":"https:\/\/humanitas.edu.pl\/uk\/wp-json\/wp\/v2\/pages\/18624","targetHints":{"allow":["GET"]}}],"collection":[{"href":"https:\/\/humanitas.edu.pl\/uk\/wp-json\/wp\/v2\/pages"}],"about":[{"href":"https:\/\/humanitas.edu.pl\/uk\/wp-json\/wp\/v2\/types\/page"}],"author":[{"embeddable":true,"href":"https:\/\/humanitas.edu.pl\/uk\/wp-json\/wp\/v2\/users\/7"}],"replies":[{"embeddable":true,"href":"https:\/\/humanitas.edu.pl\/uk\/wp-json\/wp\/v2\/comments?post=18624"}],"version-history":[{"count":7,"href":"https:\/\/humanitas.edu.pl\/uk\/wp-json\/wp\/v2\/pages\/18624\/revisions"}],"predecessor-version":[{"id":18764,"href":"https:\/\/humanitas.edu.pl\/uk\/wp-json\/wp\/v2\/pages\/18624\/revisions\/18764"}],"up":[{"embeddable":true,"href":"https:\/\/humanitas.edu.pl\/uk\/wp-json\/wp\/v2\/pages\/3027"}],"wp:attachment":[{"href":"https:\/\/humanitas.edu.pl\/uk\/wp-json\/wp\/v2\/media?parent=18624"}],"curies":[{"name":"wp","href":"https:\/\/api.w.org\/{rel}","templated":true}]}}