{"id":18619,"date":"2026-01-21T15:45:27","date_gmt":"2026-01-21T13:45:27","guid":{"rendered":"https:\/\/humanitas.edu.pl\/?page_id=18619"},"modified":"2026-01-21T16:11:18","modified_gmt":"2026-01-21T14:11:18","slug":"niemieckojezyczny-ksiegozbior-naukowy-im-ryszarda-kozlowskiego","status":"publish","type":"page","link":"https:\/\/humanitas.edu.pl\/uk\/biblioteka\/niemieckojezyczny-ksiegozbior-naukowy-im-ryszarda-kozlowskiego\/","title":{"rendered":"Niemieckoj\u0119zyczny Ksi\u0119gozbi\u00f3r Naukowy im\u00a0Ryszarda Koz\u0142owskiego"},"content":{"rendered":"<section\n    class=\"block-content-with-buttons block-content-with-buttons--white block-content-with-buttons--left\"\n    id=\"block_f502dbba216811443745400a5ad46288\">\n        <div class=\"container\">\n        <div class=\"block-content-with-buttons__wrapper\">\n            <figure\n                class=\"block-content-with-buttons__image fade-in \">\n                            <\/figure>\n            <div class=\"block-content-with-buttons__content\">\n                <h2\n                    class=\"block-content-with-buttons__title heading-underline heading-dot fade-in \">\n                    Dofinansowano z programu \u201eSpo\u0142eczna odpowiedzialno\u015b\u0107 nauki\u201d Ministra Nauki i Szkolnictwa Wy\u017cszego<\/h2>\n                <div class=\"block-content-with-buttons__text fade-in\">\n                    <p><strong>Dr Ryszard Koz\u0142owski (04.07.1952 \u2013 13.01.2007)<\/strong>\u00a0by\u0142 doktorem filozofii (absolwent Uniwersytetu Jagiello\u0144skiego), wieloletnim pracownikiem Instytutu Filozofii na Uniwersytecie \u015al\u0105skim i wsp\u00f3\u0142pracownikiem WSH. W 1979 roku wyjecha\u0142 do Niemiec, gdzie osiad\u0142 na sta\u0142e. Na przestrzeni lat sp\u0119dzonych w Niemczech zgromadzi\u0142 on znamienity ksi\u0119gozbi\u00f3r, kt\u00f3ry po jego \u015bmierci, w 2007 r., zosta\u0142 przekazany w darze Wy\u017cszej Szkole Humanitas przez jego syna Konrada Koz\u0142owskiego. Ksi\u0119gozbi\u00f3r ten jest interdyscyplinarny, sk\u0142ada si\u0119 z 3545 publikacji \u00a0naukowych i popularnonaukowych z zakresu filozofii, etyki, psychologii, sztuki, a tak\u017ce dzie\u0142 klasyki literatury \u015bwiatowej. Ksi\u0119gozbi\u00f3r jest w przewa\u017caj\u0105cej cz\u0119\u015bci niemieckoj\u0119zyczny (wyj\u0105tek stanowi kilka publikacji w j\u0119zyku polskim i angielskim). Najstarsza publikacja \u2013 prace zebrane Henrika Ibsena \u2013 datowana jest na 1907 r. (S\u00e4mtliche Werke ; Erster Band \/ Henrik Ibsen. Hrsg. v. Julius Elias ; Paul Schlenther.- Berlin : S. Fischer, 1907.- 438 s.; kl.8). Najnowsze publikacje pochodz\u0105 z 2002 r.<\/p>\n<p><img loading=\"lazy\" decoding=\"async\" class=\"\" src=\"https:\/\/archiwum.humanitas.edu.pl\/var\/images\/1300x0\/resize\/Bibldokuuploreso_qual_80_Ksiegozbior.JPG\" sizes=\"(max-width: 400px) 400px, (max-width: 576px) 576px, (max-width: 768px) 768px, (max-width: 992px) 992px, 1200px\" srcset=\"https:\/\/archiwum.humanitas.edu.pl\/var\/images\/1300x0\/resize\/Bibldokuuploreso_qual_80_resp_400_Ksiegozbior.JPG 400w, https:\/\/archiwum.humanitas.edu.pl\/var\/images\/1300x0\/resize\/Bibldokuuploreso_qual_80_resp_576_Ksiegozbior.JPG 576w, https:\/\/archiwum.humanitas.edu.pl\/var\/images\/1300x0\/resize\/Bibldokuuploreso_qual_80_resp_768_Ksiegozbior.JPG 768w, https:\/\/archiwum.humanitas.edu.pl\/var\/images\/1300x0\/resize\/Bibldokuuploreso_qual_80_resp_992_Ksiegozbior.JPG 992w, https:\/\/archiwum.humanitas.edu.pl\/var\/images\/1300x0\/resize\/Bibldokuuploreso_qual_80_resp_1200_Ksiegozbior.JPG 1200w\" alt=\"\" width=\"280\" height=\"396\" data-src=\"https:\/\/archiwum.humanitas.edu.pl\/var\/images\/1300x0\/resize\/Bibldokuuploreso_qual_80_Ksiegozbior.JPG\" data-srcset=\"https:\/\/archiwum.humanitas.edu.pl\/var\/images\/1300x0\/resize\/Bibldokuuploreso_qual_80_resp_400_Ksiegozbior.JPG 400w, https:\/\/archiwum.humanitas.edu.pl\/var\/images\/1300x0\/resize\/Bibldokuuploreso_qual_80_resp_576_Ksiegozbior.JPG 576w, https:\/\/archiwum.humanitas.edu.pl\/var\/images\/1300x0\/resize\/Bibldokuuploreso_qual_80_resp_768_Ksiegozbior.JPG 768w, https:\/\/archiwum.humanitas.edu.pl\/var\/images\/1300x0\/resize\/Bibldokuuploreso_qual_80_resp_992_Ksiegozbior.JPG 992w, https:\/\/archiwum.humanitas.edu.pl\/var\/images\/1300x0\/resize\/Bibldokuuploreso_qual_80_resp_1200_Ksiegozbior.JPG 1200w\" \/><br \/>\nBadacze literatury znajd\u0105 w tym zbiorze bogaty zas\u00f3b wyda\u0144 dzie\u0142 \u00a0Marcela Prousta i Johana Wolfganga Goethego. Kilkadziesi\u0105t publikacji to prace Zygmunta Freuda, b\u0105d\u017a tez opracowania po\u015bwi\u0119cone jego osobie i zagadnieniu psychoanalizy freudowskiej. Kilkadziesi\u0105t tom\u00f3w pogl\u0105d\u00f3w Karola Marxa i Friedricha Engelsa.<\/p>\n<p><strong>Zasady udost\u0119pniania ksi\u0119gozbioru im. Ryszarda Koz\u0142owskiego:<\/strong><br \/>\n1.\u00a0\u00a0\u00a0 Ksi\u0105\u017cki udost\u0119pniane s\u0105 tylko na miejscu w czytelni Biblioteki Akademii Humanitas w Sosnowcu lub w ramach wypo\u017cycze\u0144 mi\u0119dzybibliotecznych.<br \/>\n2.\u00a0\u00a0\u00a0 Na wybran\u0105 pozycj\u0119 nale\u017cy uprzednio z\u0142o\u017cy\u0107 zam\u00f3wienie drog\u0105 mailow\u0105 na adres: biblioteka@humanitas.edu.pl<br \/>\n3.\u00a0\u00a0\u00a0 Zam\u00f3wienie zostanie zrealizowane do 4 dni roboczych od daty wys\u0142ania maila.<br \/>\n4.\u00a0\u00a0\u00a0 O dost\u0119pno\u015bci wybranych materia\u0142\u00f3w czytelnik zostanie poinformowany drog\u0105 mailow\u0105.<br \/>\n5.\u00a0\u00a0\u00a0 Nieodebrane zam\u00f3wienie b\u0119dzie anulowane po przekroczeniu 7 dni.<br \/>\n6.\u00a0\u00a0\u00a0 Z ksi\u0119gozbioru mo\u017ce korzysta\u0107 ka\u017cdy zainteresowany.<\/p>\n<p>Dzi\u0119ki dofinansowaniu uzyskanemu w ramch programu Ministra Edukacji i Nauki\u00a0<strong>Spo\u0142eczna Odpowiedzialno\u015b\u0107 Nauki &#8211; Wsparcie dla Bibliotek<\/strong>\u00a0(SONB\/SN\/468997\/2020) ca\u0142o\u015b\u0107 ksi\u0119gozbioru zosta\u0142a opracowana w formie elektronicznej bazy danych i udost\u0119pniona za po\u015brednictwem katalogu OPAC Biblioteki WSH -&gt;\u00a0<a href=\"https:\/\/sowaonline.humanitas.edu.pl\/sowacgi.php?KatID=2\" target=\"_blank\" rel=\"noopener\">Wej\u015bcie do bazy<\/a><\/p>\n                <\/div>\n                                <div\n                    class=\"block-content-with-buttons__buttons block-content-with-buttons__buttons--with-icons js-delay fade-in\">\n                                    <\/div>\n            <\/div>\n        <\/div>\n    <\/div>\n    <\/section>","protected":false},"excerpt":{"rendered":"","protected":false},"author":7,"featured_media":0,"parent":3027,"menu_order":0,"comment_status":"closed","ping_status":"closed","template":"","meta":{"_acf_changed":false,"inline_featured_image":false,"footnotes":""},"class_list":["post-18619","page","type-page","status-publish","hentry"],"acf":[],"yoast_head":"<!-- This site is optimized with the Yoast SEO Premium plugin v27.3 (Yoast SEO v27.3) - https:\/\/yoast.com\/product\/yoast-seo-premium-wordpress\/ -->\n<title>Ksi\u0119gozbi\u00f3r Naukowy im Ryszarda Koz\u0142owskiego - Akademia Humanitas<\/title>\n<meta name=\"description\" content=\"Ksi\u0119gozbi\u00f3r przekazany Akademii Humanitas, liczy ponad 3545 publikacji naukowych i popularnonaukowych z zakresu filozofii, etyki, psychologii i sztuki.\" \/>\n<meta name=\"robots\" content=\"index, follow, max-snippet:-1, max-image-preview:large, max-video-preview:-1\" \/>\n<link rel=\"canonical\" href=\"https:\/\/humanitas.edu.pl\/uk\/biblioteka\/niemieckojezyczny-ksiegozbior-naukowy-im-ryszarda-kozlowskiego\/\" \/>\n<meta property=\"og:locale\" content=\"en_US\" \/>\n<meta property=\"og:type\" content=\"article\" \/>\n<meta property=\"og:title\" content=\"Niemieckoj\u0119zyczny Ksi\u0119gozbi\u00f3r Naukowy im\u00a0Ryszarda Koz\u0142owskiego\" \/>\n<meta property=\"og:description\" content=\"Ksi\u0119gozbi\u00f3r przekazany Akademii Humanitas, liczy ponad 3545 publikacji naukowych i popularnonaukowych z zakresu filozofii, etyki, psychologii i sztuki.\" \/>\n<meta property=\"og:url\" content=\"https:\/\/humanitas.edu.pl\/uk\/biblioteka\/niemieckojezyczny-ksiegozbior-naukowy-im-ryszarda-kozlowskiego\/\" \/>\n<meta property=\"og:site_name\" content=\"Akademia Humanitas\" \/>\n<meta property=\"article:modified_time\" content=\"2026-01-21T14:11:18+00:00\" \/>\n<meta name=\"twitter:card\" content=\"summary_large_image\" \/>\n<meta name=\"twitter:label1\" content=\"Est. reading time\" \/>\n\t<meta name=\"twitter:data1\" content=\"3 minutes\" \/>\n<script type=\"application\/ld+json\" class=\"yoast-schema-graph\">{\"@context\":\"https:\\\/\\\/schema.org\",\"@graph\":[{\"@type\":\"WebPage\",\"@id\":\"https:\\\/\\\/humanitas.edu.pl\\\/uk\\\/biblioteka\\\/niemieckojezyczny-ksiegozbior-naukowy-im-ryszarda-kozlowskiego\\\/\",\"url\":\"https:\\\/\\\/humanitas.edu.pl\\\/uk\\\/biblioteka\\\/niemieckojezyczny-ksiegozbior-naukowy-im-ryszarda-kozlowskiego\\\/\",\"name\":\"Ksi\u0119gozbi\u00f3r Naukowy im Ryszarda Koz\u0142owskiego - Akademia Humanitas\",\"isPartOf\":{\"@id\":\"https:\\\/\\\/humanitas.edu.pl\\\/uk\\\/#website\"},\"datePublished\":\"2026-01-21T13:45:27+00:00\",\"dateModified\":\"2026-01-21T14:11:18+00:00\",\"description\":\"Ksi\u0119gozbi\u00f3r przekazany Akademii Humanitas, liczy ponad 3545 publikacji naukowych i popularnonaukowych z zakresu filozofii, etyki, psychologii i sztuki.\",\"breadcrumb\":{\"@id\":\"https:\\\/\\\/humanitas.edu.pl\\\/uk\\\/biblioteka\\\/niemieckojezyczny-ksiegozbior-naukowy-im-ryszarda-kozlowskiego\\\/#breadcrumb\"},\"inLanguage\":\"ua\",\"potentialAction\":[{\"@type\":\"ReadAction\",\"target\":[\"https:\\\/\\\/humanitas.edu.pl\\\/uk\\\/biblioteka\\\/niemieckojezyczny-ksiegozbior-naukowy-im-ryszarda-kozlowskiego\\\/\"]}]},{\"@type\":\"BreadcrumbList\",\"@id\":\"https:\\\/\\\/humanitas.edu.pl\\\/uk\\\/biblioteka\\\/niemieckojezyczny-ksiegozbior-naukowy-im-ryszarda-kozlowskiego\\\/#breadcrumb\",\"itemListElement\":[{\"@type\":\"ListItem\",\"position\":1,\"name\":\"Home\",\"item\":\"https:\\\/\\\/humanitas.edu.pl\\\/uk\\\/strona-glowna\\\/\"},{\"@type\":\"ListItem\",\"position\":2,\"name\":\"Biblioteka\",\"item\":\"https:\\\/\\\/humanitas.edu.pl\\\/uk\\\/biblioteka\\\/\"},{\"@type\":\"ListItem\",\"position\":3,\"name\":\"Niemieckoj\u0119zyczny Ksi\u0119gozbi\u00f3r Naukowy im\u00a0Ryszarda Koz\u0142owskiego\"}]},{\"@type\":\"WebSite\",\"@id\":\"https:\\\/\\\/humanitas.edu.pl\\\/uk\\\/#website\",\"url\":\"https:\\\/\\\/humanitas.edu.pl\\\/uk\\\/\",\"name\":\"Akademia Humanitas\",\"description\":\"\",\"potentialAction\":[{\"@type\":\"SearchAction\",\"target\":{\"@type\":\"EntryPoint\",\"urlTemplate\":\"https:\\\/\\\/humanitas.edu.pl\\\/uk\\\/?s={search_term_string}\"},\"query-input\":{\"@type\":\"PropertyValueSpecification\",\"valueRequired\":true,\"valueName\":\"search_term_string\"}}],\"inLanguage\":\"ua\"}]}<\/script>\n<!-- \/ Yoast SEO Premium plugin. -->","yoast_head_json":{"title":"Ksi\u0119gozbi\u00f3r Naukowy im Ryszarda Koz\u0142owskiego - Akademia Humanitas","description":"Ksi\u0119gozbi\u00f3r przekazany Akademii Humanitas, liczy ponad 3545 publikacji naukowych i popularnonaukowych z zakresu filozofii, etyki, psychologii i sztuki.","robots":{"index":"index","follow":"follow","max-snippet":"max-snippet:-1","max-image-preview":"max-image-preview:large","max-video-preview":"max-video-preview:-1"},"canonical":"https:\/\/humanitas.edu.pl\/uk\/biblioteka\/niemieckojezyczny-ksiegozbior-naukowy-im-ryszarda-kozlowskiego\/","og_locale":"en_US","og_type":"article","og_title":"Niemieckoj\u0119zyczny Ksi\u0119gozbi\u00f3r Naukowy im\u00a0Ryszarda Koz\u0142owskiego","og_description":"Ksi\u0119gozbi\u00f3r przekazany Akademii Humanitas, liczy ponad 3545 publikacji naukowych i popularnonaukowych z zakresu filozofii, etyki, psychologii i sztuki.","og_url":"https:\/\/humanitas.edu.pl\/uk\/biblioteka\/niemieckojezyczny-ksiegozbior-naukowy-im-ryszarda-kozlowskiego\/","og_site_name":"Akademia Humanitas","article_modified_time":"2026-01-21T14:11:18+00:00","twitter_card":"summary_large_image","twitter_misc":{"Est. reading time":"3 minutes"},"schema":{"@context":"https:\/\/schema.org","@graph":[{"@type":"WebPage","@id":"https:\/\/humanitas.edu.pl\/uk\/biblioteka\/niemieckojezyczny-ksiegozbior-naukowy-im-ryszarda-kozlowskiego\/","url":"https:\/\/humanitas.edu.pl\/uk\/biblioteka\/niemieckojezyczny-ksiegozbior-naukowy-im-ryszarda-kozlowskiego\/","name":"Ksi\u0119gozbi\u00f3r Naukowy im Ryszarda Koz\u0142owskiego - Akademia Humanitas","isPartOf":{"@id":"https:\/\/humanitas.edu.pl\/uk\/#website"},"datePublished":"2026-01-21T13:45:27+00:00","dateModified":"2026-01-21T14:11:18+00:00","description":"Ksi\u0119gozbi\u00f3r przekazany Akademii Humanitas, liczy ponad 3545 publikacji naukowych i popularnonaukowych z zakresu filozofii, etyki, psychologii i sztuki.","breadcrumb":{"@id":"https:\/\/humanitas.edu.pl\/uk\/biblioteka\/niemieckojezyczny-ksiegozbior-naukowy-im-ryszarda-kozlowskiego\/#breadcrumb"},"inLanguage":"ua","potentialAction":[{"@type":"ReadAction","target":["https:\/\/humanitas.edu.pl\/uk\/biblioteka\/niemieckojezyczny-ksiegozbior-naukowy-im-ryszarda-kozlowskiego\/"]}]},{"@type":"BreadcrumbList","@id":"https:\/\/humanitas.edu.pl\/uk\/biblioteka\/niemieckojezyczny-ksiegozbior-naukowy-im-ryszarda-kozlowskiego\/#breadcrumb","itemListElement":[{"@type":"ListItem","position":1,"name":"Home","item":"https:\/\/humanitas.edu.pl\/uk\/strona-glowna\/"},{"@type":"ListItem","position":2,"name":"Biblioteka","item":"https:\/\/humanitas.edu.pl\/uk\/biblioteka\/"},{"@type":"ListItem","position":3,"name":"Niemieckoj\u0119zyczny Ksi\u0119gozbi\u00f3r Naukowy im\u00a0Ryszarda Koz\u0142owskiego"}]},{"@type":"WebSite","@id":"https:\/\/humanitas.edu.pl\/uk\/#website","url":"https:\/\/humanitas.edu.pl\/uk\/","name":"Akademia Humanitas","description":"","potentialAction":[{"@type":"SearchAction","target":{"@type":"EntryPoint","urlTemplate":"https:\/\/humanitas.edu.pl\/uk\/?s={search_term_string}"},"query-input":{"@type":"PropertyValueSpecification","valueRequired":true,"valueName":"search_term_string"}}],"inLanguage":"ua"}]}},"_links":{"self":[{"href":"https:\/\/humanitas.edu.pl\/uk\/wp-json\/wp\/v2\/pages\/18619","targetHints":{"allow":["GET"]}}],"collection":[{"href":"https:\/\/humanitas.edu.pl\/uk\/wp-json\/wp\/v2\/pages"}],"about":[{"href":"https:\/\/humanitas.edu.pl\/uk\/wp-json\/wp\/v2\/types\/page"}],"author":[{"embeddable":true,"href":"https:\/\/humanitas.edu.pl\/uk\/wp-json\/wp\/v2\/users\/7"}],"replies":[{"embeddable":true,"href":"https:\/\/humanitas.edu.pl\/uk\/wp-json\/wp\/v2\/comments?post=18619"}],"version-history":[{"count":4,"href":"https:\/\/humanitas.edu.pl\/uk\/wp-json\/wp\/v2\/pages\/18619\/revisions"}],"predecessor-version":[{"id":18661,"href":"https:\/\/humanitas.edu.pl\/uk\/wp-json\/wp\/v2\/pages\/18619\/revisions\/18661"}],"up":[{"embeddable":true,"href":"https:\/\/humanitas.edu.pl\/uk\/wp-json\/wp\/v2\/pages\/3027"}],"wp:attachment":[{"href":"https:\/\/humanitas.edu.pl\/uk\/wp-json\/wp\/v2\/media?parent=18619"}],"curies":[{"name":"wp","href":"https:\/\/api.w.org\/{rel}","templated":true}]}}