{"id":18604,"date":"2026-01-21T15:26:06","date_gmt":"2026-01-21T13:26:06","guid":{"rendered":"https:\/\/humanitas.edu.pl\/?page_id=18604"},"modified":"2026-01-23T12:17:29","modified_gmt":"2026-01-23T10:17:29","slug":"zestawienia-tematyczne","status":"publish","type":"page","link":"https:\/\/humanitas.edu.pl\/uk\/biblioteka\/zestawienia-tematyczne\/","title":{"rendered":"Zestawienia tematyczne"},"content":{"rendered":"<section\n    class=\"block-content-with-buttons block-content-with-buttons--white block-content-with-buttons--left\"\n    id=\"block_8274980fe750021a1dbe2a4d399ea68c\">\n        <div class=\"container\">\n        <div class=\"block-content-with-buttons__wrapper\">\n            <figure\n                class=\"block-content-with-buttons__image fade-in \">\n                <img loading=\"lazy\" decoding=\"async\" width=\"2560\" height=\"1703\" src=\"https:\/\/humanitas.edu.pl\/wp-content\/uploads\/2025\/05\/DSC3315-scaled.jpg\" class=\"attachment-full size-full\" alt=\"\" aria-hidden=\"true\" srcset=\"https:\/\/humanitas.edu.pl\/wp-content\/uploads\/2025\/05\/DSC3315-scaled.jpg 2560w, https:\/\/humanitas.edu.pl\/wp-content\/uploads\/2025\/05\/DSC3315-300x200.jpg 300w, https:\/\/humanitas.edu.pl\/wp-content\/uploads\/2025\/05\/DSC3315-1024x681.jpg 1024w, https:\/\/humanitas.edu.pl\/wp-content\/uploads\/2025\/05\/DSC3315-768x511.jpg 768w, https:\/\/humanitas.edu.pl\/wp-content\/uploads\/2025\/05\/DSC3315-1536x1022.jpg 1536w, https:\/\/humanitas.edu.pl\/wp-content\/uploads\/2025\/05\/DSC3315-2048x1363.jpg 2048w\" sizes=\"(max-width: 2560px) 100vw, 2560px\" \/>            <\/figure>\n            <div class=\"block-content-with-buttons__content\">\n                <h2\n                    class=\"block-content-with-buttons__title heading-underline heading-dot fade-in \">\n                    Zestawienia tematyczne<\/h2>\n                <div class=\"block-content-with-buttons__text fade-in\">\n                    <p>Biblioteka Akademii Humanitas zaprasza do korzystania z zestawie\u0144 tematycznych tworzonych na podstawie katalogu ksi\u0105\u017cek i czasopism online Biblioteki AH. \u00a0Do ka\u017cdego zagadnienia podane s\u0105 ksi\u0105\u017cki oraz artyku\u0142y z czasopism dost\u0119pne w naszej bibliotece. Baza zestawie\u0144 aktualizowana jest na bie\u017c\u0105co, b\u0119d\u0105 pojawia\u0107 si\u0119 w niej zestawienia dotycz\u0105ce zagadnie\u0144 poszukiwanych przez u\u017cytkownik\u00f3w Biblioteki AH.<\/p>\n<p><strong>DLA KOGO<\/strong><br \/>\nZ zestawie\u0144 tematycznych mog\u0105 korzysta\u0107 studenci, s\u0142uchacze studi\u00f3w podyplomowych oraz pracownicy Akademii Humanitas.<\/p>\n<p><strong>W CZYM POMAGAJ\u0104<\/strong><br \/>\nZestawienia tematyczne dotycz\u0105 zagadnie\u0144 z poszczeg\u00f3lnych dziedzin nauki, powi\u0105zanych z kierunkami kszta\u0142cenia w Akademii Humanitas, dzi\u0119ki czemu stanowi\u0105 pomoc przy pisaniu prac dyplomowych. Zestawienia stanowi\u0105 wynik szczeg\u00f3\u0142owego wyszukiwania w katalogu Biblioteki AH, z wykorzystaniem kryteri\u00f3w: tytu\u0142, has\u0142o przedmiotowe oraz s\u0142owa w wybranych indeksach.<\/p>\n<p><strong>ZESTAWIENIE NA \u017bYCZENIE<\/strong><br \/>\nJe\u015bli nie odnajdziemy zestawienia na interesuj\u0105cy nas temat zapotrzebowanie mo\u017cna zg\u0142osi\u0107 na adres mailowy: biblioteka@humanitas.edu.pl<br \/>\nBibliotekarze w miar\u0119 mo\u017cliwo\u015bci jak najszybciej postaraj\u0105 si\u0119 sporz\u0105dzi\u0107 zestawienie i umie\u015bci\u0107 je na stronie.<\/p>\n<p><strong>JAK OTRZYMA\u0106 ZESTAWIENIE?<\/strong><br \/>\nAby uzyska\u0107 zestawienie tematyczne na wybrany temat nale\u017cy wys\u0142a\u0107 e-mail na adres:\u00a0biblioteka@humanitas.edu.pl<br \/>\nZestawienia tematyczne wysy\u0142ane b\u0119d\u0105 na adres mailowy podany przez czytelnika.<\/p>\n                <\/div>\n                                <div\n                    class=\"block-content-with-buttons__buttons block-content-with-buttons__buttons--with-icons js-delay fade-in\">\n                                    <\/div>\n            <\/div>\n        <\/div>\n    <\/div>\n    <\/section>\n\n","protected":false},"excerpt":{"rendered":"","protected":false},"author":7,"featured_media":0,"parent":3027,"menu_order":0,"comment_status":"closed","ping_status":"closed","template":"","meta":{"_acf_changed":false,"inline_featured_image":false,"footnotes":""},"class_list":["post-18604","page","type-page","status-publish","hentry"],"acf":[],"yoast_head":"<!-- This site is optimized with the Yoast SEO Premium plugin v27.3 (Yoast SEO v27.3) - https:\/\/yoast.com\/product\/yoast-seo-premium-wordpress\/ -->\n<title>Zestawienia tematyczne - Akademia Humanitas<\/title>\n<meta name=\"description\" content=\"Biblioteka Akademii Humanitas zaprasza do korzystania z zestawie\u0144 tematycznych tworzonych na podstawie katalogu ksi\u0105\u017cek i czasopism online.\" \/>\n<meta name=\"robots\" content=\"index, follow, max-snippet:-1, max-image-preview:large, max-video-preview:-1\" \/>\n<link rel=\"canonical\" href=\"https:\/\/humanitas.edu.pl\/uk\/biblioteka\/zestawienia-tematyczne\/\" \/>\n<meta property=\"og:locale\" content=\"en_US\" \/>\n<meta property=\"og:type\" content=\"article\" \/>\n<meta property=\"og:title\" content=\"Zestawienia tematyczne\" \/>\n<meta property=\"og:description\" content=\"Biblioteka Akademii Humanitas zaprasza do korzystania z zestawie\u0144 tematycznych tworzonych na podstawie katalogu ksi\u0105\u017cek i czasopism online.\" \/>\n<meta property=\"og:url\" content=\"https:\/\/humanitas.edu.pl\/uk\/biblioteka\/zestawienia-tematyczne\/\" \/>\n<meta property=\"og:site_name\" content=\"Akademia Humanitas\" \/>\n<meta property=\"article:modified_time\" content=\"2026-01-23T10:17:29+00:00\" \/>\n<meta name=\"twitter:card\" content=\"summary_large_image\" \/>\n<meta name=\"twitter:label1\" content=\"Est. reading time\" \/>\n\t<meta name=\"twitter:data1\" content=\"2 minutes\" \/>\n<script type=\"application\/ld+json\" class=\"yoast-schema-graph\">{\"@context\":\"https:\\\/\\\/schema.org\",\"@graph\":[{\"@type\":\"WebPage\",\"@id\":\"https:\\\/\\\/humanitas.edu.pl\\\/uk\\\/biblioteka\\\/zestawienia-tematyczne\\\/\",\"url\":\"https:\\\/\\\/humanitas.edu.pl\\\/uk\\\/biblioteka\\\/zestawienia-tematyczne\\\/\",\"name\":\"Zestawienia tematyczne - Akademia Humanitas\",\"isPartOf\":{\"@id\":\"https:\\\/\\\/humanitas.edu.pl\\\/uk\\\/#website\"},\"datePublished\":\"2026-01-21T13:26:06+00:00\",\"dateModified\":\"2026-01-23T10:17:29+00:00\",\"description\":\"Biblioteka Akademii Humanitas zaprasza do korzystania z zestawie\u0144 tematycznych tworzonych na podstawie katalogu ksi\u0105\u017cek i czasopism online.\",\"breadcrumb\":{\"@id\":\"https:\\\/\\\/humanitas.edu.pl\\\/uk\\\/biblioteka\\\/zestawienia-tematyczne\\\/#breadcrumb\"},\"inLanguage\":\"ua\",\"potentialAction\":[{\"@type\":\"ReadAction\",\"target\":[\"https:\\\/\\\/humanitas.edu.pl\\\/uk\\\/biblioteka\\\/zestawienia-tematyczne\\\/\"]}]},{\"@type\":\"BreadcrumbList\",\"@id\":\"https:\\\/\\\/humanitas.edu.pl\\\/uk\\\/biblioteka\\\/zestawienia-tematyczne\\\/#breadcrumb\",\"itemListElement\":[{\"@type\":\"ListItem\",\"position\":1,\"name\":\"Home\",\"item\":\"https:\\\/\\\/humanitas.edu.pl\\\/uk\\\/strona-glowna\\\/\"},{\"@type\":\"ListItem\",\"position\":2,\"name\":\"Biblioteka\",\"item\":\"https:\\\/\\\/humanitas.edu.pl\\\/uk\\\/biblioteka\\\/\"},{\"@type\":\"ListItem\",\"position\":3,\"name\":\"Zestawienia tematyczne\"}]},{\"@type\":\"WebSite\",\"@id\":\"https:\\\/\\\/humanitas.edu.pl\\\/uk\\\/#website\",\"url\":\"https:\\\/\\\/humanitas.edu.pl\\\/uk\\\/\",\"name\":\"Akademia Humanitas\",\"description\":\"\",\"potentialAction\":[{\"@type\":\"SearchAction\",\"target\":{\"@type\":\"EntryPoint\",\"urlTemplate\":\"https:\\\/\\\/humanitas.edu.pl\\\/uk\\\/?s={search_term_string}\"},\"query-input\":{\"@type\":\"PropertyValueSpecification\",\"valueRequired\":true,\"valueName\":\"search_term_string\"}}],\"inLanguage\":\"ua\"}]}<\/script>\n<!-- \/ Yoast SEO Premium plugin. -->","yoast_head_json":{"title":"Zestawienia tematyczne - Akademia Humanitas","description":"Biblioteka Akademii Humanitas zaprasza do korzystania z zestawie\u0144 tematycznych tworzonych na podstawie katalogu ksi\u0105\u017cek i czasopism online.","robots":{"index":"index","follow":"follow","max-snippet":"max-snippet:-1","max-image-preview":"max-image-preview:large","max-video-preview":"max-video-preview:-1"},"canonical":"https:\/\/humanitas.edu.pl\/uk\/biblioteka\/zestawienia-tematyczne\/","og_locale":"en_US","og_type":"article","og_title":"Zestawienia tematyczne","og_description":"Biblioteka Akademii Humanitas zaprasza do korzystania z zestawie\u0144 tematycznych tworzonych na podstawie katalogu ksi\u0105\u017cek i czasopism online.","og_url":"https:\/\/humanitas.edu.pl\/uk\/biblioteka\/zestawienia-tematyczne\/","og_site_name":"Akademia Humanitas","article_modified_time":"2026-01-23T10:17:29+00:00","twitter_card":"summary_large_image","twitter_misc":{"Est. reading time":"2 minutes"},"schema":{"@context":"https:\/\/schema.org","@graph":[{"@type":"WebPage","@id":"https:\/\/humanitas.edu.pl\/uk\/biblioteka\/zestawienia-tematyczne\/","url":"https:\/\/humanitas.edu.pl\/uk\/biblioteka\/zestawienia-tematyczne\/","name":"Zestawienia tematyczne - Akademia Humanitas","isPartOf":{"@id":"https:\/\/humanitas.edu.pl\/uk\/#website"},"datePublished":"2026-01-21T13:26:06+00:00","dateModified":"2026-01-23T10:17:29+00:00","description":"Biblioteka Akademii Humanitas zaprasza do korzystania z zestawie\u0144 tematycznych tworzonych na podstawie katalogu ksi\u0105\u017cek i czasopism online.","breadcrumb":{"@id":"https:\/\/humanitas.edu.pl\/uk\/biblioteka\/zestawienia-tematyczne\/#breadcrumb"},"inLanguage":"ua","potentialAction":[{"@type":"ReadAction","target":["https:\/\/humanitas.edu.pl\/uk\/biblioteka\/zestawienia-tematyczne\/"]}]},{"@type":"BreadcrumbList","@id":"https:\/\/humanitas.edu.pl\/uk\/biblioteka\/zestawienia-tematyczne\/#breadcrumb","itemListElement":[{"@type":"ListItem","position":1,"name":"Home","item":"https:\/\/humanitas.edu.pl\/uk\/strona-glowna\/"},{"@type":"ListItem","position":2,"name":"Biblioteka","item":"https:\/\/humanitas.edu.pl\/uk\/biblioteka\/"},{"@type":"ListItem","position":3,"name":"Zestawienia tematyczne"}]},{"@type":"WebSite","@id":"https:\/\/humanitas.edu.pl\/uk\/#website","url":"https:\/\/humanitas.edu.pl\/uk\/","name":"Akademia Humanitas","description":"","potentialAction":[{"@type":"SearchAction","target":{"@type":"EntryPoint","urlTemplate":"https:\/\/humanitas.edu.pl\/uk\/?s={search_term_string}"},"query-input":{"@type":"PropertyValueSpecification","valueRequired":true,"valueName":"search_term_string"}}],"inLanguage":"ua"}]}},"_links":{"self":[{"href":"https:\/\/humanitas.edu.pl\/uk\/wp-json\/wp\/v2\/pages\/18604","targetHints":{"allow":["GET"]}}],"collection":[{"href":"https:\/\/humanitas.edu.pl\/uk\/wp-json\/wp\/v2\/pages"}],"about":[{"href":"https:\/\/humanitas.edu.pl\/uk\/wp-json\/wp\/v2\/types\/page"}],"author":[{"embeddable":true,"href":"https:\/\/humanitas.edu.pl\/uk\/wp-json\/wp\/v2\/users\/7"}],"replies":[{"embeddable":true,"href":"https:\/\/humanitas.edu.pl\/uk\/wp-json\/wp\/v2\/comments?post=18604"}],"version-history":[{"count":4,"href":"https:\/\/humanitas.edu.pl\/uk\/wp-json\/wp\/v2\/pages\/18604\/revisions"}],"predecessor-version":[{"id":18757,"href":"https:\/\/humanitas.edu.pl\/uk\/wp-json\/wp\/v2\/pages\/18604\/revisions\/18757"}],"up":[{"embeddable":true,"href":"https:\/\/humanitas.edu.pl\/uk\/wp-json\/wp\/v2\/pages\/3027"}],"wp:attachment":[{"href":"https:\/\/humanitas.edu.pl\/uk\/wp-json\/wp\/v2\/media?parent=18604"}],"curies":[{"name":"wp","href":"https:\/\/api.w.org\/{rel}","templated":true}]}}