{"id":18598,"date":"2026-01-21T13:28:55","date_gmt":"2026-01-21T11:28:55","guid":{"rendered":"https:\/\/humanitas.edu.pl\/?page_id=18598"},"modified":"2026-01-22T15:33:53","modified_gmt":"2026-01-22T13:33:53","slug":"slaska-biblioteka-cyfrowa","status":"publish","type":"page","link":"https:\/\/humanitas.edu.pl\/uk\/biblioteka\/slaska-biblioteka-cyfrowa\/","title":{"rendered":"\u015al\u0105ska Biblioteka Cyfrowa"},"content":{"rendered":"<section\n    class=\"block-content-with-buttons block-content-with-buttons--white block-content-with-buttons--left\"\n    id=\"block_d5d69e78354a1420b41554dc48ff7cc9\">\n        <div class=\"container\">\n        <div class=\"block-content-with-buttons__wrapper\">\n            <figure\n                class=\"block-content-with-buttons__image fade-in \">\n                            <\/figure>\n            <div class=\"block-content-with-buttons__content\">\n                <h2\n                    class=\"block-content-with-buttons__title heading-underline heading-dot fade-in \">\n                    \u015al\u0105ska Biblioteka Cyfrowa<\/h2>\n                <div class=\"block-content-with-buttons__text fade-in\">\n                    <p>W 2007 roku Biblioteka Akademii Humanitas przyst\u0105pi\u0142a do tworzenia zasobu\u00a0<a href=\"http:\/\/www.sbc.org.pl\/dlibra?action=ChangeLanguageAction&amp;language=pl\">\u015al\u0105skiej Biblioteki Cyfrowej<\/a>.<br \/>\nCelem dzia\u0142ania \u015aBC jest prezentacja w Internecie kulturowego dziedzictwa \u015al\u0105ska w jego historycznej i wsp\u00f3\u0142czesnej r\u00f3\u017cnorodno\u015bci, publikowanie naukowego dorobku regionu oraz wspieranie dzia\u0142alno\u015bci dydaktycznej i edukacyjnej.<\/p>\n<p>Biblioteka AH wzbogaca zas\u00f3b \u015al\u0105skiej Biblioteki Cyfrowej, umieszczaj\u0105c publikacje w kolekcji Materia\u0142y dydaktyczne i naukowe, kt\u00f3ra obejmuje elektroniczne kopie skrypt\u00f3w i podr\u0119cznik\u00f3w wydawanych przez Oficyn\u0119 Wydawnicz\u0105 Humanitas i inne materia\u0142y wykorzystywane w procesach dydaktycznych, autorstwa pracownik\u00f3w naukowych AH. Znajdziemy w\u015br\u00f3d nich nast\u0119puj\u0105ce tytu\u0142y:<\/p>\n<ul>\n<li>De Doctrina Europea (2004-2010)<\/li>\n<li>Humanitas Journal of European Studies (2007-2008)<\/li>\n<li>HUMANITAS Pedagogika i Psychologia (2022- )<\/li>\n<li>HUMANITAS Zarz\u0105dzanie (2024- )<\/li>\n<li>Pedagogika (2006-2021)<\/li>\n<li>Problemy Komunikacji Spo\u0142ecznej (2009-2010)<\/li>\n<li>Regionalne Studia Polityczne Humanitas (2010)<\/li>\n<li>Rocznik Administracji i Prawa (2000- )<\/li>\n<li>Rocznik Prasoznawczy (2007-2015)<\/li>\n<li>Zarz\u0105dzanie (2007-2023)<\/li>\n<li>Zarz\u0105dzanie i Marketing (2006-2007)<\/li>\n<li>Zeszyty Naukowe WSZiM. Informatyka i Marketing (2003)<\/li>\n<li>Zeszyty Naukowe WSZiM. Zarz\u0105dzanie i Marketing (2000-2005)<\/li>\n<\/ul>\n                <\/div>\n                                <div\n                    class=\"block-content-with-buttons__buttons block-content-with-buttons__buttons--with-icons js-delay fade-in\">\n                                    <\/div>\n            <\/div>\n        <\/div>\n    <\/div>\n    <\/section>\n\n<section\n    class=\"block-content-with-buttons block-content-with-buttons--light-blue block-content-with-buttons--left\"\n    id=\"block_343358cd1c4d3a20829e4baa6bcedd70\">\n            \n<div class=\"triangle triangle--top-left default\">\n    <svg aria-hidden=\"true\" focusable=\"false\" width=\"1440\" height=\"98\" viewBox=\"0 0 1440 98\" fill=\"none\" xmlns=\"http:\/\/www.w3.org\/2000\/svg\">\n<path d=\"M0 98L1440 0H0V98Z\" fill=\"white\"\/>\n<\/svg>\n<\/div>\n        <div class=\"container\">\n        <div class=\"block-content-with-buttons__wrapper\">\n            <figure\n                class=\"block-content-with-buttons__image fade-in \">\n                            <\/figure>\n            <div class=\"block-content-with-buttons__content\">\n                <h2\n                    class=\"block-content-with-buttons__title heading-underline heading-dot fade-in \">\n                    Biblioteki cyfrowe w Polsce i\u00a0 na \u015bwiecie:<\/h2>\n                <div class=\"block-content-with-buttons__text fade-in\">\n                    <ul>\n<li><a href=\"http:\/\/classiclit.about.com\/\">About.com Classic Literature<\/a><\/li>\n<li><a href=\"http:\/\/www.bartleby.com\/\">Bartelby.com<\/a><\/li>\n<li><a href=\"http:\/\/www.cyfrowaetnografia.pl\/dlibra?action=ChangeLanguageAction&amp;language=pl\">Biblioteka Cyfrowa PIA<\/a><\/li>\n<li><a href=\"http:\/\/bcpw.bg.pw.edu.pl\/dlibra\">Biblioteka Cyfrowa Politechniki Warszawskiej<\/a><\/li>\n<li><a href=\"http:\/\/literat.ug.edu.pl\/\">Biblioteka Literatury Polskiej w Internecie<\/a><\/li>\n<li><a href=\"http:\/\/www.ucc.ie\/celt\/\">CELT \u2013 Corpus of Electronic Text<\/a><\/li>\n<li><a href=\"http:\/\/www.bg.agh.edu.pl\/PL\/index.php\">Czasopisma Elektroniczne Biblioteki G\u0142\u00f3wnej Akademii G\u00f3rniczo-Hutniczej w Krakowie<\/a><\/li>\n<li><a href=\"http:\/\/www.dbc.wroc.pl\/dlibra\">Dolno\u015bl\u0105ska Biblioteka Cyfrowa<\/a><\/li>\n<li><a href=\"http:\/\/www.europeana.eu\/portal\/\">Europeana<\/a><\/li>\n<li><a href=\"http:\/\/fbc.pionier.net.pl\/owoc\">Federacja Bibliotek Cyfrowych<\/a><\/li>\n<li><a href=\"http:\/\/books.google.pl\/\">Google Ksi\u0105\u017cki<\/a><\/li>\n<li><a href=\"http:\/\/www.intratext.com\/POL\/\">IntraText Digital Library<\/a><\/li>\n<li><a href=\"https:\/\/jbc.bj.uj.edu.pl\/dlibra\">Jagiello\u0144ska Biblioteka Cyfrowa\u00a0<\/a><\/li>\n<li><a href=\"http:\/\/kpbc.umk.pl\/dlibra\">Kujawsko-Pomorska Biblioteka Cyfrowa<\/a><\/li>\n<li><a href=\"https:\/\/mbc.malopolska.pl\/pl\/\">Ma\u0142opolska Biblioteka Cyfrowa<\/a><\/li>\n<li><a href=\"http:\/\/www.nac.gov.pl\/\">Narodowe Archiwum Cyfrowe<\/a><\/li>\n<li><a href=\"https:\/\/obc.opole.pl\/dlibra?language=pl\">Opolska Biblioteka Cyfrowa<\/a><\/li>\n<li><a href=\"https:\/\/polona.pl\/\">Polona<\/a><\/li>\n<li><a href=\"http:\/\/www.pbi.edu.pl\/\">Polska Biblioteka Internetowa<\/a><\/li>\n<li><a href=\"http:\/\/pldml.icm.edu.pl\/pldml\/search\/article.action?cid=7703951b-832a-4216-b052-28757e74c351\">Polska Matematyczna Biblioteka Cyfrowa<\/a><\/li>\n<li><a href=\"https:\/\/pbc.gda.pl\/dlibra\">Pomorska Biblioteka Cyfrowa<\/a><\/li>\n<li><a href=\"http:\/\/onlinebooks.library.upenn.edu\/\">The Onlie Books Page<\/a><\/li>\n<li><a href=\"http:\/\/www.wbc.poznan.pl\/dlibra\">Wielkopolska Biblioteka Cyfrowa<\/a><\/li>\n<li><a href=\"http:\/\/www.wbi.budmedia.pl\/\">Wirtualna Biblioteka In\u017cyniera \u200b<\/a><\/li>\n<\/ul>\n                <\/div>\n                                <div\n                    class=\"block-content-with-buttons__buttons block-content-with-buttons__buttons--with-icons js-delay fade-in\">\n                                    <\/div>\n            <\/div>\n        <\/div>\n    <\/div>\n            \n<div class=\"triangle triangle--bottom-right \">\n    <svg aria-hidden=\"true\" focusable=\"false\" width=\"1440\" height=\"98\" viewBox=\"0 0 1440 98\" fill=\"none\" xmlns=\"http:\/\/www.w3.org\/2000\/svg\">\n<path d=\"M1440 0L0 98H1440V0Z\" fill=\"white\"\/>\n<\/svg>\n<\/div>\n    <\/section>","protected":false},"excerpt":{"rendered":"","protected":false},"author":7,"featured_media":0,"parent":3027,"menu_order":0,"comment_status":"closed","ping_status":"closed","template":"","meta":{"_acf_changed":false,"inline_featured_image":false,"footnotes":""},"class_list":["post-18598","page","type-page","status-publish","hentry"],"acf":[],"yoast_head":"<!-- This site is optimized with the Yoast SEO Premium plugin v27.3 (Yoast SEO v27.3) - https:\/\/yoast.com\/product\/yoast-seo-premium-wordpress\/ -->\n<title>\u015al\u0105ska Biblioteka Cyfrowa - Akademia Humanitas<\/title>\n<meta name=\"description\" content=\"W 2007 roku Biblioteka Akademii Humanitas przyst\u0105pi\u0142a do tworzenia zasobu\u00a0\u015al\u0105skiej Biblioteki Cyfrowej.\" \/>\n<meta name=\"robots\" content=\"index, follow, max-snippet:-1, max-image-preview:large, max-video-preview:-1\" \/>\n<link rel=\"canonical\" href=\"https:\/\/humanitas.edu.pl\/uk\/biblioteka\/slaska-biblioteka-cyfrowa\/\" \/>\n<meta property=\"og:locale\" content=\"en_US\" \/>\n<meta property=\"og:type\" content=\"article\" \/>\n<meta property=\"og:title\" content=\"\u015al\u0105ska Biblioteka Cyfrowa\" \/>\n<meta property=\"og:description\" content=\"W 2007 roku Biblioteka Akademii Humanitas przyst\u0105pi\u0142a do tworzenia zasobu\u00a0\u015al\u0105skiej Biblioteki Cyfrowej.\" \/>\n<meta property=\"og:url\" content=\"https:\/\/humanitas.edu.pl\/uk\/biblioteka\/slaska-biblioteka-cyfrowa\/\" \/>\n<meta property=\"og:site_name\" content=\"Akademia Humanitas\" \/>\n<meta property=\"article:modified_time\" content=\"2026-01-22T13:33:53+00:00\" \/>\n<meta name=\"twitter:card\" content=\"summary_large_image\" \/>\n<meta name=\"twitter:label1\" content=\"Est. reading time\" \/>\n\t<meta name=\"twitter:data1\" content=\"2 minutes\" \/>\n<script type=\"application\/ld+json\" class=\"yoast-schema-graph\">{\"@context\":\"https:\\\/\\\/schema.org\",\"@graph\":[{\"@type\":\"WebPage\",\"@id\":\"https:\\\/\\\/humanitas.edu.pl\\\/uk\\\/biblioteka\\\/slaska-biblioteka-cyfrowa\\\/\",\"url\":\"https:\\\/\\\/humanitas.edu.pl\\\/uk\\\/biblioteka\\\/slaska-biblioteka-cyfrowa\\\/\",\"name\":\"\u015al\u0105ska Biblioteka Cyfrowa - Akademia Humanitas\",\"isPartOf\":{\"@id\":\"https:\\\/\\\/humanitas.edu.pl\\\/uk\\\/#website\"},\"datePublished\":\"2026-01-21T11:28:55+00:00\",\"dateModified\":\"2026-01-22T13:33:53+00:00\",\"description\":\"W 2007 roku Biblioteka Akademii Humanitas przyst\u0105pi\u0142a do tworzenia zasobu\u00a0\u015al\u0105skiej Biblioteki Cyfrowej.\",\"breadcrumb\":{\"@id\":\"https:\\\/\\\/humanitas.edu.pl\\\/uk\\\/biblioteka\\\/slaska-biblioteka-cyfrowa\\\/#breadcrumb\"},\"inLanguage\":\"ua\",\"potentialAction\":[{\"@type\":\"ReadAction\",\"target\":[\"https:\\\/\\\/humanitas.edu.pl\\\/uk\\\/biblioteka\\\/slaska-biblioteka-cyfrowa\\\/\"]}]},{\"@type\":\"BreadcrumbList\",\"@id\":\"https:\\\/\\\/humanitas.edu.pl\\\/uk\\\/biblioteka\\\/slaska-biblioteka-cyfrowa\\\/#breadcrumb\",\"itemListElement\":[{\"@type\":\"ListItem\",\"position\":1,\"name\":\"Home\",\"item\":\"https:\\\/\\\/humanitas.edu.pl\\\/uk\\\/strona-glowna\\\/\"},{\"@type\":\"ListItem\",\"position\":2,\"name\":\"Biblioteka\",\"item\":\"https:\\\/\\\/humanitas.edu.pl\\\/uk\\\/biblioteka\\\/\"},{\"@type\":\"ListItem\",\"position\":3,\"name\":\"\u015al\u0105ska Biblioteka Cyfrowa\"}]},{\"@type\":\"WebSite\",\"@id\":\"https:\\\/\\\/humanitas.edu.pl\\\/uk\\\/#website\",\"url\":\"https:\\\/\\\/humanitas.edu.pl\\\/uk\\\/\",\"name\":\"Akademia Humanitas\",\"description\":\"\",\"potentialAction\":[{\"@type\":\"SearchAction\",\"target\":{\"@type\":\"EntryPoint\",\"urlTemplate\":\"https:\\\/\\\/humanitas.edu.pl\\\/uk\\\/?s={search_term_string}\"},\"query-input\":{\"@type\":\"PropertyValueSpecification\",\"valueRequired\":true,\"valueName\":\"search_term_string\"}}],\"inLanguage\":\"ua\"}]}<\/script>\n<!-- \/ Yoast SEO Premium plugin. -->","yoast_head_json":{"title":"\u015al\u0105ska Biblioteka Cyfrowa - Akademia Humanitas","description":"W 2007 roku Biblioteka Akademii Humanitas przyst\u0105pi\u0142a do tworzenia zasobu\u00a0\u015al\u0105skiej Biblioteki Cyfrowej.","robots":{"index":"index","follow":"follow","max-snippet":"max-snippet:-1","max-image-preview":"max-image-preview:large","max-video-preview":"max-video-preview:-1"},"canonical":"https:\/\/humanitas.edu.pl\/uk\/biblioteka\/slaska-biblioteka-cyfrowa\/","og_locale":"en_US","og_type":"article","og_title":"\u015al\u0105ska Biblioteka Cyfrowa","og_description":"W 2007 roku Biblioteka Akademii Humanitas przyst\u0105pi\u0142a do tworzenia zasobu\u00a0\u015al\u0105skiej Biblioteki Cyfrowej.","og_url":"https:\/\/humanitas.edu.pl\/uk\/biblioteka\/slaska-biblioteka-cyfrowa\/","og_site_name":"Akademia Humanitas","article_modified_time":"2026-01-22T13:33:53+00:00","twitter_card":"summary_large_image","twitter_misc":{"Est. reading time":"2 minutes"},"schema":{"@context":"https:\/\/schema.org","@graph":[{"@type":"WebPage","@id":"https:\/\/humanitas.edu.pl\/uk\/biblioteka\/slaska-biblioteka-cyfrowa\/","url":"https:\/\/humanitas.edu.pl\/uk\/biblioteka\/slaska-biblioteka-cyfrowa\/","name":"\u015al\u0105ska Biblioteka Cyfrowa - Akademia Humanitas","isPartOf":{"@id":"https:\/\/humanitas.edu.pl\/uk\/#website"},"datePublished":"2026-01-21T11:28:55+00:00","dateModified":"2026-01-22T13:33:53+00:00","description":"W 2007 roku Biblioteka Akademii Humanitas przyst\u0105pi\u0142a do tworzenia zasobu\u00a0\u015al\u0105skiej Biblioteki Cyfrowej.","breadcrumb":{"@id":"https:\/\/humanitas.edu.pl\/uk\/biblioteka\/slaska-biblioteka-cyfrowa\/#breadcrumb"},"inLanguage":"ua","potentialAction":[{"@type":"ReadAction","target":["https:\/\/humanitas.edu.pl\/uk\/biblioteka\/slaska-biblioteka-cyfrowa\/"]}]},{"@type":"BreadcrumbList","@id":"https:\/\/humanitas.edu.pl\/uk\/biblioteka\/slaska-biblioteka-cyfrowa\/#breadcrumb","itemListElement":[{"@type":"ListItem","position":1,"name":"Home","item":"https:\/\/humanitas.edu.pl\/uk\/strona-glowna\/"},{"@type":"ListItem","position":2,"name":"Biblioteka","item":"https:\/\/humanitas.edu.pl\/uk\/biblioteka\/"},{"@type":"ListItem","position":3,"name":"\u015al\u0105ska Biblioteka Cyfrowa"}]},{"@type":"WebSite","@id":"https:\/\/humanitas.edu.pl\/uk\/#website","url":"https:\/\/humanitas.edu.pl\/uk\/","name":"Akademia Humanitas","description":"","potentialAction":[{"@type":"SearchAction","target":{"@type":"EntryPoint","urlTemplate":"https:\/\/humanitas.edu.pl\/uk\/?s={search_term_string}"},"query-input":{"@type":"PropertyValueSpecification","valueRequired":true,"valueName":"search_term_string"}}],"inLanguage":"ua"}]}},"_links":{"self":[{"href":"https:\/\/humanitas.edu.pl\/uk\/wp-json\/wp\/v2\/pages\/18598","targetHints":{"allow":["GET"]}}],"collection":[{"href":"https:\/\/humanitas.edu.pl\/uk\/wp-json\/wp\/v2\/pages"}],"about":[{"href":"https:\/\/humanitas.edu.pl\/uk\/wp-json\/wp\/v2\/types\/page"}],"author":[{"embeddable":true,"href":"https:\/\/humanitas.edu.pl\/uk\/wp-json\/wp\/v2\/users\/7"}],"replies":[{"embeddable":true,"href":"https:\/\/humanitas.edu.pl\/uk\/wp-json\/wp\/v2\/comments?post=18598"}],"version-history":[{"count":3,"href":"https:\/\/humanitas.edu.pl\/uk\/wp-json\/wp\/v2\/pages\/18598\/revisions"}],"predecessor-version":[{"id":18668,"href":"https:\/\/humanitas.edu.pl\/uk\/wp-json\/wp\/v2\/pages\/18598\/revisions\/18668"}],"up":[{"embeddable":true,"href":"https:\/\/humanitas.edu.pl\/uk\/wp-json\/wp\/v2\/pages\/3027"}],"wp:attachment":[{"href":"https:\/\/humanitas.edu.pl\/uk\/wp-json\/wp\/v2\/media?parent=18598"}],"curies":[{"name":"wp","href":"https:\/\/api.w.org\/{rel}","templated":true}]}}