{"id":18593,"date":"2026-01-21T13:16:14","date_gmt":"2026-01-21T11:16:14","guid":{"rendered":"https:\/\/humanitas.edu.pl\/?page_id=18593"},"modified":"2026-02-24T15:21:06","modified_gmt":"2026-02-24T13:21:06","slug":"biblioteka-akademii-humanitas-repozytoria-cyfrowe","status":"publish","type":"page","link":"https:\/\/humanitas.edu.pl\/uk\/biblioteka\/biblioteka-akademii-humanitas-repozytoria-cyfrowe\/","title":{"rendered":"Biblioteka Akademii Humanitas &#8211; Repozytoria cyfrowe"},"content":{"rendered":"<section\n    class=\"block-content-with-buttons block-content-with-buttons--light-blue block-content-with-buttons--left\"\n    id=\"block_e40d93cb56d32a7dc31d725be53c5753\">\n            \n<div class=\"triangle triangle--top-left default\">\n    <svg aria-hidden=\"true\" focusable=\"false\" width=\"1440\" height=\"98\" viewBox=\"0 0 1440 98\" fill=\"none\" xmlns=\"http:\/\/www.w3.org\/2000\/svg\">\n<path d=\"M0 98L1440 0H0V98Z\" fill=\"white\"\/>\n<\/svg>\n<\/div>\n        <div class=\"container\">\n        <div class=\"block-content-with-buttons__wrapper\">\n            <figure\n                class=\"block-content-with-buttons__image fade-in \">\n                <img loading=\"lazy\" decoding=\"async\" width=\"2560\" height=\"1703\" src=\"https:\/\/humanitas.edu.pl\/wp-content\/uploads\/2025\/05\/DSC3315-scaled.jpg\" class=\"attachment-full size-full\" alt=\"\" aria-hidden=\"true\" srcset=\"https:\/\/humanitas.edu.pl\/wp-content\/uploads\/2025\/05\/DSC3315-scaled.jpg 2560w, https:\/\/humanitas.edu.pl\/wp-content\/uploads\/2025\/05\/DSC3315-300x200.jpg 300w, https:\/\/humanitas.edu.pl\/wp-content\/uploads\/2025\/05\/DSC3315-1024x681.jpg 1024w, https:\/\/humanitas.edu.pl\/wp-content\/uploads\/2025\/05\/DSC3315-768x511.jpg 768w, https:\/\/humanitas.edu.pl\/wp-content\/uploads\/2025\/05\/DSC3315-1536x1022.jpg 1536w, https:\/\/humanitas.edu.pl\/wp-content\/uploads\/2025\/05\/DSC3315-2048x1363.jpg 2048w\" sizes=\"(max-width: 2560px) 100vw, 2560px\" \/>            <\/figure>\n            <div class=\"block-content-with-buttons__content\">\n                <h2\n                    class=\"block-content-with-buttons__title heading-underline heading-dot fade-in \">\n                    Repozytoria cyfrowe<\/h2>\n                <div class=\"block-content-with-buttons__text fade-in\">\n                    <p>Biblioteki \/ repozytoria cyfrowe &#8211;\u00a0 gromadz\u0105 i rozpowszechniaj\u0105 dorobek naukowy (artyku\u0142y, ksi\u0105\u017cki, materia\u0142y konferencyjne, raporty czy rozprawy doktorskie) w formie cyfrowej (meta dane w\u0142\u0105cznie z linkami do pe\u0142nych teks\u00f3w lub stron na kt\u00f3rych s\u0105 one dost\u0119pne).<\/p>\n<p>Udost\u0119pnianie publikacji naukowych w repozytorium wi\u0105\u017ce si\u0119 z szeregiem korzy\u015bci dla autor\u00f3w:<\/p>\n<ul>\n<li>zwi\u0119kszenie widoczno\u015bci publikacji;<\/li>\n<li>u\u0142atwienie wyszukiwania publikacji (np. poprzez wyszukiwarki takie jak Google Scholar);<\/li>\n<li>wzrost cytowa\u0144;<\/li>\n<li>promocja osi\u0105gni\u0119\u0107 badawczych;<\/li>\n<li>u\u0142atwienie komunikacji naukowej;<\/li>\n<li>u\u0142atwienie wykrywania plagiat\u00f3w;<\/li>\n<li>trwa\u0142a archiwizacja i bezpieczne przechowywanie materia\u0142\u00f3w.<\/li>\n<\/ul>\n<p>S\u0105 to znakomite \u017ar\u00f3d\u0142a wiedzy i informacji dla student\u00f3w oraz os\u00f3b zainteresowanych rezultatami najnowszych bada\u0144 naukowych.<\/p>\n<p>&nbsp;<\/p>\n                <\/div>\n                                <div\n                    class=\"block-content-with-buttons__buttons block-content-with-buttons__buttons--with-icons js-delay fade-in\">\n                                    <\/div>\n            <\/div>\n        <\/div>\n    <\/div>\n            \n<div class=\"triangle triangle--bottom-right \">\n    <svg aria-hidden=\"true\" focusable=\"false\" width=\"1440\" height=\"98\" viewBox=\"0 0 1440 98\" fill=\"none\" xmlns=\"http:\/\/www.w3.org\/2000\/svg\">\n<path d=\"M1440 0L0 98H1440V0Z\" fill=\"white\"\/>\n<\/svg>\n<\/div>\n    <\/section>\n\n<section\n    class=\"block-content-with-buttons block-content-with-buttons--light-blue block-content-with-buttons--left\"\n    id=\"block_cedec220aaf84b96f12b8fbf697df1ad\">\n            \n<div class=\"triangle triangle--top-left default\">\n    <svg aria-hidden=\"true\" focusable=\"false\" width=\"1440\" height=\"98\" viewBox=\"0 0 1440 98\" fill=\"none\" xmlns=\"http:\/\/www.w3.org\/2000\/svg\">\n<path d=\"M0 98L1440 0H0V98Z\" fill=\"white\"\/>\n<\/svg>\n<\/div>\n        <div class=\"container\">\n        <div class=\"block-content-with-buttons__wrapper\">\n            <figure\n                class=\"block-content-with-buttons__image fade-in \">\n                            <\/figure>\n            <div class=\"block-content-with-buttons__content\">\n                <h2\n                    class=\"block-content-with-buttons__title heading-underline heading-dot fade-in \">\n                    Wybrane repozytoria<\/h2>\n                <div class=\"block-content-with-buttons__text fade-in\">\n                    <p><a href=\"http:\/\/agregator.ceon.pl\/\"><strong>Agregator Centrum Otwartej Nauki<\/strong><\/a> &#8211; oferuje wsp\u00f3lny punkt dost\u0119pu do zasob\u00f3w 24 polskich otwartych repozytori\u00f3w. Zapewnia ich wi\u0119ksz\u0105 widoczno\u015b\u0107 i szersz\u0105 dost\u0119pno\u015b\u0107.<\/p>\n<p><strong><a href=\"https:\/\/repozytorium.amu.edu.pl\/home\">AMUR<\/a><\/strong> \u2013 Adam Mickiewicz University Repository jest repozytorium Uniwersytetu im. Adama Mickiewicza w Poznaniu. Celem repozytorium jest upowszechnianie dorobku naukowego pracownik\u00f3w oraz promowanie bada\u0144 naukowych prowadzonych na UAM.<\/p>\n<p><a href=\"https:\/\/bibliotekanauki.pl\/\"><strong>Biblioteka Nauki<\/strong><\/a> &#8211; udost\u0119pnia metadane i pe\u0142ne teksty artyku\u0142\u00f3w publikowanych w polskich czasopismach naukowych oraz ksi\u0105\u017cki naukowe na licencji Open Access.<\/p>\n<p><strong><a href=\"http:\/\/cybra.lodz.pl\/dlibra\">CYBRA &#8211; \u0141\u00f3dzka Regionalna Biblioteka Cyfrowa<\/a><\/strong> &#8211; Biblioteka cyfrowa zawieraj\u0105ca kolekcje \u0142\u00f3dzkich bibliotek akademickich, w tym Politechniki \u0141\u00f3dzkiej. W kolekcji P\u0141 znajduj\u0105 si\u0119 obiekty cyfrowe digitalizowane na bie\u017c\u0105co od 2005 roku. CYBRA umo\u017cliwia dost\u0119p do ksi\u0105\u017cek, czasopism, wydawnictw P\u0141 w pe\u0142nym tek\u015bcie, je\u015bli pozwalaj\u0105 na to przepisy prawa autorskiego.<\/p>\n<p><strong><a href=\"https:\/\/eudml.org\/\">European Digital Mathematics Library (EuDML)<\/a><\/strong> &#8211; udost\u0119pnia literatur\u0119 matematyczn\u0105 w postaci trwa\u0142ej, cyfrowej kolekcji, kt\u00f3ra jest systematycznie rozwijana i utrzymywana przez sie\u0107 instytucji dzia\u0142aj\u0105cych w ramach EuDML Initiative. EuDML Initiative to stowarzyszenie niemaj\u0105ce osobowo\u015bci prawnej, powo\u0142ane przez konsorcjum uniwersytet\u00f3w, publicznych instytucji naukowo-badawczych, wydawc\u00f3w, administrator\u00f3w naukowych baz danych, wiod\u0105cych dostawc\u00f3w technologii oraz innych podmiot\u00f3w zaanga\u017cowanych w tworzenie i udost\u0119pnianie wysokiej jako\u015bci informacji naukowej z zakresu matematyki.<\/p>\n<p><a href=\"https:\/\/fbc.pionier.net.pl\/\"><strong>Federacja Bibliotek Cyfrowych<\/strong><\/a> &#8211; \u00a0jest wyszukiwark\u0105 zrzeszaj\u0105c\u0105 cyfrowe biblioteki, muzea, archiwa i repozytoria, aktualnie oferuje mo\u017cliwo\u015b\u0107 przeszukania <strong>8 milion\u00f3w<\/strong>\u00a0obiekt\u00f3w ze zbior\u00f3w polskich instytucji kultury i nauki w\u00a0jednym miejscu.<\/p>\n<p><strong><a href=\"https:\/\/www.ipl.org\/\">Internet Public Library<\/a> <\/strong>&#8211; (Repozytorium IPL) zawiera ponad 500 000 esej\u00f3w o wszechstronnej tematyce , kt\u00f3re mog\u0105 wesprze\u0107 w pisaniu esej\u00f3w oraz artyku\u0142\u00f3w naukowych.<\/p>\n<p><strong><a href=\"https:\/\/pb.edu.pl\/oficyna-wydawnicza\/publikacje\/\">Oficyna Wydawnicza Politechniki Bia\u0142ostockiej<\/a> <\/strong>&#8211; jest jednostk\u0105 og\u00f3lnouczelnian\u0105 Politechniki Bia\u0142ostockiej. Pe\u0142ne teksty artyku\u0142\u00f3w czasopism OWPB.<\/p>\n<p><strong><a href=\"https:\/\/epodreczniki.open.agh.edu.pl\/\">Open AGH e-podr\u0119czniki<\/a> <\/strong>&#8211; Serwis otwartych elektronicznych podr\u0119cznik\u00f3w akademickich z matematyki, fizyki i chemii opracowanych przez nauczycieli akademickich Akademii G\u00f3rniczo-Hutniczej w Krakowie.<\/p>\n<p><strong><a href=\"https:\/\/open.agh.edu.pl\/\">Open AGH otwarte zasoby<\/a> <\/strong>&#8211; to uruchomione w styczniu 2010 roku pierwsze w Polsce uczelniane repozytorium Otwartych Zasob\u00f3w Edukacyjnych rozumianych jako materia\u0142y udost\u0119pniane swobodnie, za darmo wraz z prawem do ich dalszego wykorzystywania i adaptacji.<\/p>\n<p><strong><a href=\"https:\/\/opendoar.ac.uk\/\">OpenDOAR (Directory of Open Access Repositories)<\/a><\/strong> &#8211; to\u00a0globalny katalog repozytori\u00f3w internetowych o otwartym dost\u0119pie\u00a0. Powsta\u0142 jako wsp\u00f3lny projekt Uniwersytetu w Nottingham w Wielkiej Brytanii i Uniwersytetu w Lund w Szwecji.<\/p>\n<p><strong><a href=\"http:\/\/pressto.amu.edu.pl\/\">PRESSto<\/a><\/strong> &#8211; PRESSto stanowi profesjonaln\u0105 platform\u0119 publikowania czasopism elektronicznych UAM.<\/p>\n<p><strong><a href=\"https:\/\/projecteuclid.org\/\">Projekt Euclid<\/a> <\/strong>&#8211; zosta\u0142 opracowany i wdro\u017cony przez Cornell University Library dzi\u0119ki wsparciu finansowemu The Andrew W. Mellon Foundation, a obecnie jest zarz\u0105dzany przez Duke University Press. Pierwotnie powsta\u0142 jako platforma umo\u017cliwiaj\u0105ca mniejszym wydawcom naukowym czasopism z zakresu matematyki i statystyki przej\u015bcie z formy drukowanej na elektroniczn\u0105 w spos\u00f3b ekonomiczny i efektywny kosztowo.<\/p>\n<p><a href=\"https:\/\/depot.ceon.pl\/\"><strong>Repozytorium Centrum Otwartej Nauki (CeON)<\/strong><\/a> &#8211; repozytorium to s\u0142u\u017cy polskim naukowcom ze wszystkich dziedzin do udost\u0119pniania w spos\u00f3b otwarty artyku\u0142\u00f3w, ksi\u0105\u017cek, materia\u0142\u00f3w konferencyjnych, raport\u00f3w, rozpraw doktorskich i innych tekst\u00f3w naukowych.<\/p>\n<p><strong><a href=\"https:\/\/rcin.org.pl\/dlibra\">Repozytorium Cyfrowe Instytut\u00f3w Naukowych<\/a> <\/strong>&#8211; og\u00f3lnodost\u0119pna platforma online, kt\u00f3ra gromadzi i udost\u0119pnia zdigitalizowane materia\u0142y naukowe, archiwalne, ksi\u0105\u017cki, mapy oraz dokumentacj\u0119 badawcz\u0105 z kilkunastu polskich instytut\u00f3w naukowych, g\u0142\u00f3wnie\u00a0Polskiej Akademii Nauk\u00a0(PAN).\u00a0Udost\u0119pnia\u00a0<strong>244 836<\/strong>\u00a0obiekt\u00f3w cyfrowych.<\/p>\n<p><strong><a href=\"https:\/\/repod.icm.edu.pl\/\">Repozytorium Otwartych Danych Badawczych RepOD<\/a><\/strong> &#8211; repozytorium prowadzone przez zesp\u00f3\u0142 Platformy Otwartej Nauki dzia\u0142aj\u0105cej w ramach Interdyscyplinarnego Centrum Modelowania Matematycznego i Komputerowego Uniwersytetu Warszawskiego. RepOD by\u0142o pierwszym w Polsce repozytorium otwartych danych badawczych. Powsta\u0142o z my\u015bl\u0105 o naukowcach oraz instytucjach, kt\u00f3re chc\u0105 w spos\u00f3b otwarty i uporz\u0105dkowany udost\u0119pnia\u0107 swoje zasoby badawcze.<\/p>\n<p><strong><a href=\"https:\/\/repozytorium.biblos.pk.edu.pl\/\">Repozytorium Politechniki Krakowskiej (RPK)<\/a> <\/strong>&#8211; jest instytucjonalnym cyfrowym archiwum zasob\u00f3w naukowych, dydaktycznych oraz innych zwi\u0105zanych z dzia\u0142alno\u015bci\u0105 Politechniki Krakowskiej. Gromadzi materia\u0142y i zapewnia otwarty dost\u0119p do wynik\u00f3w bada\u0144 i publikacji, kt\u00f3rych autorami s\u0105 pracownicy i studenci Politechniki Krakowskiej lub, kt\u00f3rych wydawc\u0105 jest PK oraz cyfrowe wersje zbior\u00f3w Biblioteki Politechniki Krakowskiej: artyku\u0142y z czasopism, ksi\u0105\u017cki, rozdzia\u0142y lub fragmenty ksi\u0105\u017cek, wyniki bada\u0144 i raporty naukowe, sprawozdania naukowe, prace dyplomowe, materia\u0142y i prezentacje konferencyjne, materia\u0142y do zaj\u0119\u0107 dydaktycznych oraz materia\u0142y dotycz\u0105ce jednostek PK.<\/p>\n<p><strong><a href=\"https:\/\/repolis.bg.polsl.pl\/dlibra\">Repozytorium Publikacji Naukowych Politechniki \u015al\u0105skiej \u201eRePolis\u201d<\/a> <\/strong>&#8211; \u00a0Repozytorium Publikacji Naukowych Politechniki \u015al\u0105skiej &#8220;RePolis&#8221; stanowi zbi\u00f3r prac naukowych deponowanych przez pracownik\u00f3w Politechniki \u015al\u0105skiej. Jako repozytorium instytucjonalne, celem RePolis jest przechowywanie i publiczne udost\u0119pnianie wszystkich publikacji naukowych oraz materia\u0142\u00f3w zwi\u0105zanych z dzia\u0142alno\u015bci\u0105 naukow\u0105, badawcz\u0105 i dydaktyczn\u0105 pracownik\u00f3w uczelni. Przeszukiwanie zasob\u00f3w\u00a0repozytorium jest mo\u017cliwe dla wszystkich bez ogranicze\u0144, jednak cz\u0119\u015b\u0107 zbior\u00f3w podlega ochronie prawno-autorskiej.<\/p>\n                <\/div>\n                                <div\n                    class=\"block-content-with-buttons__buttons block-content-with-buttons__buttons--with-icons js-delay fade-in\">\n                                    <\/div>\n            <\/div>\n        <\/div>\n    <\/div>\n            \n<div class=\"triangle triangle--bottom-right \">\n    <svg aria-hidden=\"true\" focusable=\"false\" width=\"1440\" height=\"98\" viewBox=\"0 0 1440 98\" fill=\"none\" xmlns=\"http:\/\/www.w3.org\/2000\/svg\">\n<path d=\"M1440 0L0 98H1440V0Z\" fill=\"white\"\/>\n<\/svg>\n<\/div>\n    <\/section>","protected":false},"excerpt":{"rendered":"","protected":false},"author":7,"featured_media":0,"parent":3027,"menu_order":0,"comment_status":"closed","ping_status":"closed","template":"","meta":{"_acf_changed":false,"inline_featured_image":false,"footnotes":""},"class_list":["post-18593","page","type-page","status-publish","hentry"],"acf":[],"yoast_head":"<!-- This site is optimized with the Yoast SEO Premium plugin v27.3 (Yoast SEO v27.3) - https:\/\/yoast.com\/product\/yoast-seo-premium-wordpress\/ -->\n<title>Biblioteka Akademii Humanitas - Repozytoria cyfrowe - Akademia Humanitas<\/title>\n<meta name=\"description\" content=\"Biblioteki i repozytoria cyfrowe umo\u017cliwiaj\u0105 otwarty dost\u0119p do publikacji naukowych, zwi\u0119kszaj\u0105c ich widoczno\u015b\u0107, cytowalno\u015b\u0107 oraz trwa\u0142\u0105 archiwizacj\u0119.\" \/>\n<meta name=\"robots\" content=\"index, follow, max-snippet:-1, max-image-preview:large, max-video-preview:-1\" \/>\n<link rel=\"canonical\" href=\"https:\/\/humanitas.edu.pl\/uk\/biblioteka\/biblioteka-akademii-humanitas-repozytoria-cyfrowe\/\" \/>\n<meta property=\"og:locale\" content=\"en_US\" \/>\n<meta property=\"og:type\" content=\"article\" \/>\n<meta property=\"og:title\" content=\"Biblioteka Akademii Humanitas - Repozytoria cyfrowe\" \/>\n<meta property=\"og:description\" content=\"Biblioteki i repozytoria cyfrowe umo\u017cliwiaj\u0105 otwarty dost\u0119p do publikacji naukowych, zwi\u0119kszaj\u0105c ich widoczno\u015b\u0107, cytowalno\u015b\u0107 oraz trwa\u0142\u0105 archiwizacj\u0119.\" \/>\n<meta property=\"og:url\" content=\"https:\/\/humanitas.edu.pl\/uk\/biblioteka\/biblioteka-akademii-humanitas-repozytoria-cyfrowe\/\" \/>\n<meta property=\"og:site_name\" content=\"Akademia Humanitas\" \/>\n<meta property=\"article:modified_time\" content=\"2026-02-24T13:21:06+00:00\" \/>\n<meta name=\"twitter:card\" content=\"summary_large_image\" \/>\n<meta name=\"twitter:label1\" content=\"Est. reading time\" \/>\n\t<meta name=\"twitter:data1\" content=\"5 minutes\" \/>\n<script type=\"application\/ld+json\" class=\"yoast-schema-graph\">{\"@context\":\"https:\\\/\\\/schema.org\",\"@graph\":[{\"@type\":\"WebPage\",\"@id\":\"https:\\\/\\\/humanitas.edu.pl\\\/uk\\\/biblioteka\\\/biblioteka-akademii-humanitas-repozytoria-cyfrowe\\\/\",\"url\":\"https:\\\/\\\/humanitas.edu.pl\\\/uk\\\/biblioteka\\\/biblioteka-akademii-humanitas-repozytoria-cyfrowe\\\/\",\"name\":\"Biblioteka Akademii Humanitas - Repozytoria cyfrowe - Akademia Humanitas\",\"isPartOf\":{\"@id\":\"https:\\\/\\\/humanitas.edu.pl\\\/uk\\\/#website\"},\"datePublished\":\"2026-01-21T11:16:14+00:00\",\"dateModified\":\"2026-02-24T13:21:06+00:00\",\"description\":\"Biblioteki i repozytoria cyfrowe umo\u017cliwiaj\u0105 otwarty dost\u0119p do publikacji naukowych, zwi\u0119kszaj\u0105c ich widoczno\u015b\u0107, cytowalno\u015b\u0107 oraz trwa\u0142\u0105 archiwizacj\u0119.\",\"breadcrumb\":{\"@id\":\"https:\\\/\\\/humanitas.edu.pl\\\/uk\\\/biblioteka\\\/biblioteka-akademii-humanitas-repozytoria-cyfrowe\\\/#breadcrumb\"},\"inLanguage\":\"ua\",\"potentialAction\":[{\"@type\":\"ReadAction\",\"target\":[\"https:\\\/\\\/humanitas.edu.pl\\\/uk\\\/biblioteka\\\/biblioteka-akademii-humanitas-repozytoria-cyfrowe\\\/\"]}]},{\"@type\":\"BreadcrumbList\",\"@id\":\"https:\\\/\\\/humanitas.edu.pl\\\/uk\\\/biblioteka\\\/biblioteka-akademii-humanitas-repozytoria-cyfrowe\\\/#breadcrumb\",\"itemListElement\":[{\"@type\":\"ListItem\",\"position\":1,\"name\":\"Home\",\"item\":\"https:\\\/\\\/humanitas.edu.pl\\\/uk\\\/strona-glowna\\\/\"},{\"@type\":\"ListItem\",\"position\":2,\"name\":\"Biblioteka\",\"item\":\"https:\\\/\\\/humanitas.edu.pl\\\/uk\\\/biblioteka\\\/\"},{\"@type\":\"ListItem\",\"position\":3,\"name\":\"Biblioteka Akademii Humanitas &#8211; Repozytoria cyfrowe\"}]},{\"@type\":\"WebSite\",\"@id\":\"https:\\\/\\\/humanitas.edu.pl\\\/uk\\\/#website\",\"url\":\"https:\\\/\\\/humanitas.edu.pl\\\/uk\\\/\",\"name\":\"Akademia Humanitas\",\"description\":\"\",\"potentialAction\":[{\"@type\":\"SearchAction\",\"target\":{\"@type\":\"EntryPoint\",\"urlTemplate\":\"https:\\\/\\\/humanitas.edu.pl\\\/uk\\\/?s={search_term_string}\"},\"query-input\":{\"@type\":\"PropertyValueSpecification\",\"valueRequired\":true,\"valueName\":\"search_term_string\"}}],\"inLanguage\":\"ua\"}]}<\/script>\n<!-- \/ Yoast SEO Premium plugin. -->","yoast_head_json":{"title":"Biblioteka Akademii Humanitas - Repozytoria cyfrowe - Akademia Humanitas","description":"Biblioteki i repozytoria cyfrowe umo\u017cliwiaj\u0105 otwarty dost\u0119p do publikacji naukowych, zwi\u0119kszaj\u0105c ich widoczno\u015b\u0107, cytowalno\u015b\u0107 oraz trwa\u0142\u0105 archiwizacj\u0119.","robots":{"index":"index","follow":"follow","max-snippet":"max-snippet:-1","max-image-preview":"max-image-preview:large","max-video-preview":"max-video-preview:-1"},"canonical":"https:\/\/humanitas.edu.pl\/uk\/biblioteka\/biblioteka-akademii-humanitas-repozytoria-cyfrowe\/","og_locale":"en_US","og_type":"article","og_title":"Biblioteka Akademii Humanitas - Repozytoria cyfrowe","og_description":"Biblioteki i repozytoria cyfrowe umo\u017cliwiaj\u0105 otwarty dost\u0119p do publikacji naukowych, zwi\u0119kszaj\u0105c ich widoczno\u015b\u0107, cytowalno\u015b\u0107 oraz trwa\u0142\u0105 archiwizacj\u0119.","og_url":"https:\/\/humanitas.edu.pl\/uk\/biblioteka\/biblioteka-akademii-humanitas-repozytoria-cyfrowe\/","og_site_name":"Akademia Humanitas","article_modified_time":"2026-02-24T13:21:06+00:00","twitter_card":"summary_large_image","twitter_misc":{"Est. reading time":"5 minutes"},"schema":{"@context":"https:\/\/schema.org","@graph":[{"@type":"WebPage","@id":"https:\/\/humanitas.edu.pl\/uk\/biblioteka\/biblioteka-akademii-humanitas-repozytoria-cyfrowe\/","url":"https:\/\/humanitas.edu.pl\/uk\/biblioteka\/biblioteka-akademii-humanitas-repozytoria-cyfrowe\/","name":"Biblioteka Akademii Humanitas - Repozytoria cyfrowe - Akademia Humanitas","isPartOf":{"@id":"https:\/\/humanitas.edu.pl\/uk\/#website"},"datePublished":"2026-01-21T11:16:14+00:00","dateModified":"2026-02-24T13:21:06+00:00","description":"Biblioteki i repozytoria cyfrowe umo\u017cliwiaj\u0105 otwarty dost\u0119p do publikacji naukowych, zwi\u0119kszaj\u0105c ich widoczno\u015b\u0107, cytowalno\u015b\u0107 oraz trwa\u0142\u0105 archiwizacj\u0119.","breadcrumb":{"@id":"https:\/\/humanitas.edu.pl\/uk\/biblioteka\/biblioteka-akademii-humanitas-repozytoria-cyfrowe\/#breadcrumb"},"inLanguage":"ua","potentialAction":[{"@type":"ReadAction","target":["https:\/\/humanitas.edu.pl\/uk\/biblioteka\/biblioteka-akademii-humanitas-repozytoria-cyfrowe\/"]}]},{"@type":"BreadcrumbList","@id":"https:\/\/humanitas.edu.pl\/uk\/biblioteka\/biblioteka-akademii-humanitas-repozytoria-cyfrowe\/#breadcrumb","itemListElement":[{"@type":"ListItem","position":1,"name":"Home","item":"https:\/\/humanitas.edu.pl\/uk\/strona-glowna\/"},{"@type":"ListItem","position":2,"name":"Biblioteka","item":"https:\/\/humanitas.edu.pl\/uk\/biblioteka\/"},{"@type":"ListItem","position":3,"name":"Biblioteka Akademii Humanitas &#8211; Repozytoria cyfrowe"}]},{"@type":"WebSite","@id":"https:\/\/humanitas.edu.pl\/uk\/#website","url":"https:\/\/humanitas.edu.pl\/uk\/","name":"Akademia Humanitas","description":"","potentialAction":[{"@type":"SearchAction","target":{"@type":"EntryPoint","urlTemplate":"https:\/\/humanitas.edu.pl\/uk\/?s={search_term_string}"},"query-input":{"@type":"PropertyValueSpecification","valueRequired":true,"valueName":"search_term_string"}}],"inLanguage":"ua"}]}},"_links":{"self":[{"href":"https:\/\/humanitas.edu.pl\/uk\/wp-json\/wp\/v2\/pages\/18593","targetHints":{"allow":["GET"]}}],"collection":[{"href":"https:\/\/humanitas.edu.pl\/uk\/wp-json\/wp\/v2\/pages"}],"about":[{"href":"https:\/\/humanitas.edu.pl\/uk\/wp-json\/wp\/v2\/types\/page"}],"author":[{"embeddable":true,"href":"https:\/\/humanitas.edu.pl\/uk\/wp-json\/wp\/v2\/users\/7"}],"replies":[{"embeddable":true,"href":"https:\/\/humanitas.edu.pl\/uk\/wp-json\/wp\/v2\/comments?post=18593"}],"version-history":[{"count":15,"href":"https:\/\/humanitas.edu.pl\/uk\/wp-json\/wp\/v2\/pages\/18593\/revisions"}],"predecessor-version":[{"id":20448,"href":"https:\/\/humanitas.edu.pl\/uk\/wp-json\/wp\/v2\/pages\/18593\/revisions\/20448"}],"up":[{"embeddable":true,"href":"https:\/\/humanitas.edu.pl\/uk\/wp-json\/wp\/v2\/pages\/3027"}],"wp:attachment":[{"href":"https:\/\/humanitas.edu.pl\/uk\/wp-json\/wp\/v2\/media?parent=18593"}],"curies":[{"name":"wp","href":"https:\/\/api.w.org\/{rel}","templated":true}]}}