{"id":17607,"date":"2026-01-19T13:26:42","date_gmt":"2026-01-19T11:26:42","guid":{"rendered":"https:\/\/humanitas.edu.pl\/?page_id=17607"},"modified":"2026-03-23T15:11:17","modified_gmt":"2026-03-23T13:11:17","slug":"doradztwo-zawodowe","status":"publish","type":"page","link":"https:\/\/humanitas.edu.pl\/uk\/doradztwo-zawodowe\/","title":{"rendered":"Doradztwo zawodowe"},"content":{"rendered":"\n\t<section class=\"block-content-with-columns block-content-with-columns--white\"\n\t\tid=\"block_e6613b5b5aa00f268e7852675a9bffb2\">\n\t\t\t\t<div class=\"container\">\n\t\t\t\t\t\t<div class=\"block-content-with-columns__content fade-in\">\n\t\t\t\t<p><a href=\"https:\/\/humanitas.edu.pl\/wp-content\/uploads\/2025\/05\/FERS.jpg\"><img loading=\"lazy\" decoding=\"async\" class=\"alignnone wp-image-5555 size-full\" src=\"https:\/\/humanitas.edu.pl\/wp-content\/uploads\/2025\/05\/FERS.jpg\" alt=\"Obrazek przedstawia logotypy Funduszy Europejskich, Rzeczypospolitej Polskiej i Unii Europejskiej wraz z napisami: \u201eFundusze Europejskie dla Rozwoju Spo\u0142ecznego\u201d, \u201eRzeczpospolita Polska\u201d i \u201eDofinansowane przez Uni\u0119 Europejsk\u0105\u201d.\" width=\"1200\" height=\"165\" srcset=\"https:\/\/humanitas.edu.pl\/wp-content\/uploads\/2025\/05\/FERS.jpg 1200w, https:\/\/humanitas.edu.pl\/wp-content\/uploads\/2025\/05\/FERS-300x41.jpg 300w, https:\/\/humanitas.edu.pl\/wp-content\/uploads\/2025\/05\/FERS-1024x141.jpg 1024w, https:\/\/humanitas.edu.pl\/wp-content\/uploads\/2025\/05\/FERS-768x106.jpg 768w\" sizes=\"(max-width: 1200px) 100vw, 1200px\" \/><\/a><\/p>\n<p><b><span data-contrast=\"auto\">Doradztwo zawodowe prowadzone jest w ramach projektu \u201ePrzeciwdzia\u0142anie zjawisku drop-outu w <\/span><\/b><b><span data-contrast=\"auto\">Humanitas\u201d nr FERS.01.05-IP.08-0051\/25<\/span><\/b><span data-ccp-props=\"{&quot;134233117&quot;:false,&quot;134233118&quot;:false,&quot;201341983&quot;:0,&quot;335551550&quot;:2,&quot;335551620&quot;:2,&quot;335559738&quot;:0,&quot;335559739&quot;:0,&quot;335559740&quot;:276}\">\u00a0<\/span><\/p>\n\t\t\t<\/div>\n\t\t\t<div class=\"block-content-with-columns__columns\">\n\t\t\t\t\t\t\t\t\t\t\t<\/div>\n\t\t\t\t\t\t\t\t<\/div>\n\t\t\t<\/section>\n\n\n\n\t<section class=\"block-content-with-columns block-content-with-columns--white\"\n\t\tid=\"block_4a7c9b2771c184bda76f9cbe1c8fed9e\">\n\t\t\t\t<div class=\"container\">\n\t\t\t\t\t\t\t<h2\n\t\t\t\t\tclass=\"block-content-with-columns__title heading-underline heading-dot fade-in \">\n\t\t\t\t\tDoradztwo zawodowe<\/h2>\n\t\t\t\t\t\t<div class=\"block-content-with-columns__content fade-in\">\n\t\t\t\t<p><span data-contrast=\"auto\">W Akademii Humanitas oferujemy kompleksowe doradztwo zawodowe oraz dzia\u0142ania maj\u0105ce na celu zapobieganie zjawisku drop-outu, czyli rezygnacji z nauki przed uko\u0144czeniem studi\u00f3w.<\/span><\/p>\n<p><b><span data-contrast=\"auto\">Naszym celem jest wspieranie student\u00f3w Akademii Humanitas w podejmowaniu \u015bwiadomych decyzji.<\/span><\/b><span data-ccp-props=\"{&quot;134233117&quot;:false,&quot;134233118&quot;:false,&quot;201341983&quot;:0,&quot;335559738&quot;:0,&quot;335559739&quot;:160,&quot;335559740&quot;:257}\">\u00a0<\/span><\/p>\n<p><span data-contrast=\"auto\">Je\u015bli masz w\u0105tpliwo\u015bci co do wybranego kierunku, brakuje Ci motywacji albo pojawiaj\u0105 si\u0119 trudno\u015bci osobiste, edukacyjne czy zawodowe &#8211; nie jeste\u015b z tym sam\/a. Pozw\u00f3l sobie na wsparcie, rozmow\u0119 i uporz\u0105dkowanie sytuacji, aby odzyska\u0107 poczucie sensu i kontroli nad w\u0142asn\u0105 \u015bcie\u017ck\u0105 rozwoju.\u00a0<\/span><span data-ccp-props=\"{&quot;134233117&quot;:false,&quot;134233118&quot;:false,&quot;201341983&quot;:0,&quot;335559738&quot;:240,&quot;335559739&quot;:240,&quot;335559740&quot;:257}\">\u00a0<\/span><\/p>\n\t\t\t<\/div>\n\t\t\t<div class=\"block-content-with-columns__columns\">\n\t\t\t\t\t\t\t\t\t\t\t\t\t\t<div\n\t\t\t\t\t\t\tclass=\"block-content-with-columns__column block-content-with-columns__column--with-image js-delay fade-in\">\n\t\t\t\t\t\t\t\t\t\t\t\t\t\t\t<figure class=\"block-content-with-columns__column-image\">\n\t\t\t\t\t\t\t\t\t<img loading=\"lazy\" decoding=\"async\" width=\"1800\" height=\"1200\" src=\"https:\/\/humanitas.edu.pl\/wp-content\/uploads\/2026\/01\/Doradca-zawodowy-Humanitas.webp\" class=\"attachment-full-size size-full-size\" alt=\"\" aria-hidden=\"true\" srcset=\"https:\/\/humanitas.edu.pl\/wp-content\/uploads\/2026\/01\/Doradca-zawodowy-Humanitas.webp 1800w, https:\/\/humanitas.edu.pl\/wp-content\/uploads\/2026\/01\/Doradca-zawodowy-Humanitas-300x200.webp 300w, https:\/\/humanitas.edu.pl\/wp-content\/uploads\/2026\/01\/Doradca-zawodowy-Humanitas-1024x683.webp 1024w, https:\/\/humanitas.edu.pl\/wp-content\/uploads\/2026\/01\/Doradca-zawodowy-Humanitas-768x512.webp 768w, https:\/\/humanitas.edu.pl\/wp-content\/uploads\/2026\/01\/Doradca-zawodowy-Humanitas-1536x1024.webp 1536w\" sizes=\"(max-width: 1800px) 100vw, 1800px\" \/>\t\t\t\t\t\t\t\t<\/figure>\n\t\t\t\t\t\t\t\t\t\t\t\t\t\t\t\t\t\t\t\t\t<div class=\"block-content-with-columns__column-wrapper\">\n\t\t\t\t\t\t\t\t<h3 class=\"block-content-with-columns__column-title\">Dla kogo jest doradztwo? <\/h3>\n\t\t\t\t\t\t\t\t\t\t\t\t\t\t\t\t\t<div class=\"block-content-with-columns__column-content\"><p><span data-contrast=\"auto\">Ze wsparcia mog\u0105 skorzysta\u0107 <\/span><b><span data-contrast=\"auto\">studenci Akademii Humanitas<\/span><\/b><span data-contrast=\"auto\">, kt\u00f3rzy:<\/span><span data-ccp-props=\"{&quot;134233117&quot;:false,&quot;134233118&quot;:false,&quot;201341983&quot;:0,&quot;335559738&quot;:240,&quot;335559739&quot;:240,&quot;335559740&quot;:257}\">\u00a0<\/span><\/p>\n<ul>\n<li aria-setsize=\"-1\" data-leveltext=\"\uf0b7\" data-font=\"Symbol\" data-listid=\"8\" data-list-defn-props=\"{&quot;335552541&quot;:1,&quot;335559685&quot;:720,&quot;335559991&quot;:360,&quot;469769226&quot;:&quot;Symbol&quot;,&quot;469769242&quot;:[8226],&quot;469777803&quot;:&quot;left&quot;,&quot;469777804&quot;:&quot;\uf0b7&quot;,&quot;469777815&quot;:&quot;hybridMultilevel&quot;}\" data-aria-posinset=\"1\" data-aria-level=\"1\"><span data-contrast=\"auto\">do\u015bwiadczaj\u0105 spadku motywacji, stresu lub wypalenia,<\/span><span data-ccp-props=\"{&quot;134233117&quot;:false,&quot;134233118&quot;:false,&quot;201341983&quot;:0,&quot;335559738&quot;:240,&quot;335559739&quot;:240,&quot;335559740&quot;:257}\">\u00a0<\/span><\/li>\n<li aria-setsize=\"-1\" data-leveltext=\"\uf0b7\" data-font=\"Symbol\" data-listid=\"8\" data-list-defn-props=\"{&quot;335552541&quot;:1,&quot;335559685&quot;:720,&quot;335559991&quot;:360,&quot;469769226&quot;:&quot;Symbol&quot;,&quot;469769242&quot;:[8226],&quot;469777803&quot;:&quot;left&quot;,&quot;469777804&quot;:&quot;\uf0b7&quot;,&quot;469777815&quot;:&quot;hybridMultilevel&quot;}\" data-aria-posinset=\"1\" data-aria-level=\"1\"><span data-contrast=\"auto\">nie s\u0105 pewni czy obrana \u015bcie\u017cka edukacyjna\u00a0 jest dla nich odpowiednia,<\/span><span data-ccp-props=\"{&quot;134233117&quot;:false,&quot;134233118&quot;:false,&quot;201341983&quot;:0,&quot;335559738&quot;:240,&quot;335559739&quot;:240,&quot;335559740&quot;:257}\">\u00a0<\/span><\/li>\n<li aria-setsize=\"-1\" data-leveltext=\"\uf0b7\" data-font=\"Symbol\" data-listid=\"8\" data-list-defn-props=\"{&quot;335552541&quot;:1,&quot;335559685&quot;:720,&quot;335559991&quot;:360,&quot;469769226&quot;:&quot;Symbol&quot;,&quot;469769242&quot;:[8226],&quot;469777803&quot;:&quot;left&quot;,&quot;469777804&quot;:&quot;\uf0b7&quot;,&quot;469777815&quot;:&quot;hybridMultilevel&quot;}\" data-aria-posinset=\"1\" data-aria-level=\"1\"><span data-contrast=\"auto\">chc\u0105 zaplanowa\u0107 dalszy rozw\u00f3j, ale nie wiedz\u0105, od czego zacz\u0105\u0107,<\/span><span data-ccp-props=\"{&quot;134233117&quot;:false,&quot;134233118&quot;:false,&quot;201341983&quot;:0,&quot;335559738&quot;:240,&quot;335559739&quot;:240,&quot;335559740&quot;:257}\">\u00a0<\/span><\/li>\n<li aria-setsize=\"-1\" data-leveltext=\"\uf0b7\" data-font=\"Symbol\" data-listid=\"8\" data-list-defn-props=\"{&quot;335552541&quot;:1,&quot;335559685&quot;:720,&quot;335559991&quot;:360,&quot;469769226&quot;:&quot;Symbol&quot;,&quot;469769242&quot;:[8226],&quot;469777803&quot;:&quot;left&quot;,&quot;469777804&quot;:&quot;\uf0b7&quot;,&quot;469777815&quot;:&quot;hybridMultilevel&quot;}\" data-aria-posinset=\"1\" data-aria-level=\"1\"><span data-contrast=\"auto\">maj\u0105 trudno\u015bci z nauk\u0105 lub organizacj\u0105 czasu,<\/span><span data-ccp-props=\"{&quot;134233117&quot;:false,&quot;134233118&quot;:false,&quot;201341983&quot;:0,&quot;335559738&quot;:240,&quot;335559739&quot;:240,&quot;335559740&quot;:257}\">\u00a0<\/span><\/li>\n<li aria-setsize=\"-1\" data-leveltext=\"\uf0b7\" data-font=\"Symbol\" data-listid=\"8\" data-list-defn-props=\"{&quot;335552541&quot;:1,&quot;335559685&quot;:720,&quot;335559991&quot;:360,&quot;469769226&quot;:&quot;Symbol&quot;,&quot;469769242&quot;:[8226],&quot;469777803&quot;:&quot;left&quot;,&quot;469777804&quot;:&quot;\uf0b7&quot;,&quot;469777815&quot;:&quot;hybridMultilevel&quot;}\" data-aria-posinset=\"1\" data-aria-level=\"1\"><span data-contrast=\"auto\">rozwa\u017caj\u0105 rezygnacj\u0119 ze studi\u00f3w lub zmian\u0119 kierunku.<\/span><span data-ccp-props=\"{&quot;134233117&quot;:false,&quot;134233118&quot;:false,&quot;201341983&quot;:0,&quot;335559738&quot;:240,&quot;335559739&quot;:240,&quot;335559740&quot;:257}\">\u00a0<\/span><\/li>\n<\/ul>\n<\/div>\n\t\t\t\t\t\t\t\t\t\t\t\t\t\t\t<\/div>\n\t\t\t\t\t\t<\/div>\n\t\t\t\t\t\t\t\t\t\t<div\n\t\t\t\t\t\t\tclass=\"block-content-with-columns__column block-content-with-columns__column--with-image js-delay fade-in\">\n\t\t\t\t\t\t\t\t\t\t\t\t\t\t\t<figure class=\"block-content-with-columns__column-image\">\n\t\t\t\t\t\t\t\t\t<img loading=\"lazy\" decoding=\"async\" width=\"1800\" height=\"1200\" src=\"https:\/\/humanitas.edu.pl\/wp-content\/uploads\/2026\/01\/Doradca-zawodowy-Humanitas_1.webp\" class=\"attachment-full-size size-full-size\" alt=\"\" aria-hidden=\"true\" srcset=\"https:\/\/humanitas.edu.pl\/wp-content\/uploads\/2026\/01\/Doradca-zawodowy-Humanitas_1.webp 1800w, https:\/\/humanitas.edu.pl\/wp-content\/uploads\/2026\/01\/Doradca-zawodowy-Humanitas_1-300x200.webp 300w, https:\/\/humanitas.edu.pl\/wp-content\/uploads\/2026\/01\/Doradca-zawodowy-Humanitas_1-1024x683.webp 1024w, https:\/\/humanitas.edu.pl\/wp-content\/uploads\/2026\/01\/Doradca-zawodowy-Humanitas_1-768x512.webp 768w, https:\/\/humanitas.edu.pl\/wp-content\/uploads\/2026\/01\/Doradca-zawodowy-Humanitas_1-1536x1024.webp 1536w\" sizes=\"(max-width: 1800px) 100vw, 1800px\" \/>\t\t\t\t\t\t\t\t<\/figure>\n\t\t\t\t\t\t\t\t\t\t\t\t\t\t\t\t\t\t\t\t\t<div class=\"block-content-with-columns__column-wrapper\">\n\t\t\t\t\t\t\t\t<h3 class=\"block-content-with-columns__column-title\">Co mo\u017cesz zyska\u0107? <\/h3>\n\t\t\t\t\t\t\t\t\t\t\t\t\t\t\t\t\t<div class=\"block-content-with-columns__column-content\"><p aria-level=\"3\"><span data-contrast=\"auto\">W ramach doradztwa mo\u017cesz liczy\u0107 na:<\/span><span data-ccp-props=\"{&quot;134233117&quot;:false,&quot;134233118&quot;:false,&quot;134245418&quot;:true,&quot;134245529&quot;:true,&quot;201341983&quot;:0,&quot;335559738&quot;:281,&quot;335559739&quot;:281,&quot;335559740&quot;:257}\">\u00a0<\/span><\/p>\n<ul>\n<li aria-setsize=\"-1\" data-leveltext=\"\uf0b7\" data-font=\"Symbol\" data-listid=\"9\" data-list-defn-props=\"{&quot;335552541&quot;:1,&quot;335559685&quot;:720,&quot;335559991&quot;:360,&quot;469769226&quot;:&quot;Symbol&quot;,&quot;469769242&quot;:[8226],&quot;469777803&quot;:&quot;left&quot;,&quot;469777804&quot;:&quot;\uf0b7&quot;,&quot;469777815&quot;:&quot;hybridMultilevel&quot;}\" data-aria-posinset=\"1\" data-aria-level=\"1\"><span data-contrast=\"auto\">indywidualn\u0105 rozmow\u0119 , podczas kt\u00f3rej w spokojnej atmosferze om\u00f3wimy Twoj\u0105 sytuacj\u0119,<\/span><span data-ccp-props=\"{&quot;134233117&quot;:false,&quot;134233118&quot;:false,&quot;201341983&quot;:0,&quot;335559738&quot;:240,&quot;335559739&quot;:240,&quot;335559740&quot;:257}\">\u00a0<\/span><\/li>\n<li aria-setsize=\"-1\" data-leveltext=\"\uf0b7\" data-font=\"Symbol\" data-listid=\"9\" data-list-defn-props=\"{&quot;335552541&quot;:1,&quot;335559685&quot;:720,&quot;335559991&quot;:360,&quot;469769226&quot;:&quot;Symbol&quot;,&quot;469769242&quot;:[8226],&quot;469777803&quot;:&quot;left&quot;,&quot;469777804&quot;:&quot;\uf0b7&quot;,&quot;469777815&quot;:&quot;hybridMultilevel&quot;}\" data-aria-posinset=\"1\" data-aria-level=\"1\"><span data-contrast=\"auto\">diagnoz\u0119 trudno\u015bci <\/span><span data-contrast=\"auto\">i wsp\u00f3lne poszukiwanie mo\u017cliwych rozwi\u0105za\u0144,<\/span><span data-ccp-props=\"{&quot;134233117&quot;:false,&quot;134233118&quot;:false,&quot;201341983&quot;:0,&quot;335559738&quot;:240,&quot;335559739&quot;:240,&quot;335559740&quot;:257}\">\u00a0<\/span><\/li>\n<li aria-setsize=\"-1\" data-leveltext=\"\uf0b7\" data-font=\"Symbol\" data-listid=\"9\" data-list-defn-props=\"{&quot;335552541&quot;:1,&quot;335559685&quot;:720,&quot;335559991&quot;:360,&quot;469769226&quot;:&quot;Symbol&quot;,&quot;469769242&quot;:[8226],&quot;469777803&quot;:&quot;left&quot;,&quot;469777804&quot;:&quot;\uf0b7&quot;,&quot;469777815&quot;:&quot;hybridMultilevel&quot;}\" data-aria-posinset=\"1\" data-aria-level=\"1\"><span data-contrast=\"auto\">wsparcie\u00a0 w radzeniu sobie z napi\u0119ciem, stresem i kryzysami,<\/span><span data-ccp-props=\"{&quot;134233117&quot;:false,&quot;134233118&quot;:false,&quot;201341983&quot;:0,&quot;335559738&quot;:240,&quot;335559739&quot;:240,&quot;335559740&quot;:257}\">\u00a0<\/span><\/li>\n<li aria-setsize=\"-1\" data-leveltext=\"\uf0b7\" data-font=\"Symbol\" data-listid=\"9\" data-list-defn-props=\"{&quot;335552541&quot;:1,&quot;335559685&quot;:720,&quot;335559991&quot;:360,&quot;469769226&quot;:&quot;Symbol&quot;,&quot;469769242&quot;:[8226],&quot;469777803&quot;:&quot;left&quot;,&quot;469777804&quot;:&quot;\uf0b7&quot;,&quot;469777815&quot;:&quot;hybridMultilevel&quot;}\" data-aria-posinset=\"1\" data-aria-level=\"1\"><span data-contrast=\"auto\">doradztwo edukacyjne,<\/span><span data-contrast=\"auto\"> je\u015bli zastanawiasz si\u0119 nad zmian\u0105 kierunku, \u015bcie\u017cki kariery lub dalszym rozwojem,<\/span><span data-ccp-props=\"{&quot;134233117&quot;:false,&quot;134233118&quot;:false,&quot;201341983&quot;:0,&quot;335559738&quot;:240,&quot;335559739&quot;:240,&quot;335559740&quot;:257}\">\u00a0<\/span><\/li>\n<li aria-setsize=\"-1\" data-leveltext=\"\uf0b7\" data-font=\"Symbol\" data-listid=\"9\" data-list-defn-props=\"{&quot;335552541&quot;:1,&quot;335559685&quot;:720,&quot;335559991&quot;:360,&quot;469769226&quot;:&quot;Symbol&quot;,&quot;469769242&quot;:[8226],&quot;469777803&quot;:&quot;left&quot;,&quot;469777804&quot;:&quot;\uf0b7&quot;,&quot;469777815&quot;:&quot;hybridMultilevel&quot;}\" data-aria-posinset=\"1\" data-aria-level=\"1\"><span data-contrast=\"auto\">wsparcie w odbudowaniu motywacji i poczucia sprawczo\u015bci,<\/span><span data-ccp-props=\"{&quot;134233117&quot;:false,&quot;134233118&quot;:false,&quot;201341983&quot;:0,&quot;335559738&quot;:240,&quot;335559739&quot;:240,&quot;335559740&quot;:257}\">\u00a0<\/span><\/li>\n<li aria-setsize=\"-1\" data-leveltext=\"\uf0b7\" data-font=\"Symbol\" data-listid=\"9\" data-list-defn-props=\"{&quot;335552541&quot;:1,&quot;335559685&quot;:720,&quot;335559991&quot;:360,&quot;469769226&quot;:&quot;Symbol&quot;,&quot;469769242&quot;:[8226],&quot;469777803&quot;:&quot;left&quot;,&quot;469777804&quot;:&quot;\uf0b7&quot;,&quot;469777815&quot;:&quot;hybridMultilevel&quot;}\" data-aria-posinset=\"1\" data-aria-level=\"1\"><span data-contrast=\"auto\">bezpieczn\u0105 i \u017cyczliw\u0105 przestrze\u0144, w kt\u00f3rej mo\u017cesz swobodnie porozmawia\u0107 o tym, co dla Ciebie wa\u017cne.<\/span><span data-ccp-props=\"{&quot;134233117&quot;:false,&quot;134233118&quot;:false,&quot;201341983&quot;:0,&quot;335559738&quot;:240,&quot;335559739&quot;:240,&quot;335559740&quot;:257}\">\u00a0<\/span><\/li>\n<\/ul>\n<\/div>\n\t\t\t\t\t\t\t\t\t\t\t\t\t\t\t<\/div>\n\t\t\t\t\t\t<\/div>\n\t\t\t\t\t\t\t\t\t\t<div\n\t\t\t\t\t\t\tclass=\"block-content-with-columns__column block-content-with-columns__column--with-image js-delay fade-in\">\n\t\t\t\t\t\t\t\t\t\t\t\t\t\t\t<figure class=\"block-content-with-columns__column-image\">\n\t\t\t\t\t\t\t\t\t<img loading=\"lazy\" decoding=\"async\" width=\"1800\" height=\"1200\" src=\"https:\/\/humanitas.edu.pl\/wp-content\/uploads\/2026\/01\/Doradca-zawodowy-Humanitas_5.webp\" class=\"attachment-full-size size-full-size\" alt=\"\" aria-hidden=\"true\" srcset=\"https:\/\/humanitas.edu.pl\/wp-content\/uploads\/2026\/01\/Doradca-zawodowy-Humanitas_5.webp 1800w, https:\/\/humanitas.edu.pl\/wp-content\/uploads\/2026\/01\/Doradca-zawodowy-Humanitas_5-300x200.webp 300w, https:\/\/humanitas.edu.pl\/wp-content\/uploads\/2026\/01\/Doradca-zawodowy-Humanitas_5-1024x683.webp 1024w, https:\/\/humanitas.edu.pl\/wp-content\/uploads\/2026\/01\/Doradca-zawodowy-Humanitas_5-768x512.webp 768w, https:\/\/humanitas.edu.pl\/wp-content\/uploads\/2026\/01\/Doradca-zawodowy-Humanitas_5-1536x1024.webp 1536w\" sizes=\"(max-width: 1800px) 100vw, 1800px\" \/>\t\t\t\t\t\t\t\t<\/figure>\n\t\t\t\t\t\t\t\t\t\t\t\t\t\t\t\t\t\t\t\t\t<div class=\"block-content-with-columns__column-wrapper\">\n\t\t\t\t\t\t\t\t<h3 class=\"block-content-with-columns__column-title\">Dlaczego warto ? <\/h3>\n\t\t\t\t\t\t\t\t\t\t\t\t\t\t\t\t\t<div class=\"block-content-with-columns__column-content\"><p><span data-contrast=\"auto\">Skorzystanie z doradztwa to nie tylko rozmowa i wsparcie, ale tak\u017ce realna mo\u017cliwo\u015b\u0107 wp\u0142ywu na swoj\u0105 sytuacj\u0119 na studiach.\u00a0<\/span><span data-ccp-props=\"{&quot;134233117&quot;:false,&quot;134233118&quot;:false,&quot;335559738&quot;:240,&quot;335559739&quot;:240}\">\u00a0<\/span><\/p>\n<p><span data-contrast=\"auto\">Podczas doradztwa mo\u017cesz pozna\u0107 konkretne rozwi\u0105zania dost\u0119pne dla student\u00f3w, kt\u00f3re pomagaj\u0105 zwi\u0119kszy\u0107 szanse na kontynuowanie studi\u00f3w. Wsp\u00f3lnie analizujemy mo\u017cliwe \u015bcie\u017cki, formy wsparcia oraz dost\u0119pne opcje organizacyjne, kt\u00f3re mog\u0105 u\u0142atwi\u0107 funkcjonowanie na studiach.<\/span><\/p>\n<p><a href=\"https:\/\/humanitas.edu.pl\/wp-content\/uploads\/2026\/03\/Regulamin-uczestnictwa-w-doradztwie-uczestnictwa.pdf\">Regulamin uczestnictwa -&gt;&gt;&gt;<\/a><\/p>\n<\/div>\n\t\t\t\t\t\t\t\t\t\t\t\t\t\t\t<\/div>\n\t\t\t\t\t\t<\/div>\n\t\t\t\t\t\t\t<\/div>\n\t\t\t\t\t\t\t\t<\/div>\n\t\t\t<\/section>\n\n\n\n<section class=\"block-contact-form block-contact-form--with-image\" id=\"block_225825c83955203a352d281fc43ba348\">\n    <div class=\"container\">\n        <div class=\"block-contact-form__wrapper\">\n            <div class=\"block-contact-form__left\">\n                <h2 class=\"block-contact-form__title heading-underline  no-dot\">\n                    Um\u00f3w si\u0119 na spotkanie z doradc\u0105 zawodowym!<\/h2>\n                <div class=\"block-contact-form__content\">\n                                    <\/div>\n                <div class=\"acf-placeholder\" style=\"margin-top:30px; padding: 30px; background: #f5f5f5; border: 2px dashed #ccc; text-align: center; border-radius: 4px;\">\n            <p style=\"margin: 0; color: #666;\"><strong>\ud83d\udcdd Form:<\/strong> <style id=\"wpforms-css-vars-0\">\n\t\t\t\t#wpforms-0 {\n\t\t\t\t\n\t\t\t}\n\t\t\t<\/style><\/p>\n            <small style=\"color: #999;\">Shorcode b\u0119dzie wy\u015bwietlony na stronie<\/small>\n        <\/div>            <\/div>\n            <div class=\"block-contact-form__right\">\n                                    <figure class=\"block-contact-form__image\">\n                                            <\/figure>\n                                            <\/div>\n        <\/div>\n    <\/div>","protected":false},"excerpt":{"rendered":"","protected":false},"author":6,"featured_media":0,"parent":0,"menu_order":0,"comment_status":"closed","ping_status":"closed","template":"","meta":{"_acf_changed":false,"inline_featured_image":false,"footnotes":""},"class_list":["post-17607","page","type-page","status-publish","hentry"],"acf":[],"yoast_head":"<!-- This site is optimized with the Yoast SEO Premium plugin v27.3 (Yoast SEO v27.3) - https:\/\/yoast.com\/product\/yoast-seo-premium-wordpress\/ -->\n<title>Doradztwo zawodowe - Akademia Humanitas<\/title>\n<meta name=\"robots\" content=\"index, follow, max-snippet:-1, max-image-preview:large, max-video-preview:-1\" \/>\n<link rel=\"canonical\" href=\"https:\/\/humanitas.edu.pl\/uk\/doradztwo-zawodowe\/\" \/>\n<meta property=\"og:locale\" content=\"en_US\" \/>\n<meta property=\"og:type\" content=\"article\" \/>\n<meta property=\"og:title\" content=\"Doradztwo zawodowe\" \/>\n<meta property=\"og:url\" content=\"https:\/\/humanitas.edu.pl\/uk\/doradztwo-zawodowe\/\" \/>\n<meta property=\"og:site_name\" content=\"Akademia Humanitas\" \/>\n<meta property=\"article:modified_time\" content=\"2026-03-23T13:11:17+00:00\" \/>\n<meta name=\"twitter:card\" content=\"summary_large_image\" \/>\n<meta name=\"twitter:label1\" content=\"Est. reading time\" \/>\n\t<meta name=\"twitter:data1\" content=\"3 minutes\" \/>\n<script type=\"application\/ld+json\" class=\"yoast-schema-graph\">{\"@context\":\"https:\\\/\\\/schema.org\",\"@graph\":[{\"@type\":\"WebPage\",\"@id\":\"https:\\\/\\\/humanitas.edu.pl\\\/uk\\\/doradztwo-zawodowe\\\/\",\"url\":\"https:\\\/\\\/humanitas.edu.pl\\\/uk\\\/doradztwo-zawodowe\\\/\",\"name\":\"Doradztwo zawodowe - Akademia Humanitas\",\"isPartOf\":{\"@id\":\"https:\\\/\\\/humanitas.edu.pl\\\/uk\\\/#website\"},\"datePublished\":\"2026-01-19T11:26:42+00:00\",\"dateModified\":\"2026-03-23T13:11:17+00:00\",\"breadcrumb\":{\"@id\":\"https:\\\/\\\/humanitas.edu.pl\\\/uk\\\/doradztwo-zawodowe\\\/#breadcrumb\"},\"inLanguage\":\"ua\",\"potentialAction\":[{\"@type\":\"ReadAction\",\"target\":[\"https:\\\/\\\/humanitas.edu.pl\\\/uk\\\/doradztwo-zawodowe\\\/\"]}]},{\"@type\":\"BreadcrumbList\",\"@id\":\"https:\\\/\\\/humanitas.edu.pl\\\/uk\\\/doradztwo-zawodowe\\\/#breadcrumb\",\"itemListElement\":[{\"@type\":\"ListItem\",\"position\":1,\"name\":\"Home\",\"item\":\"https:\\\/\\\/humanitas.edu.pl\\\/uk\\\/strona-glowna\\\/\"},{\"@type\":\"ListItem\",\"position\":2,\"name\":\"Doradztwo zawodowe\"}]},{\"@type\":\"WebSite\",\"@id\":\"https:\\\/\\\/humanitas.edu.pl\\\/uk\\\/#website\",\"url\":\"https:\\\/\\\/humanitas.edu.pl\\\/uk\\\/\",\"name\":\"Akademia Humanitas\",\"description\":\"\",\"potentialAction\":[{\"@type\":\"SearchAction\",\"target\":{\"@type\":\"EntryPoint\",\"urlTemplate\":\"https:\\\/\\\/humanitas.edu.pl\\\/uk\\\/?s={search_term_string}\"},\"query-input\":{\"@type\":\"PropertyValueSpecification\",\"valueRequired\":true,\"valueName\":\"search_term_string\"}}],\"inLanguage\":\"ua\"}]}<\/script>\n<!-- \/ Yoast SEO Premium plugin. -->","yoast_head_json":{"title":"Doradztwo zawodowe - Akademia Humanitas","robots":{"index":"index","follow":"follow","max-snippet":"max-snippet:-1","max-image-preview":"max-image-preview:large","max-video-preview":"max-video-preview:-1"},"canonical":"https:\/\/humanitas.edu.pl\/uk\/doradztwo-zawodowe\/","og_locale":"en_US","og_type":"article","og_title":"Doradztwo zawodowe","og_url":"https:\/\/humanitas.edu.pl\/uk\/doradztwo-zawodowe\/","og_site_name":"Akademia Humanitas","article_modified_time":"2026-03-23T13:11:17+00:00","twitter_card":"summary_large_image","twitter_misc":{"Est. reading time":"3 minutes"},"schema":{"@context":"https:\/\/schema.org","@graph":[{"@type":"WebPage","@id":"https:\/\/humanitas.edu.pl\/uk\/doradztwo-zawodowe\/","url":"https:\/\/humanitas.edu.pl\/uk\/doradztwo-zawodowe\/","name":"Doradztwo zawodowe - Akademia Humanitas","isPartOf":{"@id":"https:\/\/humanitas.edu.pl\/uk\/#website"},"datePublished":"2026-01-19T11:26:42+00:00","dateModified":"2026-03-23T13:11:17+00:00","breadcrumb":{"@id":"https:\/\/humanitas.edu.pl\/uk\/doradztwo-zawodowe\/#breadcrumb"},"inLanguage":"ua","potentialAction":[{"@type":"ReadAction","target":["https:\/\/humanitas.edu.pl\/uk\/doradztwo-zawodowe\/"]}]},{"@type":"BreadcrumbList","@id":"https:\/\/humanitas.edu.pl\/uk\/doradztwo-zawodowe\/#breadcrumb","itemListElement":[{"@type":"ListItem","position":1,"name":"Home","item":"https:\/\/humanitas.edu.pl\/uk\/strona-glowna\/"},{"@type":"ListItem","position":2,"name":"Doradztwo zawodowe"}]},{"@type":"WebSite","@id":"https:\/\/humanitas.edu.pl\/uk\/#website","url":"https:\/\/humanitas.edu.pl\/uk\/","name":"Akademia Humanitas","description":"","potentialAction":[{"@type":"SearchAction","target":{"@type":"EntryPoint","urlTemplate":"https:\/\/humanitas.edu.pl\/uk\/?s={search_term_string}"},"query-input":{"@type":"PropertyValueSpecification","valueRequired":true,"valueName":"search_term_string"}}],"inLanguage":"ua"}]}},"_links":{"self":[{"href":"https:\/\/humanitas.edu.pl\/uk\/wp-json\/wp\/v2\/pages\/17607","targetHints":{"allow":["GET"]}}],"collection":[{"href":"https:\/\/humanitas.edu.pl\/uk\/wp-json\/wp\/v2\/pages"}],"about":[{"href":"https:\/\/humanitas.edu.pl\/uk\/wp-json\/wp\/v2\/types\/page"}],"author":[{"embeddable":true,"href":"https:\/\/humanitas.edu.pl\/uk\/wp-json\/wp\/v2\/users\/6"}],"replies":[{"embeddable":true,"href":"https:\/\/humanitas.edu.pl\/uk\/wp-json\/wp\/v2\/comments?post=17607"}],"version-history":[{"count":12,"href":"https:\/\/humanitas.edu.pl\/uk\/wp-json\/wp\/v2\/pages\/17607\/revisions"}],"predecessor-version":[{"id":22094,"href":"https:\/\/humanitas.edu.pl\/uk\/wp-json\/wp\/v2\/pages\/17607\/revisions\/22094"}],"wp:attachment":[{"href":"https:\/\/humanitas.edu.pl\/uk\/wp-json\/wp\/v2\/media?parent=17607"}],"curies":[{"name":"wp","href":"https:\/\/api.w.org\/{rel}","templated":true}]}}