{"id":16459,"date":"2026-01-16T15:01:59","date_gmt":"2026-01-16T13:01:59","guid":{"rendered":"https:\/\/humanitas.edu.pl\/?page_id=16459"},"modified":"2026-01-26T09:35:58","modified_gmt":"2026-01-26T07:35:58","slug":"dietetyka","status":"publish","type":"page","link":"https:\/\/humanitas.edu.pl\/uk\/biblioteka\/czasopisma-elektroniczne\/dietetyka\/","title":{"rendered":"Dietetyka"},"content":{"rendered":"<section class=\"block-hero\">\n            <figure class=\"block-hero__background-image\">\n            <img loading=\"lazy\" decoding=\"async\" width=\"1094\" height=\"600\" src=\"https:\/\/humanitas.edu.pl\/wp-content\/uploads\/2024\/02\/1e17d56668bb99ff9d3fb0fa41e906dd-1-1094x600.png\" class=\"attachment-hero size-hero\" alt=\"\" aria-hidden=\"true\" \/>        <\/figure>\n        <div class=\"container\">\n        <div class=\"block-hero__wrapper\">\n            \n<section class=\"breadcrumbs breadcrumbs--secondary\">\n    <div class=\"breadcrumbs__wrapper\">\n        <a href=\"https:\/\/humanitas.edu.pl\/uk\/\" class=\"breadcrumbs__link\">\n            \u0413\u043e\u043b\u043e\u0432\u043d\u0430 \u0441\u0442\u043e\u0440\u0456\u043d\u043a\u0430        <\/a>\n        <svg aria-hidden=\"true\" focusable=\"false\" width=\"7\" height=\"7\" viewBox=\"0 0 5.6 9\" xmlns=\"http:\/\/www.w3.org\/2000\/svg\"><path d=\"M1.1 0L0 1.1l3.4 3.4L0 7.9 1.1 9l4.5-4.5z\"\/><\/svg>\n            <\/div>\n<\/section>            <h1 class=\"block-hero__title fade-in  \">Dietetyka<\/h1>\n                    <\/div>\n    <\/div>\n            \n<div class=\"triangle triangle--bottom-right default\">\n    <svg aria-hidden=\"true\" focusable=\"false\" width=\"1440\" height=\"98\" viewBox=\"0 0 1440 98\" fill=\"none\" xmlns=\"http:\/\/www.w3.org\/2000\/svg\">\n<path d=\"M1440 0L0 98H1440V0Z\" fill=\"white\"\/>\n<\/svg>\n<\/div>\n    <\/section>\n\n\n    <section\n        class=\"block-content-with-gallery block-content-with-gallery--white block-content-with-gallery--left\"\n        id=\"block_a6d0f0a9e782fae7d08d77c8726615d5\">\n                <div class=\"container\">\n            <div class=\"block-content-with-gallery__wrapper\">\n                <div class=\"block-content-with-gallery__gallery js-delay fade-in\">\n                                                                        <figure class=\"block-content-with-gallery__item js-delay-item\">\n                                <img loading=\"lazy\" decoding=\"async\" width=\"2048\" height=\"1365\" src=\"https:\/\/humanitas.edu.pl\/wp-content\/uploads\/2025\/05\/DSC08368.jpg\" class=\"attachment-full-size size-full-size\" alt=\"\" aria-hidden=\"true\" srcset=\"https:\/\/humanitas.edu.pl\/wp-content\/uploads\/2025\/05\/DSC08368.jpg 2048w, https:\/\/humanitas.edu.pl\/wp-content\/uploads\/2025\/05\/DSC08368-300x200.jpg 300w, https:\/\/humanitas.edu.pl\/wp-content\/uploads\/2025\/05\/DSC08368-1024x683.jpg 1024w, https:\/\/humanitas.edu.pl\/wp-content\/uploads\/2025\/05\/DSC08368-768x512.jpg 768w, https:\/\/humanitas.edu.pl\/wp-content\/uploads\/2025\/05\/DSC08368-1536x1024.jpg 1536w\" sizes=\"(max-width: 2048px) 100vw, 2048px\" \/>                            <\/figure>\n                                                            <\/div>\n                <div id=\"block-69d06f672d4b90.01262722\" class=\"block-content-with-gallery__content\">\n                    <h2\n                        class=\"block-content-with-gallery__title heading-underline heading-dot fade-in \">\n                        Dietetyka<\/h3>\n                        <div class=\"block-content-with-gallery__text fade-in\">\n\n                                                            <div class=\"block-content-with-gallery__text-truncated\">\n                                    <ol>\n<li><strong>3 Biotech<\/strong>, dost\u0119p: <a href=\"https:\/\/link.springer.com\/journal\/13205\/volumes-and-issues\">https:\/\/link.springer.com\/journal\/13205\/volumes-and-issues<\/a><\/li>\n<li><strong>Acta Salutem Scientiae. Wok\u00f3\u0142 Nauk o Zdrowiu<\/strong>, dost\u0119p: <a href=\"https:\/\/www.sofra.com.pl\/numery-archiwalne\">https:\/\/www.sofra.com.pl\/numery-archiwalne<\/a><\/li>\n<li><strong>Acta Scientiarum Polonorum \u2013 Technologia Alimentaria<\/strong>, dost\u0119p: <a href=\"https:\/\/www.food.actapol.net\/\">https:\/\/www.food.actapol.net\/<\/a><\/li>\n<\/ol>\n                                <\/div>\n\n                                <div class=\"block-content-with-gallery__text-full\" style=\"display: none;\">\n                                    <ol>\n<li><strong>3 Biotech<\/strong>, dost\u0119p: <a href=\"https:\/\/link.springer.com\/journal\/13205\/volumes-and-issues\">https:\/\/link.springer.com\/journal\/13205\/volumes-and-issues<\/a><\/li>\n<li><strong>Acta Salutem Scientiae<\/strong>. Wok\u00f3\u0142 Nauk o Zdrowiu, dost\u0119p: <a href=\"https:\/\/www.sofra.com.pl\/numery-archiwalne\">https:\/\/www.sofra.com.pl\/numery-archiwalne<\/a><\/li>\n<li><strong>Acta Scientiarum Polonorum \u2013 Technologia Alimentaria<\/strong>, dost\u0119p: <a href=\"https:\/\/www.food.actapol.net\/\">https:\/\/www.food.actapol.net\/<\/a><\/li>\n<li><strong>Advancements of Microbiology<\/strong>, dost\u0119p: <a href=\"http:\/\/am-online.org\/archival-issues\/\">http:\/\/am-online.org\/archival-issues\/<\/a><\/li>\n<li><strong>Annual Review of Nutritio,\u00a0<\/strong>dost\u0119p: <a href=\"https:\/\/www.annualreviews.org\/content\/journals\/nutr\">https:\/\/www.annualreviews.org\/content\/journals\/nutr<\/a><\/li>\n<li><strong>Bromatologia i Chemia Toksykologiczna<\/strong>, dost\u0119p: <a href=\"https:\/\/www.ptfarm.pl\/wydawnictwa\/czasopisma\/bromatologia-i-chemia-toksykologiczna\/117\">https:\/\/www.ptfarm.pl\/wydawnictwa\/czasopisma\/bromatologia-i-chemia-toksykologiczna\/117<\/a><\/li>\n<li><strong>Cancer &amp; Metabolism<\/strong>, dost\u0119p: <a href=\"https:\/\/cancerandmetabolism.biomedcentral.com\/articles\">https:\/\/cancerandmetabolism.biomedcentral.com\/articles<\/a><\/li>\n<li><strong>Clinical Diabetes and Endocrinology<\/strong>, dost\u0119p: <a href=\"https:\/\/clindiabetesendo.biomedcentral.com\/\">https:\/\/clindiabetesendo.biomedcentral.com\/<\/a><\/li>\n<li><strong>Foods<\/strong>, dost\u0119p: <a href=\"https:\/\/www.mdpi.com\/journal\/foods\">https:\/\/www.mdpi.com\/journal\/foods<\/a><\/li>\n<li><strong>Health Problems of Civilization<\/strong>, dost\u0119p: <a href=\"https:\/\/www.termedia.pl\/Czasopismo\/Health_Problems_of_Civilization-99\/Archiwum\">https:\/\/www.termedia.pl\/Czasopismo\/Health_Problems_of_Civilization-99\/Archiwum<\/a><\/li>\n<li><strong>International Journal of Behavioral Nutrition and Physical Activity<\/strong>, dost\u0119p: <a href=\"https:\/\/ijbnpa.biomedcentral.com\/articles\">https:\/\/ijbnpa.biomedcentral.com\/articles<\/a><\/li>\n<li><strong>International Journal of Sport Nutrition and Exercise Metabolism<\/strong>, dost\u0119p: <a href=\"https:\/\/journals.humankinetics.com\/view\/journals\/ijsnem\/ijsnem-overview.xml?tab_body=all-content\">https:\/\/journals.humankinetics.com\/view\/journals\/ijsnem\/ijsnem-overview.xml?tab_body=all-content<\/a><\/li>\n<li><strong>Journal of Eating Disorders<\/strong>, dost\u0119p: <a href=\"https:\/\/jeatdisord.biomedcentral.com\/articles\">https:\/\/jeatdisord.biomedcentral.com\/articles<\/a><\/li>\n<li><strong>Journal of Health, Population and Nutrition<\/strong>, dost\u0119p: <a href=\"https:\/\/jhpn.biomedcentral.com\/articles\">https:\/\/jhpn.biomedcentral.com\/articles<\/a><\/li>\n<li><strong>Journal of Human Nutrition and Dietetic<\/strong>, dost\u0119p: <a href=\"https:\/\/onlinelibrary.wiley.com\/journal\/1365277x\">https:\/\/onlinelibrary.wiley.com\/journal\/1365277x<\/a><\/li>\n<li><strong>Journal of Physical Activity and Health<\/strong>, dost\u0119p: <a href=\"https:\/\/journals.humankinetics.com\/view\/journals\/jpah\/jpah-overview.xml?tab_body=all-content\">https:\/\/journals.humankinetics.com\/view\/journals\/jpah\/jpah-overview.xml?tab_body=all-content<\/a><\/li>\n<li><strong>Nauki Przyrodnicze i Medyczne<\/strong>, dost\u0119p: <a href=\"https:\/\/www.naukowcy.org.pl\/dzialalnosc-wydawnicza\/nauki-przyrodnicze-i-medyczne\/\">https:\/\/www.naukowcy.org.pl\/dzialalnosc-wydawnicza\/nauki-przyrodnicze-i-medyczne\/<\/a><\/li>\n<li><strong>Nutrition Journal<\/strong>, dost\u0119p: <a href=\"https:\/\/jn.nutrition.org\/\">https:\/\/jn.nutrition.org\/<\/a><\/li>\n<li><strong>Nutrients<\/strong>, dost\u0119p: <a href=\"https:\/\/www.mdpi.com\/journal\/nutrients\">https:\/\/www.mdpi.com\/journal\/nutrients<\/a><\/li>\n<li><strong>Nutrition &amp; Dietetic<\/strong><strong>s,\u00a0<\/strong>dost\u0119p: <a href=\"https:\/\/onlinelibrary.wiley.com\/journal\/17470080\">https:\/\/onlinelibrary.wiley.com\/journal\/17470080<\/a><\/li>\n<li><strong>Nutrition &amp; Metabolism<\/strong>, dost\u0119p: <a href=\"https:\/\/nutritionandmetabolism.biomedcentral.com\/articles\">https:\/\/nutritionandmetabolism.biomedcentral.com\/articles<\/a><\/li>\n<li><strong>Polish Journal of Food and Nutrition Sciences<\/strong>, dost\u0119p: <a href=\"http:\/\/journal.pan.olsztyn.pl\/\">http:\/\/journal.pan.olsztyn.pl\/<\/a><\/li>\n<li><strong>Polski Przegl\u0105d Nauk o Zdrowiu<\/strong>, dost\u0119p: <a href=\"http:\/\/www.przeglad.ump.edu.pl\/issue.php\">http:\/\/www.przeglad.ump.edu.pl\/issue.php<\/a><\/li>\n<li><strong>Post\u0119py Higieny i Medycyny Do\u015bwiadczalnej<\/strong>, dost\u0119p: <a href=\"https:\/\/sciendo.com\/pl\/journal\/AHEM?top-tab=volumes-issues\">https:\/\/sciendo.com\/pl\/journal\/AHEM?top-tab=volumes-issues<\/a><\/li>\n<li><strong>Post\u0119py \u017bywienia Klinicznego<\/strong>, dost\u0119p: <a href=\"https:\/\/journals.viamedica.pl\/postepy_zywienia_klinicznego\/issue\/archive\">https:\/\/journals.viamedica.pl\/postepy_zywienia_klinicznego\/issue\/archive<\/a><\/li>\n<li><strong>Sports Medicine<\/strong>, dost\u0119p: <a href=\"https:\/\/www.springer.com\/journal\/40279\">https:\/\/www.springer.com\/journal\/40279<\/a><\/li>\n<li><strong>The American Journal of Clinical Nutrition<\/strong>, dost\u0119p: <a href=\"https:\/\/ajcn.nutrition.org\/\">https:\/\/ajcn.nutrition.org\/<\/a><\/li>\n<li><strong>\u017bywno\u015b\u0107. Nauka. Technologia. Jako\u015b\u0107<\/strong>, dost\u0119p: <a href=\"https:\/\/wydawnictwo.pttz.org\/magazine-archive\/\">https:\/\/wydawnictwo.pttz.org\/magazine-archive<\/a><\/li>\n<\/ol>\n                                <\/div>\n\n                                <button class=\"block-content-with-gallery__read-more\"\n                                    data-read-more=\"Czytaj wi\u0119cej\"\n                                    data-read-less=\"Poka\u017c mniej\">\n                                    Czytaj wi\u0119cej                                <\/button>\n                            \n                        <\/div>\n                                        <\/div>\n            <\/div>\n        <\/div>\n            <\/section>\n\n    <script>\n        document.addEventListener('DOMContentLoaded', function() {\n            var containerId = \"block-69d06f672d4b90.01262722\";\n            var container = document.getElementById(containerId);\n\n            if (container) {\n                const button = container.querySelector('.block-content-with-gallery__read-more');\n                const truncated = container.querySelector('.block-content-with-gallery__text-truncated');\n                const full = container.querySelector('.block-content-with-gallery__text-full');\n\n                button.addEventListener('click', function() {\n                    if (truncated.style.display !== 'none') {\n                        truncated.style.display = 'none';\n                        full.style.display = 'block';\n                        button.textContent = button.getAttribute('data-read-less');\n                    } else {\n                        truncated.style.display = 'block';\n                        full.style.display = 'none';\n                        button.textContent = button.getAttribute('data-read-more');\n                    }\n                });\n            }\n        });\n    <\/script>\n","protected":false},"excerpt":{"rendered":"","protected":false},"author":6,"featured_media":0,"parent":16441,"menu_order":0,"comment_status":"closed","ping_status":"closed","template":"","meta":{"_acf_changed":false,"inline_featured_image":false,"footnotes":""},"class_list":["post-16459","page","type-page","status-publish","hentry"],"acf":[],"yoast_head":"<!-- This site is optimized with the Yoast SEO Premium plugin v27.3 (Yoast SEO v27.3) - https:\/\/yoast.com\/product\/yoast-seo-premium-wordpress\/ -->\n<title>Dietetyka - Akademia Humanitas<\/title>\n<meta name=\"robots\" content=\"index, follow, max-snippet:-1, max-image-preview:large, max-video-preview:-1\" \/>\n<link rel=\"canonical\" href=\"https:\/\/humanitas.edu.pl\/uk\/biblioteka\/czasopisma-elektroniczne\/dietetyka\/\" \/>\n<meta property=\"og:locale\" content=\"en_US\" \/>\n<meta property=\"og:type\" content=\"article\" \/>\n<meta property=\"og:title\" content=\"Dietetyka\" \/>\n<meta property=\"og:url\" content=\"https:\/\/humanitas.edu.pl\/uk\/biblioteka\/czasopisma-elektroniczne\/dietetyka\/\" \/>\n<meta property=\"og:site_name\" content=\"Akademia Humanitas\" \/>\n<meta property=\"article:modified_time\" content=\"2026-01-26T07:35:58+00:00\" \/>\n<meta name=\"twitter:card\" content=\"summary_large_image\" \/>\n<meta name=\"twitter:label1\" content=\"Est. reading time\" \/>\n\t<meta name=\"twitter:data1\" content=\"2 minutes\" \/>\n<script type=\"application\/ld+json\" class=\"yoast-schema-graph\">{\"@context\":\"https:\\\/\\\/schema.org\",\"@graph\":[{\"@type\":\"WebPage\",\"@id\":\"https:\\\/\\\/humanitas.edu.pl\\\/uk\\\/biblioteka\\\/czasopisma-elektroniczne\\\/dietetyka\\\/\",\"url\":\"https:\\\/\\\/humanitas.edu.pl\\\/uk\\\/biblioteka\\\/czasopisma-elektroniczne\\\/dietetyka\\\/\",\"name\":\"Dietetyka - Akademia Humanitas\",\"isPartOf\":{\"@id\":\"https:\\\/\\\/humanitas.edu.pl\\\/uk\\\/#website\"},\"datePublished\":\"2026-01-16T13:01:59+00:00\",\"dateModified\":\"2026-01-26T07:35:58+00:00\",\"breadcrumb\":{\"@id\":\"https:\\\/\\\/humanitas.edu.pl\\\/uk\\\/biblioteka\\\/czasopisma-elektroniczne\\\/dietetyka\\\/#breadcrumb\"},\"inLanguage\":\"ua\",\"potentialAction\":[{\"@type\":\"ReadAction\",\"target\":[\"https:\\\/\\\/humanitas.edu.pl\\\/uk\\\/biblioteka\\\/czasopisma-elektroniczne\\\/dietetyka\\\/\"]}]},{\"@type\":\"BreadcrumbList\",\"@id\":\"https:\\\/\\\/humanitas.edu.pl\\\/uk\\\/biblioteka\\\/czasopisma-elektroniczne\\\/dietetyka\\\/#breadcrumb\",\"itemListElement\":[{\"@type\":\"ListItem\",\"position\":1,\"name\":\"Home\",\"item\":\"https:\\\/\\\/humanitas.edu.pl\\\/uk\\\/strona-glowna\\\/\"},{\"@type\":\"ListItem\",\"position\":2,\"name\":\"Biblioteka\",\"item\":\"https:\\\/\\\/humanitas.edu.pl\\\/uk\\\/biblioteka\\\/\"},{\"@type\":\"ListItem\",\"position\":3,\"name\":\"Czasopisma elektroniczne\",\"item\":\"https:\\\/\\\/humanitas.edu.pl\\\/uk\\\/biblioteka\\\/czasopisma-elektroniczne\\\/\"},{\"@type\":\"ListItem\",\"position\":4,\"name\":\"Dietetyka\"}]},{\"@type\":\"WebSite\",\"@id\":\"https:\\\/\\\/humanitas.edu.pl\\\/uk\\\/#website\",\"url\":\"https:\\\/\\\/humanitas.edu.pl\\\/uk\\\/\",\"name\":\"Akademia Humanitas\",\"description\":\"\",\"potentialAction\":[{\"@type\":\"SearchAction\",\"target\":{\"@type\":\"EntryPoint\",\"urlTemplate\":\"https:\\\/\\\/humanitas.edu.pl\\\/uk\\\/?s={search_term_string}\"},\"query-input\":{\"@type\":\"PropertyValueSpecification\",\"valueRequired\":true,\"valueName\":\"search_term_string\"}}],\"inLanguage\":\"ua\"}]}<\/script>\n<!-- \/ Yoast SEO Premium plugin. -->","yoast_head_json":{"title":"Dietetyka - Akademia Humanitas","robots":{"index":"index","follow":"follow","max-snippet":"max-snippet:-1","max-image-preview":"max-image-preview:large","max-video-preview":"max-video-preview:-1"},"canonical":"https:\/\/humanitas.edu.pl\/uk\/biblioteka\/czasopisma-elektroniczne\/dietetyka\/","og_locale":"en_US","og_type":"article","og_title":"Dietetyka","og_url":"https:\/\/humanitas.edu.pl\/uk\/biblioteka\/czasopisma-elektroniczne\/dietetyka\/","og_site_name":"Akademia Humanitas","article_modified_time":"2026-01-26T07:35:58+00:00","twitter_card":"summary_large_image","twitter_misc":{"Est. reading time":"2 minutes"},"schema":{"@context":"https:\/\/schema.org","@graph":[{"@type":"WebPage","@id":"https:\/\/humanitas.edu.pl\/uk\/biblioteka\/czasopisma-elektroniczne\/dietetyka\/","url":"https:\/\/humanitas.edu.pl\/uk\/biblioteka\/czasopisma-elektroniczne\/dietetyka\/","name":"Dietetyka - Akademia Humanitas","isPartOf":{"@id":"https:\/\/humanitas.edu.pl\/uk\/#website"},"datePublished":"2026-01-16T13:01:59+00:00","dateModified":"2026-01-26T07:35:58+00:00","breadcrumb":{"@id":"https:\/\/humanitas.edu.pl\/uk\/biblioteka\/czasopisma-elektroniczne\/dietetyka\/#breadcrumb"},"inLanguage":"ua","potentialAction":[{"@type":"ReadAction","target":["https:\/\/humanitas.edu.pl\/uk\/biblioteka\/czasopisma-elektroniczne\/dietetyka\/"]}]},{"@type":"BreadcrumbList","@id":"https:\/\/humanitas.edu.pl\/uk\/biblioteka\/czasopisma-elektroniczne\/dietetyka\/#breadcrumb","itemListElement":[{"@type":"ListItem","position":1,"name":"Home","item":"https:\/\/humanitas.edu.pl\/uk\/strona-glowna\/"},{"@type":"ListItem","position":2,"name":"Biblioteka","item":"https:\/\/humanitas.edu.pl\/uk\/biblioteka\/"},{"@type":"ListItem","position":3,"name":"Czasopisma elektroniczne","item":"https:\/\/humanitas.edu.pl\/uk\/biblioteka\/czasopisma-elektroniczne\/"},{"@type":"ListItem","position":4,"name":"Dietetyka"}]},{"@type":"WebSite","@id":"https:\/\/humanitas.edu.pl\/uk\/#website","url":"https:\/\/humanitas.edu.pl\/uk\/","name":"Akademia Humanitas","description":"","potentialAction":[{"@type":"SearchAction","target":{"@type":"EntryPoint","urlTemplate":"https:\/\/humanitas.edu.pl\/uk\/?s={search_term_string}"},"query-input":{"@type":"PropertyValueSpecification","valueRequired":true,"valueName":"search_term_string"}}],"inLanguage":"ua"}]}},"_links":{"self":[{"href":"https:\/\/humanitas.edu.pl\/uk\/wp-json\/wp\/v2\/pages\/16459","targetHints":{"allow":["GET"]}}],"collection":[{"href":"https:\/\/humanitas.edu.pl\/uk\/wp-json\/wp\/v2\/pages"}],"about":[{"href":"https:\/\/humanitas.edu.pl\/uk\/wp-json\/wp\/v2\/types\/page"}],"author":[{"embeddable":true,"href":"https:\/\/humanitas.edu.pl\/uk\/wp-json\/wp\/v2\/users\/6"}],"replies":[{"embeddable":true,"href":"https:\/\/humanitas.edu.pl\/uk\/wp-json\/wp\/v2\/comments?post=16459"}],"version-history":[{"count":9,"href":"https:\/\/humanitas.edu.pl\/uk\/wp-json\/wp\/v2\/pages\/16459\/revisions"}],"predecessor-version":[{"id":18746,"href":"https:\/\/humanitas.edu.pl\/uk\/wp-json\/wp\/v2\/pages\/16459\/revisions\/18746"}],"up":[{"embeddable":true,"href":"https:\/\/humanitas.edu.pl\/uk\/wp-json\/wp\/v2\/pages\/16441"}],"wp:attachment":[{"href":"https:\/\/humanitas.edu.pl\/uk\/wp-json\/wp\/v2\/media?parent=16459"}],"curies":[{"name":"wp","href":"https:\/\/api.w.org\/{rel}","templated":true}]}}