{"id":16451,"date":"2026-01-30T14:10:28","date_gmt":"2026-01-30T12:10:28","guid":{"rendered":"https:\/\/humanitas.edu.pl\/?page_id=16451"},"modified":"2026-01-30T14:10:31","modified_gmt":"2026-01-30T12:10:31","slug":"nauki-o-bezpieczenstwie","status":"publish","type":"page","link":"https:\/\/humanitas.edu.pl\/uk\/biblioteka\/czasopisma-elektroniczne\/nauki-o-bezpieczenstwie\/","title":{"rendered":"Nauki o bezpiecze\u0144stwie"},"content":{"rendered":"<section class=\"block-hero\">\n            <figure class=\"block-hero__background-image\">\n            <img loading=\"lazy\" decoding=\"async\" width=\"1094\" height=\"600\" src=\"https:\/\/humanitas.edu.pl\/wp-content\/uploads\/2024\/02\/1e17d56668bb99ff9d3fb0fa41e906dd-1-1094x600.png\" class=\"attachment-hero size-hero\" alt=\"\" aria-hidden=\"true\" \/>        <\/figure>\n        <div class=\"container\">\n        <div class=\"block-hero__wrapper\">\n            \n<section class=\"breadcrumbs breadcrumbs--secondary\">\n    <div class=\"breadcrumbs__wrapper\">\n        <a href=\"https:\/\/humanitas.edu.pl\/uk\/\" class=\"breadcrumbs__link\">\n            \u0413\u043e\u043b\u043e\u0432\u043d\u0430 \u0441\u0442\u043e\u0440\u0456\u043d\u043a\u0430        <\/a>\n        <svg aria-hidden=\"true\" focusable=\"false\" width=\"7\" height=\"7\" viewBox=\"0 0 5.6 9\" xmlns=\"http:\/\/www.w3.org\/2000\/svg\"><path d=\"M1.1 0L0 1.1l3.4 3.4L0 7.9 1.1 9l4.5-4.5z\"\/><\/svg>\n            <\/div>\n<\/section>            <h1 class=\"block-hero__title fade-in  \">Nauki o bezpiecze\u0144stwie<\/h1>\n                    <\/div>\n    <\/div>\n            \n<div class=\"triangle triangle--bottom-right default\">\n    <svg aria-hidden=\"true\" focusable=\"false\" width=\"1440\" height=\"98\" viewBox=\"0 0 1440 98\" fill=\"none\" xmlns=\"http:\/\/www.w3.org\/2000\/svg\">\n<path d=\"M1440 0L0 98H1440V0Z\" fill=\"white\"\/>\n<\/svg>\n<\/div>\n    <\/section>\n\n\n    <section\n        class=\"block-content-with-gallery block-content-with-gallery--white block-content-with-gallery--left\"\n        id=\"block_e459daa40b514876d5cee44739e67199\">\n                <div class=\"container\">\n            <div class=\"block-content-with-gallery__wrapper\">\n                <div class=\"block-content-with-gallery__gallery js-delay fade-in\">\n                                                                        <figure class=\"block-content-with-gallery__item js-delay-item\">\n                                <img loading=\"lazy\" decoding=\"async\" width=\"2048\" height=\"1365\" src=\"https:\/\/humanitas.edu.pl\/wp-content\/uploads\/2025\/05\/DSC08368.jpg\" class=\"attachment-full-size size-full-size\" alt=\"\" aria-hidden=\"true\" srcset=\"https:\/\/humanitas.edu.pl\/wp-content\/uploads\/2025\/05\/DSC08368.jpg 2048w, https:\/\/humanitas.edu.pl\/wp-content\/uploads\/2025\/05\/DSC08368-300x200.jpg 300w, https:\/\/humanitas.edu.pl\/wp-content\/uploads\/2025\/05\/DSC08368-1024x683.jpg 1024w, https:\/\/humanitas.edu.pl\/wp-content\/uploads\/2025\/05\/DSC08368-768x512.jpg 768w, https:\/\/humanitas.edu.pl\/wp-content\/uploads\/2025\/05\/DSC08368-1536x1024.jpg 1536w\" sizes=\"(max-width: 2048px) 100vw, 2048px\" \/>                            <\/figure>\n                                                            <\/div>\n                <div id=\"block-69e2e2f2566e85.29352022\" class=\"block-content-with-gallery__content\">\n                    <h2\n                        class=\"block-content-with-gallery__title heading-underline heading-dot fade-in \">\n                        Nauki o bezpiecze\u0144stwie<\/h3>\n                        <div class=\"block-content-with-gallery__text fade-in\">\n\n                                                            <div class=\"block-content-with-gallery__text-truncated\">\n                                    <ol>\n<li><strong>Ante Portas. Studia nad Bezpiecze\u0144stwem<\/strong>, dost\u0119p:\u00a0<a href=\"https:\/\/anteportas.pl\/about-ante-portas\/\">https:\/\/anteportas.pl\/about-ante-portas\/<\/a><\/li>\n<li><strong>Archiwum Kryminologii<\/strong>, dost\u0119p:\u00a0<a href=\"http:\/\/ak.inp.pan.pl\/index.php\/ak\/issue\/archive\">http:\/\/ak.inp.pan.pl\/index.php\/ak\/issue\/archive<\/a><\/li>\n<li><strong>Bezpiecze\u0144stwo. Teoria i praktyka,\u00a0<\/strong>dost\u0119p:\u00a0<a href=\"http:\/\/btip.ka.edu.pl\/\">http:\/\/btip.ka.edu.pl<\/a><\/li>\n<\/ol>\n                                <\/div>\n\n                                <div class=\"block-content-with-gallery__text-full\" style=\"display: none;\">\n                                    <ol>\n<li><strong>Ante Portas. Studia nad Bezpiecze\u0144stwem<\/strong>, dost\u0119p:\u00a0<a href=\"https:\/\/anteportas.pl\/about-ante-portas\/\">https:\/\/anteportas.pl\/about-ante-portas\/<\/a><\/li>\n<li><strong>Archiwum Kryminologii<\/strong>, dost\u0119p:\u00a0<a href=\"http:\/\/ak.inp.pan.pl\/index.php\/ak\/issue\/archive\">http:\/\/ak.inp.pan.pl\/index.php\/ak\/issue\/archive<\/a><\/li>\n<li><strong>Bezpiecze\u0144stwo. Teoria i praktyka,\u00a0<\/strong>dost\u0119p:\u00a0<a href=\"http:\/\/btip.ka.edu.pl\/\">http:\/\/btip.ka.edu.pl<\/a><\/li>\n<li><strong>Dziennik Urz\u0119dowy Ministra Obrony Narodowej<\/strong>, dost\u0119p:\u00a0<a href=\"https:\/\/www.infor.pl\/dzienniki-urzedowe\/ministra-obrony-narodowej\/\">https:\/\/www.infor.pl\/dzienniki-urzedowe\/ministra-obrony-narodowej\/<\/a><\/li>\n<li><strong>ERYDA. Kultura, Polityka, Bezpiecze\u0144stwo<\/strong>, dost\u0119p:\u00a0<a href=\"https:\/\/eryda.eu\/czasopismo\/\">https:\/\/eryda.eu\/czasopismo\/<\/a><\/li>\n<li><strong>Kultura Bezpiecze\u0144stwa<\/strong>, dost\u0119p:\u00a0<a href=\"https:\/\/kulturabezpieczenstwa.publisherspanel.com\/resources\/html\/cms\/MAINPAG\">https:\/\/kulturabezpieczenstwa.publisherspanel.com\/resources\/html\/cms\/MAINPAGE<\/a><\/li>\n<li><strong>Kwartalnik Policyjny<\/strong>, dost\u0119p:\u00a0<a href=\"https:\/\/kwartalnik.csp.edu.pl\/kp\/archiwum-1\">https:\/\/kwartalnik.csp.edu.pl\/kp\/archiwum-1<\/a><\/li>\n<li><strong>Kwartalnik Prawno-Kryminalistyczny<\/strong>, dost\u0119p:\u00a0<a href=\"http:\/\/pila.szkolapolicji.gov.pl\/spp\/dzialalnosc\/kwartalnik\/1044,Kwartalnik-Prawno-Kryminalistyczny.html\">http:\/\/pila.szkolapolicji.gov.pl\/spp\/dzialalnosc\/kwartalnik\/1044,Kwartalnik-Prawno-Kryminalistyczny.html<\/a><\/li>\n<li><strong>Mi\u0119dzynarodowe Prawo Humanitarne<\/strong>, dost\u0119p:\u00a0<a href=\"https:\/\/www.amw.gdynia.pl\/index.php\/pl\/nauka\/czasopisma-naukowe?view=article&amp;id=5135:miedzynarodowe-prawo-humanitarne&amp;catid=322:miedzynarodowe-prawo-humanitarne\">https:\/\/www.amw.gdynia.pl\/index.php\/pl\/nauka\/czasopisma-naukowe?view=article&amp;id=5135:miedzynarodowe-prawo-humanitarne&amp;catid=322:miedzynarodowe-prawo-humanitarne<\/a><\/li>\n<li><strong>Probacja<\/strong>, dost\u0119p:\u00a0<a href=\"https:\/\/probacja.com\/\">https:\/\/probacja.com\/<\/a><\/li>\n<li><strong>Problemy Kryminalistyki<\/strong>, dost\u0119p:\u00a0<a href=\"https:\/\/bibliotekanauki.pl\/journals\/634\/issues\">https:\/\/bibliotekanauki.pl\/journals\/634\/issues<\/a><\/li>\n<li><strong>Poblemy Techniki Uzbrojenia,\u00a0<\/strong>dost\u0119p:\u00a0<a href=\"https:\/\/ptu-biuletyn.pl\/resources\/html\/cms\/MAINPAGE\">https:\/\/ptu-biuletyn.pl\/resources\/html\/cms\/MAINPAGE<\/a><\/li>\n<li><strong>Problemy Wsp\u00f3\u0142czesnej Kryminalistyki<\/strong>, dost\u0119p:\u00a0<a href=\"https:\/\/kryminalistyka.pl\/pwk\/\">https:\/\/kryminalistyka.pl\/pwk\/<\/a><\/li>\n<li><strong>Przegl\u0105d Bezpiecze\u0144stwa Wewn\u0119trznego<\/strong>, dost\u0119p:\u00a0<a href=\"https:\/\/ejournals.eu\/czasopismo\/przeglad-bezpieczenstwa-wewnetrznego\">https:\/\/ejournals.eu\/czasopismo\/przeglad-bezpieczenstwa-wewnetrznego<\/a><\/li>\n<li><strong>Przegl\u0105d Policyjny<\/strong>, dost\u0119p:\u00a0<a href=\"https:\/\/thepolicereview.akademiapolicji.eu\/resources\/html\/archives\">https:\/\/thepolicereview.akademiapolicji.eu\/resources\/html\/archives<\/a><\/li>\n<li><strong>Rocznik Bezpiecze\u0144stwa Morskiego<\/strong>, dost\u0119p:\u00a0<a href=\"https:\/\/maritimesecurity.com.pl\/resources\/html\/archives\">https:\/\/maritimesecurity.com.pl\/resources\/html\/archives<\/a><\/li>\n<li><strong>Studia Administracji i Bezpiecze\u0144stwa<\/strong>, dost\u0119p:\u00a0<a href=\"https:\/\/studia.administracji.i.bezpieczenstwa.ajp.edu.pl\/resources\/html\/cms\/MAINPAGE\">https:\/\/studia.administracji.i.bezpieczenstwa.ajp.edu.pl\/resources\/html\/cms\/MAINPAGE<\/a><\/li>\n<li><strong>Studia nad autorytaryzmem i totalitaryzmem<\/strong>, dost\u0119p:\u00a0<a href=\"https:\/\/wuwr.pl\/sfzh\/index\">https:\/\/wuwr.pl\/sfzh\/index<\/a><\/li>\n<li><strong>Studia Politologiczne<\/strong>, dost\u0119p:\u00a0<a href=\"http:\/\/www.studiapolitologiczne.pl\/\">http:\/\/www.studiapolitologiczne.pl\/<\/a><\/li>\n<li><strong>\u015arodkowoeuropejskie Studia Polityczne<\/strong>, dost\u0119p:\u00a0<a href=\"http:\/\/ssp.amu.edu.pl\/archive\/\">http:\/\/ssp.amu.edu.pl\/archive\/<\/a><\/li>\n<li><strong>Terroryzm : Studia, Analizy, Prewencja,\u00a0<\/strong>dost\u0119p:\u00a0<a href=\"https:\/\/abw.gov.pl\/wyd\/terroryzm-studia-analizy-prewe\/1974,Wstep.html\">https:\/\/abw.gov.pl\/wyd\/terroryzm-studia-analizy-prewe\/1974,Wstep.html<\/a><\/li>\n<li><strong>Wojskowy Przegl\u0105d Prawniczy<\/strong>, dost\u0119p:\u00a0<a href=\"https:\/\/www.gov.pl\/web\/prokuratura-krajowa\/wpp-opublikowane-numery\">https:\/\/www.gov.pl\/web\/prokuratura-krajowa\/wpp-opublikowane-numery<\/a><\/li>\n<li><strong>Wroc\u0142awskie Studia Politologiczne<\/strong>, dost\u0119p:\u00a0<a href=\"https:\/\/wuwr.pl\/wrsp\/issue\/archive\">https:\/\/wuwr.pl\/wrsp\/issue\/archive<\/a><\/li>\n<\/ol>\n<p>&nbsp;<\/p>\n                                <\/div>\n\n                                <button class=\"block-content-with-gallery__read-more\"\n                                    data-read-more=\"Czytaj wi\u0119cej\"\n                                    data-read-less=\"Poka\u017c mniej\">\n                                    Czytaj wi\u0119cej                                <\/button>\n                            \n                        <\/div>\n                                        <\/div>\n            <\/div>\n        <\/div>\n            <\/section>\n\n    <script>\n        document.addEventListener('DOMContentLoaded', function() {\n            var containerId = \"block-69e2e2f2566e85.29352022\";\n            var container = document.getElementById(containerId);\n\n            if (container) {\n                const button = container.querySelector('.block-content-with-gallery__read-more');\n                const truncated = container.querySelector('.block-content-with-gallery__text-truncated');\n                const full = container.querySelector('.block-content-with-gallery__text-full');\n\n                button.addEventListener('click', function() {\n                    if (truncated.style.display !== 'none') {\n                        truncated.style.display = 'none';\n                        full.style.display = 'block';\n                        button.textContent = button.getAttribute('data-read-less');\n                    } else {\n                        truncated.style.display = 'block';\n                        full.style.display = 'none';\n                        button.textContent = button.getAttribute('data-read-more');\n                    }\n                });\n            }\n        });\n    <\/script>\n","protected":false},"excerpt":{"rendered":"","protected":false},"author":6,"featured_media":0,"parent":16441,"menu_order":0,"comment_status":"closed","ping_status":"closed","template":"","meta":{"_acf_changed":false,"inline_featured_image":false,"footnotes":""},"class_list":["post-16451","page","type-page","status-publish","hentry"],"acf":[],"yoast_head":"<!-- This site is optimized with the Yoast SEO Premium plugin v27.3 (Yoast SEO v27.3) - https:\/\/yoast.com\/product\/yoast-seo-premium-wordpress\/ -->\n<title>Nauki o bezpiecze\u0144stwie - Akademia Humanitas<\/title>\n<meta name=\"robots\" content=\"index, follow, max-snippet:-1, max-image-preview:large, max-video-preview:-1\" \/>\n<link rel=\"canonical\" href=\"https:\/\/humanitas.edu.pl\/uk\/biblioteka\/czasopisma-elektroniczne\/nauki-o-bezpieczenstwie\/\" \/>\n<meta property=\"og:locale\" content=\"en_US\" \/>\n<meta property=\"og:type\" content=\"article\" \/>\n<meta property=\"og:title\" content=\"Nauki o bezpiecze\u0144stwie\" \/>\n<meta property=\"og:url\" content=\"https:\/\/humanitas.edu.pl\/uk\/biblioteka\/czasopisma-elektroniczne\/nauki-o-bezpieczenstwie\/\" \/>\n<meta property=\"og:site_name\" content=\"Akademia Humanitas\" \/>\n<meta property=\"article:modified_time\" content=\"2026-01-30T12:10:31+00:00\" \/>\n<meta name=\"twitter:card\" content=\"summary_large_image\" \/>\n<meta name=\"twitter:label1\" content=\"Est. reading time\" \/>\n\t<meta name=\"twitter:data1\" content=\"2 minutes\" \/>\n<script type=\"application\/ld+json\" class=\"yoast-schema-graph\">{\"@context\":\"https:\\\/\\\/schema.org\",\"@graph\":[{\"@type\":\"WebPage\",\"@id\":\"https:\\\/\\\/humanitas.edu.pl\\\/uk\\\/biblioteka\\\/czasopisma-elektroniczne\\\/nauki-o-bezpieczenstwie\\\/\",\"url\":\"https:\\\/\\\/humanitas.edu.pl\\\/uk\\\/biblioteka\\\/czasopisma-elektroniczne\\\/nauki-o-bezpieczenstwie\\\/\",\"name\":\"Nauki o bezpiecze\u0144stwie - Akademia Humanitas\",\"isPartOf\":{\"@id\":\"https:\\\/\\\/humanitas.edu.pl\\\/uk\\\/#website\"},\"datePublished\":\"2026-01-30T12:10:28+00:00\",\"dateModified\":\"2026-01-30T12:10:31+00:00\",\"breadcrumb\":{\"@id\":\"https:\\\/\\\/humanitas.edu.pl\\\/uk\\\/biblioteka\\\/czasopisma-elektroniczne\\\/nauki-o-bezpieczenstwie\\\/#breadcrumb\"},\"inLanguage\":\"ua\",\"potentialAction\":[{\"@type\":\"ReadAction\",\"target\":[\"https:\\\/\\\/humanitas.edu.pl\\\/uk\\\/biblioteka\\\/czasopisma-elektroniczne\\\/nauki-o-bezpieczenstwie\\\/\"]}]},{\"@type\":\"BreadcrumbList\",\"@id\":\"https:\\\/\\\/humanitas.edu.pl\\\/uk\\\/biblioteka\\\/czasopisma-elektroniczne\\\/nauki-o-bezpieczenstwie\\\/#breadcrumb\",\"itemListElement\":[{\"@type\":\"ListItem\",\"position\":1,\"name\":\"Home\",\"item\":\"https:\\\/\\\/humanitas.edu.pl\\\/uk\\\/strona-glowna\\\/\"},{\"@type\":\"ListItem\",\"position\":2,\"name\":\"Biblioteka\",\"item\":\"https:\\\/\\\/humanitas.edu.pl\\\/uk\\\/biblioteka\\\/\"},{\"@type\":\"ListItem\",\"position\":3,\"name\":\"Czasopisma elektroniczne\",\"item\":\"https:\\\/\\\/humanitas.edu.pl\\\/uk\\\/biblioteka\\\/czasopisma-elektroniczne\\\/\"},{\"@type\":\"ListItem\",\"position\":4,\"name\":\"Nauki o bezpiecze\u0144stwie\"}]},{\"@type\":\"WebSite\",\"@id\":\"https:\\\/\\\/humanitas.edu.pl\\\/uk\\\/#website\",\"url\":\"https:\\\/\\\/humanitas.edu.pl\\\/uk\\\/\",\"name\":\"Akademia Humanitas\",\"description\":\"\",\"potentialAction\":[{\"@type\":\"SearchAction\",\"target\":{\"@type\":\"EntryPoint\",\"urlTemplate\":\"https:\\\/\\\/humanitas.edu.pl\\\/uk\\\/?s={search_term_string}\"},\"query-input\":{\"@type\":\"PropertyValueSpecification\",\"valueRequired\":true,\"valueName\":\"search_term_string\"}}],\"inLanguage\":\"ua\"}]}<\/script>\n<!-- \/ Yoast SEO Premium plugin. -->","yoast_head_json":{"title":"Nauki o bezpiecze\u0144stwie - Akademia Humanitas","robots":{"index":"index","follow":"follow","max-snippet":"max-snippet:-1","max-image-preview":"max-image-preview:large","max-video-preview":"max-video-preview:-1"},"canonical":"https:\/\/humanitas.edu.pl\/uk\/biblioteka\/czasopisma-elektroniczne\/nauki-o-bezpieczenstwie\/","og_locale":"en_US","og_type":"article","og_title":"Nauki o bezpiecze\u0144stwie","og_url":"https:\/\/humanitas.edu.pl\/uk\/biblioteka\/czasopisma-elektroniczne\/nauki-o-bezpieczenstwie\/","og_site_name":"Akademia Humanitas","article_modified_time":"2026-01-30T12:10:31+00:00","twitter_card":"summary_large_image","twitter_misc":{"Est. reading time":"2 minutes"},"schema":{"@context":"https:\/\/schema.org","@graph":[{"@type":"WebPage","@id":"https:\/\/humanitas.edu.pl\/uk\/biblioteka\/czasopisma-elektroniczne\/nauki-o-bezpieczenstwie\/","url":"https:\/\/humanitas.edu.pl\/uk\/biblioteka\/czasopisma-elektroniczne\/nauki-o-bezpieczenstwie\/","name":"Nauki o bezpiecze\u0144stwie - Akademia Humanitas","isPartOf":{"@id":"https:\/\/humanitas.edu.pl\/uk\/#website"},"datePublished":"2026-01-30T12:10:28+00:00","dateModified":"2026-01-30T12:10:31+00:00","breadcrumb":{"@id":"https:\/\/humanitas.edu.pl\/uk\/biblioteka\/czasopisma-elektroniczne\/nauki-o-bezpieczenstwie\/#breadcrumb"},"inLanguage":"ua","potentialAction":[{"@type":"ReadAction","target":["https:\/\/humanitas.edu.pl\/uk\/biblioteka\/czasopisma-elektroniczne\/nauki-o-bezpieczenstwie\/"]}]},{"@type":"BreadcrumbList","@id":"https:\/\/humanitas.edu.pl\/uk\/biblioteka\/czasopisma-elektroniczne\/nauki-o-bezpieczenstwie\/#breadcrumb","itemListElement":[{"@type":"ListItem","position":1,"name":"Home","item":"https:\/\/humanitas.edu.pl\/uk\/strona-glowna\/"},{"@type":"ListItem","position":2,"name":"Biblioteka","item":"https:\/\/humanitas.edu.pl\/uk\/biblioteka\/"},{"@type":"ListItem","position":3,"name":"Czasopisma elektroniczne","item":"https:\/\/humanitas.edu.pl\/uk\/biblioteka\/czasopisma-elektroniczne\/"},{"@type":"ListItem","position":4,"name":"Nauki o bezpiecze\u0144stwie"}]},{"@type":"WebSite","@id":"https:\/\/humanitas.edu.pl\/uk\/#website","url":"https:\/\/humanitas.edu.pl\/uk\/","name":"Akademia Humanitas","description":"","potentialAction":[{"@type":"SearchAction","target":{"@type":"EntryPoint","urlTemplate":"https:\/\/humanitas.edu.pl\/uk\/?s={search_term_string}"},"query-input":{"@type":"PropertyValueSpecification","valueRequired":true,"valueName":"search_term_string"}}],"inLanguage":"ua"}]}},"_links":{"self":[{"href":"https:\/\/humanitas.edu.pl\/uk\/wp-json\/wp\/v2\/pages\/16451","targetHints":{"allow":["GET"]}}],"collection":[{"href":"https:\/\/humanitas.edu.pl\/uk\/wp-json\/wp\/v2\/pages"}],"about":[{"href":"https:\/\/humanitas.edu.pl\/uk\/wp-json\/wp\/v2\/types\/page"}],"author":[{"embeddable":true,"href":"https:\/\/humanitas.edu.pl\/uk\/wp-json\/wp\/v2\/users\/6"}],"replies":[{"embeddable":true,"href":"https:\/\/humanitas.edu.pl\/uk\/wp-json\/wp\/v2\/comments?post=16451"}],"version-history":[{"count":6,"href":"https:\/\/humanitas.edu.pl\/uk\/wp-json\/wp\/v2\/pages\/16451\/revisions"}],"predecessor-version":[{"id":18138,"href":"https:\/\/humanitas.edu.pl\/uk\/wp-json\/wp\/v2\/pages\/16451\/revisions\/18138"}],"up":[{"embeddable":true,"href":"https:\/\/humanitas.edu.pl\/uk\/wp-json\/wp\/v2\/pages\/16441"}],"wp:attachment":[{"href":"https:\/\/humanitas.edu.pl\/uk\/wp-json\/wp\/v2\/media?parent=16451"}],"curies":[{"name":"wp","href":"https:\/\/api.w.org\/{rel}","templated":true}]}}