{"id":16441,"date":"2026-01-23T13:39:25","date_gmt":"2026-01-23T11:39:25","guid":{"rendered":"https:\/\/humanitas.edu.pl\/?page_id=16441"},"modified":"2026-01-25T10:19:27","modified_gmt":"2026-01-25T08:19:27","slug":"czasopisma-elektroniczne","status":"publish","type":"page","link":"https:\/\/humanitas.edu.pl\/uk\/biblioteka\/czasopisma-elektroniczne\/","title":{"rendered":"Czasopisma elektroniczne"},"content":{"rendered":"<section class=\"block-hero\">\n            <figure class=\"block-hero__background-image\">\n            <img loading=\"lazy\" decoding=\"async\" width=\"1094\" height=\"600\" src=\"https:\/\/humanitas.edu.pl\/wp-content\/uploads\/2024\/02\/1e17d56668bb99ff9d3fb0fa41e906dd-1-1094x600.png\" class=\"attachment-hero size-hero\" alt=\"\" aria-hidden=\"true\" \/>        <\/figure>\n        <div class=\"container\">\n        <div class=\"block-hero__wrapper\">\n            \n<section class=\"breadcrumbs breadcrumbs--secondary\">\n    <div class=\"breadcrumbs__wrapper\">\n        <a href=\"https:\/\/humanitas.edu.pl\/uk\/\" class=\"breadcrumbs__link\">\n            \u0413\u043e\u043b\u043e\u0432\u043d\u0430 \u0441\u0442\u043e\u0440\u0456\u043d\u043a\u0430        <\/a>\n        <svg aria-hidden=\"true\" focusable=\"false\" width=\"7\" height=\"7\" viewBox=\"0 0 5.6 9\" xmlns=\"http:\/\/www.w3.org\/2000\/svg\"><path d=\"M1.1 0L0 1.1l3.4 3.4L0 7.9 1.1 9l4.5-4.5z\"\/><\/svg>\n            <\/div>\n<\/section>            <h1 class=\"block-hero__title fade-in  \">Czasopisma elektroniczne<\/h1>\n                    <\/div>\n    <\/div>\n            \n<div class=\"triangle triangle--bottom-right default\">\n    <svg aria-hidden=\"true\" focusable=\"false\" width=\"1440\" height=\"98\" viewBox=\"0 0 1440 98\" fill=\"none\" xmlns=\"http:\/\/www.w3.org\/2000\/svg\">\n<path d=\"M1440 0L0 98H1440V0Z\" fill=\"white\"\/>\n<\/svg>\n<\/div>\n    <\/section>\n\n\n<section\n    class=\"block-content-with-buttons block-content-with-buttons--white block-content-with-buttons--left\"\n    id=\"block_9e50a3f536f950270f827277d2a011c8\">\n        <div class=\"container\">\n        <div class=\"block-content-with-buttons__wrapper\">\n            <figure\n                class=\"block-content-with-buttons__image fade-in \">\n                            <\/figure>\n            <div class=\"block-content-with-buttons__content\">\n                <h2\n                    class=\"block-content-with-buttons__title heading-underline heading-dot fade-in \">\n                    Czasopisma elektroniczne<\/h2>\n                <div class=\"block-content-with-buttons__text fade-in\">\n                    <p>Zestawienie tytu\u0142\u00f3w czasopism naukowych w jednym miejscu i stale aktualizowane, kt\u00f3re publikuj\u0105 w wolnym dost\u0119pie swoje tre\u015bci oraz linki do ich witryn internetowych. Ich archiwum mo\u017cna samodzielnie przeszukiwa\u0107.<\/p>\n<p>Do w\u0142asnych poszukiwa\u0144 polecamy baz\u0119\u00a0<a href=\"https:\/\/arianta.pl\/#\/szukaj\"><strong>Arianta &#8211; Naukowe i bran\u017cowe polskie czasopisma elektroniczne<\/strong><\/a>, kt\u00f3ra indeksuje polskie naukowe i bran\u017cowe czasopisma elektroniczne. Obecnie baza zawiera informacje o ok. 4,5 tys. czasopism, w tym ok. 600 czasopism archiwalnych, kt\u00f3rych wydawanie nie jest kontynuowane, ale spisy tre\u015bci lub pe\u0142ne teksty s\u0105 dost\u0119pne w sieci.<\/p>\n                <\/div>\n                                <div\n                    class=\"block-content-with-buttons__buttons block-content-with-buttons__buttons--without-icons js-delay fade-in\">\n                                                                                                                                            \n    <a \n        href=\"https:\/\/humanitas.edu.pl\/uk\/biblioteka\/czasopisma-elektroniczne\/administracja-i-prawo\/\" \n        target=\"\" \n        aria-label=\"Administracja i prawo\" \n        title=\"Administracja i prawo\" \n                class=\"button   block-content-with-buttons__button button-small button-tertiary button-blue js-delay-item\">\n                Administracja i prawo        <\/a>\n                                                                                                                                                                        \n    <a \n        href=\"https:\/\/humanitas.edu.pl\/uk\/biblioteka\/czasopisma-elektroniczne\/zarzadzanie-i-ekonomia\/\" \n        target=\"\" \n        aria-label=\"Zarz\u0105dzanie i ekonomia\" \n        title=\"Zarz\u0105dzanie i ekonomia\" \n                class=\"button   block-content-with-buttons__button button-small button-tertiary button-blue js-delay-item\">\n                Zarz\u0105dzanie i ekonomia        <\/a>\n                                                                                                                                                                        \n    <a \n        href=\"https:\/\/humanitas.edu.pl\/uk\/biblioteka\/czasopisma-elektroniczne\/pedagogika\/\" \n        target=\"\" \n        aria-label=\"Pedagogika\" \n        title=\"Pedagogika\" \n                class=\"button   block-content-with-buttons__button button-small button-tertiary button-blue js-delay-item\">\n                Pedagogika        <\/a>\n                                                                                                                                                                        \n    <a \n        href=\"https:\/\/humanitas.edu.pl\/uk\/biblioteka\/czasopisma-elektroniczne\/psychologia\/\" \n        target=\"\" \n        aria-label=\"Psychologia\" \n        title=\"Psychologia\" \n                class=\"button   block-content-with-buttons__button button-small button-tertiary button-blue js-delay-item\">\n                Psychologia        <\/a>\n                                                                                                                                                                        \n    <a \n        href=\"https:\/\/humanitas.edu.pl\/uk\/biblioteka\/czasopisma-elektroniczne\/nauki-o-bezpieczenstwie\/\" \n        target=\"\" \n        aria-label=\"Nauki o bezpiecze\u0144stwie\" \n        title=\"Nauki o bezpiecze\u0144stwie\" \n                class=\"button   block-content-with-buttons__button button-small button-tertiary button-blue js-delay-item\">\n                Nauki o bezpiecze\u0144stwie        <\/a>\n                                                                                                                                                                        \n    <a \n        href=\"https:\/\/humanitas.edu.pl\/uk\/biblioteka\/czasopisma-elektroniczne\/elektroradiologia_czasopisma\/\" \n        target=\"\" \n        aria-label=\"Elektroradiologia\" \n        title=\"Elektroradiologia\" \n                class=\"button   block-content-with-buttons__button button-small button-tertiary button-blue js-delay-item\">\n                Elektroradiologia        <\/a>\n                                                                                                                                                                        \n    <a \n        href=\"https:\/\/humanitas.edu.pl\/uk\/biblioteka\/czasopisma-elektroniczne\/filologia-angielska\/\" \n        target=\"\" \n        aria-label=\"Filologia angielska\" \n        title=\"Filologia angielska\" \n                class=\"button   block-content-with-buttons__button button-small button-tertiary button-blue js-delay-item\">\n                Filologia angielska        <\/a>\n                                                                                                                                                                        \n    <a \n        href=\"https:\/\/humanitas.edu.pl\/uk\/biblioteka\/czasopisma-elektroniczne\/informatyka\/\" \n        target=\"\" \n        aria-label=\"Informatyka\" \n        title=\"Informatyka\" \n                class=\"button   block-content-with-buttons__button button-small button-tertiary button-blue js-delay-item\">\n                Informatyka        <\/a>\n                                                                                                                                                                        \n    <a \n        href=\"https:\/\/humanitas.edu.pl\/uk\/biblioteka\/czasopisma-elektroniczne\/dietetyka\/\" \n        target=\"\" \n        aria-label=\"Dietetyka\" \n        title=\"Dietetyka\" \n                class=\"button   block-content-with-buttons__button button-small button-tertiary button-blue js-delay-item\">\n                Dietetyka        <\/a>\n                                                                                                                                                                        \n    <a \n        href=\"https:\/\/humanitas.edu.pl\/uk\/biblioteka\/czasopisma-elektroniczne\/bezpieczenstwo-i-higiena-pracy\/\" \n        target=\"\" \n        aria-label=\"Bezpiecze\u0144stwo i Higiena Pracy\" \n        title=\"Bezpiecze\u0144stwo i Higiena Pracy\" \n                class=\"button   block-content-with-buttons__button button-small button-tertiary button-blue js-delay-item\">\n                Bezpiecze\u0144stwo i Higiena Pracy        <\/a>\n                                                                <\/div>\n            <\/div>\n        <\/div>\n    <\/div>\n    <\/section>","protected":false},"excerpt":{"rendered":"","protected":false},"author":6,"featured_media":0,"parent":3027,"menu_order":0,"comment_status":"closed","ping_status":"closed","template":"","meta":{"_acf_changed":false,"inline_featured_image":false,"footnotes":""},"class_list":["post-16441","page","type-page","status-publish","hentry"],"acf":[],"yoast_head":"<!-- This site is optimized with the Yoast SEO Premium plugin v27.3 (Yoast SEO v27.3) - https:\/\/yoast.com\/product\/yoast-seo-premium-wordpress\/ -->\n<title>Czasopisma elektroniczne - Akademia Humanitas<\/title>\n<meta name=\"robots\" content=\"index, follow, max-snippet:-1, max-image-preview:large, max-video-preview:-1\" \/>\n<link rel=\"canonical\" href=\"https:\/\/humanitas.edu.pl\/uk\/biblioteka\/czasopisma-elektroniczne\/\" \/>\n<meta property=\"og:locale\" content=\"en_US\" \/>\n<meta property=\"og:type\" content=\"article\" \/>\n<meta property=\"og:title\" content=\"Czasopisma elektroniczne\" \/>\n<meta property=\"og:url\" content=\"https:\/\/humanitas.edu.pl\/uk\/biblioteka\/czasopisma-elektroniczne\/\" \/>\n<meta property=\"og:site_name\" content=\"Akademia Humanitas\" \/>\n<meta property=\"article:modified_time\" content=\"2026-01-25T08:19:27+00:00\" \/>\n<meta name=\"twitter:card\" content=\"summary_large_image\" \/>\n<meta name=\"twitter:label1\" content=\"Est. reading time\" \/>\n\t<meta name=\"twitter:data1\" content=\"1 minute\" \/>\n<script type=\"application\/ld+json\" class=\"yoast-schema-graph\">{\"@context\":\"https:\\\/\\\/schema.org\",\"@graph\":[{\"@type\":\"WebPage\",\"@id\":\"https:\\\/\\\/humanitas.edu.pl\\\/uk\\\/biblioteka\\\/czasopisma-elektroniczne\\\/\",\"url\":\"https:\\\/\\\/humanitas.edu.pl\\\/uk\\\/biblioteka\\\/czasopisma-elektroniczne\\\/\",\"name\":\"Czasopisma elektroniczne - Akademia Humanitas\",\"isPartOf\":{\"@id\":\"https:\\\/\\\/humanitas.edu.pl\\\/uk\\\/#website\"},\"datePublished\":\"2026-01-23T11:39:25+00:00\",\"dateModified\":\"2026-01-25T08:19:27+00:00\",\"breadcrumb\":{\"@id\":\"https:\\\/\\\/humanitas.edu.pl\\\/uk\\\/biblioteka\\\/czasopisma-elektroniczne\\\/#breadcrumb\"},\"inLanguage\":\"ua\",\"potentialAction\":[{\"@type\":\"ReadAction\",\"target\":[\"https:\\\/\\\/humanitas.edu.pl\\\/uk\\\/biblioteka\\\/czasopisma-elektroniczne\\\/\"]}]},{\"@type\":\"BreadcrumbList\",\"@id\":\"https:\\\/\\\/humanitas.edu.pl\\\/uk\\\/biblioteka\\\/czasopisma-elektroniczne\\\/#breadcrumb\",\"itemListElement\":[{\"@type\":\"ListItem\",\"position\":1,\"name\":\"Home\",\"item\":\"https:\\\/\\\/humanitas.edu.pl\\\/uk\\\/strona-glowna\\\/\"},{\"@type\":\"ListItem\",\"position\":2,\"name\":\"Biblioteka\",\"item\":\"https:\\\/\\\/humanitas.edu.pl\\\/uk\\\/biblioteka\\\/\"},{\"@type\":\"ListItem\",\"position\":3,\"name\":\"Czasopisma elektroniczne\"}]},{\"@type\":\"WebSite\",\"@id\":\"https:\\\/\\\/humanitas.edu.pl\\\/uk\\\/#website\",\"url\":\"https:\\\/\\\/humanitas.edu.pl\\\/uk\\\/\",\"name\":\"Akademia Humanitas\",\"description\":\"\",\"potentialAction\":[{\"@type\":\"SearchAction\",\"target\":{\"@type\":\"EntryPoint\",\"urlTemplate\":\"https:\\\/\\\/humanitas.edu.pl\\\/uk\\\/?s={search_term_string}\"},\"query-input\":{\"@type\":\"PropertyValueSpecification\",\"valueRequired\":true,\"valueName\":\"search_term_string\"}}],\"inLanguage\":\"ua\"}]}<\/script>\n<!-- \/ Yoast SEO Premium plugin. -->","yoast_head_json":{"title":"Czasopisma elektroniczne - Akademia Humanitas","robots":{"index":"index","follow":"follow","max-snippet":"max-snippet:-1","max-image-preview":"max-image-preview:large","max-video-preview":"max-video-preview:-1"},"canonical":"https:\/\/humanitas.edu.pl\/uk\/biblioteka\/czasopisma-elektroniczne\/","og_locale":"en_US","og_type":"article","og_title":"Czasopisma elektroniczne","og_url":"https:\/\/humanitas.edu.pl\/uk\/biblioteka\/czasopisma-elektroniczne\/","og_site_name":"Akademia Humanitas","article_modified_time":"2026-01-25T08:19:27+00:00","twitter_card":"summary_large_image","twitter_misc":{"Est. reading time":"1 minute"},"schema":{"@context":"https:\/\/schema.org","@graph":[{"@type":"WebPage","@id":"https:\/\/humanitas.edu.pl\/uk\/biblioteka\/czasopisma-elektroniczne\/","url":"https:\/\/humanitas.edu.pl\/uk\/biblioteka\/czasopisma-elektroniczne\/","name":"Czasopisma elektroniczne - Akademia Humanitas","isPartOf":{"@id":"https:\/\/humanitas.edu.pl\/uk\/#website"},"datePublished":"2026-01-23T11:39:25+00:00","dateModified":"2026-01-25T08:19:27+00:00","breadcrumb":{"@id":"https:\/\/humanitas.edu.pl\/uk\/biblioteka\/czasopisma-elektroniczne\/#breadcrumb"},"inLanguage":"ua","potentialAction":[{"@type":"ReadAction","target":["https:\/\/humanitas.edu.pl\/uk\/biblioteka\/czasopisma-elektroniczne\/"]}]},{"@type":"BreadcrumbList","@id":"https:\/\/humanitas.edu.pl\/uk\/biblioteka\/czasopisma-elektroniczne\/#breadcrumb","itemListElement":[{"@type":"ListItem","position":1,"name":"Home","item":"https:\/\/humanitas.edu.pl\/uk\/strona-glowna\/"},{"@type":"ListItem","position":2,"name":"Biblioteka","item":"https:\/\/humanitas.edu.pl\/uk\/biblioteka\/"},{"@type":"ListItem","position":3,"name":"Czasopisma elektroniczne"}]},{"@type":"WebSite","@id":"https:\/\/humanitas.edu.pl\/uk\/#website","url":"https:\/\/humanitas.edu.pl\/uk\/","name":"Akademia Humanitas","description":"","potentialAction":[{"@type":"SearchAction","target":{"@type":"EntryPoint","urlTemplate":"https:\/\/humanitas.edu.pl\/uk\/?s={search_term_string}"},"query-input":{"@type":"PropertyValueSpecification","valueRequired":true,"valueName":"search_term_string"}}],"inLanguage":"ua"}]}},"_links":{"self":[{"href":"https:\/\/humanitas.edu.pl\/uk\/wp-json\/wp\/v2\/pages\/16441","targetHints":{"allow":["GET"]}}],"collection":[{"href":"https:\/\/humanitas.edu.pl\/uk\/wp-json\/wp\/v2\/pages"}],"about":[{"href":"https:\/\/humanitas.edu.pl\/uk\/wp-json\/wp\/v2\/types\/page"}],"author":[{"embeddable":true,"href":"https:\/\/humanitas.edu.pl\/uk\/wp-json\/wp\/v2\/users\/6"}],"replies":[{"embeddable":true,"href":"https:\/\/humanitas.edu.pl\/uk\/wp-json\/wp\/v2\/comments?post=16441"}],"version-history":[{"count":5,"href":"https:\/\/humanitas.edu.pl\/uk\/wp-json\/wp\/v2\/pages\/16441\/revisions"}],"predecessor-version":[{"id":18799,"href":"https:\/\/humanitas.edu.pl\/uk\/wp-json\/wp\/v2\/pages\/16441\/revisions\/18799"}],"up":[{"embeddable":true,"href":"https:\/\/humanitas.edu.pl\/uk\/wp-json\/wp\/v2\/pages\/3027"}],"wp:attachment":[{"href":"https:\/\/humanitas.edu.pl\/uk\/wp-json\/wp\/v2\/media?parent=16441"}],"curies":[{"name":"wp","href":"https:\/\/api.w.org\/{rel}","templated":true}]}}