{"id":15271,"date":"2025-12-02T14:47:57","date_gmt":"2025-12-02T12:47:57","guid":{"rendered":"https:\/\/humanitas.edu.pl\/?page_id=15271"},"modified":"2026-02-09T13:48:34","modified_gmt":"2026-02-09T11:48:34","slug":"studia-magisterskie","status":"publish","type":"page","link":"https:\/\/humanitas.edu.pl\/uk\/studia-magisterskie\/","title":{"rendered":"Studia magisterskie"},"content":{"rendered":"<section class=\"block-hero\">\n        <div class=\"container\">\n        <div class=\"block-hero__wrapper\">\n            \n<section class=\"breadcrumbs breadcrumbs--secondary\">\n    <div class=\"breadcrumbs__wrapper\">\n        <a href=\"https:\/\/humanitas.edu.pl\/uk\/\" class=\"breadcrumbs__link\">\n            \u0413\u043e\u043b\u043e\u0432\u043d\u0430 \u0441\u0442\u043e\u0440\u0456\u043d\u043a\u0430        <\/a>\n        <svg aria-hidden=\"true\" focusable=\"false\" width=\"7\" height=\"7\" viewBox=\"0 0 5.6 9\" xmlns=\"http:\/\/www.w3.org\/2000\/svg\"><path d=\"M1.1 0L0 1.1l3.4 3.4L0 7.9 1.1 9l4.5-4.5z\"\/><\/svg>\n            <\/div>\n<\/section>            <h1 class=\"block-hero__title fade-in heading-underline \">Studia magisterskie<\/h1>\n                            <div class=\"block-hero__boxes\">\n                                            \n    <a \n        href=\"https:\/\/humanitas.edu.pl\/rekrutacja\/\" \n        target=\"\" \n        aria-label=\"Rekrutacja 2026\" \n        title=\"Rekrutacja 2026\" \n        class=\"button-card button-card--primary block-hero__box\">\n                <span class=\"button-card__title\">Rekrutacja 2026<\/span>\n    <\/a>\n                                            \n    <a \n        href=\"https:\/\/humanitas.edu.pl\/kontakt-uk\/dzial-rekrutacji\/\" \n        target=\"\" \n        aria-label=\"Kontakt Dzia\u0142 Rekrutacji\" \n        title=\"Kontakt Dzia\u0142 Rekrutacji\" \n        class=\"button-card button-card--primary block-hero__box\">\n                <span class=\"button-card__title\">Kontakt Dzia\u0142 Rekrutacji<\/span>\n    <\/a>\n                                            \n    <a \n        href=\"mailto:magdalena.ptak@humanitas.edu.pl\" \n        target=\"\" \n        aria-label=\"Doradca edukacyjny\" \n        title=\"Doradca edukacyjny\" \n        class=\"button-card button-card--primary block-hero__box\">\n                <span class=\"button-card__title\">Doradca edukacyjny<\/span>\n    <\/a>\n                                    <\/div>\n                    <\/div>\n    <\/div>\n            \n<div class=\"triangle triangle--bottom-right default\">\n    <svg aria-hidden=\"true\" focusable=\"false\" width=\"1440\" height=\"98\" viewBox=\"0 0 1440 98\" fill=\"none\" xmlns=\"http:\/\/www.w3.org\/2000\/svg\">\n<path d=\"M1440 0L0 98H1440V0Z\" fill=\"white\"\/>\n<\/svg>\n<\/div>\n    <\/section>\n\n\n\n\t<section class=\"block-content-with-columns block-content-with-columns--white\"\n\t\tid=\"block_631820a5e3ce0836af69118305ebed74\">\n\t\t\t\t<div class=\"container\">\n\t\t\t\t\t\t\t<h2\n\t\t\t\t\tclass=\"block-content-with-columns__title heading-underline heading-dot fade-in \">\n\t\t\t\t\tStudia magisterskie<\/h2>\n\t\t\t\t\t\t<div class=\"block-content-with-columns__content fade-in\">\n\t\t\t\t<p>Studia magisterskie w Akademii Humanitas to kontynuacja kszta\u0142cenia akademickiego, kt\u00f3ra pozwala zdoby\u0107 zaawansowan\u0105 wiedz\u0119, specjalistyczne umiej\u0119tno\u015bci i kwalifikacje niezb\u0119dne do pracy w zawodach wymagaj\u0105cych wy\u017cszych kompetencji. To doskona\u0142y wyb\u00f3r dla os\u00f3b, kt\u00f3re chc\u0105 pog\u0142\u0119bi\u0107 swoj\u0105 wiedz\u0119 po uko\u0144czeniu studi\u00f3w I stopnia i rozwija\u0107 si\u0119 zawodowo w oparciu o praktyczne do\u015bwiadczenie.<br \/>\nProgram kszta\u0142cenia na studiach magisterskich w Akademii Humanitas \u0142\u0105czy nauk\u0119 teoretyczn\u0105 z praktyk\u0105, zapewniaj\u0105c solidne przygotowanie do pracy w r\u00f3\u017cnych sektorach. Zaj\u0119cia prowadzone s\u0105 przez wyk\u0142adowc\u00f3w z do\u015bwiadczeniem akademickim i zawodowym, co gwarantuje wysoki poziom nauczania.<\/p>\n\t\t\t<\/div>\n\t\t\t<div class=\"block-content-with-columns__columns\">\n\t\t\t\t\t\t\t\t\t\t\t\t\t\t<div\n\t\t\t\t\t\t\tclass=\"block-content-with-columns__column block-content-with-columns__column--with-image js-delay fade-in\">\n\t\t\t\t\t\t\t\t\t\t\t\t\t\t\t<figure class=\"block-content-with-columns__column-image\">\n\t\t\t\t\t\t\t\t\t<img loading=\"lazy\" decoding=\"async\" width=\"1920\" height=\"1280\" src=\"https:\/\/humanitas.edu.pl\/wp-content\/uploads\/2025\/06\/7-DSC04895-1.jpg\" class=\"attachment-full-size size-full-size\" alt=\"\" aria-hidden=\"true\" srcset=\"https:\/\/humanitas.edu.pl\/wp-content\/uploads\/2025\/06\/7-DSC04895-1.jpg 1920w, https:\/\/humanitas.edu.pl\/wp-content\/uploads\/2025\/06\/7-DSC04895-1-300x200.jpg 300w, https:\/\/humanitas.edu.pl\/wp-content\/uploads\/2025\/06\/7-DSC04895-1-1024x683.jpg 1024w, https:\/\/humanitas.edu.pl\/wp-content\/uploads\/2025\/06\/7-DSC04895-1-768x512.jpg 768w, https:\/\/humanitas.edu.pl\/wp-content\/uploads\/2025\/06\/7-DSC04895-1-1536x1024.jpg 1536w\" sizes=\"(max-width: 1920px) 100vw, 1920px\" \/>\t\t\t\t\t\t\t\t<\/figure>\n\t\t\t\t\t\t\t\t\t\t\t\t\t\t\t\t\t\t\t\t\t<div class=\"block-content-with-columns__column-wrapper\">\n\t\t\t\t\t\t\t\t<h3 class=\"block-content-with-columns__column-title\">Jak wygl\u0105daj\u0105 studia magisterskie w Akademii Humanitas w Sosnowcu?<\/h3>\n\t\t\t\t\t\t\t\t\t\t\t\t\t\t\t\t\t<div class=\"block-content-with-columns__column-content\"><p><b>Studia II stopnia<\/b><span style=\"font-weight: 400;\"> trwaj\u0105 trzy semestry, czyli 1,5 roku.<\/span> <span style=\"font-weight: 400;\">To czas intensywnego rozwoju intelektualnego, doskonalenia umiej\u0119tno\u015bci badawczych i praktycznych oraz budowania kontakt\u00f3w zawodowych.<\/span><\/p>\n<p><span style=\"font-weight: 400;\">Jednolite <\/span><b>studia magisterskie<\/b><span style=\"font-weight: 400;\"> trwaj\u0105 pi\u0119\u0107 lat. W Akademii Humanitas istnieje tak\u017ce mo\u017cliwo\u015b\u0107 skr\u00f3cenia tego okresu: do 3,5 roku w ramach Indywidualnej \u015acie\u017cki Studi\u00f3w albo do 3 lat na kierunku <\/span><b>Psychologia dla os\u00f3b z wy\u017cszym wykszta\u0142ceniem<\/b><span style=\"font-weight: 400;\"> &#8211; to jednak odr\u0119bny tryb, niezwi\u0105zany z I\u015aS.\u00a0<\/span><\/p>\n<p><span style=\"font-weight: 400;\">Programy kszta\u0142cenia <\/span><b>studi\u00f3w magisterskich<\/b><span style=\"font-weight: 400;\"> uwzgl\u0119dniaj\u0105 indywidualne potrzeby student\u00f3w &#8211; dzi\u0119ki elastycznej organizacji zaj\u0119\u0107 oraz dost\u0119pnym \u015bcie\u017ckom rozwoju ka\u017cdy mo\u017ce dopasowa\u0107 nauk\u0119 do swoich plan\u00f3w zawodowych. Akademia Humanitas oferuje nowoczesne zaplecze dydaktyczne, laboratoria oraz wsparcie doradc\u00f3w kariery, co u\u0142atwia p\u0142ynne przej\u015bcie z uczelni na rynek pracy.<\/span><\/p>\n<p><span style=\"font-weight: 400;\">Akademia Humanitas w Sosnowcu to uczelnia ch\u0119tnie wybierana przez student\u00f3w z <\/span><b>Katowic, Gliwic <\/b><span style=\"font-weight: 400;\">i ca\u0142ej aglomeracji \u015bl\u0105skiej. Oferowane tu <\/span><b>studia magisterskie<\/b><span style=\"font-weight: 400;\"> wyr\u00f3\u017cniaj\u0105 si\u0119 nowoczesnym podej\u015bciem do kszta\u0142cenia, elastyczn\u0105 organizacj\u0105 zaj\u0119\u0107 i \u015bcis\u0142\u0105 wsp\u00f3\u0142prac\u0105 z otoczeniem zawodowym.<\/span><\/p>\n<\/div>\n\t\t\t\t\t\t\t\t\t\t\t\t\t\t\t<\/div>\n\t\t\t\t\t\t<\/div>\n\t\t\t\t\t\t\t\t\t\t<div\n\t\t\t\t\t\t\tclass=\"block-content-with-columns__column block-content-with-columns__column--with-image js-delay fade-in\">\n\t\t\t\t\t\t\t\t\t\t\t\t\t\t\t<figure class=\"block-content-with-columns__column-image\">\n\t\t\t\t\t\t\t\t\t<img loading=\"lazy\" decoding=\"async\" width=\"1920\" height=\"1280\" src=\"https:\/\/humanitas.edu.pl\/wp-content\/uploads\/2025\/06\/10-IMG_5586.jpg\" class=\"attachment-full-size size-full-size\" alt=\"\" aria-hidden=\"true\" srcset=\"https:\/\/humanitas.edu.pl\/wp-content\/uploads\/2025\/06\/10-IMG_5586.jpg 1920w, https:\/\/humanitas.edu.pl\/wp-content\/uploads\/2025\/06\/10-IMG_5586-300x200.jpg 300w, https:\/\/humanitas.edu.pl\/wp-content\/uploads\/2025\/06\/10-IMG_5586-1024x683.jpg 1024w, https:\/\/humanitas.edu.pl\/wp-content\/uploads\/2025\/06\/10-IMG_5586-768x512.jpg 768w, https:\/\/humanitas.edu.pl\/wp-content\/uploads\/2025\/06\/10-IMG_5586-1536x1024.jpg 1536w\" sizes=\"(max-width: 1920px) 100vw, 1920px\" \/>\t\t\t\t\t\t\t\t<\/figure>\n\t\t\t\t\t\t\t\t\t\t\t\t\t\t\t\t\t\t\t\t\t<div class=\"block-content-with-columns__column-wrapper\">\n\t\t\t\t\t\t\t\t<h3 class=\"block-content-with-columns__column-title\">Dlaczego warto wybra\u0107 studia magisterskie w Akademii Humanitas?<\/h3>\n\t\t\t\t\t\t\t\t\t\t\t\t\t\t\t\t\t<div class=\"block-content-with-columns__column-content\"><p><b>Studia magisterskie<\/b><span style=\"font-weight: 400;\"> w Akademii Humanitas to po\u0142\u0105czenie nowoczesnej wiedzy, praktyki i elastycznego podej\u015bcia do kszta\u0142cenia. Programy studi\u00f3w s\u0105 tworzone z my\u015bl\u0105 o aktualnych potrzebach rynku pracy i rozwoju zawodowym student\u00f3w. Zaj\u0119cia prowadz\u0105 do\u015bwiadczeni wyk\u0142adowcy i praktycy \u2013 prawnicy, pedagodzy, psychologowie, ekonomi\u015bci i specjali\u015bci z wielu bran\u017c, co gwarantuje wysoki poziom nauczania.<\/span><\/p>\n<p><span style=\"font-weight: 400;\">Uczelnia k\u0142adzie nacisk na zdobywanie umiej\u0119tno\u015bci praktycznych \u2013 studenci uczestnicz\u0105 w warsztatach, projektach i praktykach zawodowych, kt\u00f3re umo\u017cliwiaj\u0105 im zdobycie do\u015bwiadczenia jeszcze przed uko\u0144czeniem <\/span><b>studi\u00f3w magisterskich<\/b><span style=\"font-weight: 400;\">. Akademia Humanitas oferuje r\u00f3wnie\u017c nowoczesne zaplecze dydaktyczne i doradztwo kariery, wspieraj\u0105ce planowanie \u015bcie\u017cki zawodowej.<\/span><\/p>\n<p><span style=\"font-weight: 400;\">Atutem uczelni jest dogodna lokalizacja w<\/span> <span style=\"font-weight: 400;\">Sosnowcu i mo\u017cliwo\u015b\u0107 wyboru <\/span><b>studi\u00f3w II stopnia <\/b><span style=\"font-weight: 400;\">w pobli\u017cu <\/span><b>Katowic i Gliwic.<\/b><\/p>\n<\/div>\n\t\t\t\t\t\t\t\t\t\t\t\t\t\t\t<\/div>\n\t\t\t\t\t\t<\/div>\n\t\t\t\t\t\t\t<\/div>\n\t\t\t\t\t\t\t\t<\/div>\n\t\t\t<\/section>\n\n\n<section class=\"block-logo-slider block-logo-slider--with-text\" id=\"block_3baa5c9da40bd9707c5d35a60e19f763\">\n    <div class=\"container\">\n        <h2 class=\"block-logo-slider__title heading-underline fade-in \"> Kierunki studi\u00f3w magisterskich<\/h2>\n    <\/div>\n            <div class=\"block-logo-slider__partners\">\n            <div class=\"container\">\n                                    <div\n                        class=\"block-logo-slider__partner\"\n                        data-partner-index=\"0\"\n                        style=\"\"\n                    >\n                        <figure class=\"block-logo-slider__partner-logo\">\n                            <img loading=\"lazy\" decoding=\"async\" width=\"800\" height=\"800\" src=\"https:\/\/humanitas.edu.pl\/wp-content\/uploads\/2024\/12\/Prawo_Humanitas.png\" class=\"attachment-full-size size-full-size\" alt=\"\" aria-hidden=\"true\" srcset=\"https:\/\/humanitas.edu.pl\/wp-content\/uploads\/2024\/12\/Prawo_Humanitas.png 800w, https:\/\/humanitas.edu.pl\/wp-content\/uploads\/2024\/12\/Prawo_Humanitas-300x300.png 300w, https:\/\/humanitas.edu.pl\/wp-content\/uploads\/2024\/12\/Prawo_Humanitas-150x150.png 150w, https:\/\/humanitas.edu.pl\/wp-content\/uploads\/2024\/12\/Prawo_Humanitas-768x768.png 768w\" sizes=\"(max-width: 800px) 100vw, 800px\" \/>                        <\/figure>\n                        <div class=\"block-logo-slider__partner-content\">\n                            <h3 class=\"block-logo-slider__partner-title\">Prawo<\/h3>\n                            <div class=\"block-logo-slider__partner-text\"><p><span style=\"font-weight: 400;\">Kierunek Prawo \u0142\u0105czy tradycj\u0119 akademick\u0105 z praktyk\u0105 zawodow\u0105. Program jednolitych <\/span><b>studi\u00f3w magisterskich <\/b><span style=\"font-weight: 400;\">trwa 5 lat lub 3,5 roku w ramach I\u015aS i obejmuje nauk\u0119 prawa konstytucyjnego, cywilnego, karnego i gospodarczego. Zaj\u0119cia prowadzone s\u0105 przez s\u0119dzi\u00f3w, adwokat\u00f3w i radc\u00f3w prawnych, kt\u00f3rzy przekazuj\u0105 wiedz\u0119 opart\u0105 na realnych przyk\u0142adach. Absolwenci kierunku s\u0105 przygotowani do wykonywania zawod\u00f3w prawniczych &#8211; od s\u0119dziego i prokuratora po notariusza czy radc\u0119 prawnego &#8211; oraz do pracy w administracji, biznesie i organizacjach pozarz\u0105dowych. Jednolite <\/span><b>Studia magisterskie <\/b><span style=\"font-weight: 400;\">na kierunku Prawo w Akademii Humanitas przygotowuj\u0105 do pracy w najwa\u017cniejszych instytucjach pa\u0144stwowych i prywatnych, a zdobyte kompetencje otwieraj\u0105 drog\u0119 do kariery prawniczej w Polsce i za granic\u0105.<\/span><\/p>\n<p><a href=\"https:\/\/humanitas.edu.pl\/uk\/oferta-uk\/prawo\/\">Poznaj Prawo! &gt;&gt;<\/a><\/p>\n<p><a href=\"https:\/\/rekrutacja.humanitas.edu.pl\/Default.aspx\">ZAPISZ SI\u0118!&gt;&gt;<\/a><\/p>\n<\/div>\n                        <\/div>\n                    <\/div>\n                                    <div\n                        class=\"block-logo-slider__partner\"\n                        data-partner-index=\"1\"\n                        style=\"\"\n                    >\n                        <figure class=\"block-logo-slider__partner-logo\">\n                            <img loading=\"lazy\" decoding=\"async\" width=\"800\" height=\"800\" src=\"https:\/\/humanitas.edu.pl\/wp-content\/uploads\/2024\/12\/cel-studiow.png\" class=\"attachment-full-size size-full-size\" alt=\"\" aria-hidden=\"true\" srcset=\"https:\/\/humanitas.edu.pl\/wp-content\/uploads\/2024\/12\/cel-studiow.png 800w, https:\/\/humanitas.edu.pl\/wp-content\/uploads\/2024\/12\/cel-studiow-300x300.png 300w, https:\/\/humanitas.edu.pl\/wp-content\/uploads\/2024\/12\/cel-studiow-150x150.png 150w, https:\/\/humanitas.edu.pl\/wp-content\/uploads\/2024\/12\/cel-studiow-768x768.png 768w\" sizes=\"(max-width: 800px) 100vw, 800px\" \/>                        <\/figure>\n                        <div class=\"block-logo-slider__partner-content\">\n                            <h3 class=\"block-logo-slider__partner-title\">Psychologia<\/h3>\n                            <div class=\"block-logo-slider__partner-text\"><p><span style=\"font-weight: 400;\">Jednolite <\/span><b>studia magisterskie <\/b><span style=\"font-weight: 400;\">na kierunku Psychologia trwaj\u0105 5 lat i przygotowuj\u0105 do pracy w zawodach wymagaj\u0105cych empatii, wiedzy o cz\u0142owieku i zdolno\u015bci diagnozowania oraz wspierania innych. Program studi\u00f3w obejmuje m.in. psychologi\u0119 kliniczn\u0105, rozwojow\u0105, s\u0105dow\u0105 i spo\u0142eczn\u0105. Zaj\u0119cia prowadzone przez praktyk\u00f3w pozwalaj\u0105 zdoby\u0107 do\u015bwiadczenie w pracy diagnostycznej i terapeutycznej. Absolwenci s\u0105 przygotowani do pracy w poradniach, o\u015brodkach zdrowia, instytucjach publicznych i firmach doradczych. Kierunek cieszy si\u0119 du\u017cym uznaniem w\u015br\u00f3d kandydat\u00f3w z <\/span><b>Katowic<\/b><span style=\"font-weight: 400;\"> i <\/span><b>Gliwic<\/b><span style=\"font-weight: 400;\">, kt\u00f3rzy wybieraj\u0105 jednolite <\/span><b>studia magisterskie<\/b><span style=\"font-weight: 400;\"> w Sosnowcu ze wzgl\u0119du na wysoki poziom kszta\u0142cenia i praktyczny charakter zaj\u0119\u0107.<\/span><\/p>\n<p><span style=\"font-weight: 400;\">Jednolite <\/span><b>studia magisterskie<\/b><span style=\"font-weight: 400;\"> na kierunku Psychologia przygotowuj\u0105 do pracy w zawodach wymagaj\u0105cych empatii, wiedzy o cz\u0142owieku oraz umiej\u0119tno\u015bci diagnozowania i wspierania innych<\/span><\/p>\n<p><a href=\"https:\/\/humanitas.edu.pl\/oferta-uk\/psychologia\/\">Poznaj Psychologi\u0119! &gt;&gt;<\/a><\/p>\n<p><a href=\"https:\/\/rekrutacja.humanitas.edu.pl\/Default.aspx\">ZAPISZ SI\u0118!&gt;&gt;<\/a><\/p>\n<\/div>\n                        <\/div>\n                    <\/div>\n                                    <div\n                        class=\"block-logo-slider__partner\"\n                        data-partner-index=\"2\"\n                        style=\"\"\n                    >\n                        <figure class=\"block-logo-slider__partner-logo\">\n                            <img loading=\"lazy\" decoding=\"async\" width=\"800\" height=\"800\" src=\"https:\/\/humanitas.edu.pl\/wp-content\/uploads\/2024\/12\/cel-studiow_pedagogika.png\" class=\"attachment-full-size size-full-size\" alt=\"\" aria-hidden=\"true\" srcset=\"https:\/\/humanitas.edu.pl\/wp-content\/uploads\/2024\/12\/cel-studiow_pedagogika.png 800w, https:\/\/humanitas.edu.pl\/wp-content\/uploads\/2024\/12\/cel-studiow_pedagogika-300x300.png 300w, https:\/\/humanitas.edu.pl\/wp-content\/uploads\/2024\/12\/cel-studiow_pedagogika-150x150.png 150w, https:\/\/humanitas.edu.pl\/wp-content\/uploads\/2024\/12\/cel-studiow_pedagogika-768x768.png 768w\" sizes=\"(max-width: 800px) 100vw, 800px\" \/>                        <\/figure>\n                        <div class=\"block-logo-slider__partner-content\">\n                            <h3 class=\"block-logo-slider__partner-title\">Pedagogika przedszkolna i wczesnoszkolna<\/h3>\n                            <div class=\"block-logo-slider__partner-text\"><p><span style=\"font-weight: 400;\">Kierunek Pedagogika przedszkolna i wczesnoszkolna trwa 4,5 roku i przygotowuje do wykonywania zawodu nauczyciela w przedszkolach i klasach I-III szko\u0142y podstawowej. Program jednolitych <\/span><b>studi\u00f3w magisterskich<\/b><span style=\"font-weight: 400;\"> obejmuje psychologi\u0119 rozwojow\u0105, dydaktyk\u0119 wczesnoszkoln\u0105 i nowoczesne metody nauczania. Zaj\u0119cia realizowane s\u0105 w oparciu o obowi\u0105zuj\u0105ce standardy kszta\u0142cenia nauczycieli i prowadzone s\u0105 przez do\u015bwiadczonych pedagog\u00f3w oraz psycholog\u00f3w.\u00a0<\/span><\/p>\n<p><span style=\"font-weight: 400;\">Program studi\u00f3w k\u0142adzie du\u017cy nacisk na rozw\u00f3j kompetencji interpersonalnych, empatii i kreatywno\u015bci, kt\u00f3re s\u0105 niezb\u0119dne w pracy nauczyciela. Studenci uczestnicz\u0105 w praktykach pedagogicznych realizowanych w przedszkolach i szko\u0142ach podstawowych, dzi\u0119ki czemu zdobywaj\u0105 do\u015bwiadczenie zawodowe i ucz\u0105 si\u0119, jak wspiera\u0107 rozw\u00f3j dziecka oraz budowa\u0107 \u015brodowisko sprzyjaj\u0105ce nauce i rozwojowi.<\/span><\/p>\n<p><span style=\"font-weight: 400;\">Absolwenci kierunku s\u0105 przygotowani do pracy z dzie\u0107mi w r\u00f3\u017cnym wieku rozwojowym, a zdobyte kwalifikacje umo\u017cliwiaj\u0105 zatrudnienie w publicznych i niepublicznych plac\u00f3wkach o\u015bwiatowych.\u00a0<\/span><\/p>\n<p><a href=\"https:\/\/humanitas.edu.pl\/uk\/oferta-uk\/pedagogika-przedszkolna-i-wczesnoszkolna\/\">Poznaj Pedagogik\u0119 przedszkoln\u0105 i wczesnoszkoln\u0105! &gt;&gt;<\/a><\/p>\n<p><a href=\"https:\/\/rekrutacja.humanitas.edu.pl\/Default.aspx\">ZAPISZ SI\u0118!&gt;&gt;<\/a><\/p>\n<\/div>\n                        <\/div>\n                    <\/div>\n                                            <\/div>\n        <\/div>\n    <\/section>\n","protected":false},"excerpt":{"rendered":"","protected":false},"author":6,"featured_media":0,"parent":0,"menu_order":0,"comment_status":"closed","ping_status":"closed","template":"","meta":{"_acf_changed":false,"inline_featured_image":false,"footnotes":""},"class_list":["post-15271","page","type-page","status-publish","hentry"],"acf":[],"yoast_head":"<!-- This site is optimized with the Yoast SEO Premium plugin v27.3 (Yoast SEO v27.3) - https:\/\/yoast.com\/product\/yoast-seo-premium-wordpress\/ -->\n<title>Studia magisterskie - Katowice, Gliwice, Sosnowiec - Akademia Humanitas<\/title>\n<meta name=\"description\" content=\"Poznaj ofert\u0119 studi\u00f3w magisterskich i rozwijaj karier\u0119 blisko Katowic i Gliwic, wybieraj\u0105c kierunki dopasowane do rynku pracy i w\u0142asnych ambicji.\" \/>\n<meta name=\"robots\" content=\"index, follow, max-snippet:-1, max-image-preview:large, max-video-preview:-1\" \/>\n<link rel=\"canonical\" href=\"https:\/\/humanitas.edu.pl\/uk\/studia-magisterskie\/\" \/>\n<meta property=\"og:locale\" content=\"en_US\" \/>\n<meta property=\"og:type\" content=\"article\" \/>\n<meta property=\"og:title\" content=\"Studia magisterskie\" \/>\n<meta property=\"og:description\" content=\"Poznaj ofert\u0119 studi\u00f3w magisterskich i rozwijaj karier\u0119 blisko Katowic i Gliwic, wybieraj\u0105c kierunki dopasowane do rynku pracy i w\u0142asnych ambicji.\" \/>\n<meta property=\"og:url\" content=\"https:\/\/humanitas.edu.pl\/uk\/studia-magisterskie\/\" \/>\n<meta property=\"og:site_name\" content=\"Akademia Humanitas\" \/>\n<meta property=\"article:modified_time\" content=\"2026-02-09T11:48:34+00:00\" \/>\n<meta name=\"twitter:card\" content=\"summary_large_image\" \/>\n<meta name=\"twitter:label1\" content=\"Est. reading time\" \/>\n\t<meta name=\"twitter:data1\" content=\"6 minutes\" \/>\n<script type=\"application\/ld+json\" class=\"yoast-schema-graph\">{\"@context\":\"https:\\\/\\\/schema.org\",\"@graph\":[{\"@type\":\"WebPage\",\"@id\":\"https:\\\/\\\/humanitas.edu.pl\\\/uk\\\/studia-magisterskie\\\/\",\"url\":\"https:\\\/\\\/humanitas.edu.pl\\\/uk\\\/studia-magisterskie\\\/\",\"name\":\"Studia magisterskie - Katowice, Gliwice, Sosnowiec - Akademia Humanitas\",\"isPartOf\":{\"@id\":\"https:\\\/\\\/humanitas.edu.pl\\\/uk\\\/#website\"},\"datePublished\":\"2025-12-02T12:47:57+00:00\",\"dateModified\":\"2026-02-09T11:48:34+00:00\",\"description\":\"Poznaj ofert\u0119 studi\u00f3w magisterskich i rozwijaj karier\u0119 blisko Katowic i Gliwic, wybieraj\u0105c kierunki dopasowane do rynku pracy i w\u0142asnych ambicji.\",\"breadcrumb\":{\"@id\":\"https:\\\/\\\/humanitas.edu.pl\\\/uk\\\/studia-magisterskie\\\/#breadcrumb\"},\"inLanguage\":\"ua\",\"potentialAction\":[{\"@type\":\"ReadAction\",\"target\":[\"https:\\\/\\\/humanitas.edu.pl\\\/uk\\\/studia-magisterskie\\\/\"]}]},{\"@type\":\"BreadcrumbList\",\"@id\":\"https:\\\/\\\/humanitas.edu.pl\\\/uk\\\/studia-magisterskie\\\/#breadcrumb\",\"itemListElement\":[{\"@type\":\"ListItem\",\"position\":1,\"name\":\"Home\",\"item\":\"https:\\\/\\\/humanitas.edu.pl\\\/uk\\\/strona-glowna\\\/\"},{\"@type\":\"ListItem\",\"position\":2,\"name\":\"Studia magisterskie\"}]},{\"@type\":\"WebSite\",\"@id\":\"https:\\\/\\\/humanitas.edu.pl\\\/uk\\\/#website\",\"url\":\"https:\\\/\\\/humanitas.edu.pl\\\/uk\\\/\",\"name\":\"Akademia Humanitas\",\"description\":\"\",\"potentialAction\":[{\"@type\":\"SearchAction\",\"target\":{\"@type\":\"EntryPoint\",\"urlTemplate\":\"https:\\\/\\\/humanitas.edu.pl\\\/uk\\\/?s={search_term_string}\"},\"query-input\":{\"@type\":\"PropertyValueSpecification\",\"valueRequired\":true,\"valueName\":\"search_term_string\"}}],\"inLanguage\":\"ua\"}]}<\/script>\n<!-- \/ Yoast SEO Premium plugin. -->","yoast_head_json":{"title":"Studia magisterskie - Katowice, Gliwice, Sosnowiec - Akademia Humanitas","description":"Poznaj ofert\u0119 studi\u00f3w magisterskich i rozwijaj karier\u0119 blisko Katowic i Gliwic, wybieraj\u0105c kierunki dopasowane do rynku pracy i w\u0142asnych ambicji.","robots":{"index":"index","follow":"follow","max-snippet":"max-snippet:-1","max-image-preview":"max-image-preview:large","max-video-preview":"max-video-preview:-1"},"canonical":"https:\/\/humanitas.edu.pl\/uk\/studia-magisterskie\/","og_locale":"en_US","og_type":"article","og_title":"Studia magisterskie","og_description":"Poznaj ofert\u0119 studi\u00f3w magisterskich i rozwijaj karier\u0119 blisko Katowic i Gliwic, wybieraj\u0105c kierunki dopasowane do rynku pracy i w\u0142asnych ambicji.","og_url":"https:\/\/humanitas.edu.pl\/uk\/studia-magisterskie\/","og_site_name":"Akademia Humanitas","article_modified_time":"2026-02-09T11:48:34+00:00","twitter_card":"summary_large_image","twitter_misc":{"Est. reading time":"6 minutes"},"schema":{"@context":"https:\/\/schema.org","@graph":[{"@type":"WebPage","@id":"https:\/\/humanitas.edu.pl\/uk\/studia-magisterskie\/","url":"https:\/\/humanitas.edu.pl\/uk\/studia-magisterskie\/","name":"Studia magisterskie - Katowice, Gliwice, Sosnowiec - Akademia Humanitas","isPartOf":{"@id":"https:\/\/humanitas.edu.pl\/uk\/#website"},"datePublished":"2025-12-02T12:47:57+00:00","dateModified":"2026-02-09T11:48:34+00:00","description":"Poznaj ofert\u0119 studi\u00f3w magisterskich i rozwijaj karier\u0119 blisko Katowic i Gliwic, wybieraj\u0105c kierunki dopasowane do rynku pracy i w\u0142asnych ambicji.","breadcrumb":{"@id":"https:\/\/humanitas.edu.pl\/uk\/studia-magisterskie\/#breadcrumb"},"inLanguage":"ua","potentialAction":[{"@type":"ReadAction","target":["https:\/\/humanitas.edu.pl\/uk\/studia-magisterskie\/"]}]},{"@type":"BreadcrumbList","@id":"https:\/\/humanitas.edu.pl\/uk\/studia-magisterskie\/#breadcrumb","itemListElement":[{"@type":"ListItem","position":1,"name":"Home","item":"https:\/\/humanitas.edu.pl\/uk\/strona-glowna\/"},{"@type":"ListItem","position":2,"name":"Studia magisterskie"}]},{"@type":"WebSite","@id":"https:\/\/humanitas.edu.pl\/uk\/#website","url":"https:\/\/humanitas.edu.pl\/uk\/","name":"Akademia Humanitas","description":"","potentialAction":[{"@type":"SearchAction","target":{"@type":"EntryPoint","urlTemplate":"https:\/\/humanitas.edu.pl\/uk\/?s={search_term_string}"},"query-input":{"@type":"PropertyValueSpecification","valueRequired":true,"valueName":"search_term_string"}}],"inLanguage":"ua"}]}},"_links":{"self":[{"href":"https:\/\/humanitas.edu.pl\/uk\/wp-json\/wp\/v2\/pages\/15271","targetHints":{"allow":["GET"]}}],"collection":[{"href":"https:\/\/humanitas.edu.pl\/uk\/wp-json\/wp\/v2\/pages"}],"about":[{"href":"https:\/\/humanitas.edu.pl\/uk\/wp-json\/wp\/v2\/types\/page"}],"author":[{"embeddable":true,"href":"https:\/\/humanitas.edu.pl\/uk\/wp-json\/wp\/v2\/users\/6"}],"replies":[{"embeddable":true,"href":"https:\/\/humanitas.edu.pl\/uk\/wp-json\/wp\/v2\/comments?post=15271"}],"version-history":[{"count":5,"href":"https:\/\/humanitas.edu.pl\/uk\/wp-json\/wp\/v2\/pages\/15271\/revisions"}],"predecessor-version":[{"id":19477,"href":"https:\/\/humanitas.edu.pl\/uk\/wp-json\/wp\/v2\/pages\/15271\/revisions\/19477"}],"wp:attachment":[{"href":"https:\/\/humanitas.edu.pl\/uk\/wp-json\/wp\/v2\/media?parent=15271"}],"curies":[{"name":"wp","href":"https:\/\/api.w.org\/{rel}","templated":true}]}}