{"id":15184,"date":"2025-12-01T16:35:38","date_gmt":"2025-12-01T14:35:38","guid":{"rendered":"https:\/\/humanitas.edu.pl\/?page_id=15184"},"modified":"2026-01-15T14:37:54","modified_gmt":"2026-01-15T12:37:54","slug":"studia-inzynierskie","status":"publish","type":"page","link":"https:\/\/humanitas.edu.pl\/uk\/studia-inzynierskie\/","title":{"rendered":"Studia in\u017cynierskie"},"content":{"rendered":"<section class=\"block-hero\">\n        <div class=\"container\">\n        <div class=\"block-hero__wrapper\">\n            \n<section class=\"breadcrumbs breadcrumbs--secondary\">\n    <div class=\"breadcrumbs__wrapper\">\n        <a href=\"https:\/\/humanitas.edu.pl\/uk\/\" class=\"breadcrumbs__link\">\n            \u0413\u043e\u043b\u043e\u0432\u043d\u0430 \u0441\u0442\u043e\u0440\u0456\u043d\u043a\u0430        <\/a>\n        <svg aria-hidden=\"true\" focusable=\"false\" width=\"7\" height=\"7\" viewBox=\"0 0 5.6 9\" xmlns=\"http:\/\/www.w3.org\/2000\/svg\"><path d=\"M1.1 0L0 1.1l3.4 3.4L0 7.9 1.1 9l4.5-4.5z\"\/><\/svg>\n            <\/div>\n<\/section>            <h1 class=\"block-hero__title fade-in heading-underline \">Studia in\u017cynierskie<\/h1>\n                            <div class=\"block-hero__boxes\">\n                                            \n    <a \n        href=\"https:\/\/humanitas.edu.pl\/rekrutacja\/\" \n        target=\"\" \n        aria-label=\"Rekrutacja 2026\" \n        title=\"Rekrutacja 2026\" \n        class=\"button-card button-card--primary block-hero__box\">\n                <span class=\"button-card__title\">Rekrutacja 2026<\/span>\n    <\/a>\n                                            \n    <a \n        href=\"https:\/\/humanitas.edu.pl\/kontakt-uk\/dzial-rekrutacji\/\" \n        target=\"\" \n        aria-label=\"Kontakt Dzia\u0142 Rekrutacji\" \n        title=\"Kontakt Dzia\u0142 Rekrutacji\" \n        class=\"button-card button-card--primary block-hero__box\">\n                <span class=\"button-card__title\">Kontakt Dzia\u0142 Rekrutacji<\/span>\n    <\/a>\n                                            \n    <a \n        href=\"mailto:magdalena.ptak@humanitas.edu.pl\" \n        target=\"\" \n        aria-label=\"Doradca edukacyjny\" \n        title=\"Doradca edukacyjny\" \n        class=\"button-card button-card--primary block-hero__box\">\n                <span class=\"button-card__title\">Doradca edukacyjny<\/span>\n    <\/a>\n                                    <\/div>\n                    <\/div>\n    <\/div>\n            \n<div class=\"triangle triangle--bottom-right default\">\n    <svg aria-hidden=\"true\" focusable=\"false\" width=\"1440\" height=\"98\" viewBox=\"0 0 1440 98\" fill=\"none\" xmlns=\"http:\/\/www.w3.org\/2000\/svg\">\n<path d=\"M1440 0L0 98H1440V0Z\" fill=\"white\"\/>\n<\/svg>\n<\/div>\n    <\/section>\n\n\n\n\t<section class=\"block-content-with-columns block-content-with-columns--white\"\n\t\tid=\"block_1fbd045e922a40c72dbc7444d4966187\">\n\t\t\t\t<div class=\"container\">\n\t\t\t\t\t\t\t<h2\n\t\t\t\t\tclass=\"block-content-with-columns__title heading-underline heading-dot fade-in \">\n\t\t\t\t\tStudia in\u017cynierskie<\/h2>\n\t\t\t\t\t\t<div class=\"block-content-with-columns__content fade-in\">\n\t\t\t\t<p><b>Studia in\u017cynierskie<\/b><span style=\"font-weight: 400;\"> to pierwszy etap kszta\u0142cenia akademickiego przygotowuj\u0105cy do pracy w zawodach technicznych, mened\u017cerskich i in\u017cynieryjnych. Trwaj\u0105 3,5 roku lub 2,5 roku w ramach Indywidualnej \u015acie\u017cki Studi\u00f3w i ko\u0144cz\u0105 si\u0119 uzyskaniem tytu\u0142u in\u017cyniera. W Akademii Humanitas w Sosnowcu studia te \u0142\u0105cz\u0105 przygotowanie teoretyczne z praktycznymi umiej\u0119tno\u015bciami, kt\u00f3re s\u0105 niezb\u0119dne na rynku pracy.\u00a0<\/span><\/p>\n<p><span style=\"font-weight: 400;\">Program <\/span><b>studi\u00f3w I stopnia<\/b><span style=\"font-weight: 400;\"> opiera si\u0119 na aktualnych standardach nauczania i wsp\u00f3\u0142pracy z bran\u017c\u0105 przemys\u0142ow\u0105, technologiczn\u0105 oraz informatyczn\u0105. Uczelnia inwestuje w nowoczesne laboratoria, pracownie i infrastruktur\u0119, kt\u00f3ra wspiera rozw\u00f3j kompetencji praktycznych.<\/span><\/p>\n\t\t\t<\/div>\n\t\t\t<div class=\"block-content-with-columns__columns\">\n\t\t\t\t\t\t\t\t\t\t\t\t\t\t<div\n\t\t\t\t\t\t\tclass=\"block-content-with-columns__column block-content-with-columns__column--with-image js-delay fade-in\">\n\t\t\t\t\t\t\t\t\t\t\t\t\t\t\t<figure class=\"block-content-with-columns__column-image\">\n\t\t\t\t\t\t\t\t\t<img loading=\"lazy\" decoding=\"async\" width=\"1920\" height=\"1280\" src=\"https:\/\/humanitas.edu.pl\/wp-content\/uploads\/2025\/06\/7-DSC04895-1.jpg\" class=\"attachment-full-size size-full-size\" alt=\"\" aria-hidden=\"true\" srcset=\"https:\/\/humanitas.edu.pl\/wp-content\/uploads\/2025\/06\/7-DSC04895-1.jpg 1920w, https:\/\/humanitas.edu.pl\/wp-content\/uploads\/2025\/06\/7-DSC04895-1-300x200.jpg 300w, https:\/\/humanitas.edu.pl\/wp-content\/uploads\/2025\/06\/7-DSC04895-1-1024x683.jpg 1024w, https:\/\/humanitas.edu.pl\/wp-content\/uploads\/2025\/06\/7-DSC04895-1-768x512.jpg 768w, https:\/\/humanitas.edu.pl\/wp-content\/uploads\/2025\/06\/7-DSC04895-1-1536x1024.jpg 1536w\" sizes=\"(max-width: 1920px) 100vw, 1920px\" \/>\t\t\t\t\t\t\t\t<\/figure>\n\t\t\t\t\t\t\t\t\t\t\t\t\t\t\t\t\t\t\t\t\t<div class=\"block-content-with-columns__column-wrapper\">\n\t\t\t\t\t\t\t\t<h3 class=\"block-content-with-columns__column-title\">Jak wygl\u0105daj\u0105 studia in\u017cynierskie w Akademii Humanitas?<\/h3>\n\t\t\t\t\t\t\t\t\t\t\t\t\t\t\t\t\t<div class=\"block-content-with-columns__column-content\"><p><b>Studia I stopnia<\/b><span style=\"font-weight: 400;\"> o profilu in\u017cynierskim trwaj\u0105 siedem semestr\u00f3w i obejmuj\u0105 zar\u00f3wno zaj\u0119cia teoretyczne, jak i praktyczne. Studenci rozwijaj\u0105 umiej\u0119tno\u015bci analityczne, techniczne i projektowe, uczestnicz\u0105c w warsztatach, projektach zespo\u0142owych oraz praktykach zawodowych w firmach partnerskich.<\/span><\/p>\n<p><span style=\"font-weight: 400;\">Zaj\u0119cia na <\/span><b>studiach in\u017cynierskich<\/b><span style=\"font-weight: 400;\"> w Akademii Humanitas prowadzone s\u0105 przez do\u015bwiadczonych ekspert\u00f3w bran\u017cowych oraz praktyk\u00f3w z sektora przemys\u0142owego czy informatycznego. Dzi\u0119ki po\u0142\u0105czeniu nauki z do\u015bwiadczeniem studenci otrzymuj\u0105 solidne przygotowanie do pracy w \u015brodowisku in\u017cynierskim, a tak\u017ce mo\u017cliwo\u015b\u0107 dalszego rozwoju zawodowego i naukowego.<\/span><\/p>\n<p><span style=\"font-weight: 400;\">Akademia Humanitas wspiera tak\u017ce rozw\u00f3j kompetencji mi\u0119kkich \u2013 komunikacji, zarz\u0105dzania czasem i pracy zespo\u0142owej. Te umiej\u0119tno\u015bci s\u0105 nieocenione w pracy in\u017cyniera, kt\u00f3ry coraz cz\u0119\u015bciej \u0142\u0105czy wiedz\u0119 techniczn\u0105 z umiej\u0119tno\u015bciami mened\u017cerskimi i projektowymi.<\/span><\/p>\n<\/div>\n\t\t\t\t\t\t\t\t\t\t\t\t\t\t\t<\/div>\n\t\t\t\t\t\t<\/div>\n\t\t\t\t\t\t\t\t\t\t<div\n\t\t\t\t\t\t\tclass=\"block-content-with-columns__column block-content-with-columns__column--with-image js-delay fade-in\">\n\t\t\t\t\t\t\t\t\t\t\t\t\t\t\t<figure class=\"block-content-with-columns__column-image\">\n\t\t\t\t\t\t\t\t\t<img loading=\"lazy\" decoding=\"async\" width=\"1920\" height=\"1280\" src=\"https:\/\/humanitas.edu.pl\/wp-content\/uploads\/2025\/06\/10-IMG_5586.jpg\" class=\"attachment-full-size size-full-size\" alt=\"\" aria-hidden=\"true\" srcset=\"https:\/\/humanitas.edu.pl\/wp-content\/uploads\/2025\/06\/10-IMG_5586.jpg 1920w, https:\/\/humanitas.edu.pl\/wp-content\/uploads\/2025\/06\/10-IMG_5586-300x200.jpg 300w, https:\/\/humanitas.edu.pl\/wp-content\/uploads\/2025\/06\/10-IMG_5586-1024x683.jpg 1024w, https:\/\/humanitas.edu.pl\/wp-content\/uploads\/2025\/06\/10-IMG_5586-768x512.jpg 768w, https:\/\/humanitas.edu.pl\/wp-content\/uploads\/2025\/06\/10-IMG_5586-1536x1024.jpg 1536w\" sizes=\"(max-width: 1920px) 100vw, 1920px\" \/>\t\t\t\t\t\t\t\t<\/figure>\n\t\t\t\t\t\t\t\t\t\t\t\t\t\t\t\t\t\t\t\t\t<div class=\"block-content-with-columns__column-wrapper\">\n\t\t\t\t\t\t\t\t<h3 class=\"block-content-with-columns__column-title\">Studia in\u017cynierskie w Sosnowcu &#8211; blisko Katowic i Gliwic<\/h3>\n\t\t\t\t\t\t\t\t\t\t\t\t\t\t\t\t\t<div class=\"block-content-with-columns__column-content\"><p><span style=\"font-weight: 400;\">Dzi\u0119ki dogodnej lokalizacji w centrum aglomeracji \u015bl\u0105skiej <\/span><b>studia in\u017cynierskie <\/b><span style=\"font-weight: 400;\">Akademii Humanitas w<\/span><b> Sosnowcu<\/b><span style=\"font-weight: 400;\"> s\u0105 ch\u0119tnie wybierane przez kandydat\u00f3w z <\/span><b>Katowic, Gliwic i <\/b><span style=\"font-weight: 400;\">ca\u0142ego regionu. Uczelnia oferuje wysok\u0105 jako\u015b\u0107 kszta\u0142cenia, mniejsze grupy zaj\u0119ciowe i indywidualne podej\u015bcie do studenta, co sprzyja efektywnej nauce i rozwojowi praktycznych kompetencji.<\/span><\/p>\n<p><span style=\"font-weight: 400;\">Absolwenci <\/span><b>studi\u00f3w in\u017cynierskich <\/b><span style=\"font-weight: 400;\">Akademii Humanitas s\u0105 cenieni na rynku pracy za praktyczne przygotowanie, umiej\u0119tno\u015b\u0107 analizy problem\u00f3w technicznych i zdolno\u015b\u0107 do samodzielnego podejmowania decyzji. To studia dla os\u00f3b, kt\u00f3re chc\u0105 tworzy\u0107 innowacje, rozwija\u0107 technologie i mie\u0107 realny wp\u0142yw na przysz\u0142o\u015b\u0107 przemys\u0142u.<\/span><\/p>\n<\/div>\n\t\t\t\t\t\t\t\t\t\t\t\t\t\t\t<\/div>\n\t\t\t\t\t\t<\/div>\n\t\t\t\t\t\t\t<\/div>\n\t\t\t\t\t\t\t\t<\/div>\n\t\t\t<\/section>\n\n\n<section class=\"block-logo-slider block-logo-slider--with-text\" id=\"block_5f5ceb44f9ee0e8e58474baf517cac64\">\n    <div class=\"container\">\n        <h2 class=\"block-logo-slider__title heading-underline fade-in \"> Kierunki studi\u00f3w in\u017cynierskich<\/h2>\n    <\/div>\n            <div class=\"block-logo-slider__partners\">\n            <div class=\"container\">\n                                    <div\n                        class=\"block-logo-slider__partner\"\n                        data-partner-index=\"0\"\n                        style=\"\"\n                    >\n                        <figure class=\"block-logo-slider__partner-logo\">\n                            <img loading=\"lazy\" decoding=\"async\" width=\"800\" height=\"800\" src=\"https:\/\/humanitas.edu.pl\/wp-content\/uploads\/2024\/12\/bhp_humanitas.png\" class=\"attachment-full-size size-full-size\" alt=\"\" aria-hidden=\"true\" srcset=\"https:\/\/humanitas.edu.pl\/wp-content\/uploads\/2024\/12\/bhp_humanitas.png 800w, https:\/\/humanitas.edu.pl\/wp-content\/uploads\/2024\/12\/bhp_humanitas-300x300.png 300w, https:\/\/humanitas.edu.pl\/wp-content\/uploads\/2024\/12\/bhp_humanitas-150x150.png 150w, https:\/\/humanitas.edu.pl\/wp-content\/uploads\/2024\/12\/bhp_humanitas-768x768.png 768w\" sizes=\"(max-width: 800px) 100vw, 800px\" \/>                        <\/figure>\n                        <div class=\"block-logo-slider__partner-content\">\n                            <h3 class=\"block-logo-slider__partner-title\">Bezpiecze\u0144stwo i Higiena Pracy<\/h3>\n                            <div class=\"block-logo-slider__partner-text\"><p><span style=\"font-weight: 400;\">Kierunek <\/span><b>studi\u00f3w in\u017cynierskich<\/b> <b>Bezpiecze\u0144stwo i Higiena Prac<\/b><span style=\"font-weight: 400;\">y przygotowuje specjalist\u00f3w odpowiedzialnych za tworzenie bezpiecznych warunk\u00f3w pracy i ochron\u0119 zdrowia pracownik\u00f3w. Program studi\u00f3w obejmuje nauk\u0119 zasad BHP, ergonomii, prawa pracy i system\u00f3w zarz\u0105dzania bezpiecze\u0144stwem. Zaj\u0119cia prowadzone s\u0105 przez ekspert\u00f3w z bran\u017cy, a ich celem jest przekazanie wiedzy praktycznej i kompetencji niezb\u0119dnych do oceny ryzyka zawodowego, wdra\u017cania procedur bezpiecze\u0144stwa i nadzorowania proces\u00f3w w przedsi\u0119biorstwach.\u00a0<\/span><\/p>\n<p><span style=\"font-weight: 400;\">Dzi\u0119ki solidnym podstawom teoretycznym i licznym zaj\u0119ciom praktycznym Absolwenci potrafi\u0105 skutecznie identyfikowa\u0107 zagro\u017cenia oraz wdra\u017ca\u0107 nowoczesne rozwi\u0105zania technologiczne zwi\u0119kszaj\u0105ce bezpiecze\u0144stwo pracownik\u00f3w. Kierunek odpowiada na wsp\u00f3\u0142czesne potrzeby rynku pracy, a uzyskany tytu\u0142 in\u017cyniera BHP otwiera drog\u0119 do awansu zawodowego i specjalizacji w obszarze zarz\u0105dzania bezpiecze\u0144stwem w organizacjach.<br \/>\n<\/span><\/p>\n<p><a href=\"https:\/\/humanitas.edu.pl\/uk\/oferta-uk\/bhp_pierwszy_stopien\/\">Poznaj BHP! &gt;&gt;<\/a><\/p>\n<p><a href=\"https:\/\/rekrutacja.humanitas.edu.pl\/Default.aspx\">ZAPISZ SI\u0118!&gt;&gt;<\/a><\/p>\n<\/div>\n                        <\/div>\n                    <\/div>\n                                    <div\n                        class=\"block-logo-slider__partner\"\n                        data-partner-index=\"1\"\n                        style=\"\"\n                    >\n                        <figure class=\"block-logo-slider__partner-logo\">\n                            <img loading=\"lazy\" decoding=\"async\" width=\"800\" height=\"800\" src=\"https:\/\/humanitas.edu.pl\/wp-content\/uploads\/2025\/12\/Informatyka.png\" class=\"attachment-full-size size-full-size\" alt=\"\" aria-hidden=\"true\" srcset=\"https:\/\/humanitas.edu.pl\/wp-content\/uploads\/2025\/12\/Informatyka.png 800w, https:\/\/humanitas.edu.pl\/wp-content\/uploads\/2025\/12\/Informatyka-300x300.png 300w, https:\/\/humanitas.edu.pl\/wp-content\/uploads\/2025\/12\/Informatyka-150x150.png 150w, https:\/\/humanitas.edu.pl\/wp-content\/uploads\/2025\/12\/Informatyka-768x768.png 768w\" sizes=\"(max-width: 800px) 100vw, 800px\" \/>                        <\/figure>\n                        <div class=\"block-logo-slider__partner-content\">\n                            <h3 class=\"block-logo-slider__partner-title\">Informatyka<\/h3>\n                            <div class=\"block-logo-slider__partner-text\"><p><b>Informatyka<\/b><span style=\"font-weight: 400;\"> to kierunek <\/span><b>studi\u00f3w in\u017cynierskich<\/b><span style=\"font-weight: 400;\"> dla os\u00f3b, kt\u00f3re chc\u0105 zdoby\u0107 praktyczne umiej\u0119tno\u015bci w zakresie projektowania, programowania i zarz\u0105dzania systemami informatycznymi. Program studi\u00f3w obejmuje szeroki zakres zagadnie\u0144 \u2013 od podstaw programowania i baz danych, przez sieci komputerowe i systemy operacyjne, a\u017c po cyberbezpiecze\u0144stwo i technologie webowe. Studenci korzystaj\u0105 z nowoczesnych laboratori\u00f3w komputerowych wyposa\u017conych w specjalistyczne oprogramowanie. Wsp\u00f3\u0142praca z partnerami bran\u017cowymi, w tym firmami technologicznymi, umo\u017cliwia zdobycie praktycznego do\u015bwiadczenia zawodowego ju\u017c w trakcie nauki.<\/span><\/p>\n<p><span style=\"font-weight: 400;\">Absolwenci kierunku s\u0105 przygotowani do pracy w dzia\u0142ach IT, firmach programistycznych, start-upach technologicznych oraz instytucjach publicznych. Studia rozwijaj\u0105 nie tylko kompetencje techniczne, ale tak\u017ce analityczne i projektowe.<\/span><\/p>\n<p><a href=\"https:\/\/humanitas.edu.pl\/oferta-uk\/informatyka\/\">Poznaj Informatyk\u0119! &gt;&gt;<\/a><\/p>\n<p><a href=\"https:\/\/rekrutacja.humanitas.edu.pl\/Default.aspx\">ZAPISZ SI\u0118!&gt;&gt;<\/a><\/p>\n<\/div>\n                        <\/div>\n                    <\/div>\n                                            <\/div>\n        <\/div>\n    <\/section>\n","protected":false},"excerpt":{"rendered":"","protected":false},"author":6,"featured_media":0,"parent":0,"menu_order":0,"comment_status":"closed","ping_status":"closed","template":"","meta":{"_acf_changed":false,"inline_featured_image":false,"footnotes":""},"class_list":["post-15184","page","type-page","status-publish","hentry"],"acf":[],"yoast_head":"<!-- This site is optimized with the Yoast SEO Premium plugin v27.3 (Yoast SEO v27.3) - https:\/\/yoast.com\/product\/yoast-seo-premium-wordpress\/ -->\n<title>Studia in\u017cynierskie - Katowice, Gliwice, Sosnowiec - Akademia Humanitas<\/title>\n<meta name=\"description\" content=\"Poznaj kierunki studi\u00f3w in\u017cynierskich, kt\u00f3re \u0142\u0105cz\u0105 teori\u0119 z praktyk\u0105, rozwijaj\u0105 umiej\u0119tno\u015bci techniczne i skutecznie przygotowuj\u0105 do pracy w r\u00f3\u017cnych bran\u017cach\" \/>\n<meta name=\"robots\" content=\"index, follow, max-snippet:-1, max-image-preview:large, max-video-preview:-1\" \/>\n<link rel=\"canonical\" href=\"https:\/\/humanitas.edu.pl\/uk\/studia-inzynierskie\/\" \/>\n<meta property=\"og:locale\" content=\"en_US\" \/>\n<meta property=\"og:type\" content=\"article\" \/>\n<meta property=\"og:title\" content=\"Studia in\u017cynierskie\" \/>\n<meta property=\"og:description\" content=\"Poznaj kierunki studi\u00f3w in\u017cynierskich, kt\u00f3re \u0142\u0105cz\u0105 teori\u0119 z praktyk\u0105, rozwijaj\u0105 umiej\u0119tno\u015bci techniczne i skutecznie przygotowuj\u0105 do pracy w r\u00f3\u017cnych bran\u017cach\" \/>\n<meta property=\"og:url\" content=\"https:\/\/humanitas.edu.pl\/uk\/studia-inzynierskie\/\" \/>\n<meta property=\"og:site_name\" content=\"Akademia Humanitas\" \/>\n<meta property=\"article:modified_time\" content=\"2026-01-15T12:37:54+00:00\" \/>\n<meta name=\"twitter:card\" content=\"summary_large_image\" \/>\n<meta name=\"twitter:label1\" content=\"Est. reading time\" \/>\n\t<meta name=\"twitter:data1\" content=\"4 minutes\" \/>\n<script type=\"application\/ld+json\" class=\"yoast-schema-graph\">{\"@context\":\"https:\\\/\\\/schema.org\",\"@graph\":[{\"@type\":\"WebPage\",\"@id\":\"https:\\\/\\\/humanitas.edu.pl\\\/uk\\\/studia-inzynierskie\\\/\",\"url\":\"https:\\\/\\\/humanitas.edu.pl\\\/uk\\\/studia-inzynierskie\\\/\",\"name\":\"Studia in\u017cynierskie - Katowice, Gliwice, Sosnowiec - Akademia Humanitas\",\"isPartOf\":{\"@id\":\"https:\\\/\\\/humanitas.edu.pl\\\/uk\\\/#website\"},\"datePublished\":\"2025-12-01T14:35:38+00:00\",\"dateModified\":\"2026-01-15T12:37:54+00:00\",\"description\":\"Poznaj kierunki studi\u00f3w in\u017cynierskich, kt\u00f3re \u0142\u0105cz\u0105 teori\u0119 z praktyk\u0105, rozwijaj\u0105 umiej\u0119tno\u015bci techniczne i skutecznie przygotowuj\u0105 do pracy w r\u00f3\u017cnych bran\u017cach\",\"breadcrumb\":{\"@id\":\"https:\\\/\\\/humanitas.edu.pl\\\/uk\\\/studia-inzynierskie\\\/#breadcrumb\"},\"inLanguage\":\"ua\",\"potentialAction\":[{\"@type\":\"ReadAction\",\"target\":[\"https:\\\/\\\/humanitas.edu.pl\\\/uk\\\/studia-inzynierskie\\\/\"]}]},{\"@type\":\"BreadcrumbList\",\"@id\":\"https:\\\/\\\/humanitas.edu.pl\\\/uk\\\/studia-inzynierskie\\\/#breadcrumb\",\"itemListElement\":[{\"@type\":\"ListItem\",\"position\":1,\"name\":\"Home\",\"item\":\"https:\\\/\\\/humanitas.edu.pl\\\/uk\\\/strona-glowna\\\/\"},{\"@type\":\"ListItem\",\"position\":2,\"name\":\"Studia in\u017cynierskie\"}]},{\"@type\":\"WebSite\",\"@id\":\"https:\\\/\\\/humanitas.edu.pl\\\/uk\\\/#website\",\"url\":\"https:\\\/\\\/humanitas.edu.pl\\\/uk\\\/\",\"name\":\"Akademia Humanitas\",\"description\":\"\",\"potentialAction\":[{\"@type\":\"SearchAction\",\"target\":{\"@type\":\"EntryPoint\",\"urlTemplate\":\"https:\\\/\\\/humanitas.edu.pl\\\/uk\\\/?s={search_term_string}\"},\"query-input\":{\"@type\":\"PropertyValueSpecification\",\"valueRequired\":true,\"valueName\":\"search_term_string\"}}],\"inLanguage\":\"ua\"}]}<\/script>\n<!-- \/ Yoast SEO Premium plugin. -->","yoast_head_json":{"title":"Studia in\u017cynierskie - Katowice, Gliwice, Sosnowiec - Akademia Humanitas","description":"Poznaj kierunki studi\u00f3w in\u017cynierskich, kt\u00f3re \u0142\u0105cz\u0105 teori\u0119 z praktyk\u0105, rozwijaj\u0105 umiej\u0119tno\u015bci techniczne i skutecznie przygotowuj\u0105 do pracy w r\u00f3\u017cnych bran\u017cach","robots":{"index":"index","follow":"follow","max-snippet":"max-snippet:-1","max-image-preview":"max-image-preview:large","max-video-preview":"max-video-preview:-1"},"canonical":"https:\/\/humanitas.edu.pl\/uk\/studia-inzynierskie\/","og_locale":"en_US","og_type":"article","og_title":"Studia in\u017cynierskie","og_description":"Poznaj kierunki studi\u00f3w in\u017cynierskich, kt\u00f3re \u0142\u0105cz\u0105 teori\u0119 z praktyk\u0105, rozwijaj\u0105 umiej\u0119tno\u015bci techniczne i skutecznie przygotowuj\u0105 do pracy w r\u00f3\u017cnych bran\u017cach","og_url":"https:\/\/humanitas.edu.pl\/uk\/studia-inzynierskie\/","og_site_name":"Akademia Humanitas","article_modified_time":"2026-01-15T12:37:54+00:00","twitter_card":"summary_large_image","twitter_misc":{"Est. reading time":"4 minutes"},"schema":{"@context":"https:\/\/schema.org","@graph":[{"@type":"WebPage","@id":"https:\/\/humanitas.edu.pl\/uk\/studia-inzynierskie\/","url":"https:\/\/humanitas.edu.pl\/uk\/studia-inzynierskie\/","name":"Studia in\u017cynierskie - Katowice, Gliwice, Sosnowiec - Akademia Humanitas","isPartOf":{"@id":"https:\/\/humanitas.edu.pl\/uk\/#website"},"datePublished":"2025-12-01T14:35:38+00:00","dateModified":"2026-01-15T12:37:54+00:00","description":"Poznaj kierunki studi\u00f3w in\u017cynierskich, kt\u00f3re \u0142\u0105cz\u0105 teori\u0119 z praktyk\u0105, rozwijaj\u0105 umiej\u0119tno\u015bci techniczne i skutecznie przygotowuj\u0105 do pracy w r\u00f3\u017cnych bran\u017cach","breadcrumb":{"@id":"https:\/\/humanitas.edu.pl\/uk\/studia-inzynierskie\/#breadcrumb"},"inLanguage":"ua","potentialAction":[{"@type":"ReadAction","target":["https:\/\/humanitas.edu.pl\/uk\/studia-inzynierskie\/"]}]},{"@type":"BreadcrumbList","@id":"https:\/\/humanitas.edu.pl\/uk\/studia-inzynierskie\/#breadcrumb","itemListElement":[{"@type":"ListItem","position":1,"name":"Home","item":"https:\/\/humanitas.edu.pl\/uk\/strona-glowna\/"},{"@type":"ListItem","position":2,"name":"Studia in\u017cynierskie"}]},{"@type":"WebSite","@id":"https:\/\/humanitas.edu.pl\/uk\/#website","url":"https:\/\/humanitas.edu.pl\/uk\/","name":"Akademia Humanitas","description":"","potentialAction":[{"@type":"SearchAction","target":{"@type":"EntryPoint","urlTemplate":"https:\/\/humanitas.edu.pl\/uk\/?s={search_term_string}"},"query-input":{"@type":"PropertyValueSpecification","valueRequired":true,"valueName":"search_term_string"}}],"inLanguage":"ua"}]}},"_links":{"self":[{"href":"https:\/\/humanitas.edu.pl\/uk\/wp-json\/wp\/v2\/pages\/15184","targetHints":{"allow":["GET"]}}],"collection":[{"href":"https:\/\/humanitas.edu.pl\/uk\/wp-json\/wp\/v2\/pages"}],"about":[{"href":"https:\/\/humanitas.edu.pl\/uk\/wp-json\/wp\/v2\/types\/page"}],"author":[{"embeddable":true,"href":"https:\/\/humanitas.edu.pl\/uk\/wp-json\/wp\/v2\/users\/6"}],"replies":[{"embeddable":true,"href":"https:\/\/humanitas.edu.pl\/uk\/wp-json\/wp\/v2\/comments?post=15184"}],"version-history":[{"count":5,"href":"https:\/\/humanitas.edu.pl\/uk\/wp-json\/wp\/v2\/pages\/15184\/revisions"}],"predecessor-version":[{"id":17877,"href":"https:\/\/humanitas.edu.pl\/uk\/wp-json\/wp\/v2\/pages\/15184\/revisions\/17877"}],"wp:attachment":[{"href":"https:\/\/humanitas.edu.pl\/uk\/wp-json\/wp\/v2\/media?parent=15184"}],"curies":[{"name":"wp","href":"https:\/\/api.w.org\/{rel}","templated":true}]}}