{"id":12772,"date":"2025-11-04T09:44:50","date_gmt":"2025-11-04T07:44:50","guid":{"rendered":"https:\/\/humanitas.edu.pl\/?page_id=12772"},"modified":"2025-11-28T15:53:36","modified_gmt":"2025-11-28T13:53:36","slug":"mata-edukacyjna-humanitas","status":"publish","type":"page","link":"https:\/\/humanitas.edu.pl\/uk\/mata-edukacyjna-humanitas\/","title":{"rendered":"Mata edukacyjna Humanitas"},"content":{"rendered":"    <section\n        class=\"block-content-with-gallery block-content-with-gallery--white block-content-with-gallery--left\"\n        id=\"block_2643e0e595f03128b96fa0292ca90c9b\">\n                <div class=\"container\">\n            <div class=\"block-content-with-gallery__wrapper\">\n                <div class=\"block-content-with-gallery__gallery js-delay fade-in\">\n                                                                        <figure class=\"block-content-with-gallery__item js-delay-item\">\n                                <img loading=\"lazy\" decoding=\"async\" width=\"1141\" height=\"745\" src=\"https:\/\/humanitas.edu.pl\/wp-content\/uploads\/2025\/10\/mata-6.jpg\" class=\"attachment-full-size size-full-size\" alt=\"\" aria-hidden=\"true\" srcset=\"https:\/\/humanitas.edu.pl\/wp-content\/uploads\/2025\/10\/mata-6.jpg 1141w, https:\/\/humanitas.edu.pl\/wp-content\/uploads\/2025\/10\/mata-6-300x196.jpg 300w, https:\/\/humanitas.edu.pl\/wp-content\/uploads\/2025\/10\/mata-6-1024x669.jpg 1024w, https:\/\/humanitas.edu.pl\/wp-content\/uploads\/2025\/10\/mata-6-768x501.jpg 768w\" sizes=\"(max-width: 1141px) 100vw, 1141px\" \/>                            <\/figure>\n                                                            <\/div>\n                <div id=\"block-69d723f1234054.63533391\" class=\"block-content-with-gallery__content\">\n                    <h2\n                        class=\"block-content-with-gallery__title heading-underline heading-dot fade-in \">\n                        O Macie Edukacyjnej<\/h3>\n                        <div class=\"block-content-with-gallery__text fade-in\">\n\n                                                            <div class=\"block-content-with-gallery__text-full\">\n                                    <p><strong>Mata edukacyjna Humanitas<\/strong>\u00a0to kreatywna pomoc dydaktyczna przeznaczona do pracy z dzie\u0107mi:<\/p>\n<ul>\n<li>w klasach I-III szko\u0142y podstawowej: wykorzystanie kodowania na macie edukacyjnej do realizacji za\u0142o\u017ce\u0144 podstawy programowej,<\/li>\n<li>w spektrum autyzmu\u00a0w ramach zaj\u0119\u0107 rewalidacyjnych (uczniowie m\u0142odsi): rozw\u00f3j umiej\u0119tno\u015bci spo\u0142ecznych i komunikacyjnych,<\/li>\n<li>w wieku przedszkolnym: 1. rozw\u00f3j umiej\u0119tno\u015bci spo\u0142ecznych i komunikacyjnych; 2. obserwacja dzieci pod k\u0105tem ewentualnych zaburze\u0144 w rozwoju; 3. w trakcie zabawy na macie, wprowadzenie do nauki kodowania.<\/li>\n<\/ul>\n<p>Wi\u0119cej szczeg\u00f3\u0142\u00f3w dot. Maty Edukacyjnej w tym pakiety do pracy z narz\u0119dziem oraz podr\u0119czniki ze scenariuszami pracy z mat\u0105 edukacyjn\u0105 &#8211; <a href=\"https:\/\/archiwum.humanitas.edu.pl\/mata_edukacyjna\">TUTAJ<\/a><\/p>\n                                <\/div>\n                            \n                        <\/div>\n                                        <\/div>\n            <\/div>\n        <\/div>\n            <\/section>\n\n    <script>\n        document.addEventListener('DOMContentLoaded', function() {\n            var containerId = \"block-69d723f1234054.63533391\";\n            var container = document.getElementById(containerId);\n\n            if (container) {\n                const button = container.querySelector('.block-content-with-gallery__read-more');\n                const truncated = container.querySelector('.block-content-with-gallery__text-truncated');\n                const full = container.querySelector('.block-content-with-gallery__text-full');\n\n                button.addEventListener('click', function() {\n                    if (truncated.style.display !== 'none') {\n                        truncated.style.display = 'none';\n                        full.style.display = 'block';\n                        button.textContent = button.getAttribute('data-read-less');\n                    } else {\n                        truncated.style.display = 'block';\n                        full.style.display = 'none';\n                        button.textContent = button.getAttribute('data-read-more');\n                    }\n                });\n            }\n        });\n    <\/script>\n\n\n    <section\n        class=\"block-content-with-gallery block-content-with-gallery--light-blue block-content-with-gallery--left\"\n        id=\"block_24bb90dfcea3f6cabec52b451b9bcd96\">\n                    \n<div class=\"triangle triangle--top-left default\">\n    <svg aria-hidden=\"true\" focusable=\"false\" width=\"1440\" height=\"98\" viewBox=\"0 0 1440 98\" fill=\"none\" xmlns=\"http:\/\/www.w3.org\/2000\/svg\">\n<path d=\"M0 98L1440 0H0V98Z\" fill=\"white\"\/>\n<\/svg>\n<\/div>\n                <div class=\"container\">\n            <div class=\"block-content-with-gallery__wrapper\">\n                <div class=\"block-content-with-gallery__gallery js-delay fade-in\">\n                                                                        <figure class=\"block-content-with-gallery__item js-delay-item\">\n                                <img loading=\"lazy\" decoding=\"async\" width=\"798\" height=\"846\" src=\"https:\/\/humanitas.edu.pl\/wp-content\/uploads\/2025\/10\/mata-1.jpg\" class=\"attachment-full-size size-full-size\" alt=\"\" aria-hidden=\"true\" srcset=\"https:\/\/humanitas.edu.pl\/wp-content\/uploads\/2025\/10\/mata-1.jpg 798w, https:\/\/humanitas.edu.pl\/wp-content\/uploads\/2025\/10\/mata-1-283x300.jpg 283w, https:\/\/humanitas.edu.pl\/wp-content\/uploads\/2025\/10\/mata-1-768x814.jpg 768w\" sizes=\"(max-width: 798px) 100vw, 798px\" \/>                            <\/figure>\n                                                                                                <figure class=\"block-content-with-gallery__item js-delay-item\">\n                                <img loading=\"lazy\" decoding=\"async\" width=\"798\" height=\"846\" src=\"https:\/\/humanitas.edu.pl\/wp-content\/uploads\/2025\/10\/mata-3.jpg\" class=\"attachment-full-size size-full-size\" alt=\"\" aria-hidden=\"true\" srcset=\"https:\/\/humanitas.edu.pl\/wp-content\/uploads\/2025\/10\/mata-3.jpg 798w, https:\/\/humanitas.edu.pl\/wp-content\/uploads\/2025\/10\/mata-3-283x300.jpg 283w, https:\/\/humanitas.edu.pl\/wp-content\/uploads\/2025\/10\/mata-3-768x814.jpg 768w\" sizes=\"(max-width: 798px) 100vw, 798px\" \/>                            <\/figure>\n                                                                                                <figure class=\"block-content-with-gallery__item js-delay-item\">\n                                <img loading=\"lazy\" decoding=\"async\" width=\"798\" height=\"846\" src=\"https:\/\/humanitas.edu.pl\/wp-content\/uploads\/2025\/10\/mata-2.jpg\" class=\"attachment-full-size size-full-size\" alt=\"\" aria-hidden=\"true\" srcset=\"https:\/\/humanitas.edu.pl\/wp-content\/uploads\/2025\/10\/mata-2.jpg 798w, https:\/\/humanitas.edu.pl\/wp-content\/uploads\/2025\/10\/mata-2-283x300.jpg 283w, https:\/\/humanitas.edu.pl\/wp-content\/uploads\/2025\/10\/mata-2-768x814.jpg 768w\" sizes=\"(max-width: 798px) 100vw, 798px\" \/>                            <\/figure>\n                                                            <\/div>\n                <div id=\"block-69d723f12786f2.46421447\" class=\"block-content-with-gallery__content\">\n                    <h2\n                        class=\"block-content-with-gallery__title heading-underline heading-dot fade-in \">\n                        Kilka fakt\u00f3w zwi\u0105zanych z narz\u0119dziem<\/h3>\n                        <div class=\"block-content-with-gallery__text fade-in\">\n\n                                                            <div class=\"block-content-with-gallery__text-truncated\">\n                                    <p>Mata edukacyjna proponowana przez Wy\u017csz\u0105 Szko\u0142\u0119 Humanitas ma swoje korzenie w projektach edukacyjnych pt. Eksperci programowania, dofinansowanych z funduszy europejskich &#8211; w ramach programu Polska Cyfrowa.<\/p>\n<p><strong>Narz\u0119dzie zosta\u0142o pozytywnie zwalidowane w ramach:<\/strong><\/p>\n<ul>\n<li>zaj\u0119\u0107 dot. wst\u0119pu do programowania\/kodowania w ramach ww. cyklu projekt\u00f3w edukacyjnych, w kt\u00f3rych pocz\u0105wszy od roku 2017 z mat\u0105 pracowa\u0142o\u00a0<strong>1 334 nauczycieli i\u00a0 17 532 uczni\u00f3w<\/strong>\u00a0edukacji wczesnoszkolnej,<\/li>\n<li>zaj\u0119\u0107 rewalidacyjnych z grupami\/pojedynczymi uczniami m\u0142odszymi z orzeczeniem posiadania zaburze\u0144 ze spektrum autyzmu,<\/li>\n<li>zaj\u0119\u0107 przedszkolnych z grupami dzieci w wieku 4-6 lat.<\/li>\n<\/ul>\n                                <\/div>\n\n                                <div class=\"block-content-with-gallery__text-full\" style=\"display: none;\">\n                                    <p>Mata edukacyjna proponowana przez Akademi\u0119 Humanitas ma swoje korzenie w projektach edukacyjnych pt. Eksperci programowania, dofinansowanych z funduszy europejskich &#8211; w ramach programu Polska Cyfrowa.<\/p>\n<p><strong>Narz\u0119dzie zosta\u0142o pozytywnie zwalidowane w ramach:<\/strong><\/p>\n<ul>\n<li>zaj\u0119\u0107 dot. wst\u0119pu do programowania\/kodowania w ramach ww. cyklu projekt\u00f3w edukacyjnych, w kt\u00f3rych pocz\u0105wszy od roku 2017 z mat\u0105 pracowa\u0142o\u00a0<strong>1 334 nauczycieli i\u00a0 17 532 uczni\u00f3w<\/strong>\u00a0edukacji wczesnoszkolnej,<\/li>\n<li>zaj\u0119\u0107 rewalidacyjnych z grupami\/pojedynczymi uczniami m\u0142odszymi z orzeczeniem posiadania zaburze\u0144 ze spektrum autyzmu,<\/li>\n<li>zaj\u0119\u0107 przedszkolnych z grupami dzieci w wieku 4-6 lat.<\/li>\n<\/ul>\n<h3>Praca z mat\u0105 edukacyjn\u0105 Humanitas pozwala nauczycielowi na:<\/h3>\n<ul>\n<li>budowanie dzieci\u0119cej wiedzy o \u015bwiecie spo\u0142ecznym, przyrodniczym, technicznym,<\/li>\n<li>rozwijanie w dzieciach umiej\u0119tno\u015bci prezentowania swoich przemy\u015ble\u0144 w spos\u00f3b zrozumia\u0142y dla innych,<\/li>\n<li>zapewnienie uczniom lepszych szans edukacyjnych poprzez wspieranie ich ciekawo\u015bci,<br \/>\naktywno\u015bci i samodzielno\u015bci,<\/li>\n<li>kszta\u0142towanie wiadomo\u015bci i\u00a0umiej\u0119tno\u015bci, kt\u00f3re s\u0105 wa\u017cne w edukacji szkolnej,<\/li>\n<li>kszta\u0142towanie umiej\u0119tno\u015bci spo\u0142ecznych dzieci zwi\u0105zanych z porozumiewaniem si\u0119 z doros\u0142ymi, zgodnego funkcjonowania w zabawie,<\/li>\n<li>wspieranie dzieci w rozwoju czynno\u015bci intelektualnych, kt\u00f3re stosuj\u0105 w poznawaniu i rozumieniu siebie i swojego otoczenia,<\/li>\n<li>rozwijanie u dzieci umiej\u0119tno\u015bci pracy w grupie oraz tworzenia projekt\u00f3w w\u0142asnych,<\/li>\n<li>rozwijanie my\u015blenia komputacyjnego uczni\u00f3w przy u\u017cyciu alternatywnych metod &#8211; programowanie na macie.<\/li>\n<\/ul>\n<h3>Czym mata edukacyjna Humanitas r\u00f3\u017cni si\u0119, od innych tego typu narz\u0119dzi<br \/>\ndost\u0119pnych na rynku?<\/h3>\n<ul>\n<li><strong>posiada rozmiar pozwalaj\u0105cy na swobodne poruszanie si\u0119 dzieci po poszczeg\u00f3lnych polach <\/strong>(pojedyncze pole ma wymiar 20x20cm lub 21x21cm w przypadku mat polecanych z zestawem kafli do pracy z dzie\u0107mi w wieku przedszkolnym i uczniami m\u0142odszymi z zaburzeniami ze spektrum autyzmu) \u2013 zatem zaj\u0119cia prowadzone przy jej pomocy s\u0105 r\u00f3wnie\u017c zaj\u0119ciami ruchowymi, zbli\u017conymi do zabawy,\n<div><\/div>\n<\/li>\n<li>jest wykonana z materia\u0142u pozwalaj\u0105cego na bezproblemowe czyszczenie, bezpiecznego dla dzieci,<\/li>\n<li>grafika kafli edukacyjnych zosta\u0142a zaprojektowana z wielk\u0105 dba\u0142o\u015bci\u0105 o szczeg\u00f3\u0142y i estetyk\u0119 poszczeg\u00f3lnych obraz\u00f3w,<\/li>\n<li>kafle o wielko\u015bci 20x20cm\/21x21cm s\u0105 sztywne, r\u0119cznie klejone i bardzo trwa\u0142e,<\/li>\n<li><strong>700 kafli edukacyjnych s\u0142u\u017c\u0105cych do pracy z mat\u0105 podzielonych zosta\u0142o na 37 zestaw\u00f3w tematycznych <\/strong>(w tym dwa zestawy pocz\u0105tkowe do nabycia wy\u0142\u0105cznie z mat\u0105 edukacyjn\u0105), zawieraj\u0105cych od 3 do 46 kafli &#8211; adekwatnie do poszczeg\u00f3lnych obszar\u00f3w jej zastosowania. Plac\u00f3wki mog\u0105 kupowa\u0107 zestawy kafli stopniowo i tylko takie, kt\u00f3re b\u0119d\u0105 wykorzystywane w pracy z dzie\u0107mi w wieku przedszkolnym oraz uczniami klas I\u2013III, w tym r\u00f3wnie\u017c ze spektrum autyzmu, w zakresie realizacji podstawy programowej i nauki programowania.<\/li>\n<\/ul>\n                                <\/div>\n\n                                <button class=\"block-content-with-gallery__read-more\"\n                                    data-read-more=\"Read More\"\n                                    data-read-less=\"Read Less\">\n                                    Read More                                <\/button>\n                            \n                        <\/div>\n                                        <\/div>\n            <\/div>\n        <\/div>\n                    \n<div class=\"triangle triangle--bottom-right default\">\n    <svg aria-hidden=\"true\" focusable=\"false\" width=\"1440\" height=\"98\" viewBox=\"0 0 1440 98\" fill=\"none\" xmlns=\"http:\/\/www.w3.org\/2000\/svg\">\n<path d=\"M1440 0L0 98H1440V0Z\" fill=\"white\"\/>\n<\/svg>\n<\/div>\n            <\/section>\n\n    <script>\n        document.addEventListener('DOMContentLoaded', function() {\n            var containerId = \"block-69d723f12786f2.46421447\";\n            var container = document.getElementById(containerId);\n\n            if (container) {\n                const button = container.querySelector('.block-content-with-gallery__read-more');\n                const truncated = container.querySelector('.block-content-with-gallery__text-truncated');\n                const full = container.querySelector('.block-content-with-gallery__text-full');\n\n                button.addEventListener('click', function() {\n                    if (truncated.style.display !== 'none') {\n                        truncated.style.display = 'none';\n                        full.style.display = 'block';\n                        button.textContent = button.getAttribute('data-read-less');\n                    } else {\n                        truncated.style.display = 'block';\n                        full.style.display = 'none';\n                        button.textContent = button.getAttribute('data-read-more');\n                    }\n                });\n            }\n        });\n    <\/script>\n\n\n\n<section class=\"block-contact-form block-contact-form--with-image\" id=\"block_71bc609fe36bf3b67346f41363a926ad\">\n    <div class=\"container\">\n        <div class=\"block-contact-form__wrapper\">\n            <div class=\"block-contact-form__left\">\n                <h2 class=\"block-contact-form__title heading-underline \">\n                    Skontaktuj si\u0119 z nami<\/h2>\n                <div class=\"block-contact-form__content\">\n                    <p><strong>Biuro Rozwoju i Wsp\u00f3\u0142pracy z Otoczeniem<\/strong><\/p>\n<p>WSPARCIE SPRZEDA\u017bOWE:<br \/>\n<strong>Magdalena Kazimierczuk<\/strong><br \/>\nkom.: +48 539 264 917<br \/>\ne-mail:\u00a0<a href=\"mailto:magdalena.kazimierczuk@humanitas.edu.pl\">magdalena.kazimierczuk@humanitas.edu.pl<\/a><\/p>\n                <\/div>\n                            <\/div>\n            <div class=\"block-contact-form__right\">\n                                    <figure class=\"block-contact-form__image\">\n                                            <\/figure>\n                                            <\/div>\n        <\/div>\n    <\/div>","protected":false},"excerpt":{"rendered":"","protected":false},"author":7,"featured_media":0,"parent":0,"menu_order":0,"comment_status":"closed","ping_status":"closed","template":"","meta":{"_acf_changed":false,"inline_featured_image":false,"footnotes":""},"class_list":["post-12772","page","type-page","status-publish","hentry"],"acf":[],"yoast_head":"<!-- This site is optimized with the Yoast SEO Premium plugin v27.3 (Yoast SEO v27.3) - https:\/\/yoast.com\/product\/yoast-seo-premium-wordpress\/ -->\n<title>Mata edukacyjna Humanitas - Akademia Humanitas<\/title>\n<meta name=\"robots\" content=\"index, follow, max-snippet:-1, max-image-preview:large, max-video-preview:-1\" \/>\n<link rel=\"canonical\" href=\"https:\/\/humanitas.edu.pl\/uk\/mata-edukacyjna-humanitas\/\" \/>\n<meta property=\"og:locale\" content=\"en_US\" \/>\n<meta property=\"og:type\" content=\"article\" \/>\n<meta property=\"og:title\" content=\"Mata edukacyjna Humanitas\" \/>\n<meta property=\"og:url\" content=\"https:\/\/humanitas.edu.pl\/uk\/mata-edukacyjna-humanitas\/\" \/>\n<meta property=\"og:site_name\" content=\"Akademia Humanitas\" \/>\n<meta property=\"article:modified_time\" content=\"2025-11-28T13:53:36+00:00\" \/>\n<meta name=\"twitter:card\" content=\"summary_large_image\" \/>\n<meta name=\"twitter:label1\" content=\"Est. reading time\" \/>\n\t<meta name=\"twitter:data1\" content=\"5 minutes\" \/>\n<script type=\"application\/ld+json\" class=\"yoast-schema-graph\">{\"@context\":\"https:\\\/\\\/schema.org\",\"@graph\":[{\"@type\":\"WebPage\",\"@id\":\"https:\\\/\\\/humanitas.edu.pl\\\/uk\\\/mata-edukacyjna-humanitas\\\/\",\"url\":\"https:\\\/\\\/humanitas.edu.pl\\\/uk\\\/mata-edukacyjna-humanitas\\\/\",\"name\":\"Mata edukacyjna Humanitas - Akademia Humanitas\",\"isPartOf\":{\"@id\":\"https:\\\/\\\/humanitas.edu.pl\\\/uk\\\/#website\"},\"datePublished\":\"2025-11-04T07:44:50+00:00\",\"dateModified\":\"2025-11-28T13:53:36+00:00\",\"breadcrumb\":{\"@id\":\"https:\\\/\\\/humanitas.edu.pl\\\/uk\\\/mata-edukacyjna-humanitas\\\/#breadcrumb\"},\"inLanguage\":\"ua\",\"potentialAction\":[{\"@type\":\"ReadAction\",\"target\":[\"https:\\\/\\\/humanitas.edu.pl\\\/uk\\\/mata-edukacyjna-humanitas\\\/\"]}]},{\"@type\":\"BreadcrumbList\",\"@id\":\"https:\\\/\\\/humanitas.edu.pl\\\/uk\\\/mata-edukacyjna-humanitas\\\/#breadcrumb\",\"itemListElement\":[{\"@type\":\"ListItem\",\"position\":1,\"name\":\"Home\",\"item\":\"https:\\\/\\\/humanitas.edu.pl\\\/uk\\\/strona-glowna\\\/\"},{\"@type\":\"ListItem\",\"position\":2,\"name\":\"Mata edukacyjna Humanitas\"}]},{\"@type\":\"WebSite\",\"@id\":\"https:\\\/\\\/humanitas.edu.pl\\\/uk\\\/#website\",\"url\":\"https:\\\/\\\/humanitas.edu.pl\\\/uk\\\/\",\"name\":\"Akademia Humanitas\",\"description\":\"\",\"potentialAction\":[{\"@type\":\"SearchAction\",\"target\":{\"@type\":\"EntryPoint\",\"urlTemplate\":\"https:\\\/\\\/humanitas.edu.pl\\\/uk\\\/?s={search_term_string}\"},\"query-input\":{\"@type\":\"PropertyValueSpecification\",\"valueRequired\":true,\"valueName\":\"search_term_string\"}}],\"inLanguage\":\"ua\"}]}<\/script>\n<!-- \/ Yoast SEO Premium plugin. -->","yoast_head_json":{"title":"Mata edukacyjna Humanitas - Akademia Humanitas","robots":{"index":"index","follow":"follow","max-snippet":"max-snippet:-1","max-image-preview":"max-image-preview:large","max-video-preview":"max-video-preview:-1"},"canonical":"https:\/\/humanitas.edu.pl\/uk\/mata-edukacyjna-humanitas\/","og_locale":"en_US","og_type":"article","og_title":"Mata edukacyjna Humanitas","og_url":"https:\/\/humanitas.edu.pl\/uk\/mata-edukacyjna-humanitas\/","og_site_name":"Akademia Humanitas","article_modified_time":"2025-11-28T13:53:36+00:00","twitter_card":"summary_large_image","twitter_misc":{"Est. reading time":"5 minutes"},"schema":{"@context":"https:\/\/schema.org","@graph":[{"@type":"WebPage","@id":"https:\/\/humanitas.edu.pl\/uk\/mata-edukacyjna-humanitas\/","url":"https:\/\/humanitas.edu.pl\/uk\/mata-edukacyjna-humanitas\/","name":"Mata edukacyjna Humanitas - Akademia Humanitas","isPartOf":{"@id":"https:\/\/humanitas.edu.pl\/uk\/#website"},"datePublished":"2025-11-04T07:44:50+00:00","dateModified":"2025-11-28T13:53:36+00:00","breadcrumb":{"@id":"https:\/\/humanitas.edu.pl\/uk\/mata-edukacyjna-humanitas\/#breadcrumb"},"inLanguage":"ua","potentialAction":[{"@type":"ReadAction","target":["https:\/\/humanitas.edu.pl\/uk\/mata-edukacyjna-humanitas\/"]}]},{"@type":"BreadcrumbList","@id":"https:\/\/humanitas.edu.pl\/uk\/mata-edukacyjna-humanitas\/#breadcrumb","itemListElement":[{"@type":"ListItem","position":1,"name":"Home","item":"https:\/\/humanitas.edu.pl\/uk\/strona-glowna\/"},{"@type":"ListItem","position":2,"name":"Mata edukacyjna Humanitas"}]},{"@type":"WebSite","@id":"https:\/\/humanitas.edu.pl\/uk\/#website","url":"https:\/\/humanitas.edu.pl\/uk\/","name":"Akademia Humanitas","description":"","potentialAction":[{"@type":"SearchAction","target":{"@type":"EntryPoint","urlTemplate":"https:\/\/humanitas.edu.pl\/uk\/?s={search_term_string}"},"query-input":{"@type":"PropertyValueSpecification","valueRequired":true,"valueName":"search_term_string"}}],"inLanguage":"ua"}]}},"_links":{"self":[{"href":"https:\/\/humanitas.edu.pl\/uk\/wp-json\/wp\/v2\/pages\/12772","targetHints":{"allow":["GET"]}}],"collection":[{"href":"https:\/\/humanitas.edu.pl\/uk\/wp-json\/wp\/v2\/pages"}],"about":[{"href":"https:\/\/humanitas.edu.pl\/uk\/wp-json\/wp\/v2\/types\/page"}],"author":[{"embeddable":true,"href":"https:\/\/humanitas.edu.pl\/uk\/wp-json\/wp\/v2\/users\/7"}],"replies":[{"embeddable":true,"href":"https:\/\/humanitas.edu.pl\/uk\/wp-json\/wp\/v2\/comments?post=12772"}],"version-history":[{"count":8,"href":"https:\/\/humanitas.edu.pl\/uk\/wp-json\/wp\/v2\/pages\/12772\/revisions"}],"predecessor-version":[{"id":15132,"href":"https:\/\/humanitas.edu.pl\/uk\/wp-json\/wp\/v2\/pages\/12772\/revisions\/15132"}],"wp:attachment":[{"href":"https:\/\/humanitas.edu.pl\/uk\/wp-json\/wp\/v2\/media?parent=12772"}],"curies":[{"name":"wp","href":"https:\/\/api.w.org\/{rel}","templated":true}]}}