{"id":12550,"date":"2025-10-20T10:17:51","date_gmt":"2025-10-20T08:17:51","guid":{"rendered":"https:\/\/humanitas.edu.pl\/?page_id=12550"},"modified":"2026-04-02T10:02:30","modified_gmt":"2026-04-02T08:02:30","slug":"siec-wspolpracy-edukacyjnej","status":"publish","type":"page","link":"https:\/\/humanitas.edu.pl\/uk\/siec-wspolpracy-edukacyjnej\/","title":{"rendered":"Sie\u0107 Wsp\u00f3\u0142pracy Edukacyjnej"},"content":{"rendered":"<section class=\"block-hero\">\n        <div class=\"container\">\n        <div class=\"block-hero__wrapper\">\n            \n<section class=\"breadcrumbs breadcrumbs--secondary\">\n    <div class=\"breadcrumbs__wrapper\">\n        <a href=\"https:\/\/humanitas.edu.pl\/uk\/\" class=\"breadcrumbs__link\">\n            \u0413\u043e\u043b\u043e\u0432\u043d\u0430 \u0441\u0442\u043e\u0440\u0456\u043d\u043a\u0430        <\/a>\n        <svg aria-hidden=\"true\" focusable=\"false\" width=\"7\" height=\"7\" viewBox=\"0 0 5.6 9\" xmlns=\"http:\/\/www.w3.org\/2000\/svg\"><path d=\"M1.1 0L0 1.1l3.4 3.4L0 7.9 1.1 9l4.5-4.5z\"\/><\/svg>\n            <\/div>\n<\/section>            <h1 class=\"block-hero__title fade-in heading-underline \">Sie\u0107 Wsp\u00f3\u0142pracy Edukacyjnej<\/h1>\n                    <\/div>\n    <\/div>\n    <\/section>\n<nav class=\"secondary-menu secondary-menu--automatic\">\n    <div class=\"container fade-in\">\n        <ul class=\"secondary-menu__list js-delay\">\n                                                    <li class=\"menu-item js-delay-item\">\n                            <a\n                                href=\"#o-projekcie\"\n                                class=\"secondary-menu__link\"\n                                target=\"_self\"\n                                aria-label=\"O projekcie\"\n                                title=\"O projekcie\">O projekcie<\/a>\n                        <\/li>\n                                        <li class=\"menu-item js-delay-item\">\n                            <a\n                                href=\"#korzysci\"\n                                class=\"secondary-menu__link\"\n                                target=\"_self\"\n                                aria-label=\"Korzy\u015bci\"\n                                title=\"Korzy\u015bci\">Korzy\u015bci<\/a>\n                        <\/li>\n                                        <li class=\"menu-item js-delay-item\">\n                            <a\n                                href=\"#kontakt\"\n                                class=\"secondary-menu__link\"\n                                target=\"_self\"\n                                aria-label=\"Kontakt\"\n                                title=\"Kontakt\">Kontakt<\/a>\n                        <\/li>\n                                    <\/ul>\n    <\/div>\n<\/nav>\n\n    <section\n        class=\"block-content-with-gallery block-content-with-gallery--white block-content-with-gallery--right\"\n        id=\"o-projekcie\">\n                <div class=\"container\">\n            <div class=\"block-content-with-gallery__wrapper\">\n                <div class=\"block-content-with-gallery__gallery js-delay fade-in\">\n                                                                        <figure class=\"block-content-with-gallery__item js-delay-item\">\n                                <img loading=\"lazy\" decoding=\"async\" width=\"560\" height=\"358\" src=\"https:\/\/humanitas.edu.pl\/wp-content\/uploads\/2026\/03\/ppppp-1.png\" class=\"attachment-full-size size-full-size\" alt=\"\" aria-hidden=\"true\" srcset=\"https:\/\/humanitas.edu.pl\/wp-content\/uploads\/2026\/03\/ppppp-1.png 560w, https:\/\/humanitas.edu.pl\/wp-content\/uploads\/2026\/03\/ppppp-1-300x192.png 300w\" sizes=\"(max-width: 560px) 100vw, 560px\" \/>                            <\/figure>\n                                                                                                <figure class=\"block-content-with-gallery__item js-delay-item\">\n                                <img loading=\"lazy\" decoding=\"async\" width=\"400\" height=\"300\" src=\"https:\/\/humanitas.edu.pl\/wp-content\/uploads\/2026\/03\/5-\u2014-kopia.png\" class=\"attachment-full-size size-full-size\" alt=\"\" aria-hidden=\"true\" srcset=\"https:\/\/humanitas.edu.pl\/wp-content\/uploads\/2026\/03\/5-\u2014-kopia.png 400w, https:\/\/humanitas.edu.pl\/wp-content\/uploads\/2026\/03\/5-\u2014-kopia-300x225.png 300w\" sizes=\"(max-width: 400px) 100vw, 400px\" \/>                            <\/figure>\n                                                                                                <figure class=\"block-content-with-gallery__item js-delay-item\">\n                                <img loading=\"lazy\" decoding=\"async\" width=\"400\" height=\"300\" src=\"https:\/\/humanitas.edu.pl\/wp-content\/uploads\/2026\/03\/6-\u2014-kopia.png\" class=\"attachment-full-size size-full-size\" alt=\"\" aria-hidden=\"true\" srcset=\"https:\/\/humanitas.edu.pl\/wp-content\/uploads\/2026\/03\/6-\u2014-kopia.png 400w, https:\/\/humanitas.edu.pl\/wp-content\/uploads\/2026\/03\/6-\u2014-kopia-300x225.png 300w\" sizes=\"(max-width: 400px) 100vw, 400px\" \/>                            <\/figure>\n                                                            <\/div>\n                <div id=\"block-69da2a1cc585e1.51022259\" class=\"block-content-with-gallery__content\">\n                    <h2\n                        class=\"block-content-with-gallery__title heading-underline heading-dot fade-in \">\n                        O projekcie SWE<\/h3>\n                        <div class=\"block-content-with-gallery__text fade-in\">\n\n                                                            <div class=\"block-content-with-gallery__text-full\">\n                                    <div class=\"ewa-rteLine\"><strong>Sie\u0107 Wsp\u00f3\u0142pracy Edukacyjnej<\/strong> to projekt zainicjowany 08.12.2015 roku.<\/div>\n<div class=\"ewa-rteLine\"><\/div>\n<div class=\"ewa-rteLine\">\n<div class=\"x14z9mp xat24cr x1lziwak x1vvkbs xtlvy1s x126k92a\">\n<div dir=\"auto\">Celem naszej inicjatywy jest wzmacnianie potencja\u0142u szkolnictwa wy\u017cszego oraz zacie\u015bnianie relacji z lokalnymi szko\u0142ami. Wsp\u00f3\u0142praca opiera si\u0119 na realizacji warsztat\u00f3w edukacyjnych oraz projekt\u00f3w naukowych, kulturalnych i spo\u0142ecznych \u2013 wszystko po to, by wsp\u00f3lnie tworzy\u0107 siln\u0105 i \u015bwiadom\u0105 spo\u0142eczno\u015b\u0107 edukacyjn\u0105.<\/div>\n<\/div>\n<div class=\"x14z9mp xat24cr x1lziwak x1vvkbs xtlvy1s x126k92a\">\n<div dir=\"auto\">Ka\u017cda kolejna plac\u00f3wka zainteresowana wsp\u00f3\u0142prac\u0105 to dla nas ogromna satysfakcja i jeszcze wi\u0119ksze mo\u017cliwo\u015bci rozwoju w regionie!<\/div>\n<\/div>\n<\/div>\n<div class=\"ewa-rteLine\"><\/div>\n<div><\/div>\n<div class=\"ewa-rteLine\">Na dzie\u0144 dzisiejszy porozumienia o wsp\u00f3\u0142pracy z Uczelni\u0105 podpisa\u0142o 120 plac\u00f3wek edukacyjnych, w\u015br\u00f3d kt\u00f3rych znajduje si\u0119:<\/div>\n<div>\n<ul>\n<li class=\"ewa-rteLine\">59 szk\u00f3\u0142 \u015brednich,<\/li>\n<li class=\"ewa-rteLine\">61 przedszkoli i szk\u00f3\u0142 podstawowych.<\/li>\n<\/ul>\n<\/div>\n<div class=\"ewa-rteLine\">W ramach nawi\u0105zanej wsp\u00f3\u0142pracy, szko\u0142om partnerskim oraz ca\u0142ej ich spo\u0142eczno\u015bci (dyrektorom, nauczycielom, uczniom, rodzicom) przys\u0142uguj\u0105 m.in. zni\u017cki na studia, bezp\u0142atny udzia\u0142 w konferencjach, szkoleniach, warsztatach, prawo bezp\u0142atnego uczestnictwa w wielu wydarzeniach i wyjazdach organizowanych przez Akademi\u0119 Humanitas oraz dost\u0119p do dedykowanej platformy e-learningowej.<\/div>\n                                <\/div>\n                            \n                        <\/div>\n                                        <\/div>\n            <\/div>\n        <\/div>\n            <\/section>\n\n    <script>\n        document.addEventListener('DOMContentLoaded', function() {\n            var containerId = \"block-69da2a1cc585e1.51022259\";\n            var container = document.getElementById(containerId);\n\n            if (container) {\n                const button = container.querySelector('.block-content-with-gallery__read-more');\n                const truncated = container.querySelector('.block-content-with-gallery__text-truncated');\n                const full = container.querySelector('.block-content-with-gallery__text-full');\n\n                button.addEventListener('click', function() {\n                    if (truncated.style.display !== 'none') {\n                        truncated.style.display = 'none';\n                        full.style.display = 'block';\n                        button.textContent = button.getAttribute('data-read-less');\n                    } else {\n                        truncated.style.display = 'block';\n                        full.style.display = 'none';\n                        button.textContent = button.getAttribute('data-read-more');\n                    }\n                });\n            }\n        });\n    <\/script>\n\n\n    <section\n        class=\"block-content-with-gallery block-content-with-gallery--white block-content-with-gallery--left\"\n        id=\"korzysci\">\n                <div class=\"container\">\n            <div class=\"block-content-with-gallery__wrapper\">\n                <div class=\"block-content-with-gallery__gallery js-delay fade-in\">\n                                                                        <figure class=\"block-content-with-gallery__item js-delay-item\">\n                                <img loading=\"lazy\" decoding=\"async\" width=\"1024\" height=\"484\" src=\"https:\/\/humanitas.edu.pl\/wp-content\/uploads\/2026\/03\/wwwwwww.png\" class=\"attachment-full-size size-full-size\" alt=\"\" aria-hidden=\"true\" srcset=\"https:\/\/humanitas.edu.pl\/wp-content\/uploads\/2026\/03\/wwwwwww.png 1024w, https:\/\/humanitas.edu.pl\/wp-content\/uploads\/2026\/03\/wwwwwww-300x142.png 300w, https:\/\/humanitas.edu.pl\/wp-content\/uploads\/2026\/03\/wwwwwww-768x363.png 768w\" sizes=\"(max-width: 1024px) 100vw, 1024px\" \/>                            <\/figure>\n                                                                                                <figure class=\"block-content-with-gallery__item js-delay-item\">\n                                <img loading=\"lazy\" decoding=\"async\" width=\"1342\" height=\"1035\" src=\"https:\/\/humanitas.edu.pl\/wp-content\/uploads\/2026\/03\/622810570_1324904053015205_3988304045764845445_n.jpg\" class=\"attachment-full-size size-full-size\" alt=\"\" aria-hidden=\"true\" srcset=\"https:\/\/humanitas.edu.pl\/wp-content\/uploads\/2026\/03\/622810570_1324904053015205_3988304045764845445_n.jpg 1342w, https:\/\/humanitas.edu.pl\/wp-content\/uploads\/2026\/03\/622810570_1324904053015205_3988304045764845445_n-300x231.jpg 300w, https:\/\/humanitas.edu.pl\/wp-content\/uploads\/2026\/03\/622810570_1324904053015205_3988304045764845445_n-1024x790.jpg 1024w, https:\/\/humanitas.edu.pl\/wp-content\/uploads\/2026\/03\/622810570_1324904053015205_3988304045764845445_n-768x592.jpg 768w\" sizes=\"(max-width: 1342px) 100vw, 1342px\" \/>                            <\/figure>\n                                                                                                <figure class=\"block-content-with-gallery__item js-delay-item\">\n                                <img loading=\"lazy\" decoding=\"async\" width=\"1444\" height=\"981\" src=\"https:\/\/humanitas.edu.pl\/wp-content\/uploads\/2026\/03\/yyyyy.jpg\" class=\"attachment-full-size size-full-size\" alt=\"\" aria-hidden=\"true\" srcset=\"https:\/\/humanitas.edu.pl\/wp-content\/uploads\/2026\/03\/yyyyy.jpg 1444w, https:\/\/humanitas.edu.pl\/wp-content\/uploads\/2026\/03\/yyyyy-300x204.jpg 300w, https:\/\/humanitas.edu.pl\/wp-content\/uploads\/2026\/03\/yyyyy-1024x696.jpg 1024w, https:\/\/humanitas.edu.pl\/wp-content\/uploads\/2026\/03\/yyyyy-768x522.jpg 768w\" sizes=\"(max-width: 1444px) 100vw, 1444px\" \/>                            <\/figure>\n                                                            <\/div>\n                <div id=\"block-69da2a1cd364d7.21935735\" class=\"block-content-with-gallery__content\">\n                    <h2\n                        class=\"block-content-with-gallery__title heading-underline heading-dot fade-in  no-dot\">\n                        Dlaczego warto zosta\u0107 cz\u0142onkiem SWE?<\/h3>\n                        <div class=\"block-content-with-gallery__text fade-in\">\n\n                                                            <div class=\"block-content-with-gallery__text-truncated\">\n                                    <div class=\"ewa-rteLine\"><strong>Korzy\u015bci dla dyrekcji i grona pedagogicznego to przede wszystkim:<\/strong><\/div>\n<ul>\n<li class=\"ewa-rteLine\">mo\u017cliwo\u015b\u0107 korzystania ze specjalistycznych wyk\u0142ad\u00f3w o tematyce wybranej przez szko\u0142y,<\/li>\n<li class=\"ewa-rteLine\">zni\u017cki na udzia\u0142 w konferencjach z cyklu <a href=\"https:\/\/humanitas.edu.pl\/uk\/dyrektor-liderem\/dyrektor-liderem-tutoring-jako-droga-do-rozwoju-szkoly\/\">\u201eDyrektor Liderem\u201d<\/a>,<\/li>\n<li class=\"ewa-rteLine\">zni\u017cki na szkolenia i studia podyplomowe.<\/li>\n<\/ul>\n<div class=\"ewa-rteLine\"><strong>Uczniowie szk\u00f3\u0142 partnerskich maj\u0105 m.in. mo\u017cliwo\u015b\u0107:<\/strong><\/div>\n<ul>\n<li class=\"ewa-rteLine\">otrzymania <a href=\"https:\/\/humanitas.edu.pl\/uk\/zloty-indeks-akademii-humanitas\/\">Z\u0142otego Indeksu<\/a>, upowa\u017cniaj\u0105cego do podj\u0119cia bezp\u0142atnych studi\u00f3w licencjackich lub jednolitych magisterskich,<\/li>\n<li class=\"ewa-rteLine\">skorzystania z dodatkowej zni\u017cki na studia i kursy organizowane na Uczelni,<\/li>\n<li class=\"ewa-rteLine\">udzia\u0142u w wyjazdach i wyk\u0142adach organizowanych dla szk\u00f3\u0142 partnerskich.<\/li>\n<\/ul>\n                                <\/div>\n\n                                <div class=\"block-content-with-gallery__text-full\" style=\"display: none;\">\n                                    <div class=\"ewa-rteLine\"><strong>Korzy\u015bci dla dyrekcji i grona pedagogicznego to przede wszystkim:<\/strong><\/div>\n<ul>\n<li class=\"ewa-rteLine\">mo\u017cliwo\u015b\u0107 korzystania ze specjalistycznych wyk\u0142ad\u00f3w o tematyce wybranej przez szko\u0142y,<\/li>\n<li class=\"ewa-rteLine\">zni\u017cki na udzia\u0142 w konferencjach z cyklu <a href=\"https:\/\/humanitas.edu.pl\/uk\/dyrektor-liderem\/dyrektor-liderem-tutoring-jako-droga-do-rozwoju-szkoly\/\">\u201eDyrektor Liderem\u201d<\/a>,<\/li>\n<li class=\"ewa-rteLine\">zni\u017cki na szkolenia i studia podyplomowe.<\/li>\n<\/ul>\n<div class=\"ewa-rteLine\"><strong>Uczniowie szk\u00f3\u0142 partnerskich maj\u0105 m.in. mo\u017cliwo\u015b\u0107:<\/strong><\/div>\n<ul>\n<li class=\"ewa-rteLine\">otrzymania <a href=\"https:\/\/humanitas.edu.pl\/uk\/zloty-indeks-akademii-humanitas\/\">Z\u0142otego Indeksu<\/a>, upowa\u017cniaj\u0105cego do podj\u0119cia bezp\u0142atnych studi\u00f3w licencjackich lub jednolitych magisterskich,<\/li>\n<li class=\"ewa-rteLine\">skorzystania z dodatkowej zni\u017cki na studia i kursy organizowane na Uczelni,<\/li>\n<li class=\"ewa-rteLine\">udzia\u0142u w wyjazdach i wyk\u0142adach organizowanych dla szk\u00f3\u0142 partnerskich.<\/li>\n<\/ul>\n<div class=\"ewa-rteLine\"><strong>Korzy\u015bci dla rodzic\u00f3w uczni\u00f3w szk\u00f3\u0142 partnerskich to:<\/strong><\/div>\n<ul>\n<li class=\"ewa-rteLine\">dodatkowe zni\u017cki na szkolenia i studia podyplomowe,<\/li>\n<li class=\"ewa-rteLine\">nieodp\u0142atne uczestnictwo w Akademii Rozwoju Rodzica.<\/li>\n<\/ul>\n<div class=\"ewa-rteLine\">Pe\u0142ny zakres korzy\u015bci dla Szk\u00f3\u0142 Partnerskich, wynikaj\u0105cy z partnerstwa w ramach Sieci Wsp\u00f3\u0142pracy Edukacyjnej, mo\u017cna pozna\u0107, zg\u0142aszaj\u0105c ch\u0119\u0107 udzia\u0142u w projekcie.<\/div>\n                                <\/div>\n\n                                <button class=\"block-content-with-gallery__read-more\"\n                                    data-read-more=\"Read More\"\n                                    data-read-less=\"Read Less\">\n                                    Read More                                <\/button>\n                            \n                        <\/div>\n                                                    \n    <a \n        href=\"https:\/\/humanitas.edu.pl\/uk\/zloty-indeks-akademii-humanitas\/\" \n        target=\"\" \n        aria-label=\"Z\u0142oty Indeks Akademii Humanitas\" \n        title=\"Z\u0142oty Indeks Akademii Humanitas\" \n                class=\"button   button-tertiary fade-in button-blue\">\n                Z\u0142oty Indeks Akademii Humanitas        <\/a>\n                                        <\/div>\n            <\/div>\n        <\/div>\n            <\/section>\n\n    <script>\n        document.addEventListener('DOMContentLoaded', function() {\n            var containerId = \"block-69da2a1cd364d7.21935735\";\n            var container = document.getElementById(containerId);\n\n            if (container) {\n                const button = container.querySelector('.block-content-with-gallery__read-more');\n                const truncated = container.querySelector('.block-content-with-gallery__text-truncated');\n                const full = container.querySelector('.block-content-with-gallery__text-full');\n\n                button.addEventListener('click', function() {\n                    if (truncated.style.display !== 'none') {\n                        truncated.style.display = 'none';\n                        full.style.display = 'block';\n                        button.textContent = button.getAttribute('data-read-less');\n                    } else {\n                        truncated.style.display = 'block';\n                        full.style.display = 'none';\n                        button.textContent = button.getAttribute('data-read-more');\n                    }\n                });\n            }\n        });\n    <\/script>\n\n\n\n<section class=\"block-contact-form block-contact-form--with-image\" id=\"kontakt\">\n    <div class=\"container\">\n        <div class=\"block-contact-form__wrapper\">\n            <div class=\"block-contact-form__left\">\n                <h2 class=\"block-contact-form__title heading-underline \">\n                    Skontaktuj si\u0119 z nami<\/h2>\n                <div class=\"block-contact-form__content\">\n                    <p><span data-teams=\"true\"><strong>Malwina Witek<\/strong><br \/>\nKoordynator ds. wsp\u00f3\u0142pracy z otoczeniem<br \/>\nBiuro Rozwoju Uczelni<br \/>\n<a id=\"menur4uq\" class=\"fui-Link ___1q1shib f2hkw1w f3rmtva f1ewtqcl fyind8e f1k6fduh f1w7gpdv fk6fouc fjoy568 figsok6 f1s184ao f1mk8lai fnbmjn9 f1o700av f13mvf36 f1cmlufx f9n3di6 f1ids18y f1tx3yz7 f1deo86v f1eh06m1 f1iescvh fhgqx19 f1olyrje f1p93eir f1nev41a f1h8hb77 f1lqvz6u f10aw75t fsle3fq f17ae5zn\" title=\"mailto:katarzyna.lopacinska@humanitas.edu.pl\" href=\"mailto:katarzyna.lopacinska@humanitas.edu.pl\" target=\"_blank\" rel=\"noreferrer noopener\">malwina.witek@humanitas.edu.pl<\/a><\/span><\/p>\n<p><span data-teams=\"true\"><br \/>\n<strong>Akademia Humanitas<\/strong><br \/>\nul. Kili\u0144skiego 43<br \/>\n41-200 Sosnowiec<br \/>\ntel.: 32 363-12-03, 505 575 142<\/span><\/p>\n                <\/div>\n                            <\/div>\n            <div class=\"block-contact-form__right\">\n                                    <figure class=\"block-contact-form__image\">\n                                            <\/figure>\n                                            <\/div>\n        <\/div>\n    <\/div>","protected":false},"excerpt":{"rendered":"","protected":false},"author":7,"featured_media":0,"parent":0,"menu_order":0,"comment_status":"closed","ping_status":"closed","template":"","meta":{"_acf_changed":false,"inline_featured_image":false,"footnotes":""},"class_list":["post-12550","page","type-page","status-publish","hentry"],"acf":[],"yoast_head":"<!-- This site is optimized with the Yoast SEO Premium plugin v27.3 (Yoast SEO v27.3) - https:\/\/yoast.com\/product\/yoast-seo-premium-wordpress\/ -->\n<title>Sie\u0107 Wsp\u00f3\u0142pracy Edukacyjnej - Akademia Humanitas<\/title>\n<meta name=\"robots\" content=\"index, follow, max-snippet:-1, max-image-preview:large, max-video-preview:-1\" \/>\n<link rel=\"canonical\" href=\"https:\/\/humanitas.edu.pl\/uk\/siec-wspolpracy-edukacyjnej\/\" \/>\n<meta property=\"og:locale\" content=\"en_US\" \/>\n<meta property=\"og:type\" content=\"article\" \/>\n<meta property=\"og:title\" content=\"Sie\u0107 Wsp\u00f3\u0142pracy Edukacyjnej\" \/>\n<meta property=\"og:url\" content=\"https:\/\/humanitas.edu.pl\/uk\/siec-wspolpracy-edukacyjnej\/\" \/>\n<meta property=\"og:site_name\" content=\"Akademia Humanitas\" \/>\n<meta property=\"article:modified_time\" content=\"2026-04-02T08:02:30+00:00\" \/>\n<meta name=\"twitter:card\" content=\"summary_large_image\" \/>\n<meta name=\"twitter:label1\" content=\"Est. reading time\" \/>\n\t<meta name=\"twitter:data1\" content=\"4 minutes\" \/>\n<script type=\"application\/ld+json\" class=\"yoast-schema-graph\">{\"@context\":\"https:\\\/\\\/schema.org\",\"@graph\":[{\"@type\":\"WebPage\",\"@id\":\"https:\\\/\\\/humanitas.edu.pl\\\/uk\\\/siec-wspolpracy-edukacyjnej\\\/\",\"url\":\"https:\\\/\\\/humanitas.edu.pl\\\/uk\\\/siec-wspolpracy-edukacyjnej\\\/\",\"name\":\"Sie\u0107 Wsp\u00f3\u0142pracy Edukacyjnej - Akademia Humanitas\",\"isPartOf\":{\"@id\":\"https:\\\/\\\/humanitas.edu.pl\\\/uk\\\/#website\"},\"datePublished\":\"2025-10-20T08:17:51+00:00\",\"dateModified\":\"2026-04-02T08:02:30+00:00\",\"breadcrumb\":{\"@id\":\"https:\\\/\\\/humanitas.edu.pl\\\/uk\\\/siec-wspolpracy-edukacyjnej\\\/#breadcrumb\"},\"inLanguage\":\"ua\",\"potentialAction\":[{\"@type\":\"ReadAction\",\"target\":[\"https:\\\/\\\/humanitas.edu.pl\\\/uk\\\/siec-wspolpracy-edukacyjnej\\\/\"]}]},{\"@type\":\"BreadcrumbList\",\"@id\":\"https:\\\/\\\/humanitas.edu.pl\\\/uk\\\/siec-wspolpracy-edukacyjnej\\\/#breadcrumb\",\"itemListElement\":[{\"@type\":\"ListItem\",\"position\":1,\"name\":\"Home\",\"item\":\"https:\\\/\\\/humanitas.edu.pl\\\/uk\\\/strona-glowna\\\/\"},{\"@type\":\"ListItem\",\"position\":2,\"name\":\"Sie\u0107 Wsp\u00f3\u0142pracy Edukacyjnej\"}]},{\"@type\":\"WebSite\",\"@id\":\"https:\\\/\\\/humanitas.edu.pl\\\/uk\\\/#website\",\"url\":\"https:\\\/\\\/humanitas.edu.pl\\\/uk\\\/\",\"name\":\"Akademia Humanitas\",\"description\":\"\",\"potentialAction\":[{\"@type\":\"SearchAction\",\"target\":{\"@type\":\"EntryPoint\",\"urlTemplate\":\"https:\\\/\\\/humanitas.edu.pl\\\/uk\\\/?s={search_term_string}\"},\"query-input\":{\"@type\":\"PropertyValueSpecification\",\"valueRequired\":true,\"valueName\":\"search_term_string\"}}],\"inLanguage\":\"ua\"}]}<\/script>\n<!-- \/ Yoast SEO Premium plugin. -->","yoast_head_json":{"title":"Sie\u0107 Wsp\u00f3\u0142pracy Edukacyjnej - Akademia Humanitas","robots":{"index":"index","follow":"follow","max-snippet":"max-snippet:-1","max-image-preview":"max-image-preview:large","max-video-preview":"max-video-preview:-1"},"canonical":"https:\/\/humanitas.edu.pl\/uk\/siec-wspolpracy-edukacyjnej\/","og_locale":"en_US","og_type":"article","og_title":"Sie\u0107 Wsp\u00f3\u0142pracy Edukacyjnej","og_url":"https:\/\/humanitas.edu.pl\/uk\/siec-wspolpracy-edukacyjnej\/","og_site_name":"Akademia Humanitas","article_modified_time":"2026-04-02T08:02:30+00:00","twitter_card":"summary_large_image","twitter_misc":{"Est. reading time":"4 minutes"},"schema":{"@context":"https:\/\/schema.org","@graph":[{"@type":"WebPage","@id":"https:\/\/humanitas.edu.pl\/uk\/siec-wspolpracy-edukacyjnej\/","url":"https:\/\/humanitas.edu.pl\/uk\/siec-wspolpracy-edukacyjnej\/","name":"Sie\u0107 Wsp\u00f3\u0142pracy Edukacyjnej - Akademia Humanitas","isPartOf":{"@id":"https:\/\/humanitas.edu.pl\/uk\/#website"},"datePublished":"2025-10-20T08:17:51+00:00","dateModified":"2026-04-02T08:02:30+00:00","breadcrumb":{"@id":"https:\/\/humanitas.edu.pl\/uk\/siec-wspolpracy-edukacyjnej\/#breadcrumb"},"inLanguage":"ua","potentialAction":[{"@type":"ReadAction","target":["https:\/\/humanitas.edu.pl\/uk\/siec-wspolpracy-edukacyjnej\/"]}]},{"@type":"BreadcrumbList","@id":"https:\/\/humanitas.edu.pl\/uk\/siec-wspolpracy-edukacyjnej\/#breadcrumb","itemListElement":[{"@type":"ListItem","position":1,"name":"Home","item":"https:\/\/humanitas.edu.pl\/uk\/strona-glowna\/"},{"@type":"ListItem","position":2,"name":"Sie\u0107 Wsp\u00f3\u0142pracy Edukacyjnej"}]},{"@type":"WebSite","@id":"https:\/\/humanitas.edu.pl\/uk\/#website","url":"https:\/\/humanitas.edu.pl\/uk\/","name":"Akademia Humanitas","description":"","potentialAction":[{"@type":"SearchAction","target":{"@type":"EntryPoint","urlTemplate":"https:\/\/humanitas.edu.pl\/uk\/?s={search_term_string}"},"query-input":{"@type":"PropertyValueSpecification","valueRequired":true,"valueName":"search_term_string"}}],"inLanguage":"ua"}]}},"_links":{"self":[{"href":"https:\/\/humanitas.edu.pl\/uk\/wp-json\/wp\/v2\/pages\/12550","targetHints":{"allow":["GET"]}}],"collection":[{"href":"https:\/\/humanitas.edu.pl\/uk\/wp-json\/wp\/v2\/pages"}],"about":[{"href":"https:\/\/humanitas.edu.pl\/uk\/wp-json\/wp\/v2\/types\/page"}],"author":[{"embeddable":true,"href":"https:\/\/humanitas.edu.pl\/uk\/wp-json\/wp\/v2\/users\/7"}],"replies":[{"embeddable":true,"href":"https:\/\/humanitas.edu.pl\/uk\/wp-json\/wp\/v2\/comments?post=12550"}],"version-history":[{"count":36,"href":"https:\/\/humanitas.edu.pl\/uk\/wp-json\/wp\/v2\/pages\/12550\/revisions"}],"predecessor-version":[{"id":22896,"href":"https:\/\/humanitas.edu.pl\/uk\/wp-json\/wp\/v2\/pages\/12550\/revisions\/22896"}],"wp:attachment":[{"href":"https:\/\/humanitas.edu.pl\/uk\/wp-json\/wp\/v2\/media?parent=12550"}],"curies":[{"name":"wp","href":"https:\/\/api.w.org\/{rel}","templated":true}]}}