{"id":11057,"date":"2025-09-23T09:17:49","date_gmt":"2025-09-23T09:17:49","guid":{"rendered":"https:\/\/humanitas.edu.pl\/?page_id=11057"},"modified":"2025-09-26T11:52:57","modified_gmt":"2025-09-26T11:52:57","slug":"dyrektor-liderem","status":"publish","type":"page","link":"https:\/\/humanitas.edu.pl\/uk\/dyrektor-liderem\/","title":{"rendered":"Dyrektor Liderem"},"content":{"rendered":"<section class=\"block-hero\">\n        <div class=\"container\">\n        <div class=\"block-hero__wrapper\">\n            \n<section class=\"breadcrumbs breadcrumbs--secondary\">\n    <div class=\"breadcrumbs__wrapper\">\n        <a href=\"https:\/\/humanitas.edu.pl\/uk\/\" class=\"breadcrumbs__link\">\n            \u0413\u043e\u043b\u043e\u0432\u043d\u0430 \u0441\u0442\u043e\u0440\u0456\u043d\u043a\u0430        <\/a>\n        <svg aria-hidden=\"true\" focusable=\"false\" width=\"7\" height=\"7\" viewBox=\"0 0 5.6 9\" xmlns=\"http:\/\/www.w3.org\/2000\/svg\"><path d=\"M1.1 0L0 1.1l3.4 3.4L0 7.9 1.1 9l4.5-4.5z\"\/><\/svg>\n            <\/div>\n<\/section>            <h1 class=\"block-hero__title fade-in heading-underline \">Dyrektor Liderem<\/h1>\n                            <div class=\"block-hero__boxes\">\n                                            \n    <a \n        href=\"https:\/\/humanitas.edu.pl\/dyrektor-liderem\/dyrektor-liderem-tutoring-jako-droga-do-rozwoju-szkoly\/\" \n        target=\"_blank\" \n        aria-label=\"2025\" \n        title=\"2025\" \n        class=\"button-card button-card--primary block-hero__box\">\n                <span class=\"button-card__title\">2025<\/span>\n    <\/a>\n                                            \n    <a \n        href=\"https:\/\/archiwum.humanitas.edu.pl\/Dyrektor_Liderem_Wspierajacej_Szkoly_2024#faq_tab_22692\" \n        target=\"_blank\" \n        aria-label=\"2024\" \n        title=\"2024\" \n        class=\"button-card button-card--primary block-hero__box\">\n                <span class=\"button-card__title\">2024<\/span>\n    <\/a>\n                                            \n    <a \n        href=\"https:\/\/archiwum.humanitas.edu.pl\/Dyrektor_Liderem_Emocjonalne_wsparcie_2023\" \n        target=\"\" \n        aria-label=\"2023\" \n        title=\"2023\" \n        class=\"button-card button-card--primary block-hero__box\">\n                <span class=\"button-card__title\">2023<\/span>\n    <\/a>\n                                    <\/div>\n                    <\/div>\n    <\/div>\n    <\/section>\n<nav class=\"secondary-menu secondary-menu--automatic\">\n    <div class=\"container fade-in\">\n        <ul class=\"secondary-menu__list js-delay\">\n                                                    <li class=\"menu-item js-delay-item\">\n                            <a\n                                href=\"#kontakt\"\n                                class=\"secondary-menu__link\"\n                                target=\"_self\"\n                                aria-label=\"Kontakt\"\n                                title=\"Kontakt\">Kontakt<\/a>\n                        <\/li>\n                                    <\/ul>\n    <\/div>\n<\/nav>\n\n    <section\n        class=\"block-content-with-gallery block-content-with-gallery--white block-content-with-gallery--left\"\n        id=\"block_21b57a0d483e261007679ea6e16619fb\">\n                <div class=\"container\">\n            <div class=\"block-content-with-gallery__wrapper\">\n                <div class=\"block-content-with-gallery__gallery js-delay fade-in\">\n                                                                        <figure class=\"block-content-with-gallery__item js-delay-item\">\n                                <img loading=\"lazy\" decoding=\"async\" width=\"2048\" height=\"1101\" src=\"https:\/\/humanitas.edu.pl\/wp-content\/uploads\/2025\/09\/18eba747-6f80-485b-b0bf-b599fb680687.jpg\" class=\"attachment-full-size size-full-size\" alt=\"\" aria-hidden=\"true\" srcset=\"https:\/\/humanitas.edu.pl\/wp-content\/uploads\/2025\/09\/18eba747-6f80-485b-b0bf-b599fb680687.jpg 2048w, https:\/\/humanitas.edu.pl\/wp-content\/uploads\/2025\/09\/18eba747-6f80-485b-b0bf-b599fb680687-300x161.jpg 300w, https:\/\/humanitas.edu.pl\/wp-content\/uploads\/2025\/09\/18eba747-6f80-485b-b0bf-b599fb680687-1024x551.jpg 1024w, https:\/\/humanitas.edu.pl\/wp-content\/uploads\/2025\/09\/18eba747-6f80-485b-b0bf-b599fb680687-768x413.jpg 768w, https:\/\/humanitas.edu.pl\/wp-content\/uploads\/2025\/09\/18eba747-6f80-485b-b0bf-b599fb680687-1536x826.jpg 1536w\" sizes=\"(max-width: 2048px) 100vw, 2048px\" \/>                            <\/figure>\n                                                            <\/div>\n                <div id=\"block-69e20036eb8071.66545929\" class=\"block-content-with-gallery__content\">\n                    <h2\n                        class=\"block-content-with-gallery__title heading-underline heading-dot fade-in \">\n                        O inicjatywie<\/h3>\n                        <div class=\"block-content-with-gallery__text fade-in\">\n\n                                                            <div class=\"block-content-with-gallery__text-full\">\n                                    <p style=\"text-align: left\"><strong>Akademia Humanitas jest inicjatorem szeregu dzia\u0142a\u0144 propaguj\u0105cych wysok\u0105 jako\u015b\u0107 kszta\u0142cenia, wspieraj\u0105cych rozw\u00f3j edukacji i lokalnego szkolnictwa.<\/strong> Ide\u0105 ich podejmowania jest rozwijanie kluczowych kompetencji pracownik\u00f3w o\u015bwiaty poprzez wydarzenia wysokiej rangi merytorycznej i organizacyjnej &#8211; by nauczanie w \u015bl\u0105skich i zag\u0142\u0119biowskich szko\u0142ach sta\u0142o si\u0119 bezpieczne, efektywne i ciekawe, a umiej\u0119tno\u015bci interpersonalne sprzyja\u0142y przyjaznej komunikacji pomi\u0119dzy nauczycielami, uczniami i ich rodzicami. Stworzenie atmosfery konstruktywnych zmian w zarz\u0105dzaniu plac\u00f3wkami o\u015bwiatowymi, w naszych oczach zapobiegnie m. in. powstawaniu sytuacji trudnych i stresowych dla wszystkich ww. grup.<\/p>\n<p style=\"text-align: left\">Cykl dzia\u0142a\u0144 edukacyjnych\u00a0<strong>&#8220;Dyrektor Liderem&#8221;<\/strong>\u00a0skierowany jest stricte do dyrektor\u00f3w szk\u00f3\u0142, jak r\u00f3wnie\u017c do Naczelnik\u00f3w Wydzia\u0142\u00f3w Edukacji w gminach woj. \u015bl\u0105skiego. Zosta\u0142 zainaugurowany w Akademii Humanitas w roku 2015 konferencj\u0105 zatytu\u0142owan\u0105 \u201eDyrektor Liderem Bezpiecze\u0144stwa\u201d. Od tamtej pory, w corocznie organizowanych konferencjach cyklu, bierze udzia\u0142 \u015brednio od 120 do 250 dyrektor\u00f3w, naczelnik\u00f3w i zaproszonych go\u015bci. Pocz\u0105wszy od konferencji dotycz\u0105cej edukacji w\u0142\u0105czaj\u0105cej, do udzia\u0142u w konferencjach zapraszani s\u0105 r\u00f3wnie\u017c nauczyciele.<\/p>\n                                <\/div>\n                            \n                        <\/div>\n                                        <\/div>\n            <\/div>\n        <\/div>\n            <\/section>\n\n    <script>\n        document.addEventListener('DOMContentLoaded', function() {\n            var containerId = \"block-69e20036eb8071.66545929\";\n            var container = document.getElementById(containerId);\n\n            if (container) {\n                const button = container.querySelector('.block-content-with-gallery__read-more');\n                const truncated = container.querySelector('.block-content-with-gallery__text-truncated');\n                const full = container.querySelector('.block-content-with-gallery__text-full');\n\n                button.addEventListener('click', function() {\n                    if (truncated.style.display !== 'none') {\n                        truncated.style.display = 'none';\n                        full.style.display = 'block';\n                        button.textContent = button.getAttribute('data-read-less');\n                    } else {\n                        truncated.style.display = 'block';\n                        full.style.display = 'none';\n                        button.textContent = button.getAttribute('data-read-more');\n                    }\n                });\n            }\n        });\n    <\/script>\n\n\n    <section\n        class=\"block-content-with-gallery block-content-with-gallery--light-blue block-content-with-gallery--left\"\n        id=\"block_d710d43faa45498f409c0c35a8ecafb0\">\n                    \n<div class=\"triangle triangle--top-left default\">\n    <svg aria-hidden=\"true\" focusable=\"false\" width=\"1440\" height=\"98\" viewBox=\"0 0 1440 98\" fill=\"none\" xmlns=\"http:\/\/www.w3.org\/2000\/svg\">\n<path d=\"M0 98L1440 0H0V98Z\" fill=\"white\"\/>\n<\/svg>\n<\/div>\n                <div class=\"container\">\n            <div class=\"block-content-with-gallery__wrapper\">\n                <div class=\"block-content-with-gallery__gallery js-delay fade-in\">\n                                                                        <figure class=\"block-content-with-gallery__item block-content-with-gallery__item--video js-delay-item\">\n                                <iframe loading=\"lazy\" title=\"Podsumowanie XI Konferencji Dyrektor Liderem Wspieraj\u0105cej Szko\u0142y\" width=\"640\" height=\"360\" src=\"https:\/\/www.youtube.com\/embed\/3h_nZSbp00o?feature=oembed\" frameborder=\"0\" allow=\"accelerometer; autoplay; clipboard-write; encrypted-media; gyroscope; picture-in-picture; web-share\" referrerpolicy=\"strict-origin-when-cross-origin\" allowfullscreen><\/iframe>                            <\/figure>\n                                                            <\/div>\n                <div id=\"block-69e2003733b4a4.67537146\" class=\"block-content-with-gallery__content\">\n                    <h2\n                        class=\"block-content-with-gallery__title heading-underline heading-dot fade-in \">\n                        Podsumowanie XI edycji konferencji Dyrektor Liderem<\/h3>\n                        <div class=\"block-content-with-gallery__text fade-in\">\n\n                                                            <div class=\"block-content-with-gallery__text-full\">\n                                                                    <\/div>\n                            \n                        <\/div>\n                                        <\/div>\n            <\/div>\n        <\/div>\n                    \n<div class=\"triangle triangle--bottom-right default\">\n    <svg aria-hidden=\"true\" focusable=\"false\" width=\"1440\" height=\"98\" viewBox=\"0 0 1440 98\" fill=\"none\" xmlns=\"http:\/\/www.w3.org\/2000\/svg\">\n<path d=\"M1440 0L0 98H1440V0Z\" fill=\"white\"\/>\n<\/svg>\n<\/div>\n            <\/section>\n\n    <script>\n        document.addEventListener('DOMContentLoaded', function() {\n            var containerId = \"block-69e2003733b4a4.67537146\";\n            var container = document.getElementById(containerId);\n\n            if (container) {\n                const button = container.querySelector('.block-content-with-gallery__read-more');\n                const truncated = container.querySelector('.block-content-with-gallery__text-truncated');\n                const full = container.querySelector('.block-content-with-gallery__text-full');\n\n                button.addEventListener('click', function() {\n                    if (truncated.style.display !== 'none') {\n                        truncated.style.display = 'none';\n                        full.style.display = 'block';\n                        button.textContent = button.getAttribute('data-read-less');\n                    } else {\n                        truncated.style.display = 'block';\n                        full.style.display = 'none';\n                        button.textContent = button.getAttribute('data-read-more');\n                    }\n                });\n            }\n        });\n    <\/script>\n\n\n<section\n    class=\"block-content-with-buttons block-content-with-buttons--light-blue block-content-with-buttons--left\"\n    id=\"kontakt\">\n            \n<div class=\"triangle triangle--top-left default\">\n    <svg aria-hidden=\"true\" focusable=\"false\" width=\"1440\" height=\"98\" viewBox=\"0 0 1440 98\" fill=\"none\" xmlns=\"http:\/\/www.w3.org\/2000\/svg\">\n<path d=\"M0 98L1440 0H0V98Z\" fill=\"white\"\/>\n<\/svg>\n<\/div>\n        <div class=\"container\">\n        <div class=\"block-content-with-buttons__wrapper\">\n            <figure\n                class=\"block-content-with-buttons__image fade-in \">\n                            <\/figure>\n            <div class=\"block-content-with-buttons__content\">\n                <h2\n                    class=\"block-content-with-buttons__title heading-underline heading-dot fade-in \">\n                    Kontakt<\/h2>\n                <div class=\"block-content-with-buttons__text fade-in\">\n                    <p><strong>Biuro Konferencji Dyrektor Liderem<br \/>\nAkademia Humanitas<br \/>\n<\/strong>ul. Kili\u0144skiego 43<br \/>\n41-200 Sosnowiec<br \/>\ntel.: 32\u00a0<strong>363 12 03<br \/>\n<\/strong>e-mail: <span data-teams=\"true\">dyrektorliderem@humanitas.edu.pl<\/span><\/p>\n<p><strong>Katarzyna \u0141opaci\u0144ska-Wuzik<br \/>\n<\/strong>Koordynator ds. wsp\u00f3\u0142pracy z otoczeniem<br \/>\ne-mail:\u00a0<a href=\"mailto:katarzyna.lopacinska@humanitas.edu.pl\">katarzyna.lopacinska@humanitas.edu.pl<\/a><br \/>\ntel.<strong> <span data-teams=\"true\">660 467 640<\/span><\/strong><\/p>\n                <\/div>\n                                <div\n                    class=\"block-content-with-buttons__buttons block-content-with-buttons__buttons--without-icons js-delay fade-in\">\n                                    <\/div>\n            <\/div>\n        <\/div>\n    <\/div>\n            \n<div class=\"triangle triangle--bottom-right \">\n    <svg aria-hidden=\"true\" focusable=\"false\" width=\"1440\" height=\"98\" viewBox=\"0 0 1440 98\" fill=\"none\" xmlns=\"http:\/\/www.w3.org\/2000\/svg\">\n<path d=\"M1440 0L0 98H1440V0Z\" fill=\"white\"\/>\n<\/svg>\n<\/div>\n    <\/section>","protected":false},"excerpt":{"rendered":"","protected":false},"author":7,"featured_media":0,"parent":0,"menu_order":0,"comment_status":"closed","ping_status":"closed","template":"","meta":{"_acf_changed":false,"inline_featured_image":false,"footnotes":""},"class_list":["post-11057","page","type-page","status-publish","hentry"],"acf":[],"yoast_head":"<!-- This site is optimized with the Yoast SEO Premium plugin v27.3 (Yoast SEO v27.3) - https:\/\/yoast.com\/product\/yoast-seo-premium-wordpress\/ -->\n<title>Dyrektor Liderem - Akademia Humanitas<\/title>\n<meta name=\"description\" content=\"Kongres Praktyk\u00f3w Biznesu to coroczne wydarzenie, kt\u00f3re \u0142\u0105czy przedsi\u0119biorc\u00f3w i ekspert\u00f3w w dziedzinie innowacji.\" \/>\n<meta name=\"robots\" content=\"index, follow, max-snippet:-1, max-image-preview:large, max-video-preview:-1\" \/>\n<link rel=\"canonical\" href=\"https:\/\/humanitas.edu.pl\/uk\/dyrektor-liderem\/\" \/>\n<meta property=\"og:locale\" content=\"en_US\" \/>\n<meta property=\"og:type\" content=\"article\" \/>\n<meta property=\"og:title\" content=\"Dyrektor Liderem\" \/>\n<meta property=\"og:description\" content=\"Kongres Praktyk\u00f3w Biznesu to coroczne wydarzenie, kt\u00f3re \u0142\u0105czy przedsi\u0119biorc\u00f3w i ekspert\u00f3w w dziedzinie innowacji.\" \/>\n<meta property=\"og:url\" content=\"https:\/\/humanitas.edu.pl\/uk\/dyrektor-liderem\/\" \/>\n<meta property=\"og:site_name\" content=\"Akademia Humanitas\" \/>\n<meta property=\"article:modified_time\" content=\"2025-09-26T11:52:57+00:00\" \/>\n<meta name=\"twitter:card\" content=\"summary_large_image\" \/>\n<meta name=\"twitter:label1\" content=\"Est. reading time\" \/>\n\t<meta name=\"twitter:data1\" content=\"2 minutes\" \/>\n<script type=\"application\/ld+json\" class=\"yoast-schema-graph\">{\"@context\":\"https:\\\/\\\/schema.org\",\"@graph\":[{\"@type\":\"WebPage\",\"@id\":\"https:\\\/\\\/humanitas.edu.pl\\\/uk\\\/dyrektor-liderem\\\/\",\"url\":\"https:\\\/\\\/humanitas.edu.pl\\\/uk\\\/dyrektor-liderem\\\/\",\"name\":\"Dyrektor Liderem - Akademia Humanitas\",\"isPartOf\":{\"@id\":\"https:\\\/\\\/humanitas.edu.pl\\\/uk\\\/#website\"},\"datePublished\":\"2025-09-23T09:17:49+00:00\",\"dateModified\":\"2025-09-26T11:52:57+00:00\",\"description\":\"Kongres Praktyk\u00f3w Biznesu to coroczne wydarzenie, kt\u00f3re \u0142\u0105czy przedsi\u0119biorc\u00f3w i ekspert\u00f3w w dziedzinie innowacji.\",\"breadcrumb\":{\"@id\":\"https:\\\/\\\/humanitas.edu.pl\\\/uk\\\/dyrektor-liderem\\\/#breadcrumb\"},\"inLanguage\":\"ua\",\"potentialAction\":[{\"@type\":\"ReadAction\",\"target\":[\"https:\\\/\\\/humanitas.edu.pl\\\/uk\\\/dyrektor-liderem\\\/\"]}]},{\"@type\":\"BreadcrumbList\",\"@id\":\"https:\\\/\\\/humanitas.edu.pl\\\/uk\\\/dyrektor-liderem\\\/#breadcrumb\",\"itemListElement\":[{\"@type\":\"ListItem\",\"position\":1,\"name\":\"Home\",\"item\":\"https:\\\/\\\/humanitas.edu.pl\\\/uk\\\/strona-glowna\\\/\"},{\"@type\":\"ListItem\",\"position\":2,\"name\":\"Dyrektor Liderem\"}]},{\"@type\":\"WebSite\",\"@id\":\"https:\\\/\\\/humanitas.edu.pl\\\/uk\\\/#website\",\"url\":\"https:\\\/\\\/humanitas.edu.pl\\\/uk\\\/\",\"name\":\"Akademia Humanitas\",\"description\":\"\",\"potentialAction\":[{\"@type\":\"SearchAction\",\"target\":{\"@type\":\"EntryPoint\",\"urlTemplate\":\"https:\\\/\\\/humanitas.edu.pl\\\/uk\\\/?s={search_term_string}\"},\"query-input\":{\"@type\":\"PropertyValueSpecification\",\"valueRequired\":true,\"valueName\":\"search_term_string\"}}],\"inLanguage\":\"ua\"}]}<\/script>\n<!-- \/ Yoast SEO Premium plugin. -->","yoast_head_json":{"title":"Dyrektor Liderem - Akademia Humanitas","description":"Kongres Praktyk\u00f3w Biznesu to coroczne wydarzenie, kt\u00f3re \u0142\u0105czy przedsi\u0119biorc\u00f3w i ekspert\u00f3w w dziedzinie innowacji.","robots":{"index":"index","follow":"follow","max-snippet":"max-snippet:-1","max-image-preview":"max-image-preview:large","max-video-preview":"max-video-preview:-1"},"canonical":"https:\/\/humanitas.edu.pl\/uk\/dyrektor-liderem\/","og_locale":"en_US","og_type":"article","og_title":"Dyrektor Liderem","og_description":"Kongres Praktyk\u00f3w Biznesu to coroczne wydarzenie, kt\u00f3re \u0142\u0105czy przedsi\u0119biorc\u00f3w i ekspert\u00f3w w dziedzinie innowacji.","og_url":"https:\/\/humanitas.edu.pl\/uk\/dyrektor-liderem\/","og_site_name":"Akademia Humanitas","article_modified_time":"2025-09-26T11:52:57+00:00","twitter_card":"summary_large_image","twitter_misc":{"Est. reading time":"2 minutes"},"schema":{"@context":"https:\/\/schema.org","@graph":[{"@type":"WebPage","@id":"https:\/\/humanitas.edu.pl\/uk\/dyrektor-liderem\/","url":"https:\/\/humanitas.edu.pl\/uk\/dyrektor-liderem\/","name":"Dyrektor Liderem - Akademia Humanitas","isPartOf":{"@id":"https:\/\/humanitas.edu.pl\/uk\/#website"},"datePublished":"2025-09-23T09:17:49+00:00","dateModified":"2025-09-26T11:52:57+00:00","description":"Kongres Praktyk\u00f3w Biznesu to coroczne wydarzenie, kt\u00f3re \u0142\u0105czy przedsi\u0119biorc\u00f3w i ekspert\u00f3w w dziedzinie innowacji.","breadcrumb":{"@id":"https:\/\/humanitas.edu.pl\/uk\/dyrektor-liderem\/#breadcrumb"},"inLanguage":"ua","potentialAction":[{"@type":"ReadAction","target":["https:\/\/humanitas.edu.pl\/uk\/dyrektor-liderem\/"]}]},{"@type":"BreadcrumbList","@id":"https:\/\/humanitas.edu.pl\/uk\/dyrektor-liderem\/#breadcrumb","itemListElement":[{"@type":"ListItem","position":1,"name":"Home","item":"https:\/\/humanitas.edu.pl\/uk\/strona-glowna\/"},{"@type":"ListItem","position":2,"name":"Dyrektor Liderem"}]},{"@type":"WebSite","@id":"https:\/\/humanitas.edu.pl\/uk\/#website","url":"https:\/\/humanitas.edu.pl\/uk\/","name":"Akademia Humanitas","description":"","potentialAction":[{"@type":"SearchAction","target":{"@type":"EntryPoint","urlTemplate":"https:\/\/humanitas.edu.pl\/uk\/?s={search_term_string}"},"query-input":{"@type":"PropertyValueSpecification","valueRequired":true,"valueName":"search_term_string"}}],"inLanguage":"ua"}]}},"_links":{"self":[{"href":"https:\/\/humanitas.edu.pl\/uk\/wp-json\/wp\/v2\/pages\/11057","targetHints":{"allow":["GET"]}}],"collection":[{"href":"https:\/\/humanitas.edu.pl\/uk\/wp-json\/wp\/v2\/pages"}],"about":[{"href":"https:\/\/humanitas.edu.pl\/uk\/wp-json\/wp\/v2\/types\/page"}],"author":[{"embeddable":true,"href":"https:\/\/humanitas.edu.pl\/uk\/wp-json\/wp\/v2\/users\/7"}],"replies":[{"embeddable":true,"href":"https:\/\/humanitas.edu.pl\/uk\/wp-json\/wp\/v2\/comments?post=11057"}],"version-history":[{"count":12,"href":"https:\/\/humanitas.edu.pl\/uk\/wp-json\/wp\/v2\/pages\/11057\/revisions"}],"predecessor-version":[{"id":11769,"href":"https:\/\/humanitas.edu.pl\/uk\/wp-json\/wp\/v2\/pages\/11057\/revisions\/11769"}],"wp:attachment":[{"href":"https:\/\/humanitas.edu.pl\/uk\/wp-json\/wp\/v2\/media?parent=11057"}],"curies":[{"name":"wp","href":"https:\/\/api.w.org\/{rel}","templated":true}]}}