{"id":11006,"date":"2025-10-07T08:21:22","date_gmt":"2025-10-07T08:21:22","guid":{"rendered":"https:\/\/humanitas.edu.pl\/?page_id=11006"},"modified":"2025-10-07T08:21:22","modified_gmt":"2025-10-07T08:21:22","slug":"uniwersytet-trzeciego-wieku","status":"publish","type":"page","link":"https:\/\/humanitas.edu.pl\/uk\/uniwersytet-trzeciego-wieku\/","title":{"rendered":"Uniwersytet Trzeciego Wieku"},"content":{"rendered":"<section class=\"block-hero\">\n        <div class=\"container\">\n        <div class=\"block-hero__wrapper\">\n            \n<section class=\"breadcrumbs breadcrumbs--secondary\">\n    <div class=\"breadcrumbs__wrapper\">\n        <a href=\"https:\/\/humanitas.edu.pl\/uk\/\" class=\"breadcrumbs__link\">\n            \u0413\u043e\u043b\u043e\u0432\u043d\u0430 \u0441\u0442\u043e\u0440\u0456\u043d\u043a\u0430        <\/a>\n        <svg aria-hidden=\"true\" focusable=\"false\" width=\"7\" height=\"7\" viewBox=\"0 0 5.6 9\" xmlns=\"http:\/\/www.w3.org\/2000\/svg\"><path d=\"M1.1 0L0 1.1l3.4 3.4L0 7.9 1.1 9l4.5-4.5z\"\/><\/svg>\n            <\/div>\n<\/section>            <h1 class=\"block-hero__title fade-in heading-underline \">Uniwersytet Trzeciego Wieku<\/h1>\n                            <div class=\"block-hero__boxes\">\n                                            \n    <a \n        href=\"#\" \n        target=\"\" \n        aria-label=\"Harmonogram spotka\u0144\" \n        title=\"Harmonogram spotka\u0144\" \n        class=\"button-card button-card--primary block-hero__box\">\n                <span class=\"button-card__title\">Harmonogram spotka\u0144<\/span>\n    <\/a>\n                                            \n    <a \n        href=\"#\" \n        target=\"\" \n        aria-label=\"Rekrutacja\" \n        title=\"Rekrutacja\" \n        class=\"button-card button-card--primary block-hero__box\">\n                <span class=\"button-card__title\">Rekrutacja<\/span>\n    <\/a>\n                                            \n    <a \n        href=\"https:\/\/humanitas.edu.pl\/uk\/kontakt-uk\/uniwersytet-miedzypokoleniowy\/\" \n        target=\"\" \n        aria-label=\"Kontakt\" \n        title=\"Kontakt\" \n        class=\"button-card button-card--primary block-hero__box\">\n                <span class=\"button-card__title\">Kontakt<\/span>\n    <\/a>\n                                            \n    <a \n        href=\"#\" \n        target=\"\" \n        aria-label=\"Facebook\" \n        title=\"Facebook\" \n        class=\"button-card button-card--primary block-hero__box\">\n                <span class=\"button-card__title\">Facebook<\/span>\n    <\/a>\n                                    <\/div>\n                    <\/div>\n    <\/div>\n            \n<div class=\"triangle triangle--bottom-right default\">\n    <svg aria-hidden=\"true\" focusable=\"false\" width=\"1440\" height=\"98\" viewBox=\"0 0 1440 98\" fill=\"none\" xmlns=\"http:\/\/www.w3.org\/2000\/svg\">\n<path d=\"M1440 0L0 98H1440V0Z\" fill=\"white\"\/>\n<\/svg>\n<\/div>\n    <\/section>\n\n\n    <section\n        class=\"block-content-with-gallery block-content-with-gallery--white block-content-with-gallery--left\"\n        id=\"block_b7ce88d4f89075fbc500a50543776896\">\n                <div class=\"container\">\n            <div class=\"block-content-with-gallery__wrapper\">\n                <div class=\"block-content-with-gallery__gallery js-delay fade-in\">\n                                                                        <figure class=\"block-content-with-gallery__item js-delay-item\">\n                                <img loading=\"lazy\" decoding=\"async\" width=\"500\" height=\"264\" src=\"https:\/\/humanitas.edu.pl\/wp-content\/uploads\/2024\/06\/Zakonczenie-UTW-WWW.jpg\" class=\"attachment-full-size size-full-size\" alt=\"\" aria-hidden=\"true\" srcset=\"https:\/\/humanitas.edu.pl\/wp-content\/uploads\/2024\/06\/Zakonczenie-UTW-WWW.jpg 500w, https:\/\/humanitas.edu.pl\/wp-content\/uploads\/2024\/06\/Zakonczenie-UTW-WWW-300x158.jpg 300w\" sizes=\"(max-width: 500px) 100vw, 500px\" \/>                            <\/figure>\n                                                                                                <figure class=\"block-content-with-gallery__item js-delay-item\">\n                                <img loading=\"lazy\" decoding=\"async\" width=\"2048\" height=\"1152\" src=\"https:\/\/humanitas.edu.pl\/wp-content\/uploads\/2024\/06\/UTW-7.jpg\" class=\"attachment-full-size size-full-size\" alt=\"\" aria-hidden=\"true\" srcset=\"https:\/\/humanitas.edu.pl\/wp-content\/uploads\/2024\/06\/UTW-7.jpg 2048w, https:\/\/humanitas.edu.pl\/wp-content\/uploads\/2024\/06\/UTW-7-300x169.jpg 300w, https:\/\/humanitas.edu.pl\/wp-content\/uploads\/2024\/06\/UTW-7-1024x576.jpg 1024w, https:\/\/humanitas.edu.pl\/wp-content\/uploads\/2024\/06\/UTW-7-768x432.jpg 768w, https:\/\/humanitas.edu.pl\/wp-content\/uploads\/2024\/06\/UTW-7-1536x864.jpg 1536w\" sizes=\"(max-width: 2048px) 100vw, 2048px\" \/>                            <\/figure>\n                                                                                                <figure class=\"block-content-with-gallery__item js-delay-item\">\n                                <img loading=\"lazy\" decoding=\"async\" width=\"399\" height=\"266\" src=\"https:\/\/humanitas.edu.pl\/wp-content\/uploads\/2024\/06\/UTW-6.jpg\" class=\"attachment-full-size size-full-size\" alt=\"\" aria-hidden=\"true\" srcset=\"https:\/\/humanitas.edu.pl\/wp-content\/uploads\/2024\/06\/UTW-6.jpg 399w, https:\/\/humanitas.edu.pl\/wp-content\/uploads\/2024\/06\/UTW-6-300x200.jpg 300w\" sizes=\"(max-width: 399px) 100vw, 399px\" \/>                            <\/figure>\n                                                            <\/div>\n                <div id=\"block-69f252beec0cc7.91232939\" class=\"block-content-with-gallery__content\">\n                    <h2\n                        class=\"block-content-with-gallery__title heading-underline heading-dot fade-in \">\n                        O inicjatywie UTW<\/h3>\n                        <div class=\"block-content-with-gallery__text fade-in\">\n\n                                                            <div class=\"block-content-with-gallery__text-full\">\n                                    <p><strong>Uniwersytet Trzeciego Wieku<\/strong> to inicjatywa znana od lat, skierowana do os\u00f3b po 50. roku \u017cycia, emeryt\u00f3w i rencist\u00f3w, kt\u00f3rzy po zako\u0144czeniu aktywno\u015bci zawodowej, uwolniony czas chc\u0105 wykorzysta\u0107 na nauk\u0119 i zdobywanie nowych umiej\u0119tno\u015bci.<\/p>\n<p>Uczestnictwo w zaj\u0119ciach oferowanych przez uniwersytety trzeciego wieku dzia\u0142aj\u0105ce na ca\u0142ym \u015bwiecie pozwala nie tylko na poszerzenie, czy aktualizacj\u0119 wiedzy, ale cz\u0119sto na rozpocz\u0119cie nauki czego\u015b, co w czasie aktywno\u015bci zawodowej s\u0142uchaczy pozostawa\u0142o wy\u0142\u0105cznie w sferze plan\u00f3w.<\/p>\n<p><strong>Nadrz\u0119dnym celem dzia\u0142alno\u015bci uniwersytet\u00f3w trzeciego wieku<\/strong> jest poprawa jako\u015bci \u017cycia os\u00f3b starszych oraz stworzenie warunk\u00f3w dobrego starzenia si\u0119 poprzez systematyczne pog\u0142\u0119bianie swojej wiedzy i prac\u0119 tw\u00f3rcz\u0105 w zespo\u0142ach. Pozosta\u0142e cele to m. in.:<\/p>\n<ul>\n<li>upowszechnianie inicjatyw edukacyjnych;<\/li>\n<li>aktywizacja intelektualna, psychiczna, spo\u0142eczna i fizyczna os\u00f3b starszych;<\/li>\n<li>poszerzanie wiedzy i umiej\u0119tno\u015bci senior\u00f3w;<\/li>\n<li>u\u0142atwianie kontakt\u00f3w z instytucjami takimi jak s\u0142u\u017cba zdrowia, o\u015brodki kultury, o\u015brodkami rehabilitacyjnymi i innymi;<\/li>\n<li>anga\u017cowanie s\u0142uchaczy w aktywno\u015b\u0107 na rzecz otaczaj\u0105cego ich \u015brodowiska;<\/li>\n<li>podtrzymywanie wi\u0119zi spo\u0142ecznych i komunikacji w\u015br\u00f3d senior\u00f3w.<\/li>\n<\/ul>\n                                <\/div>\n                            \n                        <\/div>\n                                        <\/div>\n            <\/div>\n        <\/div>\n            <\/section>\n\n    <script>\n        document.addEventListener('DOMContentLoaded', function() {\n            var containerId = \"block-69f252beec0cc7.91232939\";\n            var container = document.getElementById(containerId);\n\n            if (container) {\n                const button = container.querySelector('.block-content-with-gallery__read-more');\n                const truncated = container.querySelector('.block-content-with-gallery__text-truncated');\n                const full = container.querySelector('.block-content-with-gallery__text-full');\n\n                button.addEventListener('click', function() {\n                    if (truncated.style.display !== 'none') {\n                        truncated.style.display = 'none';\n                        full.style.display = 'block';\n                        button.textContent = button.getAttribute('data-read-less');\n                    } else {\n                        truncated.style.display = 'block';\n                        full.style.display = 'none';\n                        button.textContent = button.getAttribute('data-read-more');\n                    }\n                });\n            }\n        });\n    <\/script>\n\n\n<section\n    class=\"block-content-with-buttons block-content-with-buttons--light-blue block-content-with-buttons--right\"\n    id=\"block_c491b3f3595a0141e92e738aa7603637\">\n            \n<div class=\"triangle triangle--top-left default\">\n    <svg aria-hidden=\"true\" focusable=\"false\" width=\"1440\" height=\"98\" viewBox=\"0 0 1440 98\" fill=\"none\" xmlns=\"http:\/\/www.w3.org\/2000\/svg\">\n<path d=\"M0 98L1440 0H0V98Z\" fill=\"white\"\/>\n<\/svg>\n<\/div>\n        <div class=\"container\">\n        <div class=\"block-content-with-buttons__wrapper\">\n            <figure\n                class=\"block-content-with-buttons__image fade-in \">\n                <img loading=\"lazy\" decoding=\"async\" width=\"2048\" height=\"1152\" src=\"https:\/\/humanitas.edu.pl\/wp-content\/uploads\/2025\/01\/Zakonczenie-UTW-2.jpg\" class=\"attachment-full size-full\" alt=\"\" aria-hidden=\"true\" srcset=\"https:\/\/humanitas.edu.pl\/wp-content\/uploads\/2025\/01\/Zakonczenie-UTW-2.jpg 2048w, https:\/\/humanitas.edu.pl\/wp-content\/uploads\/2025\/01\/Zakonczenie-UTW-2-300x169.jpg 300w, https:\/\/humanitas.edu.pl\/wp-content\/uploads\/2025\/01\/Zakonczenie-UTW-2-1024x576.jpg 1024w, https:\/\/humanitas.edu.pl\/wp-content\/uploads\/2025\/01\/Zakonczenie-UTW-2-768x432.jpg 768w, https:\/\/humanitas.edu.pl\/wp-content\/uploads\/2025\/01\/Zakonczenie-UTW-2-1536x864.jpg 1536w\" sizes=\"(max-width: 2048px) 100vw, 2048px\" \/>            <\/figure>\n            <div class=\"block-content-with-buttons__content\">\n                <h2\n                    class=\"block-content-with-buttons__title heading-underline heading-dot fade-in  no-dot\">\n                    Rekrutacja &#8211; do\u0142\u0105cz do nas!<\/h2>\n                <div class=\"block-content-with-buttons__text fade-in\">\n                    <div id=\"faq_tab_19233_225330_content\" class=\"tab_content\">\n<p><strong>Krok 1<\/strong><\/p>\n<p>Aby zapisa\u0107 si\u0119 do Uniwersytetu Trzeciego Wieku, nale\u017cy wype\u0142ni\u0107 deklaracj\u0119 uczestnictwa dost\u0119pn\u0105 u koordynatora UTW ( pok\u00f3j 010) Akademii Humanitas w Sosnowcu lub wype\u0142ni\u0107 formularz on-line &#8211; <a href=\"https:\/\/humanitas.edu.pl\/wp-content\/uploads\/2025\/09\/Formularz_Uczestnictwa_UTW_NEW.docx\"><strong>KLIKNIJ TUTAJ<\/strong><\/a><\/p>\n<p>UWAGA: deklaracj\u0119 uczestnictwa wype\u0142niaj\u0105 wszyscy S\u0142uchacze UTW, tak\u017ce dotychczasowi (deklaracja musi by\u0107 wype\u0142niana co roku).<\/p>\n<p><strong>Krok 2 <\/strong><\/p>\n<p>Prosimy o wniesienie op\u0142aty rocznej na konto Akademii Humanitas w Sosnowcu<\/p>\n<p>ING Bank \u015al\u0105ski S.A. II Oddzia\u0142 w Sosnowcu<\/p>\n<p>24 1050 1360 1000 0008 0337 9932<\/p>\n<p>W tytule przelewu nale\u017cy wpisa\u0107 UTW oraz imi\u0119 i nazwisko Uczestnika.<\/p>\n<p><strong>Wysoko\u015b\u0107 op\u0142at:<\/strong><\/p>\n<ul>\n<li>160 z\u0142\/os. dla os\u00f3b b\u0119d\u0105cych s\u0142uchaczami UTW AH od przynajmniej 1 roku<\/li>\n<li>200 z\u0142\/os. dla nowych s\u0142uchaczy UTW AH<\/li>\n<\/ul>\n<p><strong>Krok 3 <\/strong><\/p>\n<p>Wype\u0142niony formularz oraz potwierdzenie dokonania op\u0142aty nale\u017cy dostarczy\u0107 do koordynatora UTW ( pok\u00f3j 010) Akademii Humanitas w Sosnowcu\u00a0 lub przes\u0142a\u0107 na adres e-mail: <a href=\"mailto:utw@humanitas.edu.pl\">utw@humanitas.edu.pl<\/a><\/p>\n<\/div>\n                <\/div>\n                                <div\n                    class=\"block-content-with-buttons__buttons block-content-with-buttons__buttons--with-icons js-delay fade-in\">\n                                    <\/div>\n            <\/div>\n        <\/div>\n    <\/div>\n            \n<div class=\"triangle triangle--bottom-right \">\n    <svg aria-hidden=\"true\" focusable=\"false\" width=\"1440\" height=\"98\" viewBox=\"0 0 1440 98\" fill=\"none\" xmlns=\"http:\/\/www.w3.org\/2000\/svg\">\n<path d=\"M1440 0L0 98H1440V0Z\" fill=\"white\"\/>\n<\/svg>\n<\/div>\n    <\/section>\n\n<section\n    class=\"block-content-with-buttons block-content-with-buttons--white block-content-with-buttons--left\"\n    id=\"block_07a5ce3f856f440b3848a094cb02a219\">\n        <div class=\"container\">\n        <div class=\"block-content-with-buttons__wrapper\">\n            <figure\n                class=\"block-content-with-buttons__image fade-in \">\n                            <\/figure>\n            <div class=\"block-content-with-buttons__content\">\n                <h2\n                    class=\"block-content-with-buttons__title heading-underline heading-dot fade-in \">\n                    Instytucje partnerskie<\/h2>\n                <div class=\"block-content-with-buttons__text fade-in\">\n                    <div id=\"faq_tab_19341_151165_content\" class=\"tab_content\">\n<p>UTW Humanitas wsp\u00f3\u0142pracuje z licznymi instytucjami kulturalnymi i spo\u0142ecznymi z regionu m.in.:<\/p>\n<p>&nbsp;<\/p>\n<ul>\n<li>\u00a0<a href=\"http:\/\/rialto.katowice.pl\/\" target=\"_blank\" rel=\"noopener\"><strong>Kinoteatrem Rialto w Katowicach &gt;&gt;<\/strong><\/a><\/li>\n<li>\u00a0<a href=\"https:\/\/www.helios.pl\/22,Sosnowiec\/Repertuar\/\" target=\"_blank\" rel=\"noopener\"><strong>Kinem Helios w Sosnowcu &gt;&gt;<\/strong><\/a><\/li>\n<li>\u00a0<a href=\"http:\/\/www.teatrzaglebia.pl\/\" target=\"_blank\" rel=\"noopener\"><strong>Teatrem Zag\u0142\u0119bia &gt;&gt;<\/strong><\/a><\/li>\n<\/ul>\n<\/div>\n                <\/div>\n                                <div\n                    class=\"block-content-with-buttons__buttons block-content-with-buttons__buttons--with-icons js-delay fade-in\">\n                                    <\/div>\n            <\/div>\n        <\/div>\n    <\/div>\n    <\/section>","protected":false},"excerpt":{"rendered":"","protected":false},"author":6,"featured_media":0,"parent":0,"menu_order":0,"comment_status":"closed","ping_status":"closed","template":"","meta":{"_acf_changed":false,"inline_featured_image":false,"footnotes":""},"class_list":["post-11006","page","type-page","status-publish","hentry"],"acf":[],"yoast_head":"<!-- This site is optimized with the Yoast SEO Premium plugin v27.3 (Yoast SEO v27.3) - https:\/\/yoast.com\/product\/yoast-seo-premium-wordpress\/ -->\n<title>Uniwersytet Trzeciego Wieku - Akademia Humanitas<\/title>\n<meta name=\"robots\" content=\"index, follow, max-snippet:-1, max-image-preview:large, max-video-preview:-1\" \/>\n<link rel=\"canonical\" href=\"https:\/\/humanitas.edu.pl\/uk\/uniwersytet-trzeciego-wieku\/\" \/>\n<meta property=\"og:locale\" content=\"en_US\" \/>\n<meta property=\"og:type\" content=\"article\" \/>\n<meta property=\"og:title\" content=\"Uniwersytet Trzeciego Wieku\" \/>\n<meta property=\"og:url\" content=\"https:\/\/humanitas.edu.pl\/uk\/uniwersytet-trzeciego-wieku\/\" \/>\n<meta property=\"og:site_name\" content=\"Akademia Humanitas\" \/>\n<meta name=\"twitter:card\" content=\"summary_large_image\" \/>\n<meta name=\"twitter:label1\" content=\"Est. reading time\" \/>\n\t<meta name=\"twitter:data1\" content=\"3 minutes\" \/>\n<script type=\"application\/ld+json\" class=\"yoast-schema-graph\">{\"@context\":\"https:\\\/\\\/schema.org\",\"@graph\":[{\"@type\":\"WebPage\",\"@id\":\"https:\\\/\\\/humanitas.edu.pl\\\/uk\\\/uniwersytet-trzeciego-wieku\\\/\",\"url\":\"https:\\\/\\\/humanitas.edu.pl\\\/uk\\\/uniwersytet-trzeciego-wieku\\\/\",\"name\":\"Uniwersytet Trzeciego Wieku - Akademia Humanitas\",\"isPartOf\":{\"@id\":\"https:\\\/\\\/humanitas.edu.pl\\\/uk\\\/#website\"},\"datePublished\":\"2025-10-07T08:21:22+00:00\",\"breadcrumb\":{\"@id\":\"https:\\\/\\\/humanitas.edu.pl\\\/uk\\\/uniwersytet-trzeciego-wieku\\\/#breadcrumb\"},\"inLanguage\":\"ua\",\"potentialAction\":[{\"@type\":\"ReadAction\",\"target\":[\"https:\\\/\\\/humanitas.edu.pl\\\/uk\\\/uniwersytet-trzeciego-wieku\\\/\"]}]},{\"@type\":\"BreadcrumbList\",\"@id\":\"https:\\\/\\\/humanitas.edu.pl\\\/uk\\\/uniwersytet-trzeciego-wieku\\\/#breadcrumb\",\"itemListElement\":[{\"@type\":\"ListItem\",\"position\":1,\"name\":\"Home\",\"item\":\"https:\\\/\\\/humanitas.edu.pl\\\/uk\\\/strona-glowna\\\/\"},{\"@type\":\"ListItem\",\"position\":2,\"name\":\"Uniwersytet Trzeciego Wieku\"}]},{\"@type\":\"WebSite\",\"@id\":\"https:\\\/\\\/humanitas.edu.pl\\\/uk\\\/#website\",\"url\":\"https:\\\/\\\/humanitas.edu.pl\\\/uk\\\/\",\"name\":\"Akademia Humanitas\",\"description\":\"\",\"potentialAction\":[{\"@type\":\"SearchAction\",\"target\":{\"@type\":\"EntryPoint\",\"urlTemplate\":\"https:\\\/\\\/humanitas.edu.pl\\\/uk\\\/?s={search_term_string}\"},\"query-input\":{\"@type\":\"PropertyValueSpecification\",\"valueRequired\":true,\"valueName\":\"search_term_string\"}}],\"inLanguage\":\"ua\"}]}<\/script>\n<!-- \/ Yoast SEO Premium plugin. -->","yoast_head_json":{"title":"Uniwersytet Trzeciego Wieku - Akademia Humanitas","robots":{"index":"index","follow":"follow","max-snippet":"max-snippet:-1","max-image-preview":"max-image-preview:large","max-video-preview":"max-video-preview:-1"},"canonical":"https:\/\/humanitas.edu.pl\/uk\/uniwersytet-trzeciego-wieku\/","og_locale":"en_US","og_type":"article","og_title":"Uniwersytet Trzeciego Wieku","og_url":"https:\/\/humanitas.edu.pl\/uk\/uniwersytet-trzeciego-wieku\/","og_site_name":"Akademia Humanitas","twitter_card":"summary_large_image","twitter_misc":{"Est. reading time":"3 minutes"},"schema":{"@context":"https:\/\/schema.org","@graph":[{"@type":"WebPage","@id":"https:\/\/humanitas.edu.pl\/uk\/uniwersytet-trzeciego-wieku\/","url":"https:\/\/humanitas.edu.pl\/uk\/uniwersytet-trzeciego-wieku\/","name":"Uniwersytet Trzeciego Wieku - Akademia Humanitas","isPartOf":{"@id":"https:\/\/humanitas.edu.pl\/uk\/#website"},"datePublished":"2025-10-07T08:21:22+00:00","breadcrumb":{"@id":"https:\/\/humanitas.edu.pl\/uk\/uniwersytet-trzeciego-wieku\/#breadcrumb"},"inLanguage":"ua","potentialAction":[{"@type":"ReadAction","target":["https:\/\/humanitas.edu.pl\/uk\/uniwersytet-trzeciego-wieku\/"]}]},{"@type":"BreadcrumbList","@id":"https:\/\/humanitas.edu.pl\/uk\/uniwersytet-trzeciego-wieku\/#breadcrumb","itemListElement":[{"@type":"ListItem","position":1,"name":"Home","item":"https:\/\/humanitas.edu.pl\/uk\/strona-glowna\/"},{"@type":"ListItem","position":2,"name":"Uniwersytet Trzeciego Wieku"}]},{"@type":"WebSite","@id":"https:\/\/humanitas.edu.pl\/uk\/#website","url":"https:\/\/humanitas.edu.pl\/uk\/","name":"Akademia Humanitas","description":"","potentialAction":[{"@type":"SearchAction","target":{"@type":"EntryPoint","urlTemplate":"https:\/\/humanitas.edu.pl\/uk\/?s={search_term_string}"},"query-input":{"@type":"PropertyValueSpecification","valueRequired":true,"valueName":"search_term_string"}}],"inLanguage":"ua"}]}},"_links":{"self":[{"href":"https:\/\/humanitas.edu.pl\/uk\/wp-json\/wp\/v2\/pages\/11006","targetHints":{"allow":["GET"]}}],"collection":[{"href":"https:\/\/humanitas.edu.pl\/uk\/wp-json\/wp\/v2\/pages"}],"about":[{"href":"https:\/\/humanitas.edu.pl\/uk\/wp-json\/wp\/v2\/types\/page"}],"author":[{"embeddable":true,"href":"https:\/\/humanitas.edu.pl\/uk\/wp-json\/wp\/v2\/users\/6"}],"replies":[{"embeddable":true,"href":"https:\/\/humanitas.edu.pl\/uk\/wp-json\/wp\/v2\/comments?post=11006"}],"version-history":[{"count":10,"href":"https:\/\/humanitas.edu.pl\/uk\/wp-json\/wp\/v2\/pages\/11006\/revisions"}],"predecessor-version":[{"id":11079,"href":"https:\/\/humanitas.edu.pl\/uk\/wp-json\/wp\/v2\/pages\/11006\/revisions\/11079"}],"wp:attachment":[{"href":"https:\/\/humanitas.edu.pl\/uk\/wp-json\/wp\/v2\/media?parent=11006"}],"curies":[{"name":"wp","href":"https:\/\/api.w.org\/{rel}","templated":true}]}}