{"id":10091,"date":"2025-09-29T09:25:25","date_gmt":"2025-09-29T09:25:25","guid":{"rendered":"https:\/\/humanitas.edu.pl\/?page_id=10091"},"modified":"2026-01-21T11:03:36","modified_gmt":"2026-01-21T09:03:36","slug":"katalog-online","status":"publish","type":"page","link":"https:\/\/humanitas.edu.pl\/uk\/biblioteka\/katalog-online\/","title":{"rendered":"Katalog online"},"content":{"rendered":"<section class=\"block-hero\">\n            <figure class=\"block-hero__background-image\">\n            <img loading=\"lazy\" decoding=\"async\" width=\"1094\" height=\"600\" src=\"https:\/\/humanitas.edu.pl\/wp-content\/uploads\/2024\/02\/1e17d56668bb99ff9d3fb0fa41e906dd-1-1094x600.png\" class=\"attachment-hero size-hero\" alt=\"\" aria-hidden=\"true\" \/>        <\/figure>\n        <div class=\"container\">\n        <div class=\"block-hero__wrapper\">\n            \n<section class=\"breadcrumbs breadcrumbs--secondary\">\n    <div class=\"breadcrumbs__wrapper\">\n        <a href=\"https:\/\/humanitas.edu.pl\/uk\/\" class=\"breadcrumbs__link\">\n            \u0413\u043e\u043b\u043e\u0432\u043d\u0430 \u0441\u0442\u043e\u0440\u0456\u043d\u043a\u0430        <\/a>\n        <svg aria-hidden=\"true\" focusable=\"false\" width=\"7\" height=\"7\" viewBox=\"0 0 5.6 9\" xmlns=\"http:\/\/www.w3.org\/2000\/svg\"><path d=\"M1.1 0L0 1.1l3.4 3.4L0 7.9 1.1 9l4.5-4.5z\"\/><\/svg>\n            <\/div>\n<\/section>            <h1 class=\"block-hero__title fade-in  \">Katalog online<\/h1>\n                    <\/div>\n    <\/div>\n            \n<div class=\"triangle triangle--bottom-right default\">\n    <svg aria-hidden=\"true\" focusable=\"false\" width=\"1440\" height=\"98\" viewBox=\"0 0 1440 98\" fill=\"none\" xmlns=\"http:\/\/www.w3.org\/2000\/svg\">\n<path d=\"M1440 0L0 98H1440V0Z\" fill=\"white\"\/>\n<\/svg>\n<\/div>\n    <\/section>\n\n\n    <section\n        class=\"block-content-with-gallery block-content-with-gallery--white block-content-with-gallery--left\"\n        id=\"block_3760d351ad77d79065f154f197c5c8bd\">\n                <div class=\"container\">\n            <div class=\"block-content-with-gallery__wrapper\">\n                <div class=\"block-content-with-gallery__gallery js-delay fade-in\">\n                                                                        <figure class=\"block-content-with-gallery__item js-delay-item\">\n                                <img loading=\"lazy\" decoding=\"async\" width=\"2048\" height=\"1365\" src=\"https:\/\/humanitas.edu.pl\/wp-content\/uploads\/2025\/05\/DSC08368.jpg\" class=\"attachment-full-size size-full-size\" alt=\"\" aria-hidden=\"true\" srcset=\"https:\/\/humanitas.edu.pl\/wp-content\/uploads\/2025\/05\/DSC08368.jpg 2048w, https:\/\/humanitas.edu.pl\/wp-content\/uploads\/2025\/05\/DSC08368-300x200.jpg 300w, https:\/\/humanitas.edu.pl\/wp-content\/uploads\/2025\/05\/DSC08368-1024x683.jpg 1024w, https:\/\/humanitas.edu.pl\/wp-content\/uploads\/2025\/05\/DSC08368-768x512.jpg 768w, https:\/\/humanitas.edu.pl\/wp-content\/uploads\/2025\/05\/DSC08368-1536x1024.jpg 1536w\" sizes=\"(max-width: 2048px) 100vw, 2048px\" \/>                            <\/figure>\n                                                            <\/div>\n                <div id=\"block-69d8a32a5a0fd5.08853217\" class=\"block-content-with-gallery__content\">\n                    <h2\n                        class=\"block-content-with-gallery__title heading-underline heading-dot fade-in  no-dot\">\n                        Czym jest katalog online?<\/h3>\n                        <div class=\"block-content-with-gallery__text fade-in\">\n\n                                                            <div class=\"block-content-with-gallery__text-truncated\">\n                                    <p>Katalog online s\u0142u\u017cy do przegl\u0105dania, zamawiania oraz rezerwowania pozycji znajduj\u0105cych si\u0119 w naszych zasobach bibliotecznych. Widniej\u0105 w nim tytu\u0142y ksi\u0105\u017cek, czasopism oraz pozycji niemieckoj\u0119zycznego, a tak\u017ce tytu\u0142y ebook\u00f3w z platform IBUK Libra i BIBLIO ebookpoint wykupionych na bie\u017c\u0105cy rok kalendarzowy.<\/p>\n                                <\/div>\n\n                                <div class=\"block-content-with-gallery__text-full\" style=\"display: none;\">\n                                    <p>Katalog online s\u0142u\u017cy do przegl\u0105dania, zamawiania oraz rezerwowania pozycji znajduj\u0105cych si\u0119 w naszych zasobach bibliotecznych. Widniej\u0105 w nim tytu\u0142y ksi\u0105\u017cek, czasopism oraz pozycji niemieckoj\u0119zycznego, a tak\u017ce tytu\u0142y ebook\u00f3w z platform IBUK Libra i BIBLIO ebookpoint wykupionych na bie\u017c\u0105cy rok kalendarzowy.<\/p>\n<p><strong>1. Logowanie<\/strong><\/p>\n<p>Aby zalogowa\u0107 si\u0119 do katalogu bibliotecznego nale\u017cy wybra\u0107 zak\u0142adk\u0119 <strong>\u201ekonto\u201d.<\/strong>\u00a0 Podstawowym sposobem logowania jest logowanie poprzez konto centralne, natomiast je\u015bli si\u0119 to nie uda\u0142o, istnieje opcja logowania kontem lokalnym.<\/p>\n<ul>\n<li>Logowanie kontem centralnym: wybieraj\u0105c t\u0119 opcj\u0119 Czytelnik loguje si\u0119 na swoje konto w Office 365.<\/li>\n<li>Logowanie kontem lokalnym: korzystaj\u0105c z opcji <strong>\u201eNie pami\u0119tasz has\u0142a?\u201d<\/strong> wpisuje si\u0119 adres mailowy podany w procesie rekrutacyjnym. Na ten adres zostanie wygenerowane i wys\u0142ane has\u0142o, a po pierwszym zalogowaniu system wymusi na u\u017cytkowniku jego zmian\u0119.<\/li>\n<\/ul>\n<p><strong>2. Wypo\u017cyczanie<\/strong><\/p>\n<p>Wyszukiwarka w katalogu bibliotecznym posiada trzy zak\u0142adki: ksi\u0105\u017cki, czasopisma oraz ksi\u0119gozbi\u00f3r niemieckoj\u0119zyczny. Poprzez wyszukiwanie proste b\u0105d\u017a zaawansowane znajdujemy pozycje, kt\u00f3re nas interesuj\u0105. Limit wypo\u017cyczeni dla student\u00f3w to 8 ksi\u0105\u017cek na okres 4 tygodni (28 dni).<\/p>\n<ul>\n<li>W katalogu mo\u017cna korzysta\u0107 z opcji <strong>\u201ekoszyk\u201d\u00a0 \u00a0<img loading=\"lazy\" decoding=\"async\" class=\"\" src=\"https:\/\/archiwum.humanitas.edu.pl\/var\/images\/1300x0\/resize\/INSTBibldokuuploreso_qual_80_koszyk.jpg\" alt=\"\" width=\"35\" height=\"30\" data-src=\"https:\/\/archiwum.humanitas.edu.pl\/var\/images\/1300x0\/resize\/INSTBibldokuuploreso_qual_80_koszyk.jpg\" data-srcset=\"https:\/\/archiwum.humanitas.edu.pl\/var\/images\/1300x0\/resize\/INSTBibldokuuploreso_qual_80_resp_400_koszyk.jpg 400w, https:\/\/archiwum.humanitas.edu.pl\/var\/images\/1300x0\/resize\/INSTBibldokuuploreso_qual_80_resp_576_koszyk.jpg 576w, https:\/\/archiwum.humanitas.edu.pl\/var\/images\/1300x0\/resize\/INSTBibldokuuploreso_qual_80_resp_768_koszyk.jpg 768w, https:\/\/archiwum.humanitas.edu.pl\/var\/images\/1300x0\/resize\/INSTBibldokuuploreso_qual_80_resp_992_koszyk.jpg 992w, https:\/\/archiwum.humanitas.edu.pl\/var\/images\/1300x0\/resize\/INSTBibldokuuploreso_qual_80_resp_1200_koszyk.jpg 1200w\" \/> <\/strong>, u\u0142atwi to selekcj\u0119 zaznaczonych pozycji przed wys\u0142aniem zam\u00f3wienia na ksi\u0105\u017cki.<\/li>\n<li>Poza ksi\u0105\u017ckami do wypo\u017cyczenia, s\u0105 dost\u0119pne wersje elektroniczne, do skorzystania na stronach IBUK Libra oraz BIBLIO ebookpoint (popro\u015b o kod dost\u0119pu pracownika biblioteki).<\/li>\n<li>Czasopisma oraz ksi\u0119gozbi\u00f3r niemieckoj\u0119zyczny s\u0105 dost\u0119pne jedynie do pracy w czytelni. Wi\u0119cej informacji na temat niemieckoj\u0119zycznego ksi\u0119gozbioru znajduj\u0105 si\u0119 na stronie: <a href=\"https:\/\/archiwum.humanitas.edu.pl\/biblioteka\/Niemieckojezyczny_ksiegozbior\">https:\/\/www.humanitas.edu.pl\/biblioteka\/Niemieckojezyczny_ksiegozbior<\/a>.<\/li>\n<\/ul>\n<p>Aby wypo\u017cyczy\u0107 dany egzemplarz po wyszukaniu w katalogu konkretnej pozycji nale\u017cy klikn\u0105\u0107 opcj\u0119 <img loading=\"lazy\" decoding=\"async\" class=\"\" src=\"https:\/\/archiwum.humanitas.edu.pl\/var\/images\/1300x0\/resize\/INSTBibldokuuploreso_qual_80_wypo\u017cycz.jpg\" alt=\"\" width=\"95\" height=\"28\" data-src=\"https:\/\/archiwum.humanitas.edu.pl\/var\/images\/1300x0\/resize\/INSTBibldokuuploreso_qual_80_wypo\u017cycz.jpg\" data-srcset=\"https:\/\/archiwum.humanitas.edu.pl\/var\/images\/1300x0\/resize\/INSTBibldokuuploreso_qual_80_resp_400_wypo\u017cycz.jpg 400w, https:\/\/archiwum.humanitas.edu.pl\/var\/images\/1300x0\/resize\/INSTBibldokuuploreso_qual_80_resp_576_wypo\u017cycz.jpg 576w, https:\/\/archiwum.humanitas.edu.pl\/var\/images\/1300x0\/resize\/INSTBibldokuuploreso_qual_80_resp_768_wypo\u017cycz.jpg 768w, https:\/\/archiwum.humanitas.edu.pl\/var\/images\/1300x0\/resize\/INSTBibldokuuploreso_qual_80_resp_992_wypo\u017cycz.jpg 992w, https:\/\/archiwum.humanitas.edu.pl\/var\/images\/1300x0\/resize\/INSTBibldokuuploreso_qual_80_resp_1200_wypo\u017cycz.jpg 1200w\" \/><\/p>\n<ul>\n<li>Klikni\u0119cie wariantu <strong>\u201ewypo\u017cycz\u201d<\/strong> dotyczy zawsze egzemplarza o konkretnym numerze inwentarzowym. To dzia\u0142anie spowoduje, \u017ce wybrana pozycja b\u0119dzie niedost\u0119pna dla innych Czytelnik\u00f3w.<\/li>\n<li>Odbi\u00f3r ksi\u0105\u017cki mo\u017cliwy jest w ci\u0105gu godziny od wys\u0142ania zam\u00f3wienia. Ksi\u0105\u017ck\u0119 nale\u017cy odebra\u0107 w ci\u0105gu 3 dni od momentu z\u0142o\u017cenia rezerwacji. Po up\u0142ywie tego terminu ksi\u0105\u017cka wraca do magazynu.<\/li>\n<li>W przypadku naliczenia kary powy\u017cej 50 z\u0142 konto automatycznie zostaje zablokowane, do momentu uiszczenia zaleg\u0142o\u015bci.<\/li>\n<\/ul>\n<p><strong>3. Zam\u00f3wienia<\/strong><\/p>\n<p>Je\u015bli w wypo\u017cyczalni nie ma \u017cadnego dost\u0119pnego egzemplarza danej ksi\u0105\u017cki Czytelnik mo\u017ce si\u0119 zapisa\u0107 w kolejce wybieraj\u0105c wariant <strong>\u201ezapisz si\u0119\u201d<\/strong>. Oznacza to wpisanie si\u0119 w kolejk\u0119 oczekuj\u0105cych na dany tytu\u0142. Je\u017celi na stanie biblioteki pojawi si\u0119 egzemplarz danego tytu\u0142u zostaje on automatycznie zarezerwowany dla pierwszego z oczekuj\u0105cych w kolejce u\u017cytkownik\u00f3w. Czytelnik otrzymuje tak\u0105 informacj\u0119 na swoj\u0105 skrzynk\u0119 mailow\u0105. Aby zam\u00f3wi\u0107 dany tytu\u0142 nale\u017cy po wyszukaniu w katalogu konkretnej pozycji klikn\u0105\u0107 opcj\u0119\u00a0<img loading=\"lazy\" decoding=\"async\" class=\"\" src=\"https:\/\/archiwum.humanitas.edu.pl\/var\/images\/1300x0\/resize\/INSTBibldokuuploreso_qual_80_zapisz-si\u0119.jpg\" alt=\"\" width=\"85\" height=\"27\" data-src=\"https:\/\/archiwum.humanitas.edu.pl\/var\/images\/1300x0\/resize\/INSTBibldokuuploreso_qual_80_zapisz-si\u0119.jpg\" data-srcset=\"https:\/\/archiwum.humanitas.edu.pl\/var\/images\/1300x0\/resize\/INSTBibldokuuploreso_qual_80_resp_400_zapisz-si\u0119.jpg 400w, https:\/\/archiwum.humanitas.edu.pl\/var\/images\/1300x0\/resize\/INSTBibldokuuploreso_qual_80_resp_576_zapisz-si\u0119.jpg 576w, https:\/\/archiwum.humanitas.edu.pl\/var\/images\/1300x0\/resize\/INSTBibldokuuploreso_qual_80_resp_768_zapisz-si\u0119.jpg 768w, https:\/\/archiwum.humanitas.edu.pl\/var\/images\/1300x0\/resize\/INSTBibldokuuploreso_qual_80_resp_992_zapisz-si\u0119.jpg 992w, https:\/\/archiwum.humanitas.edu.pl\/var\/images\/1300x0\/resize\/INSTBibldokuuploreso_qual_80_resp_1200_zapisz-si\u0119.jpg 1200w\" \/><\/p>\n<ul>\n<li>Materia\u0142y nale\u017cy odebra\u0107 w ci\u0105gu 3 dni od daty otrzymania informacji potwierdzaj\u0105cej mo\u017cliwo\u015b\u0107 wypo\u017cyczenia zam\u00f3wionych ksi\u0105\u017cek. Po tym okresie zostan\u0105 one przekazane do udost\u0119pnienia.<\/li>\n<\/ul>\n<p><strong>4. Prolongata<\/strong><\/p>\n<p>Aby przed\u0142u\u017cy\u0107 termin wypo\u017cyczenia ksi\u0105\u017cek nale\u017cy w katalogu online na swoim koncie w zak\u0142adce <strong>Wypo\u017cyczenia <\/strong>u\u017cy\u0107 przycisku <strong>\u201eprolonguj\u201d<\/strong> znajduj\u0105cego si\u0119 przy konkretnej ksi\u0105\u017cce.<\/p>\n<ul>\n<li>Prolongaty mo\u017cna dokona\u0107 przed up\u0142yni\u0119ciem daty zwrotu.<\/li>\n<li>Ksi\u0105\u017ck\u0119 mo\u017cna prolongowa\u0107 maksymalnie 3 razy (ka\u017cdorazowo na 14 dni).<\/li>\n<\/ul>\n<p><strong>5. Rezygnacja z ksi\u0105\u017cek<\/strong><\/p>\n<p>Je\u017celi Czytelnik biblioteki postanowi zrezygnowa\u0107 z ksi\u0105\u017cek, kt\u00f3re wypo\u017cyczy\u0142 klikaj\u0105c <strong>\u201ewypo\u017cycz\u201d<\/strong> lub na kt\u00f3re zapisa\u0142 si\u0119 w kolejce oczekuj\u0105cych klikaj\u0105c <strong>\u201ezapisz si\u0119\u201d<\/strong> po wej\u015bciu na swoje konto w zak\u0142adce <strong>\u201eoczekuj\u0105ce\u201d<\/strong> nale\u017cy wybra\u0107 opcj\u0119 <strong>\u201erezygnuj\u201d.<\/strong><\/p>\n<p><strong>UWAGA: PO ZAKO\u0143CZENIU PRACY Z SYSTEMEM NALE\u017bY PAMI\u0118TA\u0106 O WYLOGOWANIU SI\u0118 ZE SWOJEGO KONTA.<\/strong><\/p>\n                                <\/div>\n\n                                <button class=\"block-content-with-gallery__read-more\"\n                                    data-read-more=\"Czytaj wi\u0119cej\"\n                                    data-read-less=\"Poka\u017c mniej\">\n                                    Czytaj wi\u0119cej                                <\/button>\n                            \n                        <\/div>\n                                        <\/div>\n            <\/div>\n        <\/div>\n            <\/section>\n\n    <script>\n        document.addEventListener('DOMContentLoaded', function() {\n            var containerId = \"block-69d8a32a5a0fd5.08853217\";\n            var container = document.getElementById(containerId);\n\n            if (container) {\n                const button = container.querySelector('.block-content-with-gallery__read-more');\n                const truncated = container.querySelector('.block-content-with-gallery__text-truncated');\n                const full = container.querySelector('.block-content-with-gallery__text-full');\n\n                button.addEventListener('click', function() {\n                    if (truncated.style.display !== 'none') {\n                        truncated.style.display = 'none';\n                        full.style.display = 'block';\n                        button.textContent = button.getAttribute('data-read-less');\n                    } else {\n                        truncated.style.display = 'block';\n                        full.style.display = 'none';\n                        button.textContent = button.getAttribute('data-read-more');\n                    }\n                });\n            }\n        });\n    <\/script>\n\n\n    <section\n        class=\"block-content-with-gallery block-content-with-gallery--light-blue block-content-with-gallery--right\"\n        id=\"block_783bedaeed87ff31947a420adb7f7e00\">\n                    \n<div class=\"triangle triangle--top-left default\">\n    <svg aria-hidden=\"true\" focusable=\"false\" width=\"1440\" height=\"98\" viewBox=\"0 0 1440 98\" fill=\"none\" xmlns=\"http:\/\/www.w3.org\/2000\/svg\">\n<path d=\"M0 98L1440 0H0V98Z\" fill=\"white\"\/>\n<\/svg>\n<\/div>\n                <div class=\"container\">\n            <div class=\"block-content-with-gallery__wrapper\">\n                <div class=\"block-content-with-gallery__gallery js-delay fade-in\">\n                                                                        <figure class=\"block-content-with-gallery__item js-delay-item\">\n                                                            <\/figure>\n                                                            <\/div>\n                <div id=\"block-69d8a32a5edd65.09845668\" class=\"block-content-with-gallery__content\">\n                    <h2\n                        class=\"block-content-with-gallery__title heading-underline heading-dot fade-in \">\n                        Instrukcja obs\u0142ugi Sowa Mobi<\/h3>\n                        <div class=\"block-content-with-gallery__text fade-in\">\n\n                                                            <div class=\"block-content-with-gallery__text-full\">\n                                    <p><strong>SOWA MOBI \u2013 co to jest?<\/strong><\/p>\n<p>Sowa MOBI to bezp\u0142atna aplikacja mobilna dla Czytelnik\u00f3w, dost\u0119pna na telefony i tablety z systemem Android oraz z systemem iOS. Dzi\u0119ki aplikacji mo\u017cna przegl\u0105da\u0107 zasoby biblioteczne, wypo\u017cycza\u0107 ksi\u0105\u017cki, czy te\u017c prolongowa\u0107 termin ich zwrotu.<\/p>\n<p>Poni\u017cej znajduje si\u0119 do pobrania za\u0142\u0105cznik zawieraj\u0105cy instrukcj\u0119 obs\u0142ugi aplikacji:<\/p>\n<p><a href=\"https:\/\/humanitas.edu.pl\/wp-content\/uploads\/2025\/10\/NOWA-INSTRUKCJA-OBSLUGI-APLIKACJI-MOBILNEJ.pdf\">Instrukcja obs\u0142ugi aplikacji mobilnej Sowa MOBI &#8211; pobierz<\/a><\/p>\n<p>Wszelkie informacje dotycz\u0105ce aplikacji Sowa MOBI znajdziesz na stronie internetowej: <a href=\"https:\/\/mobi.sowa.pl\/\">https:\/\/mobi.sowa.pl\/<\/a>.<\/p>\n<p>&nbsp;<\/p>\n<p>W razie pyta\u0144 skontaktuj si\u0119 z pracownikami naszej biblioteki<\/p>\n                                <\/div>\n                            \n                        <\/div>\n                                                    \n    <a \n        href=\"https:\/\/humanitas.edu.pl\/kontakt-uk\/biblioteka\/\" \n        target=\"\" \n        aria-label=\"Biblioteka\" \n        title=\"Biblioteka\" \n                class=\"button   button-tertiary fade-in button-blue\">\n                Biblioteka        <\/a>\n                                        <\/div>\n            <\/div>\n        <\/div>\n                    \n<div class=\"triangle triangle--bottom-right default\">\n    <svg aria-hidden=\"true\" focusable=\"false\" width=\"1440\" height=\"98\" viewBox=\"0 0 1440 98\" fill=\"none\" xmlns=\"http:\/\/www.w3.org\/2000\/svg\">\n<path d=\"M1440 0L0 98H1440V0Z\" fill=\"white\"\/>\n<\/svg>\n<\/div>\n            <\/section>\n\n    <script>\n        document.addEventListener('DOMContentLoaded', function() {\n            var containerId = \"block-69d8a32a5edd65.09845668\";\n            var container = document.getElementById(containerId);\n\n            if (container) {\n                const button = container.querySelector('.block-content-with-gallery__read-more');\n                const truncated = container.querySelector('.block-content-with-gallery__text-truncated');\n                const full = container.querySelector('.block-content-with-gallery__text-full');\n\n                button.addEventListener('click', function() {\n                    if (truncated.style.display !== 'none') {\n                        truncated.style.display = 'none';\n                        full.style.display = 'block';\n                        button.textContent = button.getAttribute('data-read-less');\n                    } else {\n                        truncated.style.display = 'block';\n                        full.style.display = 'none';\n                        button.textContent = button.getAttribute('data-read-more');\n                    }\n                });\n            }\n        });\n    <\/script>\n","protected":false},"excerpt":{"rendered":"","protected":false},"author":6,"featured_media":0,"parent":3027,"menu_order":0,"comment_status":"closed","ping_status":"closed","template":"","meta":{"_acf_changed":false,"inline_featured_image":false,"footnotes":""},"class_list":["post-10091","page","type-page","status-publish","hentry"],"acf":[],"yoast_head":"<!-- This site is optimized with the Yoast SEO Premium plugin v27.3 (Yoast SEO v27.3) - https:\/\/yoast.com\/product\/yoast-seo-premium-wordpress\/ -->\n<title>Katalog online - Akademia Humanitas<\/title>\n<meta name=\"robots\" content=\"index, follow, max-snippet:-1, max-image-preview:large, max-video-preview:-1\" \/>\n<link rel=\"canonical\" href=\"https:\/\/humanitas.edu.pl\/uk\/biblioteka\/katalog-online\/\" \/>\n<meta property=\"og:locale\" content=\"en_US\" \/>\n<meta property=\"og:type\" content=\"article\" \/>\n<meta property=\"og:title\" content=\"Katalog online\" \/>\n<meta property=\"og:url\" content=\"https:\/\/humanitas.edu.pl\/uk\/biblioteka\/katalog-online\/\" \/>\n<meta property=\"og:site_name\" content=\"Akademia Humanitas\" \/>\n<meta property=\"article:modified_time\" content=\"2026-01-21T09:03:36+00:00\" \/>\n<meta name=\"twitter:card\" content=\"summary_large_image\" \/>\n<meta name=\"twitter:label1\" content=\"Est. reading time\" \/>\n\t<meta name=\"twitter:data1\" content=\"5 minutes\" \/>\n<script type=\"application\/ld+json\" class=\"yoast-schema-graph\">{\"@context\":\"https:\\\/\\\/schema.org\",\"@graph\":[{\"@type\":\"WebPage\",\"@id\":\"https:\\\/\\\/humanitas.edu.pl\\\/uk\\\/biblioteka\\\/katalog-online\\\/\",\"url\":\"https:\\\/\\\/humanitas.edu.pl\\\/uk\\\/biblioteka\\\/katalog-online\\\/\",\"name\":\"Katalog online - Akademia Humanitas\",\"isPartOf\":{\"@id\":\"https:\\\/\\\/humanitas.edu.pl\\\/uk\\\/#website\"},\"datePublished\":\"2025-09-29T09:25:25+00:00\",\"dateModified\":\"2026-01-21T09:03:36+00:00\",\"breadcrumb\":{\"@id\":\"https:\\\/\\\/humanitas.edu.pl\\\/uk\\\/biblioteka\\\/katalog-online\\\/#breadcrumb\"},\"inLanguage\":\"ua\",\"potentialAction\":[{\"@type\":\"ReadAction\",\"target\":[\"https:\\\/\\\/humanitas.edu.pl\\\/uk\\\/biblioteka\\\/katalog-online\\\/\"]}]},{\"@type\":\"BreadcrumbList\",\"@id\":\"https:\\\/\\\/humanitas.edu.pl\\\/uk\\\/biblioteka\\\/katalog-online\\\/#breadcrumb\",\"itemListElement\":[{\"@type\":\"ListItem\",\"position\":1,\"name\":\"Home\",\"item\":\"https:\\\/\\\/humanitas.edu.pl\\\/uk\\\/strona-glowna\\\/\"},{\"@type\":\"ListItem\",\"position\":2,\"name\":\"Biblioteka\",\"item\":\"https:\\\/\\\/humanitas.edu.pl\\\/uk\\\/biblioteka\\\/\"},{\"@type\":\"ListItem\",\"position\":3,\"name\":\"Katalog online\"}]},{\"@type\":\"WebSite\",\"@id\":\"https:\\\/\\\/humanitas.edu.pl\\\/uk\\\/#website\",\"url\":\"https:\\\/\\\/humanitas.edu.pl\\\/uk\\\/\",\"name\":\"Akademia Humanitas\",\"description\":\"\",\"potentialAction\":[{\"@type\":\"SearchAction\",\"target\":{\"@type\":\"EntryPoint\",\"urlTemplate\":\"https:\\\/\\\/humanitas.edu.pl\\\/uk\\\/?s={search_term_string}\"},\"query-input\":{\"@type\":\"PropertyValueSpecification\",\"valueRequired\":true,\"valueName\":\"search_term_string\"}}],\"inLanguage\":\"ua\"}]}<\/script>\n<!-- \/ Yoast SEO Premium plugin. -->","yoast_head_json":{"title":"Katalog online - Akademia Humanitas","robots":{"index":"index","follow":"follow","max-snippet":"max-snippet:-1","max-image-preview":"max-image-preview:large","max-video-preview":"max-video-preview:-1"},"canonical":"https:\/\/humanitas.edu.pl\/uk\/biblioteka\/katalog-online\/","og_locale":"en_US","og_type":"article","og_title":"Katalog online","og_url":"https:\/\/humanitas.edu.pl\/uk\/biblioteka\/katalog-online\/","og_site_name":"Akademia Humanitas","article_modified_time":"2026-01-21T09:03:36+00:00","twitter_card":"summary_large_image","twitter_misc":{"Est. reading time":"5 minutes"},"schema":{"@context":"https:\/\/schema.org","@graph":[{"@type":"WebPage","@id":"https:\/\/humanitas.edu.pl\/uk\/biblioteka\/katalog-online\/","url":"https:\/\/humanitas.edu.pl\/uk\/biblioteka\/katalog-online\/","name":"Katalog online - Akademia Humanitas","isPartOf":{"@id":"https:\/\/humanitas.edu.pl\/uk\/#website"},"datePublished":"2025-09-29T09:25:25+00:00","dateModified":"2026-01-21T09:03:36+00:00","breadcrumb":{"@id":"https:\/\/humanitas.edu.pl\/uk\/biblioteka\/katalog-online\/#breadcrumb"},"inLanguage":"ua","potentialAction":[{"@type":"ReadAction","target":["https:\/\/humanitas.edu.pl\/uk\/biblioteka\/katalog-online\/"]}]},{"@type":"BreadcrumbList","@id":"https:\/\/humanitas.edu.pl\/uk\/biblioteka\/katalog-online\/#breadcrumb","itemListElement":[{"@type":"ListItem","position":1,"name":"Home","item":"https:\/\/humanitas.edu.pl\/uk\/strona-glowna\/"},{"@type":"ListItem","position":2,"name":"Biblioteka","item":"https:\/\/humanitas.edu.pl\/uk\/biblioteka\/"},{"@type":"ListItem","position":3,"name":"Katalog online"}]},{"@type":"WebSite","@id":"https:\/\/humanitas.edu.pl\/uk\/#website","url":"https:\/\/humanitas.edu.pl\/uk\/","name":"Akademia Humanitas","description":"","potentialAction":[{"@type":"SearchAction","target":{"@type":"EntryPoint","urlTemplate":"https:\/\/humanitas.edu.pl\/uk\/?s={search_term_string}"},"query-input":{"@type":"PropertyValueSpecification","valueRequired":true,"valueName":"search_term_string"}}],"inLanguage":"ua"}]}},"_links":{"self":[{"href":"https:\/\/humanitas.edu.pl\/uk\/wp-json\/wp\/v2\/pages\/10091","targetHints":{"allow":["GET"]}}],"collection":[{"href":"https:\/\/humanitas.edu.pl\/uk\/wp-json\/wp\/v2\/pages"}],"about":[{"href":"https:\/\/humanitas.edu.pl\/uk\/wp-json\/wp\/v2\/types\/page"}],"author":[{"embeddable":true,"href":"https:\/\/humanitas.edu.pl\/uk\/wp-json\/wp\/v2\/users\/6"}],"replies":[{"embeddable":true,"href":"https:\/\/humanitas.edu.pl\/uk\/wp-json\/wp\/v2\/comments?post=10091"}],"version-history":[{"count":5,"href":"https:\/\/humanitas.edu.pl\/uk\/wp-json\/wp\/v2\/pages\/10091\/revisions"}],"predecessor-version":[{"id":18559,"href":"https:\/\/humanitas.edu.pl\/uk\/wp-json\/wp\/v2\/pages\/10091\/revisions\/18559"}],"up":[{"embeddable":true,"href":"https:\/\/humanitas.edu.pl\/uk\/wp-json\/wp\/v2\/pages\/3027"}],"wp:attachment":[{"href":"https:\/\/humanitas.edu.pl\/uk\/wp-json\/wp\/v2\/media?parent=10091"}],"curies":[{"name":"wp","href":"https:\/\/api.w.org\/{rel}","templated":true}]}}