{"id":10082,"date":"2025-10-20T11:02:56","date_gmt":"2025-10-20T09:02:56","guid":{"rendered":"https:\/\/humanitas.edu.pl\/?page_id=10082"},"modified":"2025-10-20T14:42:11","modified_gmt":"2025-10-20T12:42:11","slug":"regulaminy-biblioteki","status":"publish","type":"page","link":"https:\/\/humanitas.edu.pl\/uk\/biblioteka\/regulaminy-biblioteki\/","title":{"rendered":"Regulaminy biblioteki"},"content":{"rendered":"<section class=\"block-hero\">\n            <figure class=\"block-hero__background-image\">\n            <img loading=\"lazy\" decoding=\"async\" width=\"1094\" height=\"600\" src=\"https:\/\/humanitas.edu.pl\/wp-content\/uploads\/2024\/02\/1e17d56668bb99ff9d3fb0fa41e906dd-1-1094x600.png\" class=\"attachment-hero size-hero\" alt=\"\" aria-hidden=\"true\" \/>        <\/figure>\n        <div class=\"container\">\n        <div class=\"block-hero__wrapper\">\n            \n<section class=\"breadcrumbs breadcrumbs--secondary\">\n    <div class=\"breadcrumbs__wrapper\">\n        <a href=\"https:\/\/humanitas.edu.pl\/uk\/\" class=\"breadcrumbs__link\">\n            \u0413\u043e\u043b\u043e\u0432\u043d\u0430 \u0441\u0442\u043e\u0440\u0456\u043d\u043a\u0430        <\/a>\n        <svg aria-hidden=\"true\" focusable=\"false\" width=\"7\" height=\"7\" viewBox=\"0 0 5.6 9\" xmlns=\"http:\/\/www.w3.org\/2000\/svg\"><path d=\"M1.1 0L0 1.1l3.4 3.4L0 7.9 1.1 9l4.5-4.5z\"\/><\/svg>\n            <\/div>\n<\/section>            <h1 class=\"block-hero__title fade-in  \">Regulaminy biblioteki<\/h1>\n                    <\/div>\n    <\/div>\n            \n<div class=\"triangle triangle--bottom-right default\">\n    <svg aria-hidden=\"true\" focusable=\"false\" width=\"1440\" height=\"98\" viewBox=\"0 0 1440 98\" fill=\"none\" xmlns=\"http:\/\/www.w3.org\/2000\/svg\">\n<path d=\"M1440 0L0 98H1440V0Z\" fill=\"white\"\/>\n<\/svg>\n<\/div>\n    <\/section>\n\n\n    <section\n        class=\"block-content-with-gallery block-content-with-gallery--white block-content-with-gallery--left\"\n        id=\"block_d2d246350f03ef3efabdd51665c7cf3f\">\n                <div class=\"container\">\n            <div class=\"block-content-with-gallery__wrapper\">\n                <div class=\"block-content-with-gallery__gallery js-delay fade-in\">\n                                                                        <figure class=\"block-content-with-gallery__item js-delay-item\">\n                                                            <\/figure>\n                                                            <\/div>\n                <div id=\"block-69d025667cbcf0.36574671\" class=\"block-content-with-gallery__content\">\n                    <h2\n                        class=\"block-content-with-gallery__title heading-underline heading-dot fade-in \">\n                        Regulamin Czytelni<\/h3>\n                        <div class=\"block-content-with-gallery__text fade-in\">\n\n                                                            <div class=\"block-content-with-gallery__text-truncated\">\n                                    <p>REGULAMIN CZYTELNI<\/p>\n<p>BIBLIOTEKI AKADEMII HUMANITAS<\/p>\n<p>\u00a7 1<\/p>\n<p>Prawo korzystania ze zbior\u00f3w i us\u0142ug w czytelni<\/p>\n<p>1.    Prawo do korzystania ze zbior\u00f3w biblioteki na terenie Czytelni maj\u0105 wszyscy u\u017cytkownicy, w tym osoby niezwi\u0105zane z Uczelni\u0105.<\/p>\n                                <\/div>\n\n                                <div class=\"block-content-with-gallery__text-full\" style=\"display: none;\">\n                                    <p>REGULAMIN CZYTELNI<\/p>\n<p>BIBLIOTEKI AKADEMII HUMANITAS<\/p>\n<p>\u00a7 1<\/p>\n<p>Prawo korzystania ze zbior\u00f3w i us\u0142ug w czytelni<\/p>\n<p>1.    Prawo do korzystania ze zbior\u00f3w biblioteki na terenie Czytelni maj\u0105 wszyscy u\u017cytkownicy, w tym osoby niezwi\u0105zane z Uczelni\u0105.<\/p>\n<p>2.    Korzysta\u0107 z Czytelni Biblioteki AH mo\u017cna po okazaniu bibliotekarzowi wa\u017cnego dokumentu potwierdzaj\u0105cego to\u017csamo\u015b\u0107 oraz wpisaniu swoich danych na rewersie bibliotecznym.<\/p>\n<p>3.    W Czytelni U\u017cytkownik ma zagwarantowany dost\u0119p do:<\/p>\n<p>czasopism i gazet (numery bie\u017c\u0105ce oraz egzemplarze archiwalne),<br \/>\nksi\u0119gozbioru podr\u0119cznego (s\u0142owniki, encyklopedie, informatory, leksykony, poradniki fachowe oraz pozycje szczeg\u00f3lnie cenne dla biblioteki) oraz ksi\u0119gozbioru wypo\u017cyczalni,<br \/>\nmultimedialnych materia\u0142\u00f3w dydaktycznych,<br \/>\nkomputer\u00f3w obs\u0142uguj\u0105cych programy biblioteczne, dydaktyczne oraz sie\u0107 Internet.<br \/>\n\u00a7 2<\/p>\n<p>Zasady korzystania ze sprz\u0119tu komputerowego<\/p>\n<p>1.    Sprz\u0119t komputerowy jest jednym z element\u00f3w wyposa\u017cenia biblioteki, a korzystanie z niego \u2013 jednym ze sposob\u00f3w indywidualnej pracy Czytelnika, gwarantuj\u0105cej sprawny dost\u0119p do informacji. Odbywa\u0107 si\u0119 to mo\u017ce jedynie w atmosferze \u0142adu i porz\u0105dku oraz uwzgl\u0119dnienia potrzeb innych Czytelnik\u00f3w, jak r\u00f3wnie\u017c w duchu odpowiedzialno\u015bci za u\u017cytkowany sprz\u0119t.<\/p>\n<p>2.    Prawo do korzystania z program\u00f3w zainstalowanych na komputerach oraz sieci Internet maj\u0105 wszyscy u\u017cytkownicy z uwzgl\u0119dnieniem pierwsze\u0144stwa dla student\u00f3w i uczestnik\u00f3w studi\u00f3w podyplomowych AH.<\/p>\n<p>3.    Przed rozpocz\u0119ciem pracy U\u017cytkownik zobowi\u0105zany jest do:<\/p>\n<p>zg\u0142oszenia si\u0119 u dy\u017curuj\u0105cego bibliotekarza,<br \/>\nokazania si\u0119 wymaganym dokumentem (legitymacja studencka, indeks lub dow\u00f3d osobisty),<br \/>\nzapisywania r\u00f3\u017cnego rodzaju plik\u00f3w wy\u0142\u0105cznie na no\u015bniku zewn\u0119trznym,<br \/>\npowstrzymania si\u0119 od instalacji jakiegokolwiek oprogramowania na komputerach (w przypadku uzasadnionej potrzeby prosimy o kontakt z bibliotekarzem lub informatykiem) \u2013 oprogramowanie samowolnie zainstalowane b\u0119dzie usuwane,<br \/>\nzg\u0142aszania zauwa\u017conych nieprawid\u0142owo\u015bci bibliotekarzowi.<br \/>\n4. Pierwsze\u0144stwo maj\u0105 studenci korzystaj\u0105cy z KATALOGU ONLINE oraz pracuj\u0105cy w celach \u0107wiczeniowych lub dydaktycznych.<\/p>\n<p>5. Czas dost\u0119pu nie jest limitowany. W uzasadnionych przypadkach bibliotekarz mo\u017ce poprosi\u0107 o wcze\u015bniejsze zako\u0144czenie pracy.<\/p>\n<p>6. Obowi\u0105zuje bezwzgl\u0119dny zakaz korzystania z gier sieciowych, komunikator\u00f3w, stron pornograficznych oraz ze stron o tre\u015bci powszechnie uznawanych za obra\u017aliwe. Bibliotekarz ma prawo wyegzekwowa\u0107 zako\u0144czenie pracy na w\/w stronach.<\/p>\n<p>7. W Bibliotece istnieje mo\u017cliwo\u015b\u0107 kserowania i drukowania dokument\u00f3w za op\u0142at\u0105. Dokumenty nale\u017cy przesy\u0142a\u0107 na adres: biblioteka@humanitas.edu.pls<\/p>\n<p>8. W przypadku stwierdzenia naruszenia powy\u017cszych postanowie\u0144 U\u017cytkownik mo\u017ce zosta\u0107 czasowo pozbawiony prawa do korzystania ze sprz\u0119tu komputerowego.<\/p>\n                                <\/div>\n\n                                <button class=\"block-content-with-gallery__read-more\"\n                                    data-read-more=\"Czytaj wi\u0119cej\"\n                                    data-read-less=\"Poka\u017c mniej\">\n                                    Czytaj wi\u0119cej                                <\/button>\n                            \n                        <\/div>\n                                        <\/div>\n            <\/div>\n        <\/div>\n            <\/section>\n\n    <script>\n        document.addEventListener('DOMContentLoaded', function() {\n            var containerId = \"block-69d025667cbcf0.36574671\";\n            var container = document.getElementById(containerId);\n\n            if (container) {\n                const button = container.querySelector('.block-content-with-gallery__read-more');\n                const truncated = container.querySelector('.block-content-with-gallery__text-truncated');\n                const full = container.querySelector('.block-content-with-gallery__text-full');\n\n                button.addEventListener('click', function() {\n                    if (truncated.style.display !== 'none') {\n                        truncated.style.display = 'none';\n                        full.style.display = 'block';\n                        button.textContent = button.getAttribute('data-read-less');\n                    } else {\n                        truncated.style.display = 'block';\n                        full.style.display = 'none';\n                        button.textContent = button.getAttribute('data-read-more');\n                    }\n                });\n            }\n        });\n    <\/script>\n\n\n    <section\n        class=\"block-content-with-gallery block-content-with-gallery--white block-content-with-gallery--left\"\n        id=\"block_556c648376587c0e1689014eebab23d0\">\n                <div class=\"container\">\n            <div class=\"block-content-with-gallery__wrapper\">\n                <div class=\"block-content-with-gallery__gallery js-delay fade-in\">\n                                                                        <figure class=\"block-content-with-gallery__item js-delay-item\">\n                                                            <\/figure>\n                                                            <\/div>\n                <div id=\"block-69d025667fc1a6.60189189\" class=\"block-content-with-gallery__content\">\n                    <h2\n                        class=\"block-content-with-gallery__title heading-underline heading-dot fade-in \">\n                        Regulamin Wypo\u017cyczalni<\/h3>\n                        <div class=\"block-content-with-gallery__text fade-in\">\n\n                                                            <div class=\"block-content-with-gallery__text-truncated\">\n                                    <p>REGULAMIN WYPO\u017bYCZALNI<\/p>\n<p>BIBLIOTEKI AKADEMII HUMANITAS<\/p>\n<p>\u00a7 1<\/p>\n<p>Prawo korzystania ze zbior\u00f3w i us\u0142ug wypo\u017cyczalni<\/p>\n<p>1. Prawo do wypo\u017cyczania materia\u0142\u00f3w bibliotecznych maj\u0105:<\/p>\n<p>studenci AH studi\u00f3w I i II stopnia oraz jednolitych studi\u00f3w magisterskich,<br \/>\ndoktoranci,<br \/>\nuczestnicy studi\u00f3w podyplomowych oraz Uniwersytetu Trzeciego Wieku AH,<br \/>\nkadra naukowo-dydaktyczna oraz pracownicy administracyjni AH.<\/p>\n                                <\/div>\n\n                                <div class=\"block-content-with-gallery__text-full\" style=\"display: none;\">\n                                    <p>REGULAMIN WYPO\u017bYCZALNI<\/p>\n<p>BIBLIOTEKI AKADEMII HUMANITAS<\/p>\n<p>\u00a7 1<\/p>\n<p>Prawo korzystania ze zbior\u00f3w i us\u0142ug wypo\u017cyczalni<\/p>\n<p>1. Prawo do wypo\u017cyczania materia\u0142\u00f3w bibliotecznych maj\u0105:<\/p>\n<p>studenci AH studi\u00f3w I i II stopnia oraz jednolitych studi\u00f3w magisterskich,<br \/>\ndoktoranci,<br \/>\nuczestnicy studi\u00f3w podyplomowych oraz Uniwersytetu Trzeciego Wieku AH,<br \/>\nkadra naukowo-dydaktyczna oraz pracownicy administracyjni AH.<br \/>\n2. Dokumentem uprawniaj\u0105cym do korzystania ze zbior\u00f3w Wypo\u017cyczalni jest:<\/p>\n<p>aktualna legitymacja studencka, w przypadku student\u00f3w studi\u00f3w dyplomowych,<br \/>\ndow\u00f3d osobisty, w przypadku uczestnik\u00f3w studi\u00f3w podyplomowych, s\u0142uchaczy UTW i pracownik\u00f3w administracyjnych.<br \/>\n3. Uprawnienia do korzystania z Wypo\u017cyczalni wygasaj\u0105 w momencie:<\/p>\n<p>uko\u0144czenia lub przerwania studi\u00f3w (skre\u015blenie, rezygnacja) w przypadku student\u00f3w, doktorant\u00f3w i s\u0142uchaczy,<br \/>\nrozwi\u0105zania stosunku pracy w przypadku pracownik\u00f3w.<br \/>\n\u00a7 2<\/p>\n<p>Prawa i obowi\u0105zki wypo\u017cyczaj\u0105cych<\/p>\n<p>1.    Wypo\u017cyczaj\u0105cy jest odpowiedzialny za wszystkie wypo\u017cyczenia zarejestrowane na jego koncie. Biblioteka nie ponosi odpowiedzialno\u015bci za udost\u0119pnianie konta osobom trzecim.<\/p>\n<p>2.    Wypo\u017cyczaj\u0105cy zobowi\u0105zany jest do aktualizacji danych osobowych w Dziekanacie AH (imi\u0119 i nazwisko, adres zamieszkania, numer telefonu, kierunek studi\u00f3w, adres e-mail).<\/p>\n<p>3.    Ka\u017cdy student I-ego roku ma obowi\u0105zek odbycia szkolenia bibliotecznego w formie stacjonarnej lub on-line.<\/p>\n<p>4.    Studenci i doktoranci AH maj\u0105 prawo do korzystania z nast\u0119puj\u0105cych plac\u00f3wek bibliotecznych wsp\u00f3\u0142pracuj\u0105cych z Bibliotek\u0105 AH:<\/p>\n<p>Biblioteki \u015al\u0105skiej w Katowicach, pl. Rady Europy 1,<br \/>\nWojew\u00f3dzkiej Biblioteki Pedagogicznej Filia w Sosnowcu, ul. Zegad\u0142owicza 2.<br \/>\n\u00a7 3<\/p>\n<p>Zasady udost\u0119pniania zbior\u00f3w<\/p>\n<p>1.    Dla wypo\u017cyczaj\u0105cych ustala si\u0119 poni\u017csze limity:<\/p>\n<p>studenci, uczestnicy studi\u00f3w podyplomowych i s\u0142uchacze UTW \u2013 8 wol.,<br \/>\ndoktoranci, kadra naukowo-dydaktyczna i administracyjna \u2013 10 wol.<br \/>\n2.    Materia\u0142y wypo\u017cyczane s\u0105 na okres 28 dni (4 tygodnie).<\/p>\n<p>3.    Wypo\u017cyczaj\u0105cy mo\u017ce prolongowa\u0107 termin zwrotu wypo\u017cyczonych materia\u0142\u00f3w przed jego up\u0142ywem.<\/p>\n<p>4.    Ksi\u0105\u017cki mo\u017cna prolongowa\u0107 maksymalnie 3 razy, je\u017celi:<\/p>\n<p>dla \u017cadnej z nich nie up\u0142yn\u0105\u0142 termin zwrotu,<br \/>\nksi\u0105\u017cka nie zosta\u0142a zam\u00f3wiona przez innego u\u017cytkownika.<br \/>\n5.    Ca\u0142kowit\u0105 odpowiedzialno\u015b\u0107 za terminowy zwrot materia\u0142\u00f3w ponosi wypo\u017cyczaj\u0105cy<\/p>\n<p>\u00a7 4<\/p>\n<p>Rezerwowanie i zamawianie materia\u0142\u00f3w bibliotecznych<\/p>\n<p>1.    Obowi\u0105zkiem wypo\u017cyczaj\u0105cego jest dokonanie rezerwacji i zam\u00f3wienia materia\u0142\u00f3w bibliotecznych w systemie elektronicznym za pomoc\u0105 katalogu on-line zamieszczonego na stronie internetowej Biblioteki https:\/\/sowaonline.humanitas.edu.pl\/ lub za po\u015brednictwem aplikacji SOWA MOBI.<\/p>\n<p>2.    Materia\u0142y zarezerwowane nale\u017cy odebra\u0107 w ci\u0105gu 3 dni. Po tym okresie zostaj\u0105 one przekazane do dalszego udost\u0119pniania. Biblioteka nie przyjmuje reklamacji wynikaj\u0105cych z przekroczenia terminu odbioru zarezerwowanych materia\u0142\u00f3w.<\/p>\n<p>3.    Materia\u0142y zam\u00f3wione nale\u017cy odebra\u0107 w ci\u0105gu 3 dni od daty otrzymania informacji potwierdzaj\u0105cej mo\u017cliwo\u015b\u0107 wypo\u017cyczenia zam\u00f3wionych ksi\u0105\u017cek. Wiadomo\u015b\u0107 zostanie wys\u0142ana droga mailow\u0105. Biblioteka nie przyjmuje reklamacji wynikaj\u0105cych z przekroczenia terminu odbioru zam\u00f3wionych materia\u0142\u00f3w.<\/p>\n<p>4.    W Bibliotece ostatnich rezerwacji mo\u017cna dokona\u0107 nie p\u00f3\u017aniej ni\u017c 30 minut przed jej zamkni\u0119ciem. Rezerwacje wys\u0142ane po tym czasie b\u0119d\u0105 realizowane w nast\u0119pnym dniu roboczym.<\/p>\n<p>\u00a7 5<\/p>\n<p>Przetrzymanie materia\u0142\u00f3w bibliotecznych<\/p>\n<p>1.    W przypadku braku prolongaty lub nie zwr\u00f3cenia dokumentu w terminie czytelnik wnosi op\u0142at\u0119 za przetrzymanie w wysoko\u015bci 2 z\u0142 za tydzie\u0144, za ka\u017cdy wypo\u017cyczony egzemplarz. Op\u0142at\u0119 nale\u017cy ui\u015bci\u0107 bezpo\u015brednio w Wypo\u017cyczalni Biblioteki Akademii Humanitas.<\/p>\n<p>2.    Je\u017celi termin oddania dokumentu up\u0142ywa w dniu, w kt\u00f3rym Biblioteka jest nieczynna, zwrotu nale\u017cy dokona\u0107 w terminie wcze\u015bniejszym.<\/p>\n<p>3.    Biblioteka nie ma obowi\u0105zku informowa\u0107 u\u017cytkownika o przekroczonym lub zbli\u017caj\u0105cym si\u0119 terminie zwrotu materia\u0142\u00f3w bibliotecznych, poniewa\u017c system biblioteczny automatycznie wysy\u0142a powiadomienie na adres mailowy czytelnika.<\/p>\n<p>4.    W przypadku obci\u0105\u017cenia konta sum\u0105 powy\u017cej 50 z\u0142 konto automatycznie zostaje zablokowane do czasu uiszczenia zaleg\u0142ej nale\u017cno\u015bci.<\/p>\n<p>\u00a7 6<\/p>\n<p>Poszanowanie materia\u0142\u00f3w bibliotecznych<\/p>\n<p>1.   Zaleca si\u0119 zwr\u00f3cenie uwagi na stan wypo\u017cyczonych materia\u0142\u00f3w. Zauwa\u017cone uszkodzenia nale\u017cy zg\u0142osi\u0107 bibliotekarzowi.<\/p>\n<p>2.  Wypo\u017cyczaj\u0105cy, kt\u00f3ry uszkodzi\u0142 lub zgubi\u0142 wypo\u017cyczony materia\u0142 zobowi\u0105zany jest niezw\u0142ocznie dostarczy\u0107 identyczny egzemplarz lub ui\u015bci\u0107 op\u0142at\u0119 odpowiadaj\u0105c\u0105 jego warto\u015bci.<\/p>\n<p>\u00a7 7<\/p>\n<p>Postanowienia ko\u0144cowe<\/p>\n<p>1.    Czas otwarcia Biblioteki podaje si\u0119 do wiadomo\u015bci wypo\u017cyczaj\u0105cych. O zmianie czasu pracy uprzedza si\u0119 drog\u0105 mailow\u0105 oraz stosownym komunikatem w miejscach dost\u0119pnych dla studenta.<\/p>\n<p>2.    Rozstrzyganie spraw nieuregulowanych postanowieniami niniejszego regulaminu nale\u017cy do kompetencji Dyrektora Biblioteki Akademii Humanitas.<\/p>\n<p>3.    Przy podbiciu karty obiegowej student korzystaj\u0105cy z us\u0142ug bibliotek wsp\u00f3\u0142pracuj\u0105cych z Bibliotek\u0105 AH, o kt\u00f3rych mowa w \u00a72 ust. 4 Regulaminu) zobowi\u0105zany jest do przed\u0142o\u017cenia dokumentu potwierdzaj\u0105cego zwrot wypo\u017cyczonych materia\u0142\u00f3w.<\/p>\n                                <\/div>\n\n                                <button class=\"block-content-with-gallery__read-more\"\n                                    data-read-more=\"Czytaj wi\u0119cej\"\n                                    data-read-less=\"Poka\u017c mniej\">\n                                    Czytaj wi\u0119cej                                <\/button>\n                            \n                        <\/div>\n                                        <\/div>\n            <\/div>\n        <\/div>\n            <\/section>\n\n    <script>\n        document.addEventListener('DOMContentLoaded', function() {\n            var containerId = \"block-69d025667fc1a6.60189189\";\n            var container = document.getElementById(containerId);\n\n            if (container) {\n                const button = container.querySelector('.block-content-with-gallery__read-more');\n                const truncated = container.querySelector('.block-content-with-gallery__text-truncated');\n                const full = container.querySelector('.block-content-with-gallery__text-full');\n\n                button.addEventListener('click', function() {\n                    if (truncated.style.display !== 'none') {\n                        truncated.style.display = 'none';\n                        full.style.display = 'block';\n                        button.textContent = button.getAttribute('data-read-less');\n                    } else {\n                        truncated.style.display = 'block';\n                        full.style.display = 'none';\n                        button.textContent = button.getAttribute('data-read-more');\n                    }\n                });\n            }\n        });\n    <\/script>\n","protected":false},"excerpt":{"rendered":"","protected":false},"author":6,"featured_media":0,"parent":3027,"menu_order":0,"comment_status":"closed","ping_status":"closed","template":"","meta":{"_acf_changed":false,"inline_featured_image":false,"footnotes":""},"class_list":["post-10082","page","type-page","status-publish","hentry"],"acf":[],"yoast_head":"<!-- This site is optimized with the Yoast SEO Premium plugin v27.3 (Yoast SEO v27.3) - https:\/\/yoast.com\/product\/yoast-seo-premium-wordpress\/ -->\n<title>Regulaminy biblioteki - Akademia Humanitas<\/title>\n<meta name=\"robots\" content=\"index, follow, max-snippet:-1, max-image-preview:large, max-video-preview:-1\" \/>\n<link rel=\"canonical\" href=\"https:\/\/humanitas.edu.pl\/uk\/biblioteka\/regulaminy-biblioteki\/\" \/>\n<meta property=\"og:locale\" content=\"en_US\" \/>\n<meta property=\"og:type\" content=\"article\" \/>\n<meta property=\"og:title\" content=\"Regulaminy biblioteki\" \/>\n<meta property=\"og:url\" content=\"https:\/\/humanitas.edu.pl\/uk\/biblioteka\/regulaminy-biblioteki\/\" \/>\n<meta property=\"og:site_name\" content=\"Akademia Humanitas\" \/>\n<meta property=\"article:modified_time\" content=\"2025-10-20T12:42:11+00:00\" \/>\n<meta name=\"twitter:card\" content=\"summary_large_image\" \/>\n<meta name=\"twitter:label1\" content=\"Est. reading time\" \/>\n\t<meta name=\"twitter:data1\" content=\"7 minutes\" \/>\n<script type=\"application\/ld+json\" class=\"yoast-schema-graph\">{\"@context\":\"https:\\\/\\\/schema.org\",\"@graph\":[{\"@type\":\"WebPage\",\"@id\":\"https:\\\/\\\/humanitas.edu.pl\\\/uk\\\/biblioteka\\\/regulaminy-biblioteki\\\/\",\"url\":\"https:\\\/\\\/humanitas.edu.pl\\\/uk\\\/biblioteka\\\/regulaminy-biblioteki\\\/\",\"name\":\"Regulaminy biblioteki - Akademia Humanitas\",\"isPartOf\":{\"@id\":\"https:\\\/\\\/humanitas.edu.pl\\\/uk\\\/#website\"},\"datePublished\":\"2025-10-20T09:02:56+00:00\",\"dateModified\":\"2025-10-20T12:42:11+00:00\",\"breadcrumb\":{\"@id\":\"https:\\\/\\\/humanitas.edu.pl\\\/uk\\\/biblioteka\\\/regulaminy-biblioteki\\\/#breadcrumb\"},\"inLanguage\":\"ua\",\"potentialAction\":[{\"@type\":\"ReadAction\",\"target\":[\"https:\\\/\\\/humanitas.edu.pl\\\/uk\\\/biblioteka\\\/regulaminy-biblioteki\\\/\"]}]},{\"@type\":\"BreadcrumbList\",\"@id\":\"https:\\\/\\\/humanitas.edu.pl\\\/uk\\\/biblioteka\\\/regulaminy-biblioteki\\\/#breadcrumb\",\"itemListElement\":[{\"@type\":\"ListItem\",\"position\":1,\"name\":\"Home\",\"item\":\"https:\\\/\\\/humanitas.edu.pl\\\/uk\\\/strona-glowna\\\/\"},{\"@type\":\"ListItem\",\"position\":2,\"name\":\"Biblioteka\",\"item\":\"https:\\\/\\\/humanitas.edu.pl\\\/uk\\\/biblioteka\\\/\"},{\"@type\":\"ListItem\",\"position\":3,\"name\":\"Regulaminy biblioteki\"}]},{\"@type\":\"WebSite\",\"@id\":\"https:\\\/\\\/humanitas.edu.pl\\\/uk\\\/#website\",\"url\":\"https:\\\/\\\/humanitas.edu.pl\\\/uk\\\/\",\"name\":\"Akademia Humanitas\",\"description\":\"\",\"potentialAction\":[{\"@type\":\"SearchAction\",\"target\":{\"@type\":\"EntryPoint\",\"urlTemplate\":\"https:\\\/\\\/humanitas.edu.pl\\\/uk\\\/?s={search_term_string}\"},\"query-input\":{\"@type\":\"PropertyValueSpecification\",\"valueRequired\":true,\"valueName\":\"search_term_string\"}}],\"inLanguage\":\"ua\"}]}<\/script>\n<!-- \/ Yoast SEO Premium plugin. -->","yoast_head_json":{"title":"Regulaminy biblioteki - Akademia Humanitas","robots":{"index":"index","follow":"follow","max-snippet":"max-snippet:-1","max-image-preview":"max-image-preview:large","max-video-preview":"max-video-preview:-1"},"canonical":"https:\/\/humanitas.edu.pl\/uk\/biblioteka\/regulaminy-biblioteki\/","og_locale":"en_US","og_type":"article","og_title":"Regulaminy biblioteki","og_url":"https:\/\/humanitas.edu.pl\/uk\/biblioteka\/regulaminy-biblioteki\/","og_site_name":"Akademia Humanitas","article_modified_time":"2025-10-20T12:42:11+00:00","twitter_card":"summary_large_image","twitter_misc":{"Est. reading time":"7 minutes"},"schema":{"@context":"https:\/\/schema.org","@graph":[{"@type":"WebPage","@id":"https:\/\/humanitas.edu.pl\/uk\/biblioteka\/regulaminy-biblioteki\/","url":"https:\/\/humanitas.edu.pl\/uk\/biblioteka\/regulaminy-biblioteki\/","name":"Regulaminy biblioteki - Akademia Humanitas","isPartOf":{"@id":"https:\/\/humanitas.edu.pl\/uk\/#website"},"datePublished":"2025-10-20T09:02:56+00:00","dateModified":"2025-10-20T12:42:11+00:00","breadcrumb":{"@id":"https:\/\/humanitas.edu.pl\/uk\/biblioteka\/regulaminy-biblioteki\/#breadcrumb"},"inLanguage":"ua","potentialAction":[{"@type":"ReadAction","target":["https:\/\/humanitas.edu.pl\/uk\/biblioteka\/regulaminy-biblioteki\/"]}]},{"@type":"BreadcrumbList","@id":"https:\/\/humanitas.edu.pl\/uk\/biblioteka\/regulaminy-biblioteki\/#breadcrumb","itemListElement":[{"@type":"ListItem","position":1,"name":"Home","item":"https:\/\/humanitas.edu.pl\/uk\/strona-glowna\/"},{"@type":"ListItem","position":2,"name":"Biblioteka","item":"https:\/\/humanitas.edu.pl\/uk\/biblioteka\/"},{"@type":"ListItem","position":3,"name":"Regulaminy biblioteki"}]},{"@type":"WebSite","@id":"https:\/\/humanitas.edu.pl\/uk\/#website","url":"https:\/\/humanitas.edu.pl\/uk\/","name":"Akademia Humanitas","description":"","potentialAction":[{"@type":"SearchAction","target":{"@type":"EntryPoint","urlTemplate":"https:\/\/humanitas.edu.pl\/uk\/?s={search_term_string}"},"query-input":{"@type":"PropertyValueSpecification","valueRequired":true,"valueName":"search_term_string"}}],"inLanguage":"ua"}]}},"_links":{"self":[{"href":"https:\/\/humanitas.edu.pl\/uk\/wp-json\/wp\/v2\/pages\/10082","targetHints":{"allow":["GET"]}}],"collection":[{"href":"https:\/\/humanitas.edu.pl\/uk\/wp-json\/wp\/v2\/pages"}],"about":[{"href":"https:\/\/humanitas.edu.pl\/uk\/wp-json\/wp\/v2\/types\/page"}],"author":[{"embeddable":true,"href":"https:\/\/humanitas.edu.pl\/uk\/wp-json\/wp\/v2\/users\/6"}],"replies":[{"embeddable":true,"href":"https:\/\/humanitas.edu.pl\/uk\/wp-json\/wp\/v2\/comments?post=10082"}],"version-history":[{"count":2,"href":"https:\/\/humanitas.edu.pl\/uk\/wp-json\/wp\/v2\/pages\/10082\/revisions"}],"predecessor-version":[{"id":13143,"href":"https:\/\/humanitas.edu.pl\/uk\/wp-json\/wp\/v2\/pages\/10082\/revisions\/13143"}],"up":[{"embeddable":true,"href":"https:\/\/humanitas.edu.pl\/uk\/wp-json\/wp\/v2\/pages\/3027"}],"wp:attachment":[{"href":"https:\/\/humanitas.edu.pl\/uk\/wp-json\/wp\/v2\/media?parent=10082"}],"curies":[{"name":"wp","href":"https:\/\/api.w.org\/{rel}","templated":true}]}}