{"id":9250,"date":"2025-08-21T12:14:07","date_gmt":"2025-08-21T12:14:07","guid":{"rendered":"https:\/\/humanitas.edu.pl\/?page_id=9250"},"modified":"2025-08-25T06:40:59","modified_gmt":"2025-08-25T06:40:59","slug":"kongres-praktykow-biznesu","status":"publish","type":"page","link":"https:\/\/humanitas.edu.pl\/en\/kongres-praktykow-biznesu\/","title":{"rendered":"Kongres Praktyk\u00f3w Biznesu"},"content":{"rendered":"<section class=\"block-hero\">\n        <div class=\"container\">\n        <div class=\"block-hero__wrapper\">\n            \n<section class=\"breadcrumbs breadcrumbs--secondary\">\n    <div class=\"breadcrumbs__wrapper\">\n        <a href=\"https:\/\/humanitas.edu.pl\/en\/\" class=\"breadcrumbs__link\">\n            Home page        <\/a>\n        <svg aria-hidden=\"true\" focusable=\"false\" width=\"7\" height=\"7\" viewBox=\"0 0 5.6 9\" xmlns=\"http:\/\/www.w3.org\/2000\/svg\"><path d=\"M1.1 0L0 1.1l3.4 3.4L0 7.9 1.1 9l4.5-4.5z\"\/><\/svg>\n            <\/div>\n<\/section>            <h1 class=\"block-hero__title fade-in heading-underline \">Kongres Praktyk\u00f3w Biznesu<\/h1>\n                            <div class=\"block-hero__boxes\">\n                                            \n    <a \n        href=\"https:\/\/humanitas.edu.pl\/kongres-praktykow-biznesu\/vii-kongres-praktykow-biznesu-2025\/\" \n        target=\"_blank\" \n        aria-label=\"2025\" \n        title=\"2025\" \n        class=\"button-card button-card--primary block-hero__box\">\n                <span class=\"button-card__title\">2025<\/span>\n    <\/a>\n                                            \n    <a \n        href=\"https:\/\/archiwum.humanitas.edu.pl\/VI_Kongres_Praktykow_Biznesu\" \n        target=\"_blank\" \n        aria-label=\"2024\" \n        title=\"2024\" \n        class=\"button-card button-card--primary block-hero__box\">\n                <span class=\"button-card__title\">2024<\/span>\n    <\/a>\n                                    <\/div>\n                    <\/div>\n    <\/div>\n    <\/section>\n<nav class=\"secondary-menu secondary-menu--automatic\">\n    <div class=\"container fade-in\">\n        <ul class=\"secondary-menu__list js-delay\">\n                                                    <li class=\"menu-item js-delay-item\">\n                            <a\n                                href=\"#o-inicjatywnie\"\n                                class=\"secondary-menu__link\"\n                                target=\"_self\"\n                                aria-label=\"O inicjatywnie\"\n                                title=\"O inicjatywnie\">O inicjatywnie<\/a>\n                        <\/li>\n                                        <li class=\"menu-item js-delay-item\">\n                            <a\n                                href=\"#kontakt\"\n                                class=\"secondary-menu__link\"\n                                target=\"_self\"\n                                aria-label=\"Kontakt\"\n                                title=\"Kontakt\">Kontakt<\/a>\n                        <\/li>\n                                    <\/ul>\n    <\/div>\n<\/nav>\n\n<section\n    class=\"block-content-with-buttons block-content-with-buttons--white block-content-with-buttons--left\"\n    id=\"o-inicjatywnie\">\n        <div class=\"container\">\n        <div class=\"block-content-with-buttons__wrapper\">\n            <figure\n                class=\"block-content-with-buttons__image fade-in \">\n                <img loading=\"lazy\" decoding=\"async\" width=\"2048\" height=\"1152\" src=\"https:\/\/humanitas.edu.pl\/wp-content\/uploads\/2025\/08\/DSC03052.jpg\" class=\"attachment-full size-full\" alt=\"\" aria-hidden=\"true\" srcset=\"https:\/\/humanitas.edu.pl\/wp-content\/uploads\/2025\/08\/DSC03052.jpg 2048w, https:\/\/humanitas.edu.pl\/wp-content\/uploads\/2025\/08\/DSC03052-300x169.jpg 300w, https:\/\/humanitas.edu.pl\/wp-content\/uploads\/2025\/08\/DSC03052-1024x576.jpg 1024w, https:\/\/humanitas.edu.pl\/wp-content\/uploads\/2025\/08\/DSC03052-768x432.jpg 768w, https:\/\/humanitas.edu.pl\/wp-content\/uploads\/2025\/08\/DSC03052-1536x864.jpg 1536w\" sizes=\"(max-width: 2048px) 100vw, 2048px\" \/>            <\/figure>\n            <div class=\"block-content-with-buttons__content\">\n                <h2\n                    class=\"block-content-with-buttons__title heading-underline heading-dot fade-in \">\n                    O inicjatywnie<\/h2>\n                <div class=\"block-content-with-buttons__text fade-in\">\n                    <p data-start=\"82\" data-end=\"429\"><strong data-start=\"82\" data-end=\"111\">Kongres Praktyk\u00f3w Biznesu<\/strong> to cykliczne wydarzenie organizowane przez Akademi\u0119 Humanitas, kt\u00f3rego pierwsza edycja odby\u0142a si\u0119 we wrze\u015bniu 2015 roku. Spotkanie gromadzi ekspert\u00f3w i praktyk\u00f3w z r\u00f3\u017cnych dziedzin biznesu, a tak\u017ce naukowc\u00f3w i przedstawicieli administracji publicznej, tworz\u0105c przestrze\u0144 do wymiany wiedzy, do\u015bwiadcze\u0144 i inspiracji. Jest platform\u0105, na kt\u00f3rej nauka uczy si\u0119 od biznesu, a biznes od nauki. Uczestnicy kolejnych, corocznych edycji Kongresu, nie tylko dyskutuj\u0105 na tematy, kt\u00f3re w danym momencie przykuwaj\u0105 uwag\u0119 nas wszystkich, ale r\u00f3wnie\u017c nawi\u0105zuj\u0105 kontakty, owocuj\u0105ce wsp\u00f3lnymi przedsi\u0119wzi\u0119ciami.<\/p>\n<p data-start=\"431\" data-end=\"685\">Wydarzenie pe\u0142ni rol\u0119 oficjalnego preludium do <strong data-start=\"478\" data-end=\"538\">Europejskiego Kongresu Ma\u0142ych i \u015arednich Przedsi\u0119biorstw<\/strong>. Skierowane jest do przedsi\u0119biorc\u00f3w, pracownik\u00f3w firm, reprezentant\u00f3w samorz\u0105d\u00f3w oraz student\u00f3w zainteresowanych rozwojem biznesu i innowacjami.<\/p>\n                <\/div>\n                                <div\n                    class=\"block-content-with-buttons__buttons block-content-with-buttons__buttons--without-icons js-delay fade-in\">\n                                    <\/div>\n            <\/div>\n        <\/div>\n    <\/div>\n    <\/section>\n\n<section\n    class=\"block-content-with-buttons block-content-with-buttons--light-blue block-content-with-buttons--left\"\n    id=\"kontakt\">\n            \n<div class=\"triangle triangle--top-left default\">\n    <svg aria-hidden=\"true\" focusable=\"false\" width=\"1440\" height=\"98\" viewBox=\"0 0 1440 98\" fill=\"none\" xmlns=\"http:\/\/www.w3.org\/2000\/svg\">\n<path d=\"M0 98L1440 0H0V98Z\" fill=\"white\"\/>\n<\/svg>\n<\/div>\n        <div class=\"container\">\n        <div class=\"block-content-with-buttons__wrapper\">\n            <figure\n                class=\"block-content-with-buttons__image fade-in \">\n                            <\/figure>\n            <div class=\"block-content-with-buttons__content\">\n                <h2\n                    class=\"block-content-with-buttons__title heading-underline heading-dot fade-in \">\n                    Kontakt<\/h2>\n                <div class=\"block-content-with-buttons__text fade-in\">\n                    <p><strong>Biuro Kongresu Praktyk\u00f3w Biznesu<br \/>\nAkademia Humanitas<br \/>\n<\/strong>ul. Kili\u0144skiego 43<br \/>\n41-200 Sosnowiec<br \/>\ntel.: 32\u00a0<strong>363 12 03<br \/>\n<\/strong>e-mail:\u00a0<a href=\"mailto:kpb@humanitas.edu.pl\">kpb@humanitas.edu.pl<\/a><\/p>\n<p><strong>Katarzyna \u0141opaci\u0144ska<br \/>\n<\/strong>Koordynator ds. wsp\u00f3\u0142pracy z otoczeniem<br \/>\ne-mail:\u00a0<a href=\"mailto:katarzyna.lopacinska@humanitas.edu.pl\">katarzyna.lopacinska@humanitas.edu.pl<\/a><br \/>\ntel.<strong> <span data-teams=\"true\">660 467 640<\/span><\/strong><\/p>\n                <\/div>\n                                <div\n                    class=\"block-content-with-buttons__buttons block-content-with-buttons__buttons--without-icons js-delay fade-in\">\n                                    <\/div>\n            <\/div>\n        <\/div>\n    <\/div>\n            \n<div class=\"triangle triangle--bottom-right \">\n    <svg aria-hidden=\"true\" focusable=\"false\" width=\"1440\" height=\"98\" viewBox=\"0 0 1440 98\" fill=\"none\" xmlns=\"http:\/\/www.w3.org\/2000\/svg\">\n<path d=\"M1440 0L0 98H1440V0Z\" fill=\"white\"\/>\n<\/svg>\n<\/div>\n    <\/section>","protected":false},"excerpt":{"rendered":"","protected":false},"author":9,"featured_media":0,"parent":0,"menu_order":0,"comment_status":"closed","ping_status":"closed","template":"","meta":{"_acf_changed":false,"inline_featured_image":false,"footnotes":""},"class_list":["post-9250","page","type-page","status-publish","hentry"],"acf":[],"yoast_head":"<!-- This site is optimized with the Yoast SEO Premium plugin v27.3 (Yoast SEO v27.3) - https:\/\/yoast.com\/product\/yoast-seo-premium-wordpress\/ -->\n<title>Kongres Praktyk\u00f3w Biznesu - Akademia Humanitas<\/title>\n<meta name=\"description\" content=\"Kongres Praktyk\u00f3w Biznesu to coroczne wydarzenie, kt\u00f3re \u0142\u0105czy przedsi\u0119biorc\u00f3w i ekspert\u00f3w w dziedzinie innowacji.\" \/>\n<meta name=\"robots\" content=\"index, follow, max-snippet:-1, max-image-preview:large, max-video-preview:-1\" \/>\n<link rel=\"canonical\" href=\"https:\/\/humanitas.edu.pl\/en\/kongres-praktykow-biznesu\/\" \/>\n<meta property=\"og:locale\" content=\"en_US\" \/>\n<meta property=\"og:type\" content=\"article\" \/>\n<meta property=\"og:title\" content=\"Kongres Praktyk\u00f3w Biznesu\" \/>\n<meta property=\"og:description\" content=\"Kongres Praktyk\u00f3w Biznesu to coroczne wydarzenie, kt\u00f3re \u0142\u0105czy przedsi\u0119biorc\u00f3w i ekspert\u00f3w w dziedzinie innowacji.\" \/>\n<meta property=\"og:url\" content=\"https:\/\/humanitas.edu.pl\/en\/kongres-praktykow-biznesu\/\" \/>\n<meta property=\"og:site_name\" content=\"Akademia Humanitas\" \/>\n<meta property=\"article:modified_time\" content=\"2025-08-25T06:40:59+00:00\" \/>\n<meta name=\"twitter:card\" content=\"summary_large_image\" \/>\n<meta name=\"twitter:label1\" content=\"Est. reading time\" \/>\n\t<meta name=\"twitter:data1\" content=\"2 minutes\" \/>\n<script type=\"application\/ld+json\" class=\"yoast-schema-graph\">{\"@context\":\"https:\\\/\\\/schema.org\",\"@graph\":[{\"@type\":\"WebPage\",\"@id\":\"https:\\\/\\\/humanitas.edu.pl\\\/en\\\/kongres-praktykow-biznesu\\\/\",\"url\":\"https:\\\/\\\/humanitas.edu.pl\\\/en\\\/kongres-praktykow-biznesu\\\/\",\"name\":\"Kongres Praktyk\u00f3w Biznesu - Akademia Humanitas\",\"isPartOf\":{\"@id\":\"https:\\\/\\\/humanitas.edu.pl\\\/en\\\/#website\"},\"datePublished\":\"2025-08-21T12:14:07+00:00\",\"dateModified\":\"2025-08-25T06:40:59+00:00\",\"description\":\"Kongres Praktyk\u00f3w Biznesu to coroczne wydarzenie, kt\u00f3re \u0142\u0105czy przedsi\u0119biorc\u00f3w i ekspert\u00f3w w dziedzinie innowacji.\",\"breadcrumb\":{\"@id\":\"https:\\\/\\\/humanitas.edu.pl\\\/en\\\/kongres-praktykow-biznesu\\\/#breadcrumb\"},\"inLanguage\":\"en-US\",\"potentialAction\":[{\"@type\":\"ReadAction\",\"target\":[\"https:\\\/\\\/humanitas.edu.pl\\\/en\\\/kongres-praktykow-biznesu\\\/\"]}]},{\"@type\":\"BreadcrumbList\",\"@id\":\"https:\\\/\\\/humanitas.edu.pl\\\/en\\\/kongres-praktykow-biznesu\\\/#breadcrumb\",\"itemListElement\":[{\"@type\":\"ListItem\",\"position\":1,\"name\":\"Home\",\"item\":\"https:\\\/\\\/humanitas.edu.pl\\\/en\\\/\"},{\"@type\":\"ListItem\",\"position\":2,\"name\":\"Kongres Praktyk\u00f3w Biznesu\"}]},{\"@type\":\"WebSite\",\"@id\":\"https:\\\/\\\/humanitas.edu.pl\\\/en\\\/#website\",\"url\":\"https:\\\/\\\/humanitas.edu.pl\\\/en\\\/\",\"name\":\"Akademia Humanitas\",\"description\":\"\",\"potentialAction\":[{\"@type\":\"SearchAction\",\"target\":{\"@type\":\"EntryPoint\",\"urlTemplate\":\"https:\\\/\\\/humanitas.edu.pl\\\/en\\\/?s={search_term_string}\"},\"query-input\":{\"@type\":\"PropertyValueSpecification\",\"valueRequired\":true,\"valueName\":\"search_term_string\"}}],\"inLanguage\":\"en-US\"}]}<\/script>\n<!-- \/ Yoast SEO Premium plugin. -->","yoast_head_json":{"title":"Kongres Praktyk\u00f3w Biznesu - Akademia Humanitas","description":"Kongres Praktyk\u00f3w Biznesu to coroczne wydarzenie, kt\u00f3re \u0142\u0105czy przedsi\u0119biorc\u00f3w i ekspert\u00f3w w dziedzinie innowacji.","robots":{"index":"index","follow":"follow","max-snippet":"max-snippet:-1","max-image-preview":"max-image-preview:large","max-video-preview":"max-video-preview:-1"},"canonical":"https:\/\/humanitas.edu.pl\/en\/kongres-praktykow-biznesu\/","og_locale":"en_US","og_type":"article","og_title":"Kongres Praktyk\u00f3w Biznesu","og_description":"Kongres Praktyk\u00f3w Biznesu to coroczne wydarzenie, kt\u00f3re \u0142\u0105czy przedsi\u0119biorc\u00f3w i ekspert\u00f3w w dziedzinie innowacji.","og_url":"https:\/\/humanitas.edu.pl\/en\/kongres-praktykow-biznesu\/","og_site_name":"Akademia Humanitas","article_modified_time":"2025-08-25T06:40:59+00:00","twitter_card":"summary_large_image","twitter_misc":{"Est. reading time":"2 minutes"},"schema":{"@context":"https:\/\/schema.org","@graph":[{"@type":"WebPage","@id":"https:\/\/humanitas.edu.pl\/en\/kongres-praktykow-biznesu\/","url":"https:\/\/humanitas.edu.pl\/en\/kongres-praktykow-biznesu\/","name":"Kongres Praktyk\u00f3w Biznesu - Akademia Humanitas","isPartOf":{"@id":"https:\/\/humanitas.edu.pl\/en\/#website"},"datePublished":"2025-08-21T12:14:07+00:00","dateModified":"2025-08-25T06:40:59+00:00","description":"Kongres Praktyk\u00f3w Biznesu to coroczne wydarzenie, kt\u00f3re \u0142\u0105czy przedsi\u0119biorc\u00f3w i ekspert\u00f3w w dziedzinie innowacji.","breadcrumb":{"@id":"https:\/\/humanitas.edu.pl\/en\/kongres-praktykow-biznesu\/#breadcrumb"},"inLanguage":"en-US","potentialAction":[{"@type":"ReadAction","target":["https:\/\/humanitas.edu.pl\/en\/kongres-praktykow-biznesu\/"]}]},{"@type":"BreadcrumbList","@id":"https:\/\/humanitas.edu.pl\/en\/kongres-praktykow-biznesu\/#breadcrumb","itemListElement":[{"@type":"ListItem","position":1,"name":"Home","item":"https:\/\/humanitas.edu.pl\/en\/"},{"@type":"ListItem","position":2,"name":"Kongres Praktyk\u00f3w Biznesu"}]},{"@type":"WebSite","@id":"https:\/\/humanitas.edu.pl\/en\/#website","url":"https:\/\/humanitas.edu.pl\/en\/","name":"Akademia Humanitas","description":"","potentialAction":[{"@type":"SearchAction","target":{"@type":"EntryPoint","urlTemplate":"https:\/\/humanitas.edu.pl\/en\/?s={search_term_string}"},"query-input":{"@type":"PropertyValueSpecification","valueRequired":true,"valueName":"search_term_string"}}],"inLanguage":"en-US"}]}},"_links":{"self":[{"href":"https:\/\/humanitas.edu.pl\/en\/wp-json\/wp\/v2\/pages\/9250","targetHints":{"allow":["GET"]}}],"collection":[{"href":"https:\/\/humanitas.edu.pl\/en\/wp-json\/wp\/v2\/pages"}],"about":[{"href":"https:\/\/humanitas.edu.pl\/en\/wp-json\/wp\/v2\/types\/page"}],"author":[{"embeddable":true,"href":"https:\/\/humanitas.edu.pl\/en\/wp-json\/wp\/v2\/users\/9"}],"replies":[{"embeddable":true,"href":"https:\/\/humanitas.edu.pl\/en\/wp-json\/wp\/v2\/comments?post=9250"}],"version-history":[{"count":16,"href":"https:\/\/humanitas.edu.pl\/en\/wp-json\/wp\/v2\/pages\/9250\/revisions"}],"predecessor-version":[{"id":10142,"href":"https:\/\/humanitas.edu.pl\/en\/wp-json\/wp\/v2\/pages\/9250\/revisions\/10142"}],"wp:attachment":[{"href":"https:\/\/humanitas.edu.pl\/en\/wp-json\/wp\/v2\/media?parent=9250"}],"curies":[{"name":"wp","href":"https:\/\/api.w.org\/{rel}","templated":true}]}}