{"id":664,"date":"2024-02-07T15:07:27","date_gmt":"2024-02-07T14:07:27","guid":{"rendered":"http:\/\/humanitas.edu.pl\/?page_id=664"},"modified":"2025-11-04T15:34:09","modified_gmt":"2025-11-04T13:34:09","slug":"czasopisma","status":"publish","type":"page","link":"https:\/\/humanitas.edu.pl\/en\/wydawnictwo\/czasopisma\/","title":{"rendered":"Czasopisma naukowe"},"content":{"rendered":"<section class=\"block-hero\">\n        <div class=\"container\">\n        <div class=\"block-hero__wrapper\">\n            \n<section class=\"breadcrumbs breadcrumbs--secondary\">\n    <div class=\"breadcrumbs__wrapper\">\n        <a href=\"https:\/\/humanitas.edu.pl\/en\/\" class=\"breadcrumbs__link\">\n            Home page        <\/a>\n        <svg aria-hidden=\"true\" focusable=\"false\" width=\"7\" height=\"7\" viewBox=\"0 0 5.6 9\" xmlns=\"http:\/\/www.w3.org\/2000\/svg\"><path d=\"M1.1 0L0 1.1l3.4 3.4L0 7.9 1.1 9l4.5-4.5z\"\/><\/svg>\n            <\/div>\n<\/section>            <h1 class=\"block-hero__title fade-in  \">Czasopisma naukowe<\/h1>\n                    <\/div>\n    <\/div>\n    <\/section>\n<nav class=\"secondary-menu\">\n    <div class=\"container fade-in\">\n        <ul class=\"secondary-menu__list js-delay\">\n                            <li id=\"menu-item-672\" class=\"menu-item menu-item-type-post_type menu-item-object-page menu-item-672\"><a href=\"https:\/\/humanitas.edu.pl\/en\/wydawnictwo\/\">Wydawnictwo Humanitas<\/a><\/li>\n<li id=\"menu-item-670\" class=\"menu-item menu-item-type-post_type menu-item-object-page menu-item-670\"><a href=\"https:\/\/humanitas.edu.pl\/en\/wydawnictwo\/info-dla-autorow\/\">Informacje dla autor\u00f3w<\/a><\/li>\n<li id=\"menu-item-669\" class=\"menu-item menu-item-type-post_type menu-item-object-page menu-item-669\"><a href=\"https:\/\/humanitas.edu.pl\/en\/wydawnictwo\/oficyna\/\">Oficyna<\/a><\/li>\n<li id=\"menu-item-668\" class=\"menu-item menu-item-type-post_type menu-item-object-page menu-item-668\"><a href=\"https:\/\/humanitas.edu.pl\/en\/wydawnictwo\/uslugi-wydawnicze\/\">Us\u0142ugi Wydawnicze<\/a><\/li>\n<li id=\"menu-item-667\" class=\"menu-item menu-item-type-post_type menu-item-object-page menu-item-667\"><a href=\"https:\/\/humanitas.edu.pl\/en\/wydawnictwo\/czasopisma\/\">Czasopisma naukowe<\/a><\/li>\n<li id=\"menu-item-13947\" class=\"menu-item menu-item-type-custom menu-item-object-custom menu-item-13947\"><a href=\"https:\/\/humanitas.edu.pl\/kontakt\/wydawnictwo\/\">Kontakt<\/a><\/li>\n                    <\/ul>\n    <\/div>\n<\/nav>\n\n    <section\n        class=\"block-content-with-gallery block-content-with-gallery--white block-content-with-gallery--left\"\n        id=\"block_495d5c1ccb0076b6e09cbef8bc7eb1a1\">\n                <div class=\"container\">\n            <div class=\"block-content-with-gallery__wrapper\">\n                <div class=\"block-content-with-gallery__gallery js-delay fade-in\">\n                                                                        <figure class=\"block-content-with-gallery__item js-delay-item\">\n                                <img loading=\"lazy\" decoding=\"async\" width=\"593\" height=\"357\" src=\"https:\/\/humanitas.edu.pl\/wp-content\/uploads\/2025\/11\/czasopisma-naukowe-Humanitas.png\" class=\"attachment-full-size size-full-size\" alt=\"\" aria-hidden=\"true\" srcset=\"https:\/\/humanitas.edu.pl\/wp-content\/uploads\/2025\/11\/czasopisma-naukowe-Humanitas.png 593w, https:\/\/humanitas.edu.pl\/wp-content\/uploads\/2025\/11\/czasopisma-naukowe-Humanitas-300x181.png 300w\" sizes=\"(max-width: 593px) 100vw, 593px\" \/>                            <\/figure>\n                                                            <\/div>\n                <div id=\"block-69d7251b788480.55998257\" class=\"block-content-with-gallery__content\">\n                    <h2\n                        class=\"block-content-with-gallery__title heading-underline heading-dot fade-in \">\n                        Czasopisma naukowe<\/h3>\n                        <div class=\"block-content-with-gallery__text fade-in\">\n\n                                                            <div class=\"block-content-with-gallery__text-full\">\n                                    <p>Akademia Humanitas wydaje czasopisma naukowe o tematyce zbie\u017cnej z profilami dzia\u0142alno\u015bci naukowo-badawczej poszczeg\u00f3lnych Instytut\u00f3w. Czasopisma te stanowi\u0105 forum prezentacji wynik\u00f3w bada\u0144 prowadzonych w uczelni oraz miejsce dyskusji o najwa\u017cniejszych problemach i wyzwaniach wsp\u00f3\u0142czesnej nauki. \u0141amy czasopism naukowych Akademii Humanitas s\u0105 otwarte zar\u00f3wno dla pracownik\u00f3w uczelni, jak i autor\u00f3w zewn\u0119trznych. Ka\u017cde czasopismo redagowane jest zgodnie z wytycznymi Ministerstwa Nauki i Szkolnictwa Wy\u017cszego odno\u015bnie do czasopism naukowych i przestrzega najwy\u017cszych standard\u00f3w jako\u015bciowych i etycznych.<\/p>\n<p><a href=\"https:\/\/humanitas.edu.pl\/wp-content\/uploads\/2025\/11\/obraz-1.jpg\"><img loading=\"lazy\" decoding=\"async\" class=\"alignnone wp-image-14124 size-full\" src=\"https:\/\/humanitas.edu.pl\/wp-content\/uploads\/2025\/11\/obraz-1.jpg\" alt=\"\" width=\"800\" height=\"333\" srcset=\"https:\/\/humanitas.edu.pl\/wp-content\/uploads\/2025\/11\/obraz-1.jpg 800w, https:\/\/humanitas.edu.pl\/wp-content\/uploads\/2025\/11\/obraz-1-300x125.jpg 300w, https:\/\/humanitas.edu.pl\/wp-content\/uploads\/2025\/11\/obraz-1-768x320.jpg 768w\" sizes=\"(max-width: 800px) 100vw, 800px\" \/><\/a><\/p>\n                                <\/div>\n                            \n                        <\/div>\n                                        <\/div>\n            <\/div>\n        <\/div>\n            <\/section>\n\n    <script>\n        document.addEventListener('DOMContentLoaded', function() {\n            var containerId = \"block-69d7251b788480.55998257\";\n            var container = document.getElementById(containerId);\n\n            if (container) {\n                const button = container.querySelector('.block-content-with-gallery__read-more');\n                const truncated = container.querySelector('.block-content-with-gallery__text-truncated');\n                const full = container.querySelector('.block-content-with-gallery__text-full');\n\n                button.addEventListener('click', function() {\n                    if (truncated.style.display !== 'none') {\n                        truncated.style.display = 'none';\n                        full.style.display = 'block';\n                        button.textContent = button.getAttribute('data-read-less');\n                    } else {\n                        truncated.style.display = 'block';\n                        full.style.display = 'none';\n                        button.textContent = button.getAttribute('data-read-more');\n                    }\n                });\n            }\n        });\n    <\/script>\n\n\n<section\n    class=\"block-content-with-buttons block-content-with-buttons--white block-content-with-buttons--left\"\n    id=\"block_443bbc41d550ffe3fce0ba3621d4ebea\">\n        <div class=\"container\">\n        <div class=\"block-content-with-buttons__wrapper\">\n            <figure\n                class=\"block-content-with-buttons__image fade-in \">\n                            <\/figure>\n            <div class=\"block-content-with-buttons__content\">\n                <h2\n                    class=\"block-content-with-buttons__title heading-underline heading-dot fade-in \">\n                    Aktualne czasopisma naukowe<\/h2>\n                <div class=\"block-content-with-buttons__text fade-in\">\n                    <p>Obecnie AH wydaje nast\u0119puj\u0105ce czasopisma naukowe: \u201eRoczniki Administracji i Prawa\u201d, \u201eHUMANITAS Zarz\u0105dzanie\u201d (do 2023 r. &#8220;Zeszyty Naukowe Wy\u017cszej Szko\u0142y Humanitas. Zarz\u0105dzanie&#8221;) i \u201eHUMANITAS Pedagogika i Psychologia\u201d (do 2021 r. &#8220;Zeszyty Naukowe Wy\u017cszej Szko\u0142y Humanitas. Pedagogika&#8221;), kt\u00f3re zosta\u0142y obj\u0119te programem &#8220;Wsparcie dla czasopism naukowych&#8221; i tym samym znalaz\u0142y si\u0119 w nowym wykazie czasopism MNiSW z liczb\u0105 40 punkt\u00f3w, z wyj\u0105tkiem Rocznik\u00f3w Administracji i Prawa, kt\u00f3re posiadaj\u0105 70 pkt. Ka\u017cde czasopismo zamieszcza artyku\u0142y naukowe recenzowane przez samodzielnych pracownik\u00f3w naukowych reprezentuj\u0105cych zewn\u0119trzne o\u015brodki akademickie, posiada tak\u017ce w\u0142asn\u0105 rad\u0119 naukow\u0105 z\u0142o\u017con\u0105 z przedstawicieli uczelni polskich i zagranicznych.<\/p>\n                <\/div>\n                                <div\n                    class=\"block-content-with-buttons__buttons block-content-with-buttons__buttons--without-icons js-delay fade-in\">\n                                                                                                                                            \n    <a \n        href=\"https:\/\/humanitas-pedagogika.publisherspanel.com\/\" \n        target=\"\" \n        aria-label=\"HUMANITAS Pedagogika i Psychologia\" \n        title=\"HUMANITAS Pedagogika i Psychologia\" \n                class=\"button   block-content-with-buttons__button button-small button-tertiary button-blue js-delay-item\">\n                HUMANITAS Pedagogika i Psychologia        <\/a>\n                                                                                                                                                                        \n    <a \n        href=\"https:\/\/rocznikiadministracjiiprawa.publisherspanel.com\/\" \n        target=\"\" \n        aria-label=\"Roczniki Administracji i Prawa\" \n        title=\"Roczniki Administracji i Prawa\" \n                class=\"button   block-content-with-buttons__button button-small button-tertiary button-blue js-delay-item\">\n                Roczniki Administracji i Prawa        <\/a>\n                                                                                                                                                                        \n    <a \n        href=\"https:\/\/zeszytyhumanitas.pl\/\" \n        target=\"\" \n        aria-label=\"HUMANITAS Zarz\u0105dzanie\" \n        title=\"HUMANITAS Zarz\u0105dzanie\" \n                class=\"button   block-content-with-buttons__button button-small button-tertiary button-blue js-delay-item\">\n                HUMANITAS Zarz\u0105dzanie        <\/a>\n                                                                <\/div>\n            <\/div>\n        <\/div>\n    <\/div>\n    <\/section>","protected":false},"excerpt":{"rendered":"","protected":false},"author":6,"featured_media":0,"parent":653,"menu_order":0,"comment_status":"closed","ping_status":"closed","template":"","meta":{"_acf_changed":false,"inline_featured_image":false,"footnotes":""},"class_list":["post-664","page","type-page","status-publish","hentry"],"acf":[],"yoast_head":"<!-- This site is optimized with the Yoast SEO Premium plugin v27.3 (Yoast SEO v27.3) - https:\/\/yoast.com\/product\/yoast-seo-premium-wordpress\/ -->\n<title>Czasopisma naukowe - Akademia Humanitas<\/title>\n<meta name=\"robots\" content=\"index, follow, max-snippet:-1, max-image-preview:large, max-video-preview:-1\" \/>\n<link rel=\"canonical\" href=\"https:\/\/humanitas.edu.pl\/en\/wydawnictwo\/czasopisma\/\" \/>\n<meta property=\"og:locale\" content=\"en_US\" \/>\n<meta property=\"og:type\" content=\"article\" \/>\n<meta property=\"og:title\" content=\"Czasopisma naukowe\" \/>\n<meta property=\"og:url\" content=\"https:\/\/humanitas.edu.pl\/en\/wydawnictwo\/czasopisma\/\" \/>\n<meta property=\"og:site_name\" content=\"Akademia Humanitas\" \/>\n<meta property=\"article:modified_time\" content=\"2025-11-04T13:34:09+00:00\" \/>\n<meta name=\"twitter:card\" content=\"summary_large_image\" \/>\n<meta name=\"twitter:label1\" content=\"Est. reading time\" \/>\n\t<meta name=\"twitter:data1\" content=\"2 minutes\" \/>\n<script type=\"application\/ld+json\" class=\"yoast-schema-graph\">{\"@context\":\"https:\\\/\\\/schema.org\",\"@graph\":[{\"@type\":\"WebPage\",\"@id\":\"https:\\\/\\\/humanitas.edu.pl\\\/en\\\/wydawnictwo\\\/czasopisma\\\/\",\"url\":\"https:\\\/\\\/humanitas.edu.pl\\\/en\\\/wydawnictwo\\\/czasopisma\\\/\",\"name\":\"Czasopisma naukowe - Akademia Humanitas\",\"isPartOf\":{\"@id\":\"https:\\\/\\\/humanitas.edu.pl\\\/en\\\/#website\"},\"datePublished\":\"2024-02-07T14:07:27+00:00\",\"dateModified\":\"2025-11-04T13:34:09+00:00\",\"breadcrumb\":{\"@id\":\"https:\\\/\\\/humanitas.edu.pl\\\/en\\\/wydawnictwo\\\/czasopisma\\\/#breadcrumb\"},\"inLanguage\":\"en-US\",\"potentialAction\":[{\"@type\":\"ReadAction\",\"target\":[\"https:\\\/\\\/humanitas.edu.pl\\\/en\\\/wydawnictwo\\\/czasopisma\\\/\"]}]},{\"@type\":\"BreadcrumbList\",\"@id\":\"https:\\\/\\\/humanitas.edu.pl\\\/en\\\/wydawnictwo\\\/czasopisma\\\/#breadcrumb\",\"itemListElement\":[{\"@type\":\"ListItem\",\"position\":1,\"name\":\"Home\",\"item\":\"https:\\\/\\\/humanitas.edu.pl\\\/en\\\/\"},{\"@type\":\"ListItem\",\"position\":2,\"name\":\"Wydawnictwo Humanitas\",\"item\":\"https:\\\/\\\/humanitas.edu.pl\\\/en\\\/wydawnictwo\\\/\"},{\"@type\":\"ListItem\",\"position\":3,\"name\":\"Czasopisma naukowe\"}]},{\"@type\":\"WebSite\",\"@id\":\"https:\\\/\\\/humanitas.edu.pl\\\/en\\\/#website\",\"url\":\"https:\\\/\\\/humanitas.edu.pl\\\/en\\\/\",\"name\":\"Akademia Humanitas\",\"description\":\"\",\"potentialAction\":[{\"@type\":\"SearchAction\",\"target\":{\"@type\":\"EntryPoint\",\"urlTemplate\":\"https:\\\/\\\/humanitas.edu.pl\\\/en\\\/?s={search_term_string}\"},\"query-input\":{\"@type\":\"PropertyValueSpecification\",\"valueRequired\":true,\"valueName\":\"search_term_string\"}}],\"inLanguage\":\"en-US\"}]}<\/script>\n<!-- \/ Yoast SEO Premium plugin. -->","yoast_head_json":{"title":"Czasopisma naukowe - Akademia Humanitas","robots":{"index":"index","follow":"follow","max-snippet":"max-snippet:-1","max-image-preview":"max-image-preview:large","max-video-preview":"max-video-preview:-1"},"canonical":"https:\/\/humanitas.edu.pl\/en\/wydawnictwo\/czasopisma\/","og_locale":"en_US","og_type":"article","og_title":"Czasopisma naukowe","og_url":"https:\/\/humanitas.edu.pl\/en\/wydawnictwo\/czasopisma\/","og_site_name":"Akademia Humanitas","article_modified_time":"2025-11-04T13:34:09+00:00","twitter_card":"summary_large_image","twitter_misc":{"Est. reading time":"2 minutes"},"schema":{"@context":"https:\/\/schema.org","@graph":[{"@type":"WebPage","@id":"https:\/\/humanitas.edu.pl\/en\/wydawnictwo\/czasopisma\/","url":"https:\/\/humanitas.edu.pl\/en\/wydawnictwo\/czasopisma\/","name":"Czasopisma naukowe - Akademia Humanitas","isPartOf":{"@id":"https:\/\/humanitas.edu.pl\/en\/#website"},"datePublished":"2024-02-07T14:07:27+00:00","dateModified":"2025-11-04T13:34:09+00:00","breadcrumb":{"@id":"https:\/\/humanitas.edu.pl\/en\/wydawnictwo\/czasopisma\/#breadcrumb"},"inLanguage":"en-US","potentialAction":[{"@type":"ReadAction","target":["https:\/\/humanitas.edu.pl\/en\/wydawnictwo\/czasopisma\/"]}]},{"@type":"BreadcrumbList","@id":"https:\/\/humanitas.edu.pl\/en\/wydawnictwo\/czasopisma\/#breadcrumb","itemListElement":[{"@type":"ListItem","position":1,"name":"Home","item":"https:\/\/humanitas.edu.pl\/en\/"},{"@type":"ListItem","position":2,"name":"Wydawnictwo Humanitas","item":"https:\/\/humanitas.edu.pl\/en\/wydawnictwo\/"},{"@type":"ListItem","position":3,"name":"Czasopisma naukowe"}]},{"@type":"WebSite","@id":"https:\/\/humanitas.edu.pl\/en\/#website","url":"https:\/\/humanitas.edu.pl\/en\/","name":"Akademia Humanitas","description":"","potentialAction":[{"@type":"SearchAction","target":{"@type":"EntryPoint","urlTemplate":"https:\/\/humanitas.edu.pl\/en\/?s={search_term_string}"},"query-input":{"@type":"PropertyValueSpecification","valueRequired":true,"valueName":"search_term_string"}}],"inLanguage":"en-US"}]}},"_links":{"self":[{"href":"https:\/\/humanitas.edu.pl\/en\/wp-json\/wp\/v2\/pages\/664","targetHints":{"allow":["GET"]}}],"collection":[{"href":"https:\/\/humanitas.edu.pl\/en\/wp-json\/wp\/v2\/pages"}],"about":[{"href":"https:\/\/humanitas.edu.pl\/en\/wp-json\/wp\/v2\/types\/page"}],"author":[{"embeddable":true,"href":"https:\/\/humanitas.edu.pl\/en\/wp-json\/wp\/v2\/users\/6"}],"replies":[{"embeddable":true,"href":"https:\/\/humanitas.edu.pl\/en\/wp-json\/wp\/v2\/comments?post=664"}],"version-history":[{"count":5,"href":"https:\/\/humanitas.edu.pl\/en\/wp-json\/wp\/v2\/pages\/664\/revisions"}],"predecessor-version":[{"id":14128,"href":"https:\/\/humanitas.edu.pl\/en\/wp-json\/wp\/v2\/pages\/664\/revisions\/14128"}],"up":[{"embeddable":true,"href":"https:\/\/humanitas.edu.pl\/en\/wp-json\/wp\/v2\/pages\/653"}],"wp:attachment":[{"href":"https:\/\/humanitas.edu.pl\/en\/wp-json\/wp\/v2\/media?parent=664"}],"curies":[{"name":"wp","href":"https:\/\/api.w.org\/{rel}","templated":true}]}}