{"id":661,"date":"2024-02-07T15:06:54","date_gmt":"2024-02-07T14:06:54","guid":{"rendered":"http:\/\/humanitas.edu.pl\/?page_id=661"},"modified":"2025-11-04T10:52:02","modified_gmt":"2025-11-04T08:52:02","slug":"uslugi-wydawnicze","status":"publish","type":"page","link":"https:\/\/humanitas.edu.pl\/en\/wydawnictwo\/uslugi-wydawnicze\/","title":{"rendered":"Us\u0142ugi Wydawnicze"},"content":{"rendered":"<section class=\"block-hero\">\n        <div class=\"container\">\n        <div class=\"block-hero__wrapper\">\n            \n<section class=\"breadcrumbs breadcrumbs--secondary\">\n    <div class=\"breadcrumbs__wrapper\">\n        <a href=\"https:\/\/humanitas.edu.pl\/en\/\" class=\"breadcrumbs__link\">\n            Home page        <\/a>\n        <svg aria-hidden=\"true\" focusable=\"false\" width=\"7\" height=\"7\" viewBox=\"0 0 5.6 9\" xmlns=\"http:\/\/www.w3.org\/2000\/svg\"><path d=\"M1.1 0L0 1.1l3.4 3.4L0 7.9 1.1 9l4.5-4.5z\"\/><\/svg>\n            <\/div>\n<\/section>            <h1 class=\"block-hero__title fade-in  \">Us\u0142ugi Wydawnicze<\/h1>\n                    <\/div>\n    <\/div>\n    <\/section>\n<nav class=\"secondary-menu\">\n    <div class=\"container fade-in\">\n        <ul class=\"secondary-menu__list js-delay\">\n                            <li id=\"menu-item-672\" class=\"menu-item menu-item-type-post_type menu-item-object-page menu-item-672\"><a href=\"https:\/\/humanitas.edu.pl\/en\/wydawnictwo\/\">Wydawnictwo Humanitas<\/a><\/li>\n<li id=\"menu-item-670\" class=\"menu-item menu-item-type-post_type menu-item-object-page menu-item-670\"><a href=\"https:\/\/humanitas.edu.pl\/en\/wydawnictwo\/info-dla-autorow\/\">Informacje dla autor\u00f3w<\/a><\/li>\n<li id=\"menu-item-669\" class=\"menu-item menu-item-type-post_type menu-item-object-page menu-item-669\"><a href=\"https:\/\/humanitas.edu.pl\/en\/wydawnictwo\/oficyna\/\">Oficyna<\/a><\/li>\n<li id=\"menu-item-668\" class=\"menu-item menu-item-type-post_type menu-item-object-page menu-item-668\"><a href=\"https:\/\/humanitas.edu.pl\/en\/wydawnictwo\/uslugi-wydawnicze\/\">Us\u0142ugi Wydawnicze<\/a><\/li>\n<li id=\"menu-item-667\" class=\"menu-item menu-item-type-post_type menu-item-object-page menu-item-667\"><a href=\"https:\/\/humanitas.edu.pl\/en\/wydawnictwo\/czasopisma\/\">Czasopisma naukowe<\/a><\/li>\n<li id=\"menu-item-13947\" class=\"menu-item menu-item-type-custom menu-item-object-custom menu-item-13947\"><a href=\"https:\/\/humanitas.edu.pl\/kontakt\/wydawnictwo\/\">Kontakt<\/a><\/li>\n                    <\/ul>\n    <\/div>\n<\/nav>\n\n    <section\n        class=\"block-content-with-gallery block-content-with-gallery--white block-content-with-gallery--left\"\n        id=\"block_373e05141818c37c305cea799078423b\">\n                <div class=\"container\">\n            <div class=\"block-content-with-gallery__wrapper\">\n                <div class=\"block-content-with-gallery__gallery js-delay fade-in\">\n                                                                        <figure class=\"block-content-with-gallery__item js-delay-item\">\n                                                            <\/figure>\n                                                            <\/div>\n                <div id=\"block-69d72ab9a81538.07017077\" class=\"block-content-with-gallery__content\">\n                    <h2\n                        class=\"block-content-with-gallery__title heading-underline heading-dot fade-in \">\n                        Wydaj z nami swoj\u0105 w\u0142asn\u0105 ksi\u0105\u017ck\u0119<\/h3>\n                        <div class=\"block-content-with-gallery__text fade-in\">\n\n                                                            <div class=\"block-content-with-gallery__text-full\">\n                                    <p>Zapraszamy do wsp\u00f3\u0142pracy z Oficyn\u0105 Wydawnicz\u0105 \u201eHumanitas\u201d. Oferujemy autorom i podmiotom instytucjonalnym us\u0142ugi profesjonalnego opracowania redakcyjnego, graficznego i technicznego publikacji oraz ich wydanie, wraz z wprowadzeniem na rynek \u2013 szybko, profesjonalnie i w atrakcyjnej cenie<\/p>\n                                <\/div>\n                            \n                        <\/div>\n                                        <\/div>\n            <\/div>\n        <\/div>\n            <\/section>\n\n    <script>\n        document.addEventListener('DOMContentLoaded', function() {\n            var containerId = \"block-69d72ab9a81538.07017077\";\n            var container = document.getElementById(containerId);\n\n            if (container) {\n                const button = container.querySelector('.block-content-with-gallery__read-more');\n                const truncated = container.querySelector('.block-content-with-gallery__text-truncated');\n                const full = container.querySelector('.block-content-with-gallery__text-full');\n\n                button.addEventListener('click', function() {\n                    if (truncated.style.display !== 'none') {\n                        truncated.style.display = 'none';\n                        full.style.display = 'block';\n                        button.textContent = button.getAttribute('data-read-less');\n                    } else {\n                        truncated.style.display = 'block';\n                        full.style.display = 'none';\n                        button.textContent = button.getAttribute('data-read-more');\n                    }\n                });\n            }\n        });\n    <\/script>\n\n\n<section\n    class=\"block-content-with-buttons block-content-with-buttons--dark-blue block-content-with-buttons--left\"\n    id=\"block_659a65407171c77e1f7130a0abdf39fe\">\n            \n<div class=\"triangle triangle--top-left default\">\n    <svg aria-hidden=\"true\" focusable=\"false\" width=\"1440\" height=\"98\" viewBox=\"0 0 1440 98\" fill=\"none\" xmlns=\"http:\/\/www.w3.org\/2000\/svg\">\n<path d=\"M0 98L1440 0H0V98Z\" fill=\"white\"\/>\n<\/svg>\n<\/div>\n        <div class=\"container\">\n        <div class=\"block-content-with-buttons__wrapper\">\n            <figure\n                class=\"block-content-with-buttons__image fade-in \">\n                            <\/figure>\n            <div class=\"block-content-with-buttons__content\">\n                <h2\n                    class=\"block-content-with-buttons__title heading-underline heading-dot fade-in \">\n                    Podziel si\u0119 swoj\u0105..<\/h2>\n                <div class=\"block-content-with-buttons__text fade-in\">\n                    <ul>\n<li><strong>Wiedz\u0105<\/strong><br \/>\nmonografie i czasopisma naukowe, materia\u0142y konferencyjne, raporty badawcze, podr\u0119czniki i skrypty akademickie<\/li>\n<li><strong>Pasj\u0105<\/strong><br \/>\npublikacje popularnonaukowe, biografie, poradniki i przewodniki<\/li>\n<li><strong>Wyobra\u017ani\u0105<br \/>\n<\/strong>ksi\u0105\u017cki beletrystyczne, ksi\u0105\u017cki dla dzieci i tomiki poezji<\/li>\n<\/ul>\n                <\/div>\n                                <div\n                    class=\"block-content-with-buttons__buttons block-content-with-buttons__buttons--with-icons js-delay fade-in\">\n                                    <\/div>\n            <\/div>\n        <\/div>\n    <\/div>\n            \n<div class=\"triangle triangle--bottom-right \">\n    <svg aria-hidden=\"true\" focusable=\"false\" width=\"1440\" height=\"98\" viewBox=\"0 0 1440 98\" fill=\"none\" xmlns=\"http:\/\/www.w3.org\/2000\/svg\">\n<path d=\"M1440 0L0 98H1440V0Z\" fill=\"white\"\/>\n<\/svg>\n<\/div>\n    <\/section>\n\n<section class=\"block-steps-section block-steps-section--white\" id=\"block_22ee78b71f3d92e6832da28b11627bfe\">\n        <div class=\"container\">\n        <div class=\"block-steps-section__wrapper\">\n            <h2\n                class=\"block-steps-section__title heading-underline heading-dot fade-in \">\n                Wydawnictwo Humanitas<\/h2>\n            <div class=\"block-steps-section__content fade-in\">\n                <p>Wycena dla ka\u017cdego projektu przygotowywana jest indywidualnie na podstawie obj\u0119to\u015bci tekstu, liczby ilustracji, nak\u0142adu i wybranego zakresu us\u0142ug wydawniczych. Staramy si\u0119 tak negocjowa\u0107, by dopasowa\u0107 ca\u0142y projekt do dost\u0119pnych \u015brodk\u00f3w finansowych.<\/p>\n<p>W celu uzyskania dodatkowych informacji lub wyceny projektu prosimy o kontakt mailowy na adres <strong><a href=\"mailto:dystrybucja@humanitas.edu.pl\">dystrybucja@humanitas.edu.pl<\/a><\/strong> lub telefoniczny na nr <strong>32 363-12-19<\/strong>.<\/p>\n<p><strong>Stawiamy na rzetelne przygotowanie publikacji do druku<br \/>\ni indywidualne podej\u015bcie do ka\u017cdego projektu. Autor ma wgl\u0105d w ka\u017cdy etap procesu wydawniczego. <\/strong><\/p>\n            <\/div>\n            <div class=\"block-steps-section__steps\">\n                                    <div class=\"block-steps-section__step fade-in\">\n                        <div class=\"block-steps-section__step-number\">1<\/div>\n                        <h3 class=\"block-steps-section__step-title\">Co nas wyr\u00f3\u017cnia<\/h3>\n                                                    <div id=\"step-content-step-1\" class=\"block-steps-section__step-content\">\n                                <div class=\"content-container\" data-state=\"short\">\n                                    <div class=\"short-content\"><ul>\n<li>kr\u00f3tki proces wydawniczy (3-6 miesi\u0119cy)<\/li>\n<li>indywidualne podej\u015bcie do ka\u017cdego projektu<\/li>\n<li>konkurencyjne ceny (indywidualna wycena ka\u017cdego projektu)<\/li>\n<p><\/div>\n                                    <div class=\"full-content\" style=\"display: none;\"><ul>\n<li>kr\u00f3tki proces wydawniczy (3-6 miesi\u0119cy)<\/li>\n<li>indywidualne podej\u015bcie do ka\u017cdego projektu<\/li>\n<li>konkurencyjne ceny (indywidualna wycena ka\u017cdego projektu)<\/li>\n<p><\/p>\n<li>szerokie kontakty w \u015brodowisku naukowym<\/li>\n<li>wieloletnie do\u015bwiadczenie<\/li>\n<li>wsp\u00f3\u0142praca z o\u015brodkami zagranicznymi (m.in. z Czech, S\u0142owacji, W\u0119gier)<\/li>\n<\/ul>\n<\/div>\n                                <\/div>\n                                <button class=\"js-button-read-more button-read-more mt-4\" data-step-id=\"step-1\"\n                                    data-show-more-text=\"Show more\"\n                                    data-show-less-text=\"show less\"> Show more <\/button>\n                            <\/div>\n                                            <\/div>\n                                    <div class=\"block-steps-section__step fade-in\">\n                        <div class=\"block-steps-section__step-number\">2<\/div>\n                        <h3 class=\"block-steps-section__step-title\">Us\u0142ugi, kt\u00f3re oferujemy<\/h3>\n                                                    <div id=\"step-content-step-2\" class=\"block-steps-section__step-content\">\n                                <div class=\"content-container\" data-state=\"short\">\n                                    <div class=\"short-content\"><ul>\n<li>recenzje wydawnicze wybitnych profesor\u00f3w z presti\u017cowych o\u015brodk\u00f3w krajowych i zagranicznych<\/li>\n<li>dwukrotn\u0105 korekt\u0119 j\u0119zykow\u0105<\/li>\n<li>redakcj\u0119 techniczn\u0105<\/li>\n<p><\/div>\n                                    <div class=\"full-content\" style=\"display: none;\"><ul>\n<li>recenzje wydawnicze wybitnych profesor\u00f3w z presti\u017cowych o\u015brodk\u00f3w krajowych i zagranicznych<\/li>\n<li>dwukrotn\u0105 korekt\u0119 j\u0119zykow\u0105<\/li>\n<li>redakcj\u0119 techniczn\u0105<\/li>\n<p><\/p>\n<li>nowoczesny sk\u0142ad komputerowy (DTP)<\/li>\n<li>opracowanie graficzne<\/li>\n<li>co najmniej 3 projekty ok\u0142adki do wyboru<\/li>\n<li>druk (offsetowy lub cyfrowy) i opraw\u0119 (mi\u0119kka, broszurowa lub twarda)<\/li>\n<li>dystrybucj\u0119 \u2013 sprzeda\u017c w wielu punktach partnerskich w ca\u0142ym kraju, zar\u00f3wno w ksi\u0119garniach stacjonarnych, jak i internetowych<\/li>\n<li>szerok\u0105 promocj\u0119 \u2013 kampanie w mediach spo\u0142eczno\u015bciowych, kampanie email marketingowe, promocja na stronach www i portalach tematycznych, promocja w trakcie konferencji, szkole\u0144 i innych wydarze\u0144 naukowych<\/li>\n<li>wydanie i dystrybucj\u0119 publikacji w wersji elektronicznej<\/li>\n<li>archiwizacj\u0119 publikacji na CD (komplet plik\u00f3w koniecznych do wznowienia publikacji)<\/li>\n<\/ul>\n<\/div>\n                                <\/div>\n                                <button class=\"js-button-read-more button-read-more mt-4\" data-step-id=\"step-2\"\n                                    data-show-more-text=\"Show more\"\n                                    data-show-less-text=\"show less\"> Show more <\/button>\n                            <\/div>\n                                            <\/div>\n                                    <div class=\"block-steps-section__step fade-in\">\n                        <div class=\"block-steps-section__step-number\">3<\/div>\n                        <h3 class=\"block-steps-section__step-title\">A ponadto\u2026<\/h3>\n                                                    <div id=\"step-content-step-3\" class=\"block-steps-section__step-content\">\n                                <div class=\"content-container\" data-state=\"short\">\n                                    <div class=\"short-content\"><ul>\n<li>wydanie publikacji w Oficynie znanej i cenionej w \u015brodowisku akademickim<\/li>\n<li>pomoc w uzyskaniu presti\u017cowych patronat\u00f3w naukowych, podnosz\u0105cych rang\u0119 publikacji<\/li>\n<li>organizacj\u0119 spotka\u0144 autorskich<\/li>\n<p><\/div>\n                                    <div class=\"full-content\" style=\"display: none;\"><ul>\n<li>wydanie publikacji w Oficynie znanej i cenionej w \u015brodowisku akademickim<\/li>\n<li>pomoc w uzyskaniu presti\u017cowych patronat\u00f3w naukowych, podnosz\u0105cych rang\u0119 publikacji<\/li>\n<li>organizacj\u0119 spotka\u0144 autorskich<\/li>\n<p><\/p>\n<li>nadanie publikacji charakteru mi\u0119dzynarodowego poprzez przypisanie jej dw\u00f3ch numer\u00f3w ISBN \u2013 polskiego i czeskiego<\/li>\n<\/ul>\n<\/div>\n                                <\/div>\n                                <button class=\"js-button-read-more button-read-more mt-4\" data-step-id=\"step-3\"\n                                    data-show-more-text=\"Show more\"\n                                    data-show-less-text=\"show less\"> Show more <\/button>\n                            <\/div>\n                                            <\/div>\n                            <\/div>\n                    <\/div>\n    <\/div>\n    <\/section>","protected":false},"excerpt":{"rendered":"","protected":false},"author":6,"featured_media":0,"parent":653,"menu_order":0,"comment_status":"closed","ping_status":"closed","template":"","meta":{"_acf_changed":false,"inline_featured_image":false,"footnotes":""},"class_list":["post-661","page","type-page","status-publish","hentry"],"acf":[],"yoast_head":"<!-- This site is optimized with the Yoast SEO Premium plugin v27.3 (Yoast SEO v27.3) - https:\/\/yoast.com\/product\/yoast-seo-premium-wordpress\/ -->\n<title>Us\u0142ugi Wydawnicze - Akademia Humanitas<\/title>\n<meta name=\"robots\" content=\"index, follow, max-snippet:-1, max-image-preview:large, max-video-preview:-1\" \/>\n<link rel=\"canonical\" href=\"https:\/\/humanitas.edu.pl\/en\/wydawnictwo\/uslugi-wydawnicze\/\" \/>\n<meta property=\"og:locale\" content=\"en_US\" \/>\n<meta property=\"og:type\" content=\"article\" \/>\n<meta property=\"og:title\" content=\"Us\u0142ugi Wydawnicze\" \/>\n<meta property=\"og:url\" content=\"https:\/\/humanitas.edu.pl\/en\/wydawnictwo\/uslugi-wydawnicze\/\" \/>\n<meta property=\"og:site_name\" content=\"Akademia Humanitas\" \/>\n<meta property=\"article:modified_time\" content=\"2025-11-04T08:52:02+00:00\" \/>\n<meta name=\"twitter:card\" content=\"summary_large_image\" \/>\n<meta name=\"twitter:label1\" content=\"Est. reading time\" \/>\n\t<meta name=\"twitter:data1\" content=\"3 minutes\" \/>\n<script type=\"application\/ld+json\" class=\"yoast-schema-graph\">{\"@context\":\"https:\\\/\\\/schema.org\",\"@graph\":[{\"@type\":\"WebPage\",\"@id\":\"https:\\\/\\\/humanitas.edu.pl\\\/en\\\/wydawnictwo\\\/uslugi-wydawnicze\\\/\",\"url\":\"https:\\\/\\\/humanitas.edu.pl\\\/en\\\/wydawnictwo\\\/uslugi-wydawnicze\\\/\",\"name\":\"Us\u0142ugi Wydawnicze - Akademia Humanitas\",\"isPartOf\":{\"@id\":\"https:\\\/\\\/humanitas.edu.pl\\\/en\\\/#website\"},\"datePublished\":\"2024-02-07T14:06:54+00:00\",\"dateModified\":\"2025-11-04T08:52:02+00:00\",\"breadcrumb\":{\"@id\":\"https:\\\/\\\/humanitas.edu.pl\\\/en\\\/wydawnictwo\\\/uslugi-wydawnicze\\\/#breadcrumb\"},\"inLanguage\":\"en-US\",\"potentialAction\":[{\"@type\":\"ReadAction\",\"target\":[\"https:\\\/\\\/humanitas.edu.pl\\\/en\\\/wydawnictwo\\\/uslugi-wydawnicze\\\/\"]}]},{\"@type\":\"BreadcrumbList\",\"@id\":\"https:\\\/\\\/humanitas.edu.pl\\\/en\\\/wydawnictwo\\\/uslugi-wydawnicze\\\/#breadcrumb\",\"itemListElement\":[{\"@type\":\"ListItem\",\"position\":1,\"name\":\"Home\",\"item\":\"https:\\\/\\\/humanitas.edu.pl\\\/en\\\/\"},{\"@type\":\"ListItem\",\"position\":2,\"name\":\"Wydawnictwo Humanitas\",\"item\":\"https:\\\/\\\/humanitas.edu.pl\\\/en\\\/wydawnictwo\\\/\"},{\"@type\":\"ListItem\",\"position\":3,\"name\":\"Us\u0142ugi Wydawnicze\"}]},{\"@type\":\"WebSite\",\"@id\":\"https:\\\/\\\/humanitas.edu.pl\\\/en\\\/#website\",\"url\":\"https:\\\/\\\/humanitas.edu.pl\\\/en\\\/\",\"name\":\"Akademia Humanitas\",\"description\":\"\",\"potentialAction\":[{\"@type\":\"SearchAction\",\"target\":{\"@type\":\"EntryPoint\",\"urlTemplate\":\"https:\\\/\\\/humanitas.edu.pl\\\/en\\\/?s={search_term_string}\"},\"query-input\":{\"@type\":\"PropertyValueSpecification\",\"valueRequired\":true,\"valueName\":\"search_term_string\"}}],\"inLanguage\":\"en-US\"}]}<\/script>\n<!-- \/ Yoast SEO Premium plugin. -->","yoast_head_json":{"title":"Us\u0142ugi Wydawnicze - Akademia Humanitas","robots":{"index":"index","follow":"follow","max-snippet":"max-snippet:-1","max-image-preview":"max-image-preview:large","max-video-preview":"max-video-preview:-1"},"canonical":"https:\/\/humanitas.edu.pl\/en\/wydawnictwo\/uslugi-wydawnicze\/","og_locale":"en_US","og_type":"article","og_title":"Us\u0142ugi Wydawnicze","og_url":"https:\/\/humanitas.edu.pl\/en\/wydawnictwo\/uslugi-wydawnicze\/","og_site_name":"Akademia Humanitas","article_modified_time":"2025-11-04T08:52:02+00:00","twitter_card":"summary_large_image","twitter_misc":{"Est. reading time":"3 minutes"},"schema":{"@context":"https:\/\/schema.org","@graph":[{"@type":"WebPage","@id":"https:\/\/humanitas.edu.pl\/en\/wydawnictwo\/uslugi-wydawnicze\/","url":"https:\/\/humanitas.edu.pl\/en\/wydawnictwo\/uslugi-wydawnicze\/","name":"Us\u0142ugi Wydawnicze - Akademia Humanitas","isPartOf":{"@id":"https:\/\/humanitas.edu.pl\/en\/#website"},"datePublished":"2024-02-07T14:06:54+00:00","dateModified":"2025-11-04T08:52:02+00:00","breadcrumb":{"@id":"https:\/\/humanitas.edu.pl\/en\/wydawnictwo\/uslugi-wydawnicze\/#breadcrumb"},"inLanguage":"en-US","potentialAction":[{"@type":"ReadAction","target":["https:\/\/humanitas.edu.pl\/en\/wydawnictwo\/uslugi-wydawnicze\/"]}]},{"@type":"BreadcrumbList","@id":"https:\/\/humanitas.edu.pl\/en\/wydawnictwo\/uslugi-wydawnicze\/#breadcrumb","itemListElement":[{"@type":"ListItem","position":1,"name":"Home","item":"https:\/\/humanitas.edu.pl\/en\/"},{"@type":"ListItem","position":2,"name":"Wydawnictwo Humanitas","item":"https:\/\/humanitas.edu.pl\/en\/wydawnictwo\/"},{"@type":"ListItem","position":3,"name":"Us\u0142ugi Wydawnicze"}]},{"@type":"WebSite","@id":"https:\/\/humanitas.edu.pl\/en\/#website","url":"https:\/\/humanitas.edu.pl\/en\/","name":"Akademia Humanitas","description":"","potentialAction":[{"@type":"SearchAction","target":{"@type":"EntryPoint","urlTemplate":"https:\/\/humanitas.edu.pl\/en\/?s={search_term_string}"},"query-input":{"@type":"PropertyValueSpecification","valueRequired":true,"valueName":"search_term_string"}}],"inLanguage":"en-US"}]}},"_links":{"self":[{"href":"https:\/\/humanitas.edu.pl\/en\/wp-json\/wp\/v2\/pages\/661","targetHints":{"allow":["GET"]}}],"collection":[{"href":"https:\/\/humanitas.edu.pl\/en\/wp-json\/wp\/v2\/pages"}],"about":[{"href":"https:\/\/humanitas.edu.pl\/en\/wp-json\/wp\/v2\/types\/page"}],"author":[{"embeddable":true,"href":"https:\/\/humanitas.edu.pl\/en\/wp-json\/wp\/v2\/users\/6"}],"replies":[{"embeddable":true,"href":"https:\/\/humanitas.edu.pl\/en\/wp-json\/wp\/v2\/comments?post=661"}],"version-history":[{"count":2,"href":"https:\/\/humanitas.edu.pl\/en\/wp-json\/wp\/v2\/pages\/661\/revisions"}],"predecessor-version":[{"id":14085,"href":"https:\/\/humanitas.edu.pl\/en\/wp-json\/wp\/v2\/pages\/661\/revisions\/14085"}],"up":[{"embeddable":true,"href":"https:\/\/humanitas.edu.pl\/en\/wp-json\/wp\/v2\/pages\/653"}],"wp:attachment":[{"href":"https:\/\/humanitas.edu.pl\/en\/wp-json\/wp\/v2\/media?parent=661"}],"curies":[{"name":"wp","href":"https:\/\/api.w.org\/{rel}","templated":true}]}}