{"id":6182,"date":"2025-05-30T11:03:42","date_gmt":"2025-05-30T09:03:42","guid":{"rendered":"https:\/\/humanitas.edu.pl\/?page_id=6182"},"modified":"2025-05-30T11:08:41","modified_gmt":"2025-05-30T09:08:41","slug":"download","status":"publish","type":"page","link":"https:\/\/humanitas.edu.pl\/en\/download\/","title":{"rendered":"Download"},"content":{"rendered":"<section class=\"block-hero\">\n        <div class=\"container\">\n        <div class=\"block-hero__wrapper\">\n            \n<section class=\"breadcrumbs breadcrumbs--secondary\">\n    <div class=\"breadcrumbs__wrapper\">\n        <a href=\"https:\/\/humanitas.edu.pl\/en\/\" class=\"breadcrumbs__link\">\n            Home page        <\/a>\n        <svg aria-hidden=\"true\" focusable=\"false\" width=\"7\" height=\"7\" viewBox=\"0 0 5.6 9\" xmlns=\"http:\/\/www.w3.org\/2000\/svg\"><path d=\"M1.1 0L0 1.1l3.4 3.4L0 7.9 1.1 9l4.5-4.5z\"\/><\/svg>\n            <\/div>\n<\/section>            <h1 class=\"block-hero__title fade-in heading-underline \">Download<\/h1>\n                    <\/div>\n    <\/div>\n            \n<div class=\"triangle triangle--bottom-right default\">\n    <svg aria-hidden=\"true\" focusable=\"false\" width=\"1440\" height=\"98\" viewBox=\"0 0 1440 98\" fill=\"none\" xmlns=\"http:\/\/www.w3.org\/2000\/svg\">\n<path d=\"M1440 0L0 98H1440V0Z\" fill=\"white\"\/>\n<\/svg>\n<\/div>\n    <\/section>\n\n\n<section\n    class=\"block-content-with-buttons block-content-with-buttons--white block-content-with-buttons--left\"\n    id=\"block_b4e8686d1ebba8b3a334f3e1e9ef65e4\">\n        <div class=\"container\">\n        <div class=\"block-content-with-buttons__wrapper\">\n            <figure\n                class=\"block-content-with-buttons__image fade-in \">\n                            <\/figure>\n            <div class=\"block-content-with-buttons__content\">\n                <h2\n                    class=\"block-content-with-buttons__title heading-underline heading-dot fade-in \">\n                    Pliki do pobrania<\/h2>\n                <div class=\"block-content-with-buttons__text fade-in\">\n                    <p><strong>Instrukcja instalacji programu SPSS<\/strong><\/p>\n<p>1.\u00a0\u00a0\u00a0 Program nale\u017cy pobra\u0107 ze strony (w lewym g\u00f3rnym rogu jest przycisk &#8220;pobierz&#8221;)<br \/>\n2.\u00a0\u00a0\u00a0 Nast\u0119pnie nale\u017cy go rozpakowa\u0107.<br \/>\n3.\u00a0\u00a0\u00a0 Po rozpakowaniu uruchamiamy pslauncher.exe<br \/>\n4.\u00a0\u00a0\u00a0 Post\u0119powa\u0107 wed\u0142ug komunikat\u00f3w wy\u015bwietlanych na ekranie<\/p>\n<p>Dzia\u0142 IT Akademii Humanitas\u00a0<strong>tylko<\/strong>\u00a0udost\u0119pnia oprogramowanie firmy Predictive Solutions, natomiast\u00a0<strong>nie rozwi\u0105zujemy problem\u00f3w z nim zwi\u0105zanych.<\/strong><\/p>\n                <\/div>\n                                <div\n                    class=\"block-content-with-buttons__buttons block-content-with-buttons__buttons--without-icons js-delay fade-in\">\n                                                                                                                                            \n    <a \n        href=\"https:\/\/wyzszaszkoahumanitas-my.sharepoint.com\/:u:\/g\/personal\/spss_psychologia_humanitas_edu_pl\/EZ4YfuUXs7hFoORZKFiWIKkByH8wXp4H_hyxHQhGFXM_Bg?e=iXBdEs\" \n        target=\"\" \n        aria-label=\"IBM SPSS Statistics (PS IMAGO PRO 10)\" \n        title=\"IBM SPSS Statistics (PS IMAGO PRO 10)\" \n                class=\"button   block-content-with-buttons__button button-small button-tertiary button-blue js-delay-item\">\n                IBM SPSS Statistics (PS IMAGO PRO 10)        <\/a>\n                                                                <\/div>\n            <\/div>\n        <\/div>\n    <\/div>\n    <\/section>\n\n<section\n    class=\"block-content-with-buttons block-content-with-buttons--white block-content-with-buttons--left\"\n    id=\"block_69d2164072773998cbdc0c9816e5a090\">\n        <div class=\"container\">\n        <div class=\"block-content-with-buttons__wrapper\">\n            <figure\n                class=\"block-content-with-buttons__image fade-in \">\n                            <\/figure>\n            <div class=\"block-content-with-buttons__content\">\n                <h2\n                    class=\"block-content-with-buttons__title heading-underline heading-dot fade-in \">\n                    Dodatkowe informacje<\/h2>\n                <div class=\"block-content-with-buttons__text fade-in\">\n                    <p>Wszystkie powy\u017csze programy zosta\u0142y spakowane za pomoc\u0105 programu 7zip.<\/p>\n                <\/div>\n                                <div\n                    class=\"block-content-with-buttons__buttons block-content-with-buttons__buttons--without-icons js-delay fade-in\">\n                                                                                                                                            \n    <a \n        href=\"https:\/\/www.7-zip.org\/\" \n        target=\"\" \n        aria-label=\"Pobierz 7-zip\" \n        title=\"Pobierz 7-zip\" \n                class=\"button   block-content-with-buttons__button button-small button-tertiary button-blue js-delay-item\">\n                Pobierz 7-zip        <\/a>\n                                                                <\/div>\n            <\/div>\n        <\/div>\n    <\/div>\n    <\/section>","protected":false},"excerpt":{"rendered":"","protected":false},"author":6,"featured_media":0,"parent":0,"menu_order":0,"comment_status":"closed","ping_status":"closed","template":"","meta":{"_acf_changed":false,"inline_featured_image":false,"footnotes":""},"class_list":["post-6182","page","type-page","status-publish","hentry"],"acf":[],"yoast_head":"<!-- This site is optimized with the Yoast SEO Premium plugin v27.3 (Yoast SEO v27.3) - https:\/\/yoast.com\/product\/yoast-seo-premium-wordpress\/ -->\n<title>Download - Akademia Humanitas<\/title>\n<meta name=\"description\" content=\"Pliki do pobrania Akademia Humanitas\" \/>\n<meta name=\"robots\" content=\"index, follow, max-snippet:-1, max-image-preview:large, max-video-preview:-1\" \/>\n<link rel=\"canonical\" href=\"https:\/\/humanitas.edu.pl\/en\/download\/\" \/>\n<meta property=\"og:locale\" content=\"en_US\" \/>\n<meta property=\"og:type\" content=\"article\" \/>\n<meta property=\"og:title\" content=\"Download\" \/>\n<meta property=\"og:description\" content=\"Pliki do pobrania Akademia Humanitas\" \/>\n<meta property=\"og:url\" content=\"https:\/\/humanitas.edu.pl\/en\/download\/\" \/>\n<meta property=\"og:site_name\" content=\"Akademia Humanitas\" \/>\n<meta property=\"article:modified_time\" content=\"2025-05-30T09:08:41+00:00\" \/>\n<meta name=\"twitter:card\" content=\"summary_large_image\" \/>\n<meta name=\"twitter:label1\" content=\"Est. reading time\" \/>\n\t<meta name=\"twitter:data1\" content=\"1 minute\" \/>\n<script type=\"application\/ld+json\" class=\"yoast-schema-graph\">{\"@context\":\"https:\\\/\\\/schema.org\",\"@graph\":[{\"@type\":\"WebPage\",\"@id\":\"https:\\\/\\\/humanitas.edu.pl\\\/en\\\/download\\\/\",\"url\":\"https:\\\/\\\/humanitas.edu.pl\\\/en\\\/download\\\/\",\"name\":\"Download - Akademia Humanitas\",\"isPartOf\":{\"@id\":\"https:\\\/\\\/humanitas.edu.pl\\\/en\\\/#website\"},\"datePublished\":\"2025-05-30T09:03:42+00:00\",\"dateModified\":\"2025-05-30T09:08:41+00:00\",\"description\":\"Pliki do pobrania Akademia Humanitas\",\"breadcrumb\":{\"@id\":\"https:\\\/\\\/humanitas.edu.pl\\\/en\\\/download\\\/#breadcrumb\"},\"inLanguage\":\"en-US\",\"potentialAction\":[{\"@type\":\"ReadAction\",\"target\":[\"https:\\\/\\\/humanitas.edu.pl\\\/en\\\/download\\\/\"]}]},{\"@type\":\"BreadcrumbList\",\"@id\":\"https:\\\/\\\/humanitas.edu.pl\\\/en\\\/download\\\/#breadcrumb\",\"itemListElement\":[{\"@type\":\"ListItem\",\"position\":1,\"name\":\"Home\",\"item\":\"https:\\\/\\\/humanitas.edu.pl\\\/en\\\/\"},{\"@type\":\"ListItem\",\"position\":2,\"name\":\"Download\"}]},{\"@type\":\"WebSite\",\"@id\":\"https:\\\/\\\/humanitas.edu.pl\\\/en\\\/#website\",\"url\":\"https:\\\/\\\/humanitas.edu.pl\\\/en\\\/\",\"name\":\"Akademia Humanitas\",\"description\":\"\",\"potentialAction\":[{\"@type\":\"SearchAction\",\"target\":{\"@type\":\"EntryPoint\",\"urlTemplate\":\"https:\\\/\\\/humanitas.edu.pl\\\/en\\\/?s={search_term_string}\"},\"query-input\":{\"@type\":\"PropertyValueSpecification\",\"valueRequired\":true,\"valueName\":\"search_term_string\"}}],\"inLanguage\":\"en-US\"}]}<\/script>\n<!-- \/ Yoast SEO Premium plugin. -->","yoast_head_json":{"title":"Download - Akademia Humanitas","description":"Pliki do pobrania Akademia Humanitas","robots":{"index":"index","follow":"follow","max-snippet":"max-snippet:-1","max-image-preview":"max-image-preview:large","max-video-preview":"max-video-preview:-1"},"canonical":"https:\/\/humanitas.edu.pl\/en\/download\/","og_locale":"en_US","og_type":"article","og_title":"Download","og_description":"Pliki do pobrania Akademia Humanitas","og_url":"https:\/\/humanitas.edu.pl\/en\/download\/","og_site_name":"Akademia Humanitas","article_modified_time":"2025-05-30T09:08:41+00:00","twitter_card":"summary_large_image","twitter_misc":{"Est. reading time":"1 minute"},"schema":{"@context":"https:\/\/schema.org","@graph":[{"@type":"WebPage","@id":"https:\/\/humanitas.edu.pl\/en\/download\/","url":"https:\/\/humanitas.edu.pl\/en\/download\/","name":"Download - Akademia Humanitas","isPartOf":{"@id":"https:\/\/humanitas.edu.pl\/en\/#website"},"datePublished":"2025-05-30T09:03:42+00:00","dateModified":"2025-05-30T09:08:41+00:00","description":"Pliki do pobrania Akademia Humanitas","breadcrumb":{"@id":"https:\/\/humanitas.edu.pl\/en\/download\/#breadcrumb"},"inLanguage":"en-US","potentialAction":[{"@type":"ReadAction","target":["https:\/\/humanitas.edu.pl\/en\/download\/"]}]},{"@type":"BreadcrumbList","@id":"https:\/\/humanitas.edu.pl\/en\/download\/#breadcrumb","itemListElement":[{"@type":"ListItem","position":1,"name":"Home","item":"https:\/\/humanitas.edu.pl\/en\/"},{"@type":"ListItem","position":2,"name":"Download"}]},{"@type":"WebSite","@id":"https:\/\/humanitas.edu.pl\/en\/#website","url":"https:\/\/humanitas.edu.pl\/en\/","name":"Akademia Humanitas","description":"","potentialAction":[{"@type":"SearchAction","target":{"@type":"EntryPoint","urlTemplate":"https:\/\/humanitas.edu.pl\/en\/?s={search_term_string}"},"query-input":{"@type":"PropertyValueSpecification","valueRequired":true,"valueName":"search_term_string"}}],"inLanguage":"en-US"}]}},"_links":{"self":[{"href":"https:\/\/humanitas.edu.pl\/en\/wp-json\/wp\/v2\/pages\/6182","targetHints":{"allow":["GET"]}}],"collection":[{"href":"https:\/\/humanitas.edu.pl\/en\/wp-json\/wp\/v2\/pages"}],"about":[{"href":"https:\/\/humanitas.edu.pl\/en\/wp-json\/wp\/v2\/types\/page"}],"author":[{"embeddable":true,"href":"https:\/\/humanitas.edu.pl\/en\/wp-json\/wp\/v2\/users\/6"}],"replies":[{"embeddable":true,"href":"https:\/\/humanitas.edu.pl\/en\/wp-json\/wp\/v2\/comments?post=6182"}],"version-history":[{"count":2,"href":"https:\/\/humanitas.edu.pl\/en\/wp-json\/wp\/v2\/pages\/6182\/revisions"}],"predecessor-version":[{"id":6184,"href":"https:\/\/humanitas.edu.pl\/en\/wp-json\/wp\/v2\/pages\/6182\/revisions\/6184"}],"wp:attachment":[{"href":"https:\/\/humanitas.edu.pl\/en\/wp-json\/wp\/v2\/media?parent=6182"}],"curies":[{"name":"wp","href":"https:\/\/api.w.org\/{rel}","templated":true}]}}