{"id":3086,"date":"2025-05-14T09:03:26","date_gmt":"2025-05-14T09:03:26","guid":{"rendered":"http:\/\/humanitas.edu.pl\/?page_id=3086"},"modified":"2025-07-29T06:33:38","modified_gmt":"2025-07-29T06:33:38","slug":"erasmus_partnerzy_uczelnia","status":"publish","type":"page","link":"https:\/\/humanitas.edu.pl\/en\/biuro-wspolpracy-miedzynarodowej\/erasmus\/erasmus_partnerzy_uczelnia\/","title":{"rendered":"Uczelnie partnerskie Erasmus"},"content":{"rendered":"<section class=\"block-hero\">\n            <figure class=\"block-hero__background-image\">\n            <img loading=\"lazy\" decoding=\"async\" width=\"1094\" height=\"600\" src=\"https:\/\/humanitas.edu.pl\/wp-content\/uploads\/2024\/02\/1e17d56668bb99ff9d3fb0fa41e906dd-1-1094x600.png\" class=\"attachment-hero size-hero\" alt=\"\" aria-hidden=\"true\" \/>        <\/figure>\n        <div class=\"container\">\n        <div class=\"block-hero__wrapper\">\n            \n<section class=\"breadcrumbs breadcrumbs--secondary\">\n    <div class=\"breadcrumbs__wrapper\">\n        <a href=\"https:\/\/humanitas.edu.pl\/en\/\" class=\"breadcrumbs__link\">\n            Home page        <\/a>\n        <svg aria-hidden=\"true\" focusable=\"false\" width=\"7\" height=\"7\" viewBox=\"0 0 5.6 9\" xmlns=\"http:\/\/www.w3.org\/2000\/svg\"><path d=\"M1.1 0L0 1.1l3.4 3.4L0 7.9 1.1 9l4.5-4.5z\"\/><\/svg>\n            <\/div>\n<\/section>            <h1 class=\"block-hero__title fade-in  \">Uczelnie partnerskie Erasmus<\/h1>\n                    <\/div>\n    <\/div>\n            \n<div class=\"triangle triangle--bottom-right default\">\n    <svg aria-hidden=\"true\" focusable=\"false\" width=\"1440\" height=\"98\" viewBox=\"0 0 1440 98\" fill=\"none\" xmlns=\"http:\/\/www.w3.org\/2000\/svg\">\n<path d=\"M1440 0L0 98H1440V0Z\" fill=\"white\"\/>\n<\/svg>\n<\/div>\n    <\/section>\n\n\n<section class=\"block-logo-slider block-logo-slider--with-text\" id=\"block_a6caed36a7bf2e8b984ea3a11b45b83c\">\n    <div class=\"container\">\n        <h2 class=\"block-logo-slider__title heading-underline fade-in \">Uczelnie partnerskie<\/h2>\n    <\/div>\n            <div class=\"block-logo-slider__partners\">\n            <div class=\"container\">\n                                    <div\n                        class=\"block-logo-slider__partner\"\n                        data-partner-index=\"0\"\n                        style=\"\"\n                    >\n                        <figure class=\"block-logo-slider__partner-logo\">\n                            <img loading=\"lazy\" decoding=\"async\" width=\"225\" height=\"225\" src=\"https:\/\/humanitas.edu.pl\/wp-content\/uploads\/2025\/04\/2022uploreso_qual_80_resp_1200_Kosice.png\" class=\"attachment-full-size size-full-size\" alt=\"\" aria-hidden=\"true\" srcset=\"https:\/\/humanitas.edu.pl\/wp-content\/uploads\/2025\/04\/2022uploreso_qual_80_resp_1200_Kosice.png 225w, https:\/\/humanitas.edu.pl\/wp-content\/uploads\/2025\/04\/2022uploreso_qual_80_resp_1200_Kosice-150x150.png 150w\" sizes=\"(max-width: 225px) 100vw, 225px\" \/>                        <\/figure>\n                        <div class=\"block-logo-slider__partner-content\">\n                            <h3 class=\"block-logo-slider__partner-title\">test<\/h3>\n                            <div class=\"block-logo-slider__partner-text\"><p>test<\/p>\n<\/div>\n                        <\/div>\n                    <\/div>\n                                            <\/div>\n        <\/div>\n    <\/section>\n\n\n\n<section class=\"block-contact-form block-contact-form--with-faq\" id=\"kontakt\">\n    <div class=\"container\">\n        <div class=\"block-contact-form__wrapper\">\n            <div class=\"block-contact-form__left\">\n                <h2 class=\"block-contact-form__title heading-underline \">\n                    Skontaktuj si\u0119 z nami<\/h2>\n                <div class=\"block-contact-form__content\">\n                    <p>Masz pytania lub potrzebujesz wsparcia? Skontaktuj si\u0119 z nami \u2013 jeste\u015bmy tutaj, aby Ci pom\u00f3c!<\/p>\n                <\/div>\n                <div class=\"acf-placeholder\" style=\"margin-top:30px; padding: 30px; background: #f5f5f5; border: 2px dashed #ccc; text-align: center; border-radius: 4px;\">\n            <p style=\"margin: 0; color: #666;\"><strong>\ud83d\udcdd Form:<\/strong> <style id=\"wpforms-css-vars-0\">\n\t\t\t\t#wpforms-0 {\n\t\t\t\t\n\t\t\t}\n\t\t\t<\/style><\/p>\n            <small style=\"color: #999;\">Shorcode b\u0119dzie wy\u015bwietlony na stronie<\/small>\n        <\/div>            <\/div>\n            <div class=\"block-contact-form__right\">\n                                                    <section class=\"block-faq\" id=\"block-69f27135b7353\">\n    <div class=\"container\">\n        <h3 class=\"block-faq__title fade-in\">Najcz\u0119\u015bciej zadawane pytania (FAQ)<\/h3>\n        <dl class=\"block-faq__wrapper fade-in js-delay\">\n                            <div class=\"block-faq__item js-delay-item\">\n    <dt class=\"block-faq__item-question\">\n        <button\n            type=\"button\"\n            class=\"block-faq__item-title\"\n            aria-expanded=\"false\"\n            aria-controls=\"faq-answer-0\">\n            Jak mog\u0119 zapisa\u0107 si\u0119 na wybrane studia?            <span class=\"block-faq__item-icon\" aria-hidden=\"true\">\n                <svg aria-hidden=\"true\" focusable=\"false\" xmlns=\"http:\/\/www.w3.org\/2000\/svg\" viewBox=\"-5 -7.5 24 24\" width=\"16\" height=\"16\" preserveAspectRatio=\"xMinYMin\" class=\"jam jam-chevron-up\" fill=\"currentColor\"><path d=\"M7.071 2.828l-4.95 4.95A1 1 0 0 1 .707 6.364L6.364.707a1 1 0 0 1 1.414 0l5.657 5.657a1 1 0 0 1-1.414 1.414l-4.95-4.95z\"\/><\/svg>\n            <\/span>\n        <\/button>\n    <\/dt>\n    <dd class=\"block-faq__item-answer\" id=\"faq-answer-0\" hidden>\n        <div class=\"block-faq__item-content\">\n            Aby zapisa\u0107 si\u0119 na wybrane studia w naszej akademii, nale\u017cy najpierw dok\u0142adnie zapozna\u0107 si\u0119 z ofert\u0105 edukacyjn\u0105 dost\u0119pn\u0105 na naszej stronie internetowej. Nast\u0119pnie, prosz\u0119 wype\u0142ni\u0107 formularz aplikacyjny online lub osobi\u015bcie z\u0142o\u017cy\u0107 wymagane dokumenty w biurze rekrutacji. Wymagane dokumenty mog\u0105 obejmowa\u0107 \u015bwiadectwo uko\u0144czenia szko\u0142y \u015bredniej, wyniki egzamin\u00f3w, list motywacyjny oraz inne dokumenty okre\u015blone w kryteriach przyj\u0119\u0107 dla danego kierunku studi\u00f3w. Po przes\u0142aniu aplikacji, kandydaci mog\u0105 zosta\u0107 poproszeni o udzia\u0142 w rozmowie kwalifikacyjnej lub egzaminie wst\u0119pnym. Szczeg\u00f3\u0142owe informacje o procesie rekrutacji i wymaganych dokumentach s\u0105 dost\u0119pne na naszej stronie w sekcji Rekrutacja.        <\/div>\n    <\/dd>\n<\/div>                            <div class=\"block-faq__item js-delay-item\">\n    <dt class=\"block-faq__item-question\">\n        <button\n            type=\"button\"\n            class=\"block-faq__item-title\"\n            aria-expanded=\"false\"\n            aria-controls=\"faq-answer-1\">\n            Czy akademia oferuje stypendia dla student\u00f3w?            <span class=\"block-faq__item-icon\" aria-hidden=\"true\">\n                <svg aria-hidden=\"true\" focusable=\"false\" xmlns=\"http:\/\/www.w3.org\/2000\/svg\" viewBox=\"-5 -7.5 24 24\" width=\"16\" height=\"16\" preserveAspectRatio=\"xMinYMin\" class=\"jam jam-chevron-up\" fill=\"currentColor\"><path d=\"M7.071 2.828l-4.95 4.95A1 1 0 0 1 .707 6.364L6.364.707a1 1 0 0 1 1.414 0l5.657 5.657a1 1 0 0 1-1.414 1.414l-4.95-4.95z\"\/><\/svg>\n            <\/span>\n        <\/button>\n    <\/dt>\n    <dd class=\"block-faq__item-answer\" id=\"faq-answer-1\" hidden>\n        <div class=\"block-faq__item-content\">\n            Lorem Ipsum        <\/div>\n    <\/dd>\n<\/div>                            <div class=\"block-faq__item js-delay-item\">\n    <dt class=\"block-faq__item-question\">\n        <button\n            type=\"button\"\n            class=\"block-faq__item-title\"\n            aria-expanded=\"false\"\n            aria-controls=\"faq-answer-2\">\n            Jakie s\u0105 terminy rekrutacji?            <span class=\"block-faq__item-icon\" aria-hidden=\"true\">\n                <svg aria-hidden=\"true\" focusable=\"false\" xmlns=\"http:\/\/www.w3.org\/2000\/svg\" viewBox=\"-5 -7.5 24 24\" width=\"16\" height=\"16\" preserveAspectRatio=\"xMinYMin\" class=\"jam jam-chevron-up\" fill=\"currentColor\"><path d=\"M7.071 2.828l-4.95 4.95A1 1 0 0 1 .707 6.364L6.364.707a1 1 0 0 1 1.414 0l5.657 5.657a1 1 0 0 1-1.414 1.414l-4.95-4.95z\"\/><\/svg>\n            <\/span>\n        <\/button>\n    <\/dt>\n    <dd class=\"block-faq__item-answer\" id=\"faq-answer-2\" hidden>\n        <div class=\"block-faq__item-content\">\n            Lorem Ipsum        <\/div>\n    <\/dd>\n<\/div>                            <div class=\"block-faq__item js-delay-item\">\n    <dt class=\"block-faq__item-question\">\n        <button\n            type=\"button\"\n            class=\"block-faq__item-title\"\n            aria-expanded=\"false\"\n            aria-controls=\"faq-answer-3\">\n            Czy istniej\u0105 programy wymiany mi\u0119dzynarodowej dla student\u00f3w?            <span class=\"block-faq__item-icon\" aria-hidden=\"true\">\n                <svg aria-hidden=\"true\" focusable=\"false\" xmlns=\"http:\/\/www.w3.org\/2000\/svg\" viewBox=\"-5 -7.5 24 24\" width=\"16\" height=\"16\" preserveAspectRatio=\"xMinYMin\" class=\"jam jam-chevron-up\" fill=\"currentColor\"><path d=\"M7.071 2.828l-4.95 4.95A1 1 0 0 1 .707 6.364L6.364.707a1 1 0 0 1 1.414 0l5.657 5.657a1 1 0 0 1-1.414 1.414l-4.95-4.95z\"\/><\/svg>\n            <\/span>\n        <\/button>\n    <\/dt>\n    <dd class=\"block-faq__item-answer\" id=\"faq-answer-3\" hidden>\n        <div class=\"block-faq__item-content\">\n            Lorem Ipsum        <\/div>\n    <\/dd>\n<\/div>                            <div class=\"block-faq__item js-delay-item\">\n    <dt class=\"block-faq__item-question\">\n        <button\n            type=\"button\"\n            class=\"block-faq__item-title\"\n            aria-expanded=\"false\"\n            aria-controls=\"faq-answer-4\">\n            Jakie s\u0105 wymagania wst\u0119pne do aplikowania na studia?            <span class=\"block-faq__item-icon\" aria-hidden=\"true\">\n                <svg aria-hidden=\"true\" focusable=\"false\" xmlns=\"http:\/\/www.w3.org\/2000\/svg\" viewBox=\"-5 -7.5 24 24\" width=\"16\" height=\"16\" preserveAspectRatio=\"xMinYMin\" class=\"jam jam-chevron-up\" fill=\"currentColor\"><path d=\"M7.071 2.828l-4.95 4.95A1 1 0 0 1 .707 6.364L6.364.707a1 1 0 0 1 1.414 0l5.657 5.657a1 1 0 0 1-1.414 1.414l-4.95-4.95z\"\/><\/svg>\n            <\/span>\n        <\/button>\n    <\/dt>\n    <dd class=\"block-faq__item-answer\" id=\"faq-answer-4\" hidden>\n        <div class=\"block-faq__item-content\">\n            Lorem Ipsum        <\/div>\n    <\/dd>\n<\/div>                    <\/dl>\n    <\/div>\n<\/section>                            <\/div>\n        <\/div>\n    <\/div>","protected":false},"excerpt":{"rendered":"","protected":false},"author":6,"featured_media":0,"parent":3090,"menu_order":0,"comment_status":"closed","ping_status":"closed","template":"","meta":{"_acf_changed":false,"inline_featured_image":false,"footnotes":""},"class_list":["post-3086","page","type-page","status-publish","hentry"],"acf":[],"yoast_head":"<!-- This site is optimized with the Yoast SEO Premium plugin v27.3 (Yoast SEO v27.3) - https:\/\/yoast.com\/product\/yoast-seo-premium-wordpress\/ -->\n<title>Uczelnie partnerskie Erasmus - Akademia Humanitas<\/title>\n<meta name=\"robots\" content=\"index, follow, max-snippet:-1, max-image-preview:large, max-video-preview:-1\" \/>\n<link rel=\"canonical\" href=\"https:\/\/humanitas.edu.pl\/en\/biuro-wspolpracy-miedzynarodowej\/erasmus\/erasmus_partnerzy_uczelnia\/\" \/>\n<meta property=\"og:locale\" content=\"en_US\" \/>\n<meta property=\"og:type\" content=\"article\" \/>\n<meta property=\"og:title\" content=\"Uczelnie partnerskie Erasmus\" \/>\n<meta property=\"og:url\" content=\"https:\/\/humanitas.edu.pl\/en\/biuro-wspolpracy-miedzynarodowej\/erasmus\/erasmus_partnerzy_uczelnia\/\" \/>\n<meta property=\"og:site_name\" content=\"Akademia Humanitas\" \/>\n<meta property=\"article:modified_time\" content=\"2025-07-29T06:33:38+00:00\" \/>\n<meta name=\"twitter:card\" content=\"summary_large_image\" \/>\n<meta name=\"twitter:label1\" content=\"Est. reading time\" \/>\n\t<meta name=\"twitter:data1\" content=\"3 minutes\" \/>\n<script type=\"application\/ld+json\" class=\"yoast-schema-graph\">{\"@context\":\"https:\\\/\\\/schema.org\",\"@graph\":[{\"@type\":\"WebPage\",\"@id\":\"https:\\\/\\\/humanitas.edu.pl\\\/en\\\/biuro-wspolpracy-miedzynarodowej\\\/erasmus\\\/erasmus_partnerzy_uczelnia\\\/\",\"url\":\"https:\\\/\\\/humanitas.edu.pl\\\/en\\\/biuro-wspolpracy-miedzynarodowej\\\/erasmus\\\/erasmus_partnerzy_uczelnia\\\/\",\"name\":\"Uczelnie partnerskie Erasmus - Akademia Humanitas\",\"isPartOf\":{\"@id\":\"https:\\\/\\\/humanitas.edu.pl\\\/en\\\/#website\"},\"datePublished\":\"2025-05-14T09:03:26+00:00\",\"dateModified\":\"2025-07-29T06:33:38+00:00\",\"breadcrumb\":{\"@id\":\"https:\\\/\\\/humanitas.edu.pl\\\/en\\\/biuro-wspolpracy-miedzynarodowej\\\/erasmus\\\/erasmus_partnerzy_uczelnia\\\/#breadcrumb\"},\"inLanguage\":\"en-US\",\"potentialAction\":[{\"@type\":\"ReadAction\",\"target\":[\"https:\\\/\\\/humanitas.edu.pl\\\/en\\\/biuro-wspolpracy-miedzynarodowej\\\/erasmus\\\/erasmus_partnerzy_uczelnia\\\/\"]}]},{\"@type\":\"BreadcrumbList\",\"@id\":\"https:\\\/\\\/humanitas.edu.pl\\\/en\\\/biuro-wspolpracy-miedzynarodowej\\\/erasmus\\\/erasmus_partnerzy_uczelnia\\\/#breadcrumb\",\"itemListElement\":[{\"@type\":\"ListItem\",\"position\":1,\"name\":\"Home\",\"item\":\"https:\\\/\\\/humanitas.edu.pl\\\/en\\\/\"},{\"@type\":\"ListItem\",\"position\":2,\"name\":\"Biuro Wsp\u00f3\u0142pracy Mi\u0119dzynarodowej\",\"item\":\"https:\\\/\\\/humanitas.edu.pl\\\/en\\\/biuro-wspolpracy-miedzynarodowej\\\/\"},{\"@type\":\"ListItem\",\"position\":3,\"name\":\"Erasmus+\",\"item\":\"https:\\\/\\\/humanitas.edu.pl\\\/en\\\/biuro-wspolpracy-miedzynarodowej\\\/erasmus\\\/\"},{\"@type\":\"ListItem\",\"position\":4,\"name\":\"Uczelnie partnerskie Erasmus\"}]},{\"@type\":\"WebSite\",\"@id\":\"https:\\\/\\\/humanitas.edu.pl\\\/en\\\/#website\",\"url\":\"https:\\\/\\\/humanitas.edu.pl\\\/en\\\/\",\"name\":\"Akademia Humanitas\",\"description\":\"\",\"potentialAction\":[{\"@type\":\"SearchAction\",\"target\":{\"@type\":\"EntryPoint\",\"urlTemplate\":\"https:\\\/\\\/humanitas.edu.pl\\\/en\\\/?s={search_term_string}\"},\"query-input\":{\"@type\":\"PropertyValueSpecification\",\"valueRequired\":true,\"valueName\":\"search_term_string\"}}],\"inLanguage\":\"en-US\"}]}<\/script>\n<!-- \/ Yoast SEO Premium plugin. -->","yoast_head_json":{"title":"Uczelnie partnerskie Erasmus - Akademia Humanitas","robots":{"index":"index","follow":"follow","max-snippet":"max-snippet:-1","max-image-preview":"max-image-preview:large","max-video-preview":"max-video-preview:-1"},"canonical":"https:\/\/humanitas.edu.pl\/en\/biuro-wspolpracy-miedzynarodowej\/erasmus\/erasmus_partnerzy_uczelnia\/","og_locale":"en_US","og_type":"article","og_title":"Uczelnie partnerskie Erasmus","og_url":"https:\/\/humanitas.edu.pl\/en\/biuro-wspolpracy-miedzynarodowej\/erasmus\/erasmus_partnerzy_uczelnia\/","og_site_name":"Akademia Humanitas","article_modified_time":"2025-07-29T06:33:38+00:00","twitter_card":"summary_large_image","twitter_misc":{"Est. reading time":"3 minutes"},"schema":{"@context":"https:\/\/schema.org","@graph":[{"@type":"WebPage","@id":"https:\/\/humanitas.edu.pl\/en\/biuro-wspolpracy-miedzynarodowej\/erasmus\/erasmus_partnerzy_uczelnia\/","url":"https:\/\/humanitas.edu.pl\/en\/biuro-wspolpracy-miedzynarodowej\/erasmus\/erasmus_partnerzy_uczelnia\/","name":"Uczelnie partnerskie Erasmus - Akademia Humanitas","isPartOf":{"@id":"https:\/\/humanitas.edu.pl\/en\/#website"},"datePublished":"2025-05-14T09:03:26+00:00","dateModified":"2025-07-29T06:33:38+00:00","breadcrumb":{"@id":"https:\/\/humanitas.edu.pl\/en\/biuro-wspolpracy-miedzynarodowej\/erasmus\/erasmus_partnerzy_uczelnia\/#breadcrumb"},"inLanguage":"en-US","potentialAction":[{"@type":"ReadAction","target":["https:\/\/humanitas.edu.pl\/en\/biuro-wspolpracy-miedzynarodowej\/erasmus\/erasmus_partnerzy_uczelnia\/"]}]},{"@type":"BreadcrumbList","@id":"https:\/\/humanitas.edu.pl\/en\/biuro-wspolpracy-miedzynarodowej\/erasmus\/erasmus_partnerzy_uczelnia\/#breadcrumb","itemListElement":[{"@type":"ListItem","position":1,"name":"Home","item":"https:\/\/humanitas.edu.pl\/en\/"},{"@type":"ListItem","position":2,"name":"Biuro Wsp\u00f3\u0142pracy Mi\u0119dzynarodowej","item":"https:\/\/humanitas.edu.pl\/en\/biuro-wspolpracy-miedzynarodowej\/"},{"@type":"ListItem","position":3,"name":"Erasmus+","item":"https:\/\/humanitas.edu.pl\/en\/biuro-wspolpracy-miedzynarodowej\/erasmus\/"},{"@type":"ListItem","position":4,"name":"Uczelnie partnerskie Erasmus"}]},{"@type":"WebSite","@id":"https:\/\/humanitas.edu.pl\/en\/#website","url":"https:\/\/humanitas.edu.pl\/en\/","name":"Akademia Humanitas","description":"","potentialAction":[{"@type":"SearchAction","target":{"@type":"EntryPoint","urlTemplate":"https:\/\/humanitas.edu.pl\/en\/?s={search_term_string}"},"query-input":{"@type":"PropertyValueSpecification","valueRequired":true,"valueName":"search_term_string"}}],"inLanguage":"en-US"}]}},"_links":{"self":[{"href":"https:\/\/humanitas.edu.pl\/en\/wp-json\/wp\/v2\/pages\/3086","targetHints":{"allow":["GET"]}}],"collection":[{"href":"https:\/\/humanitas.edu.pl\/en\/wp-json\/wp\/v2\/pages"}],"about":[{"href":"https:\/\/humanitas.edu.pl\/en\/wp-json\/wp\/v2\/types\/page"}],"author":[{"embeddable":true,"href":"https:\/\/humanitas.edu.pl\/en\/wp-json\/wp\/v2\/users\/6"}],"replies":[{"embeddable":true,"href":"https:\/\/humanitas.edu.pl\/en\/wp-json\/wp\/v2\/comments?post=3086"}],"version-history":[{"count":8,"href":"https:\/\/humanitas.edu.pl\/en\/wp-json\/wp\/v2\/pages\/3086\/revisions"}],"predecessor-version":[{"id":3749,"href":"https:\/\/humanitas.edu.pl\/en\/wp-json\/wp\/v2\/pages\/3086\/revisions\/3749"}],"up":[{"embeddable":true,"href":"https:\/\/humanitas.edu.pl\/en\/wp-json\/wp\/v2\/pages\/3090"}],"wp:attachment":[{"href":"https:\/\/humanitas.edu.pl\/en\/wp-json\/wp\/v2\/media?parent=3086"}],"curies":[{"name":"wp","href":"https:\/\/api.w.org\/{rel}","templated":true}]}}