{"id":2317,"date":"2025-01-07T12:32:50","date_gmt":"2025-01-07T11:32:50","guid":{"rendered":"http:\/\/humanitas.edu.pl\/?page_id=2317"},"modified":"2025-08-11T13:11:48","modified_gmt":"2025-08-11T13:11:48","slug":"projekty-unijne","status":"publish","type":"page","link":"https:\/\/humanitas.edu.pl\/en\/projekty-unijne\/","title":{"rendered":"Projekty"},"content":{"rendered":"<section class=\"block-hero\">\n            <figure class=\"block-hero__background-image\">\n            <img loading=\"lazy\" decoding=\"async\" width=\"1094\" height=\"600\" src=\"https:\/\/humanitas.edu.pl\/wp-content\/uploads\/2024\/02\/1e17d56668bb99ff9d3fb0fa41e906dd-1-1094x600.png\" class=\"attachment-hero size-hero\" alt=\"\" aria-hidden=\"true\" \/>        <\/figure>\n        <div class=\"container\">\n        <div class=\"block-hero__wrapper\">\n            \n<section class=\"breadcrumbs breadcrumbs--secondary\">\n    <div class=\"breadcrumbs__wrapper\">\n        <a href=\"https:\/\/humanitas.edu.pl\/en\/\" class=\"breadcrumbs__link\">\n            Home page        <\/a>\n        <svg aria-hidden=\"true\" focusable=\"false\" width=\"7\" height=\"7\" viewBox=\"0 0 5.6 9\" xmlns=\"http:\/\/www.w3.org\/2000\/svg\"><path d=\"M1.1 0L0 1.1l3.4 3.4L0 7.9 1.1 9l4.5-4.5z\"\/><\/svg>\n            <\/div>\n<\/section>            <h1 class=\"block-hero__title fade-in heading-underline \">Projekty<\/h1>\n                    <\/div>\n    <\/div>\n    <\/section>\n<nav class=\"secondary-menu secondary-menu--automatic\">\n    <div class=\"container fade-in\">\n        <ul class=\"secondary-menu__list js-delay\">\n                                                    <li class=\"menu-item js-delay-item\">\n                            <a\n                                href=\"#projekty-aktualne\"\n                                class=\"secondary-menu__link\"\n                                target=\"_self\"\n                                aria-label=\"Projekty aktualne\"\n                                title=\"Projekty aktualne\">Projekty aktualne<\/a>\n                        <\/li>\n                                        <li class=\"menu-item js-delay-item\">\n                            <a\n                                href=\"#aktualnosci\"\n                                class=\"secondary-menu__link\"\n                                target=\"_self\"\n                                aria-label=\"Aktualno\u015bci\"\n                                title=\"Aktualno\u015bci\">Aktualno\u015bci<\/a>\n                        <\/li>\n                                        <li class=\"menu-item js-delay-item\">\n                            <a\n                                href=\"#kontakt\"\n                                class=\"secondary-menu__link\"\n                                target=\"_self\"\n                                aria-label=\"Kontakt\"\n                                title=\"Kontakt\">Kontakt<\/a>\n                        <\/li>\n                                    <\/ul>\n    <\/div>\n<\/nav>\n\n<section\n    class=\"block-content-with-buttons block-content-with-buttons--light-blue block-content-with-buttons--left\"\n    id=\"projekty-aktualne\">\n            \n<div class=\"triangle triangle--top-left default\">\n    <svg aria-hidden=\"true\" focusable=\"false\" width=\"1440\" height=\"98\" viewBox=\"0 0 1440 98\" fill=\"none\" xmlns=\"http:\/\/www.w3.org\/2000\/svg\">\n<path d=\"M0 98L1440 0H0V98Z\" fill=\"white\"\/>\n<\/svg>\n<\/div>\n        <div class=\"container\">\n        <div class=\"block-content-with-buttons__wrapper\">\n            <figure\n                class=\"block-content-with-buttons__image fade-in \">\n                <img loading=\"lazy\" decoding=\"async\" width=\"2048\" height=\"1365\" src=\"https:\/\/humanitas.edu.pl\/wp-content\/uploads\/2025\/05\/DSC07996.jpg\" class=\"attachment-full size-full\" alt=\"\" aria-hidden=\"true\" srcset=\"https:\/\/humanitas.edu.pl\/wp-content\/uploads\/2025\/05\/DSC07996.jpg 2048w, https:\/\/humanitas.edu.pl\/wp-content\/uploads\/2025\/05\/DSC07996-300x200.jpg 300w, https:\/\/humanitas.edu.pl\/wp-content\/uploads\/2025\/05\/DSC07996-1024x683.jpg 1024w, https:\/\/humanitas.edu.pl\/wp-content\/uploads\/2025\/05\/DSC07996-768x512.jpg 768w, https:\/\/humanitas.edu.pl\/wp-content\/uploads\/2025\/05\/DSC07996-1536x1024.jpg 1536w\" sizes=\"(max-width: 2048px) 100vw, 2048px\" \/>            <\/figure>\n            <div class=\"block-content-with-buttons__content\">\n                <h2\n                    class=\"block-content-with-buttons__title heading-underline heading-dot fade-in \">\n                    Projekty aktualne<\/h2>\n                <div class=\"block-content-with-buttons__text fade-in\">\n                                    <\/div>\n                                    \n    <a \n        href=\"https:\/\/humanitas.edu.pl\/projekty\/?post_status=publish&#038;project-categories=aktualne\" \n        target=\"\" \n        aria-label=\"Przejd\u017a do strony\" \n        title=\"Przejd\u017a do strony\" \n                class=\"button   button-tertiary button-blue\">\n                Przejd\u017a do strony        <\/a>\n                                <div\n                    class=\"block-content-with-buttons__buttons block-content-with-buttons__buttons--one-button js-delay fade-in\">\n                                    <\/div>\n            <\/div>\n        <\/div>\n    <\/div>\n            \n<div class=\"triangle triangle--bottom-right \">\n    <svg aria-hidden=\"true\" focusable=\"false\" width=\"1440\" height=\"98\" viewBox=\"0 0 1440 98\" fill=\"none\" xmlns=\"http:\/\/www.w3.org\/2000\/svg\">\n<path d=\"M1440 0L0 98H1440V0Z\" fill=\"white\"\/>\n<\/svg>\n<\/div>\n    <\/section>\n\n\n<section class=\"block-articles block-articles--columns block-articles--light-blue\"\n  id=\"aktualnosci\">\n\n  \n  <div class=\"container\">\n\n    <div class=\"block-articles__header\">\n      <h2 class=\"block-articles__title heading-underline fade-in \">\n        Aktualno\u015bci      <\/h2>\n\n                  <a \n        href=\"https:\/\/humanitas.edu.pl\/en\/aktualnosci\/?category=projekty#archive\" \n        class=\"more-link fade-in \"\n        target=\"_self\"\n        rel=\"\"\n        title=\"View all\"\n        aria-label=\"View all\" \n    >\n        <span class=\"more-link__text\">View all<\/span>\n        <span class=\"more-link__icon\">\n            <svg aria-hidden=\"true\" focusable=\"false\" xmlns=\"http:\/\/www.w3.org\/2000\/svg\" width=\"32\" height=\"32\" viewBox=\"0 0 32 32\" fill=\"none\">\n  <path d=\"M21.3376 12.5523L9.86218 24.0277L7.97656 22.1421L19.452 10.6667H9.33766V8H24.0043V22.6667H21.3376V12.5523Z\" fill=\"#1D1F52\"\/>\n<\/svg>        <\/span>\n    <\/a>\n          <\/div>\n\n    \n          <div class=\"block-articles__slider card-slider fade-in js-delay\"         data-slick='{\"slidesToShow\": 4}' >\n                  <article class=\"article-card article-card--post block-articles__slide article-card--primary\">\n    <a href=\"https:\/\/humanitas.edu.pl\/aktualnosci\/akademia-humanitas-z-dofinansowaniem-ue-na-przeciwdzialanie-zjawisku-drop-out\/\"\n        class=\"article-card__link\"\n        title=\"Akademia Humanitas z dofinansowaniem UE na przeciwdzia\u0142anie zjawisku drop-out w\u015br\u00f3d student\u00f3w\"\n        aria-label=\"Akademia Humanitas z dofinansowaniem UE na przeciwdzia\u0142anie zjawisku drop-out w\u015br\u00f3d student\u00f3w\"\n    >\n        <figure class=\"article-card__image\">\n            <img loading=\"lazy\" decoding=\"async\" width=\"300\" height=\"225\" src=\"https:\/\/humanitas.edu.pl\/wp-content\/uploads\/2026\/03\/drop-out-www-300x225.jpg\" class=\"attachment-medium size-medium\" alt=\"\" aria-hidden=\"true\" srcset=\"https:\/\/humanitas.edu.pl\/wp-content\/uploads\/2026\/03\/drop-out-www-300x225.jpg 300w, https:\/\/humanitas.edu.pl\/wp-content\/uploads\/2026\/03\/drop-out-www-1024x768.jpg 1024w, https:\/\/humanitas.edu.pl\/wp-content\/uploads\/2026\/03\/drop-out-www-768x576.jpg 768w, https:\/\/humanitas.edu.pl\/wp-content\/uploads\/2026\/03\/drop-out-www.jpg 1200w\" sizes=\"(max-width: 300px) 100vw, 300px\" \/>        <\/figure>\n        <div class=\"article-card__content\">\n            <div class=\"article-card__categories\">\n                                    <span class=\"article-card__category\">Projekty<\/span>\n                                    <span class=\"article-card__category\">Aktualno\u015bci<\/span>\n                            <\/div>\n            <h3 class=\"article-card__title\">Akademia Humanitas z dofinansowaniem UE na przeciwdzia\u0142anie zjawisku drop-out w\u015br\u00f3d student\u00f3w<\/h3>\n        <\/div>\n    <\/a>\n<\/article>\n                  <article class=\"article-card article-card--post block-articles__slide article-card--primary\">\n    <a href=\"https:\/\/humanitas.edu.pl\/aktualnosci\/projekt-kompetencje-przyszlosci-na-rynku-pracy-rozwijamy-umiejetnosci-jutra\/\"\n        class=\"article-card__link\"\n        title=\"Projekt \u201eKompetencje przysz\u0142o\u015bci na rynku pracy\u201d \u2013 rozwijamy umiej\u0119tno\u015bci jutra!\"\n        aria-label=\"Projekt \u201eKompetencje przysz\u0142o\u015bci na rynku pracy\u201d \u2013 rozwijamy umiej\u0119tno\u015bci jutra!\"\n    >\n        <figure class=\"article-card__image\">\n            <img loading=\"lazy\" decoding=\"async\" width=\"300\" height=\"225\" src=\"https:\/\/humanitas.edu.pl\/wp-content\/uploads\/2025\/06\/KP-www-5-300x225.jpg\" class=\"attachment-medium size-medium\" alt=\"\" aria-hidden=\"true\" srcset=\"https:\/\/humanitas.edu.pl\/wp-content\/uploads\/2025\/06\/KP-www-5-300x225.jpg 300w, https:\/\/humanitas.edu.pl\/wp-content\/uploads\/2025\/06\/KP-www-5-768x576.jpg 768w, https:\/\/humanitas.edu.pl\/wp-content\/uploads\/2025\/06\/KP-www-5.jpg 800w\" sizes=\"(max-width: 300px) 100vw, 300px\" \/>        <\/figure>\n        <div class=\"article-card__content\">\n            <div class=\"article-card__categories\">\n                                    <span class=\"article-card__category\">Aktualno\u015bci<\/span>\n                                    <span class=\"article-card__category\">Projekty<\/span>\n                            <\/div>\n            <h3 class=\"article-card__title\">Projekt \u201eKompetencje przysz\u0142o\u015bci na rynku pracy\u201d \u2013 rozwijamy umiej\u0119tno\u015bci jutra!<\/h3>\n        <\/div>\n    <\/a>\n<\/article>\n                  <article class=\"article-card article-card--post block-articles__slide article-card--primary\">\n    <a href=\"https:\/\/humanitas.edu.pl\/aktualnosci\/akademia-humanitas-z-dofinansowaniem-na-rozwoj-ksztalcenia-wyzszego-zgodnie-z-potrzebami-zielonej-gospodarki\/\"\n        class=\"article-card__link\"\n        title=\"Akademia Humanitas z dofinansowaniem na rozw\u00f3j kszta\u0142cenia wy\u017cszego zgodnie z potrzebami zielonej gospodarki\"\n        aria-label=\"Akademia Humanitas z dofinansowaniem na rozw\u00f3j kszta\u0142cenia wy\u017cszego zgodnie z potrzebami zielonej gospodarki\"\n    >\n        <figure class=\"article-card__image\">\n            <img loading=\"lazy\" decoding=\"async\" width=\"300\" height=\"158\" src=\"https:\/\/humanitas.edu.pl\/wp-content\/uploads\/2025\/01\/mini-umWS-300x158.jpg\" class=\"attachment-medium size-medium\" alt=\"\" aria-hidden=\"true\" srcset=\"https:\/\/humanitas.edu.pl\/wp-content\/uploads\/2025\/01\/mini-umWS-300x158.jpg 300w, https:\/\/humanitas.edu.pl\/wp-content\/uploads\/2025\/01\/mini-umWS.jpg 500w\" sizes=\"(max-width: 300px) 100vw, 300px\" \/>        <\/figure>\n        <div class=\"article-card__content\">\n            <div class=\"article-card__categories\">\n                                    <span class=\"article-card__category\">Aktualno\u015bci<\/span>\n                                    <span class=\"article-card__category\">Projekty<\/span>\n                            <\/div>\n            <h3 class=\"article-card__title\">Akademia Humanitas z dofinansowaniem na rozw\u00f3j kszta\u0142cenia wy\u017cszego zgodnie z potrzebami zielonej gospodarki<\/h3>\n        <\/div>\n    <\/a>\n<\/article>\n                  <article class=\"article-card article-card--post block-articles__slide article-card--primary\">\n    <a href=\"https:\/\/humanitas.edu.pl\/aktualnosci\/informatyka-na-rzecz-zielonej-gospodarki-dni-otwarte-w-akademii-humanitas\/\"\n        class=\"article-card__link\"\n        title=\"Informatyka na rzecz zielonej gospodarki \u2013 Dni Otwarte w Akademii Humanitas\"\n        aria-label=\"Informatyka na rzecz zielonej gospodarki \u2013 Dni Otwarte w Akademii Humanitas\"\n    >\n        <figure class=\"article-card__image\">\n            <img loading=\"lazy\" decoding=\"async\" width=\"300\" height=\"158\" src=\"https:\/\/humanitas.edu.pl\/wp-content\/uploads\/2025\/01\/DniOtwarte-UE-17-18.09-0-300x158.jpg\" class=\"attachment-medium size-medium\" alt=\"\" aria-hidden=\"true\" srcset=\"https:\/\/humanitas.edu.pl\/wp-content\/uploads\/2025\/01\/DniOtwarte-UE-17-18.09-0-300x158.jpg 300w, https:\/\/humanitas.edu.pl\/wp-content\/uploads\/2025\/01\/DniOtwarte-UE-17-18.09-0.jpg 500w\" sizes=\"(max-width: 300px) 100vw, 300px\" \/>        <\/figure>\n        <div class=\"article-card__content\">\n            <div class=\"article-card__categories\">\n                                    <span class=\"article-card__category\">Projekty<\/span>\n                                    <span class=\"article-card__category\">Aktualno\u015bci<\/span>\n                            <\/div>\n            <h3 class=\"article-card__title\">Informatyka na rzecz zielonej gospodarki \u2013 Dni Otwarte w Akademii Humanitas<\/h3>\n        <\/div>\n    <\/a>\n<\/article>\n              <\/div>\n    \n  <\/div>\n\n  <\/section>\n\n<section\n    class=\"block-content-with-buttons block-content-with-buttons--white block-content-with-buttons--left\"\n    id=\"kontakt\">\n        <div class=\"container\">\n        <div class=\"block-content-with-buttons__wrapper\">\n            <figure\n                class=\"block-content-with-buttons__image fade-in \">\n                <img loading=\"lazy\" decoding=\"async\" width=\"2560\" height=\"1703\" src=\"https:\/\/humanitas.edu.pl\/wp-content\/uploads\/2025\/05\/Akademia_Humanitas_Sosnowiec_Uczelnia-scaled.jpg\" class=\"attachment-full size-full\" alt=\"\" aria-hidden=\"true\" srcset=\"https:\/\/humanitas.edu.pl\/wp-content\/uploads\/2025\/05\/Akademia_Humanitas_Sosnowiec_Uczelnia-scaled.jpg 2560w, https:\/\/humanitas.edu.pl\/wp-content\/uploads\/2025\/05\/Akademia_Humanitas_Sosnowiec_Uczelnia-300x200.jpg 300w, https:\/\/humanitas.edu.pl\/wp-content\/uploads\/2025\/05\/Akademia_Humanitas_Sosnowiec_Uczelnia-1024x681.jpg 1024w, https:\/\/humanitas.edu.pl\/wp-content\/uploads\/2025\/05\/Akademia_Humanitas_Sosnowiec_Uczelnia-768x511.jpg 768w, https:\/\/humanitas.edu.pl\/wp-content\/uploads\/2025\/05\/Akademia_Humanitas_Sosnowiec_Uczelnia-1536x1022.jpg 1536w, https:\/\/humanitas.edu.pl\/wp-content\/uploads\/2025\/05\/Akademia_Humanitas_Sosnowiec_Uczelnia-2048x1363.jpg 2048w\" sizes=\"(max-width: 2560px) 100vw, 2560px\" \/>            <\/figure>\n            <div class=\"block-content-with-buttons__content\">\n                <h2\n                    class=\"block-content-with-buttons__title heading-underline heading-dot fade-in \">\n                    Kontakt<\/h2>\n                <div class=\"block-content-with-buttons__text fade-in\">\n                                    <\/div>\n                                    \n    <a \n        href=\"https:\/\/humanitas.edu.pl\/en\/kontakt-en\/biuro-zarzadzania-projektami\/\" \n        target=\"\" \n        aria-label=\"Przejd\u017a do strony\" \n        title=\"Przejd\u017a do strony\" \n                class=\"button   button-tertiary button-blue\">\n                Przejd\u017a do strony        <\/a>\n                                <div\n                    class=\"block-content-with-buttons__buttons block-content-with-buttons__buttons--one-button js-delay fade-in\">\n                                    <\/div>\n            <\/div>\n        <\/div>\n    <\/div>\n    <\/section>","protected":false},"excerpt":{"rendered":"","protected":false},"author":6,"featured_media":0,"parent":0,"menu_order":0,"comment_status":"closed","ping_status":"closed","template":"","meta":{"_acf_changed":false,"inline_featured_image":false,"footnotes":""},"class_list":["post-2317","page","type-page","status-publish","hentry"],"acf":[],"yoast_head":"<!-- This site is optimized with the Yoast SEO Premium plugin v27.3 (Yoast SEO v27.3) - https:\/\/yoast.com\/product\/yoast-seo-premium-wordpress\/ -->\n<title>Projekty - Akademia Humanitas<\/title>\n<meta name=\"robots\" content=\"index, follow, max-snippet:-1, max-image-preview:large, max-video-preview:-1\" \/>\n<link rel=\"canonical\" href=\"https:\/\/humanitas.edu.pl\/en\/projekty-unijne\/\" \/>\n<meta property=\"og:locale\" content=\"en_US\" \/>\n<meta property=\"og:type\" content=\"article\" \/>\n<meta property=\"og:title\" content=\"Projekty\" \/>\n<meta property=\"og:url\" content=\"https:\/\/humanitas.edu.pl\/en\/projekty-unijne\/\" \/>\n<meta property=\"og:site_name\" content=\"Akademia Humanitas\" \/>\n<meta property=\"article:modified_time\" content=\"2025-08-11T13:11:48+00:00\" \/>\n<meta name=\"twitter:card\" content=\"summary_large_image\" \/>\n<meta name=\"twitter:label1\" content=\"Est. reading time\" \/>\n\t<meta name=\"twitter:data1\" content=\"2 minutes\" \/>\n<script type=\"application\/ld+json\" class=\"yoast-schema-graph\">{\"@context\":\"https:\\\/\\\/schema.org\",\"@graph\":[{\"@type\":\"WebPage\",\"@id\":\"https:\\\/\\\/humanitas.edu.pl\\\/en\\\/projekty-unijne\\\/\",\"url\":\"https:\\\/\\\/humanitas.edu.pl\\\/en\\\/projekty-unijne\\\/\",\"name\":\"Projekty - Akademia Humanitas\",\"isPartOf\":{\"@id\":\"https:\\\/\\\/humanitas.edu.pl\\\/en\\\/#website\"},\"datePublished\":\"2025-01-07T11:32:50+00:00\",\"dateModified\":\"2025-08-11T13:11:48+00:00\",\"breadcrumb\":{\"@id\":\"https:\\\/\\\/humanitas.edu.pl\\\/en\\\/projekty-unijne\\\/#breadcrumb\"},\"inLanguage\":\"en-US\",\"potentialAction\":[{\"@type\":\"ReadAction\",\"target\":[\"https:\\\/\\\/humanitas.edu.pl\\\/en\\\/projekty-unijne\\\/\"]}]},{\"@type\":\"BreadcrumbList\",\"@id\":\"https:\\\/\\\/humanitas.edu.pl\\\/en\\\/projekty-unijne\\\/#breadcrumb\",\"itemListElement\":[{\"@type\":\"ListItem\",\"position\":1,\"name\":\"Home\",\"item\":\"https:\\\/\\\/humanitas.edu.pl\\\/en\\\/\"},{\"@type\":\"ListItem\",\"position\":2,\"name\":\"Projekty\"}]},{\"@type\":\"WebSite\",\"@id\":\"https:\\\/\\\/humanitas.edu.pl\\\/en\\\/#website\",\"url\":\"https:\\\/\\\/humanitas.edu.pl\\\/en\\\/\",\"name\":\"Akademia Humanitas\",\"description\":\"\",\"potentialAction\":[{\"@type\":\"SearchAction\",\"target\":{\"@type\":\"EntryPoint\",\"urlTemplate\":\"https:\\\/\\\/humanitas.edu.pl\\\/en\\\/?s={search_term_string}\"},\"query-input\":{\"@type\":\"PropertyValueSpecification\",\"valueRequired\":true,\"valueName\":\"search_term_string\"}}],\"inLanguage\":\"en-US\"}]}<\/script>\n<!-- \/ Yoast SEO Premium plugin. -->","yoast_head_json":{"title":"Projekty - Akademia Humanitas","robots":{"index":"index","follow":"follow","max-snippet":"max-snippet:-1","max-image-preview":"max-image-preview:large","max-video-preview":"max-video-preview:-1"},"canonical":"https:\/\/humanitas.edu.pl\/en\/projekty-unijne\/","og_locale":"en_US","og_type":"article","og_title":"Projekty","og_url":"https:\/\/humanitas.edu.pl\/en\/projekty-unijne\/","og_site_name":"Akademia Humanitas","article_modified_time":"2025-08-11T13:11:48+00:00","twitter_card":"summary_large_image","twitter_misc":{"Est. reading time":"2 minutes"},"schema":{"@context":"https:\/\/schema.org","@graph":[{"@type":"WebPage","@id":"https:\/\/humanitas.edu.pl\/en\/projekty-unijne\/","url":"https:\/\/humanitas.edu.pl\/en\/projekty-unijne\/","name":"Projekty - Akademia Humanitas","isPartOf":{"@id":"https:\/\/humanitas.edu.pl\/en\/#website"},"datePublished":"2025-01-07T11:32:50+00:00","dateModified":"2025-08-11T13:11:48+00:00","breadcrumb":{"@id":"https:\/\/humanitas.edu.pl\/en\/projekty-unijne\/#breadcrumb"},"inLanguage":"en-US","potentialAction":[{"@type":"ReadAction","target":["https:\/\/humanitas.edu.pl\/en\/projekty-unijne\/"]}]},{"@type":"BreadcrumbList","@id":"https:\/\/humanitas.edu.pl\/en\/projekty-unijne\/#breadcrumb","itemListElement":[{"@type":"ListItem","position":1,"name":"Home","item":"https:\/\/humanitas.edu.pl\/en\/"},{"@type":"ListItem","position":2,"name":"Projekty"}]},{"@type":"WebSite","@id":"https:\/\/humanitas.edu.pl\/en\/#website","url":"https:\/\/humanitas.edu.pl\/en\/","name":"Akademia Humanitas","description":"","potentialAction":[{"@type":"SearchAction","target":{"@type":"EntryPoint","urlTemplate":"https:\/\/humanitas.edu.pl\/en\/?s={search_term_string}"},"query-input":{"@type":"PropertyValueSpecification","valueRequired":true,"valueName":"search_term_string"}}],"inLanguage":"en-US"}]}},"_links":{"self":[{"href":"https:\/\/humanitas.edu.pl\/en\/wp-json\/wp\/v2\/pages\/2317","targetHints":{"allow":["GET"]}}],"collection":[{"href":"https:\/\/humanitas.edu.pl\/en\/wp-json\/wp\/v2\/pages"}],"about":[{"href":"https:\/\/humanitas.edu.pl\/en\/wp-json\/wp\/v2\/types\/page"}],"author":[{"embeddable":true,"href":"https:\/\/humanitas.edu.pl\/en\/wp-json\/wp\/v2\/users\/6"}],"replies":[{"embeddable":true,"href":"https:\/\/humanitas.edu.pl\/en\/wp-json\/wp\/v2\/comments?post=2317"}],"version-history":[{"count":19,"href":"https:\/\/humanitas.edu.pl\/en\/wp-json\/wp\/v2\/pages\/2317\/revisions"}],"predecessor-version":[{"id":9487,"href":"https:\/\/humanitas.edu.pl\/en\/wp-json\/wp\/v2\/pages\/2317\/revisions\/9487"}],"wp:attachment":[{"href":"https:\/\/humanitas.edu.pl\/en\/wp-json\/wp\/v2\/media?parent=2317"}],"curies":[{"name":"wp","href":"https:\/\/api.w.org\/{rel}","templated":true}]}}