{"id":19162,"date":"2026-02-04T14:17:08","date_gmt":"2026-02-04T12:17:08","guid":{"rendered":"https:\/\/humanitas.edu.pl\/?page_id=19162"},"modified":"2026-02-09T12:51:43","modified_gmt":"2026-02-09T10:51:43","slug":"konferencje-i-seminaria-naukowe","status":"publish","type":"page","link":"https:\/\/humanitas.edu.pl\/en\/nauka\/konferencje-i-seminaria-naukowe\/","title":{"rendered":"Konferencje i seminaria naukowe"},"content":{"rendered":"\n\t<section class=\"block-content-with-columns block-content-with-columns--white\"\n\t\tid=\"block_c14c2caa528d4a4ada41376ce5ed84ab\">\n\t\t\t\t<div class=\"container\">\n\t\t\t\t\t\t\t<h2\n\t\t\t\t\tclass=\"block-content-with-columns__title heading-underline heading-dot fade-in \">\n\t\t\t\t\tKonferencje naukowe <\/h2>\n\t\t\t\t\t\t<div class=\"block-content-with-columns__content fade-in\">\n\t\t\t\t\t\t\t<\/div>\n\t\t\t<div class=\"block-content-with-columns__columns\">\n\t\t\t\t\t\t\t\t\t\t\t\t\t\t<div\n\t\t\t\t\t\t\tclass=\"block-content-with-columns__column block-content-with-columns__column--with-image js-delay fade-in\">\n\t\t\t\t\t\t\t\t\t\t\t\t\t\t\t<figure class=\"block-content-with-columns__column-image\">\n\t\t\t\t\t\t\t\t\t\t\t\t\t\t\t\t\t<\/figure>\n\t\t\t\t\t\t\t\t\t\t\t\t\t\t\t\t\t\t\t\t\t<div class=\"block-content-with-columns__column-wrapper\">\n\t\t\t\t\t\t\t\t<h3 class=\"block-content-with-columns__column-title\"><\/h3>\n\t\t\t\t\t\t\t\t\t\t\t\t\t\t\t\t\t<div class=\"block-content-with-columns__column-content\"><\/div>\n\t\t\t\t\t\t\t\t\t\t\t\t\t\t\t<\/div>\n\t\t\t\t\t\t<\/div>\n\t\t\t\t\t\t\t\t\t\t<div\n\t\t\t\t\t\t\tclass=\"block-content-with-columns__column block-content-with-columns__column--with-image js-delay fade-in\">\n\t\t\t\t\t\t\t\t\t\t\t\t\t\t\t<figure class=\"block-content-with-columns__column-image\">\n\t\t\t\t\t\t\t\t\t\t\t\t\t\t\t\t\t<\/figure>\n\t\t\t\t\t\t\t\t\t\t\t\t\t\t\t\t\t\t\t\t\t<div class=\"block-content-with-columns__column-wrapper\">\n\t\t\t\t\t\t\t\t<h3 class=\"block-content-with-columns__column-title\"><\/h3>\n\t\t\t\t\t\t\t\t\t\t\t\t\t\t\t\t\t<div class=\"block-content-with-columns__column-content\"><\/div>\n\t\t\t\t\t\t\t\t\t\t\t\t\t\t\t<\/div>\n\t\t\t\t\t\t<\/div>\n\t\t\t\t\t\t\t<\/div>\n\t\t\t\t\t\t\t\t\t\t<h4 class=\"block-content-with-columns__description fade-in\">Konferencje z udzia\u0142em wyk\u0142adowc\u00f3w Akademii Humanitas<\/h4>\n\t\t\t\t\t<\/div>\n\t\t\t<\/section>\n","protected":false},"excerpt":{"rendered":"","protected":false},"author":7,"featured_media":0,"parent":28,"menu_order":0,"comment_status":"closed","ping_status":"closed","template":"","meta":{"_acf_changed":false,"inline_featured_image":false,"footnotes":""},"class_list":["post-19162","page","type-page","status-publish","hentry"],"acf":[],"yoast_head":"<!-- This site is optimized with the Yoast SEO Premium plugin v27.3 (Yoast SEO v27.3) - https:\/\/yoast.com\/product\/yoast-seo-premium-wordpress\/ -->\n<title>Konferencje i seminaria naukowe - Akademia Humanitas<\/title>\n<meta name=\"robots\" content=\"index, follow, max-snippet:-1, max-image-preview:large, max-video-preview:-1\" \/>\n<link rel=\"canonical\" href=\"https:\/\/humanitas.edu.pl\/en\/nauka\/konferencje-i-seminaria-naukowe\/\" \/>\n<meta property=\"og:locale\" content=\"en_US\" \/>\n<meta property=\"og:type\" content=\"article\" \/>\n<meta property=\"og:title\" content=\"Konferencje i seminaria naukowe\" \/>\n<meta property=\"og:url\" content=\"https:\/\/humanitas.edu.pl\/en\/nauka\/konferencje-i-seminaria-naukowe\/\" \/>\n<meta property=\"og:site_name\" content=\"Akademia Humanitas\" \/>\n<meta property=\"article:modified_time\" content=\"2026-02-09T10:51:43+00:00\" \/>\n<meta name=\"twitter:card\" content=\"summary_large_image\" \/>\n<meta name=\"twitter:label1\" content=\"Est. reading time\" \/>\n\t<meta name=\"twitter:data1\" content=\"1 minute\" \/>\n<script type=\"application\/ld+json\" class=\"yoast-schema-graph\">{\"@context\":\"https:\\\/\\\/schema.org\",\"@graph\":[{\"@type\":\"WebPage\",\"@id\":\"https:\\\/\\\/humanitas.edu.pl\\\/en\\\/nauka\\\/konferencje-i-seminaria-naukowe\\\/\",\"url\":\"https:\\\/\\\/humanitas.edu.pl\\\/en\\\/nauka\\\/konferencje-i-seminaria-naukowe\\\/\",\"name\":\"Konferencje i seminaria naukowe - Akademia Humanitas\",\"isPartOf\":{\"@id\":\"https:\\\/\\\/humanitas.edu.pl\\\/en\\\/#website\"},\"datePublished\":\"2026-02-04T12:17:08+00:00\",\"dateModified\":\"2026-02-09T10:51:43+00:00\",\"breadcrumb\":{\"@id\":\"https:\\\/\\\/humanitas.edu.pl\\\/en\\\/nauka\\\/konferencje-i-seminaria-naukowe\\\/#breadcrumb\"},\"inLanguage\":\"en-US\",\"potentialAction\":[{\"@type\":\"ReadAction\",\"target\":[\"https:\\\/\\\/humanitas.edu.pl\\\/en\\\/nauka\\\/konferencje-i-seminaria-naukowe\\\/\"]}]},{\"@type\":\"BreadcrumbList\",\"@id\":\"https:\\\/\\\/humanitas.edu.pl\\\/en\\\/nauka\\\/konferencje-i-seminaria-naukowe\\\/#breadcrumb\",\"itemListElement\":[{\"@type\":\"ListItem\",\"position\":1,\"name\":\"Home\",\"item\":\"https:\\\/\\\/humanitas.edu.pl\\\/en\\\/\"},{\"@type\":\"ListItem\",\"position\":2,\"name\":\"Nauka\",\"item\":\"https:\\\/\\\/humanitas.edu.pl\\\/en\\\/nauka\\\/\"},{\"@type\":\"ListItem\",\"position\":3,\"name\":\"Konferencje i seminaria naukowe\"}]},{\"@type\":\"WebSite\",\"@id\":\"https:\\\/\\\/humanitas.edu.pl\\\/en\\\/#website\",\"url\":\"https:\\\/\\\/humanitas.edu.pl\\\/en\\\/\",\"name\":\"Akademia Humanitas\",\"description\":\"\",\"potentialAction\":[{\"@type\":\"SearchAction\",\"target\":{\"@type\":\"EntryPoint\",\"urlTemplate\":\"https:\\\/\\\/humanitas.edu.pl\\\/en\\\/?s={search_term_string}\"},\"query-input\":{\"@type\":\"PropertyValueSpecification\",\"valueRequired\":true,\"valueName\":\"search_term_string\"}}],\"inLanguage\":\"en-US\"}]}<\/script>\n<!-- \/ Yoast SEO Premium plugin. -->","yoast_head_json":{"title":"Konferencje i seminaria naukowe - Akademia Humanitas","robots":{"index":"index","follow":"follow","max-snippet":"max-snippet:-1","max-image-preview":"max-image-preview:large","max-video-preview":"max-video-preview:-1"},"canonical":"https:\/\/humanitas.edu.pl\/en\/nauka\/konferencje-i-seminaria-naukowe\/","og_locale":"en_US","og_type":"article","og_title":"Konferencje i seminaria naukowe","og_url":"https:\/\/humanitas.edu.pl\/en\/nauka\/konferencje-i-seminaria-naukowe\/","og_site_name":"Akademia Humanitas","article_modified_time":"2026-02-09T10:51:43+00:00","twitter_card":"summary_large_image","twitter_misc":{"Est. reading time":"1 minute"},"schema":{"@context":"https:\/\/schema.org","@graph":[{"@type":"WebPage","@id":"https:\/\/humanitas.edu.pl\/en\/nauka\/konferencje-i-seminaria-naukowe\/","url":"https:\/\/humanitas.edu.pl\/en\/nauka\/konferencje-i-seminaria-naukowe\/","name":"Konferencje i seminaria naukowe - Akademia Humanitas","isPartOf":{"@id":"https:\/\/humanitas.edu.pl\/en\/#website"},"datePublished":"2026-02-04T12:17:08+00:00","dateModified":"2026-02-09T10:51:43+00:00","breadcrumb":{"@id":"https:\/\/humanitas.edu.pl\/en\/nauka\/konferencje-i-seminaria-naukowe\/#breadcrumb"},"inLanguage":"en-US","potentialAction":[{"@type":"ReadAction","target":["https:\/\/humanitas.edu.pl\/en\/nauka\/konferencje-i-seminaria-naukowe\/"]}]},{"@type":"BreadcrumbList","@id":"https:\/\/humanitas.edu.pl\/en\/nauka\/konferencje-i-seminaria-naukowe\/#breadcrumb","itemListElement":[{"@type":"ListItem","position":1,"name":"Home","item":"https:\/\/humanitas.edu.pl\/en\/"},{"@type":"ListItem","position":2,"name":"Nauka","item":"https:\/\/humanitas.edu.pl\/en\/nauka\/"},{"@type":"ListItem","position":3,"name":"Konferencje i seminaria naukowe"}]},{"@type":"WebSite","@id":"https:\/\/humanitas.edu.pl\/en\/#website","url":"https:\/\/humanitas.edu.pl\/en\/","name":"Akademia Humanitas","description":"","potentialAction":[{"@type":"SearchAction","target":{"@type":"EntryPoint","urlTemplate":"https:\/\/humanitas.edu.pl\/en\/?s={search_term_string}"},"query-input":{"@type":"PropertyValueSpecification","valueRequired":true,"valueName":"search_term_string"}}],"inLanguage":"en-US"}]}},"_links":{"self":[{"href":"https:\/\/humanitas.edu.pl\/en\/wp-json\/wp\/v2\/pages\/19162","targetHints":{"allow":["GET"]}}],"collection":[{"href":"https:\/\/humanitas.edu.pl\/en\/wp-json\/wp\/v2\/pages"}],"about":[{"href":"https:\/\/humanitas.edu.pl\/en\/wp-json\/wp\/v2\/types\/page"}],"author":[{"embeddable":true,"href":"https:\/\/humanitas.edu.pl\/en\/wp-json\/wp\/v2\/users\/7"}],"replies":[{"embeddable":true,"href":"https:\/\/humanitas.edu.pl\/en\/wp-json\/wp\/v2\/comments?post=19162"}],"version-history":[{"count":1,"href":"https:\/\/humanitas.edu.pl\/en\/wp-json\/wp\/v2\/pages\/19162\/revisions"}],"predecessor-version":[{"id":19164,"href":"https:\/\/humanitas.edu.pl\/en\/wp-json\/wp\/v2\/pages\/19162\/revisions\/19164"}],"up":[{"embeddable":true,"href":"https:\/\/humanitas.edu.pl\/en\/wp-json\/wp\/v2\/pages\/28"}],"wp:attachment":[{"href":"https:\/\/humanitas.edu.pl\/en\/wp-json\/wp\/v2\/media?parent=19162"}],"curies":[{"name":"wp","href":"https:\/\/api.w.org\/{rel}","templated":true}]}}