{"id":16447,"date":"2026-01-26T09:36:33","date_gmt":"2026-01-26T07:36:33","guid":{"rendered":"https:\/\/humanitas.edu.pl\/?page_id=16447"},"modified":"2026-01-26T09:36:33","modified_gmt":"2026-01-26T07:36:33","slug":"pedagogika","status":"publish","type":"page","link":"https:\/\/humanitas.edu.pl\/en\/biblioteka\/czasopisma-elektroniczne\/pedagogika\/","title":{"rendered":"Pedagogika"},"content":{"rendered":"<section class=\"block-hero\">\n            <figure class=\"block-hero__background-image\">\n            <img loading=\"lazy\" decoding=\"async\" width=\"1094\" height=\"600\" src=\"https:\/\/humanitas.edu.pl\/wp-content\/uploads\/2024\/02\/1e17d56668bb99ff9d3fb0fa41e906dd-1-1094x600.png\" class=\"attachment-hero size-hero\" alt=\"\" aria-hidden=\"true\" \/>        <\/figure>\n        <div class=\"container\">\n        <div class=\"block-hero__wrapper\">\n            \n<section class=\"breadcrumbs breadcrumbs--secondary\">\n    <div class=\"breadcrumbs__wrapper\">\n        <a href=\"https:\/\/humanitas.edu.pl\/en\/\" class=\"breadcrumbs__link\">\n            Home page        <\/a>\n        <svg aria-hidden=\"true\" focusable=\"false\" width=\"7\" height=\"7\" viewBox=\"0 0 5.6 9\" xmlns=\"http:\/\/www.w3.org\/2000\/svg\"><path d=\"M1.1 0L0 1.1l3.4 3.4L0 7.9 1.1 9l4.5-4.5z\"\/><\/svg>\n            <\/div>\n<\/section>            <h1 class=\"block-hero__title fade-in  \">Pedagogika<\/h1>\n                    <\/div>\n    <\/div>\n            \n<div class=\"triangle triangle--bottom-right default\">\n    <svg aria-hidden=\"true\" focusable=\"false\" width=\"1440\" height=\"98\" viewBox=\"0 0 1440 98\" fill=\"none\" xmlns=\"http:\/\/www.w3.org\/2000\/svg\">\n<path d=\"M1440 0L0 98H1440V0Z\" fill=\"white\"\/>\n<\/svg>\n<\/div>\n    <\/section>\n\n\n    <section\n        class=\"block-content-with-gallery block-content-with-gallery--white block-content-with-gallery--left\"\n        id=\"block_bf23fc1ab600cd17f6091131890281e4\">\n                <div class=\"container\">\n            <div class=\"block-content-with-gallery__wrapper\">\n                <div class=\"block-content-with-gallery__gallery js-delay fade-in\">\n                                                                        <figure class=\"block-content-with-gallery__item js-delay-item\">\n                                <img loading=\"lazy\" decoding=\"async\" width=\"2048\" height=\"1365\" src=\"https:\/\/humanitas.edu.pl\/wp-content\/uploads\/2025\/05\/DSC08368.jpg\" class=\"attachment-full-size size-full-size\" alt=\"\" aria-hidden=\"true\" srcset=\"https:\/\/humanitas.edu.pl\/wp-content\/uploads\/2025\/05\/DSC08368.jpg 2048w, https:\/\/humanitas.edu.pl\/wp-content\/uploads\/2025\/05\/DSC08368-300x200.jpg 300w, https:\/\/humanitas.edu.pl\/wp-content\/uploads\/2025\/05\/DSC08368-1024x683.jpg 1024w, https:\/\/humanitas.edu.pl\/wp-content\/uploads\/2025\/05\/DSC08368-768x512.jpg 768w, https:\/\/humanitas.edu.pl\/wp-content\/uploads\/2025\/05\/DSC08368-1536x1024.jpg 1536w\" sizes=\"(max-width: 2048px) 100vw, 2048px\" \/>                            <\/figure>\n                                                            <\/div>\n                <div id=\"block-69e2e35003f9e2.97819444\" class=\"block-content-with-gallery__content\">\n                    <h2\n                        class=\"block-content-with-gallery__title heading-underline heading-dot fade-in \">\n                        Pedagogika<\/h3>\n                        <div class=\"block-content-with-gallery__text fade-in\">\n\n                                                            <div class=\"block-content-with-gallery__text-truncated\">\n                                    <ol>\n<li><strong>Acta Universitatis Nicolai Copernnici. Pedagogika,\u00a0<\/strong>dost\u0119p:\u00a0<a href=\"https:\/\/apcz.umk.pl\/AUNC_PED\/issue\/archive\" target=\"_blank\" rel=\"noopener\">https:\/\/apcz.umk.pl\/AUNC_PED\/issue\/archive<\/a><\/li>\n<li><strong>Biblioteka Gerontologii Spo\u0142ecznej<\/strong>, dost\u0119p:\u00a0<a href=\"https:\/\/bgs.up.krakow.pl\/\" target=\"_blank\" rel=\"noopener\">https:\/\/bgs.up.krakow.pl\/<\/a><\/li>\n<li><strong>Biuletyn Historii Wychowania<\/strong>, dost\u0119p:\u00a0<a href=\"https:\/\/pressto.amu.edu.pl\/index.php\/bhw\/issue\/archive\" target=\"_blank\" rel=\"noopener\">https:\/\/pressto.amu.edu.pl\/index.php\/bhw\/issue\/archive<\/a><\/li>\n<\/ol>\n                                <\/div>\n\n                                <div class=\"block-content-with-gallery__text-full\" style=\"display: none;\">\n                                    <ol>\n<li><strong>Acta Universitatis Nicolai Copernnici. Pedagogika,\u00a0<\/strong>dost\u0119p:\u00a0<a href=\"https:\/\/apcz.umk.pl\/AUNC_PED\/issue\/archive\" target=\"_blank\" rel=\"noopener\">https:\/\/apcz.umk.pl\/AUNC_PED\/issue\/archive<\/a><\/li>\n<li><strong>Biblioteka Gerontologii Spo\u0142ecznej<\/strong>, dost\u0119p:\u00a0<a href=\"https:\/\/bgs.up.krakow.pl\/\" target=\"_blank\" rel=\"noopener\">https:\/\/bgs.up.krakow.pl\/<\/a><\/li>\n<li><strong>Biuletyn Historii Wychowania<\/strong>, dost\u0119p:\u00a0<a href=\"https:\/\/pressto.amu.edu.pl\/index.php\/bhw\/issue\/archive\" target=\"_blank\" rel=\"noopener\">https:\/\/pressto.amu.edu.pl\/index.php\/bhw\/issue\/archive<\/a><\/li>\n<li><strong>Dydaktyka informatyki<\/strong>, dost\u0119p:\u00a0<a href=\"https:\/\/journals.ur.edu.pl\/di\/index\" target=\"_blank\" rel=\"noopener\">https:\/\/journals.ur.edu.pl\/di\/index<\/a><\/li>\n<li><strong>E-mentor<\/strong>, dost\u0119p:\u00a0<a href=\"http:\/\/www.e-mentor.edu.pl\/\" target=\"_blank\" rel=\"noopener\">http:\/\/www.e-mentor.edu.pl\/<\/a><\/li>\n<li><strong>Edukacja Doros\u0142ych<\/strong>, dost\u0119p:\u00a0<a href=\"https:\/\/apcz.umk.pl\/ED\/issue\/archive\" target=\"_blank\" rel=\"noopener\">https:\/\/apcz.umk.pl\/ED\/issue\/archive<\/a><\/li>\n<li><strong>Edukacja Dziecka<\/strong>, dost\u0119p:\u00a0<a href=\"https:\/\/cidn.ajp.edu.pl\/journals\/details\/journal\/edukacja-dziecka\" target=\"_blank\" rel=\"noopener\">https:\/\/cidn.ajp.edu.pl\/journals\/details\/journal\/edukacja-dziecka<\/a><\/li>\n<li><strong>Edukacja Elementarna w Teorii i Praktyce<\/strong>, dost\u0119p:\u00a0<a href=\"https:\/\/czasopisma.ignatianum.edu.pl\/eetp\/issue\/archive\">https:\/\/czasopisma.ignatianum.edu.pl\/eetp\/issue\/archive<\/a><\/li>\n<li><span dir=\"auto\"><strong>Edukacja. Innowacja. Praktyka=<\/strong><strong>\u041e\u0441\u0432\u0456\u0442\u0430. \u0406\u043d\u043d\u043e\u0432\u0430\u0442\u0438\u043a\u0430. \u041f\u0440\u0430\u043a\u0442\u0438\u043a\u0430<\/strong>, dost\u0119p:\u00a0<a href=\"https:\/\/oip-journal.org\/index.php\/oip\/issue\/view\/38\" target=\"_blank\" rel=\"noopener\">https:\/\/oip-journal.org\/index.php\/oip\/issue\/view\/38\u00a0<\/a><\/span><\/li>\n<li><strong>Edukacja Ustawiczna Doros\u0142ych<\/strong>, dost\u0119p:\u00a0<a href=\"https:\/\/edukacjaustawicznadoroslych.eu\/index.php\/pl\/\" target=\"_blank\" rel=\"noopener\">https:\/\/edukacjaustawicznadoroslych.eu\/index.php\/pl\/<\/a><\/li>\n<li><strong>Edukacja &#8211; Technika &#8211; Informatyka<\/strong>, dost\u0119p:\u00a0<a href=\"https:\/\/repozytorium.ur.edu.pl\/handle\/item\/1648\" target=\"_blank\" rel=\"noopener\">https:\/\/repozytorium.ur.edu.pl\/handle\/item\/1648<\/a><\/li>\n<li><strong>Edukacja Zawodowa i Ustawiczna. Rocznik Polsko-Ukrai\u0144ski<\/strong>, dost\u0119p:\u00a0<a href=\"http:\/\/www.aps.edu.pl\/wydawnictwo\/czasopisma\/edukacja-zawodowa-i-ustawiczna\/\" target=\"_blank\" rel=\"noopener\">http:\/\/www.aps.edu.pl\/wydawnictwo\/czasopisma\/edukacja-zawodowa-i-ustawiczna\/<\/a><\/li>\n<li><strong>Forum O\u015bwiatowe<\/strong>, dost\u0119p:\u00a0<a href=\"http:\/\/forumoswiatowe.pl\/index.php\/czasopismo\" target=\"_blank\" rel=\"noopener\">http:\/\/forumoswiatowe.pl\/index.php\/czasopismo<\/a><\/li>\n<li><strong>Forum Pedagogiczne<\/strong>, dost\u0119p:\u00a0<a href=\"http:\/\/czasopisma.uksw.edu.pl\/index.php\/fp\" target=\"_blank\" rel=\"noopener\">http:\/\/czasopisma.uksw.edu.pl\/index.php\/fp<\/a><\/li>\n<li><strong>Horyzonty Wychowania<\/strong>, dost\u0119p:\u00a0<a href=\"https:\/\/horyzonty.ignatianum.edu.pl\/HW\/issue\/archive\">https:\/\/horyzonty.ignatianum.edu.pl\/HW\/issue\/archive<\/a><\/li>\n<li><strong>Humanitas Pedagogika i Psychologia<\/strong>, dost\u0119p:\u00a0<a href=\"https:\/\/humanitas-pedagogika.publisherspanel.com\/issues\" target=\"_blank\" rel=\"noopener\">https:\/\/humanitas-pedagogika.publisherspanel.com\/issues<\/a><\/li>\n<li><strong>Jako\u015bciowe Badania Pedagogiczne<\/strong>, dost\u0119p:\u00a0<a href=\"https:\/\/wnus.edu.pl\/jbp\/pl\/\" target=\"_blank\" rel=\"noopener\">https:\/\/wnus.edu.pl\/jbp\/pl\/<\/a><\/li>\n<li><strong>Journal of Education, Health and Sport<\/strong>, dost\u0119p:\u00a0<a href=\"https:\/\/apcz.umk.pl\/JEHS\" target=\"_blank\" rel=\"noopener\">https:\/\/apcz.umk.pl\/JEHS<\/a><\/li>\n<li><strong>Konteksty Pedagogiczne<\/strong>, dost\u0119p:\u00a0<a href=\"https:\/\/kontekstypedagogiczne.pl\/kp\/issue\/archive\" target=\"_blank\" rel=\"noopener\">https:\/\/kontekstypedagogiczne.pl\/kp\/issue\/archive<\/a><\/li>\n<li><strong>Kultura i Wychowanie<\/strong>, dost\u0119p:\u00a0<a href=\"https:\/\/ojs.ahe.lodz.pl\/index.php\/kultura_i_wychowanie\/issue\/archive\" target=\"_blank\" rel=\"noopener\">https:\/\/ojs.ahe.lodz.pl\/index.php\/kultura_i_wychowanie\/issue\/archive<\/a><\/li>\n<li><strong>Kwartalnik Pedagogiczny<\/strong>, dost\u0119p:\u00a0<a href=\"https:\/\/kwartalnikpedagogiczny.pl\/resources\/html\/archives\" target=\"_blank\" rel=\"noopener\">https:\/\/kwartalnikpedagogiczny.pl\/resources\/html\/archives<\/a><\/li>\n<li><strong>Labor et Educatio<\/strong>, dost\u0119p:\u00a0<a href=\"https:\/\/ejournals.eu\/czasopismo\/labor-et-educatio\/tomy-i-numery\" target=\"_blank\" rel=\"noopener\">https:\/\/ejournals.eu\/czasopismo\/labor-et-educatio\/tomy-i-numery<\/a><\/li>\n<li><strong>Logopedia Silesiana<\/strong>, dost\u0119p:\u00a0<a href=\"https:\/\/journals.us.edu.pl\/index.php\/LOGOPEDIASILESIANA\/issue\/archive\" target=\"_blank\" rel=\"noopener\">https:\/\/journals.us.edu.pl\/index.php\/LOGOPEDIASILESIANA\/issue\/archive<\/a><\/li>\n<li><strong>Multidisciplinary Journal of School Education<\/strong>, dost\u0119p:\u00a0<a href=\"https:\/\/czasopisma.ignatianum.edu.pl\/jpe\/issue\/archive\" target=\"_blank\" rel=\"noopener\">https:\/\/czasopisma.ignatianum.edu.pl\/jpe\/issue\/archive<\/a><\/li>\n<li><strong>Nauki o wychowaniu. Studia interdyscyplinarne<\/strong>, dost\u0119p:\u00a0<a href=\"http:\/\/dspace.uni.lodz.pl:8080\/xmlui\/handle\/11089\/19596\" target=\"_blank\" rel=\"noopener\">http:\/\/dspace.uni.lodz.pl:8080\/xmlui\/handle\/11089\/19596<\/a><\/li>\n<li><strong>Niepe\u0142nosprawno\u015b\u0107 &#8211; zagadnienia, problemy, rozwi\u0105zania<\/strong>, dost\u0119p:\u00a0<a href=\"https:\/\/kn.pfron.org.pl\/\" target=\"_blank\" rel=\"noopener\">https:\/\/kn.pfron.org.pl\/<\/a><\/li>\n<li><strong>Niepe\u0142nosprawno\u015b\u0107. Dyskursy Pedagogiki Specjalnej<\/strong>, dost\u0119p:\u00a0<a href=\"https:\/\/niepelnosprawnosc.ug.edu.pl\/archiwum\/\" target=\"_blank\" rel=\"noopener\">https:\/\/niepelnosprawnosc.ug.edu.pl\/archiwum\/<\/a><\/li>\n<li><strong>Pedagogika Przedszkolna i Wczesnoczkolna<\/strong>, dost\u0119p:\u00a0<a href=\"https:\/\/www.ejournals.eu\/PPIW\/\" target=\"_blank\" rel=\"noopener\">https:\/\/www.ejournals.eu\/PPIW\/<\/a><\/li>\n<li><strong>Pedagogiak Rodziny<\/strong>, dost\u0119p:\u00a0<a href=\"https:\/\/pedagogika-rodziny.spoleczna.pl\/index.php\/czasopismo\">https:\/\/pedagogika-rodziny.spoleczna.pl\/index.php\/czasopismo<\/a><\/li>\n<li><strong>Pedagogika Spo\u0142eczna<\/strong>, dost\u0119p:\u00a0<a href=\"http:\/\/pedagogikaspoleczna.com\/\" target=\"_blank\" rel=\"noopener\">http:\/\/pedagogikaspoleczna.com\/<\/a><\/li>\n<li><strong>Polish Journal of Educational Studies,\u00a0<\/strong>dost\u0119p:\u00a0<a href=\"https:\/\/sciendo.com\/journal\/POLJES?top-tab=volumes-issues\" target=\"_blank\" rel=\"noopener\">https:\/\/sciendo.com\/journal\/POLJES?top-tab=volumes-issues<\/a><\/li>\n<li><strong>Polska My\u015bl Pedagogiczna<\/strong>, dost\u0119p:\u00a0<a href=\"https:\/\/www.ejournals.eu\/PMP\/\" target=\"_blank\" rel=\"noopener\">https:\/\/www.ejournals.eu\/PMP\/<\/a><\/li>\n<li><strong>Problemy Opieku\u0144czo-Wychowawcze<\/strong>, dost\u0119p:\u00a0<a href=\"https:\/\/problemyopiekunczo-wychowaw.pl\/resources\/html\/cms\/MAINPAGE\" target=\"_blank\" rel=\"noopener\">https:\/\/problemyopiekunczo-wychowaw.pl\/resources\/html\/cms\/MAINPAGE<\/a><\/li>\n<li><strong>Problemy Wczesnej Edukacji<\/strong>, dost\u0119p:\u00a0<a href=\"http:\/\/www.pwe.ug.edu.pl\/\" target=\"_blank\" rel=\"noopener\">http:\/\/www.pwe.ug.edu.pl\/<\/a><\/li>\n<li><strong>Przegl\u0105d Bada\u0144 Edukacyjnych<\/strong>, dost\u0119p:\u00a0<a href=\"http:\/\/apcz.umk.pl\/czasopisma\/index.php\/PBE\/index\" target=\"_blank\" rel=\"noopener\">http:\/\/apcz.umk.pl\/czasopisma\/index.php\/PBE\/index<\/a><\/li>\n<li><strong>Przegl\u0105d Humanistyczny<\/strong>, dost\u0119p:\u00a0<a href=\"https:\/\/przegladhumanistyczny.pl\/resources\/html\/archives\" target=\"_blank\" rel=\"noopener\">https:\/\/przegladhumanistyczny.pl\/resources\/html\/archives<\/a><\/li>\n<li><strong>Przegl\u0105d Pedagogiczny<\/strong>, dost\u0119p:\u00a0<a href=\"http:\/\/www.przegladpedagogiczny.ukw.edu.pl\/\" target=\"_blank\" rel=\"noopener\">http:\/\/www.przegladpedagogiczny.ukw.edu.pl\/<\/a><\/li>\n<li><strong>Resocjalizacja Polska = Polish Journal of Social Rehabilitation<\/strong>, dost\u0119p:\u00a0<a href=\"http:\/\/www.resocjalizacjapolska.pl\/index.php\/rp\/issue\/archive\" target=\"_blank\" rel=\"noopener\">http:\/\/www.resocjalizacjapolska.pl\/index.php\/rp\/issue\/archive<\/a><\/li>\n<li><strong>Rocznik Andragogiczny<\/strong>, dost\u0119p:\u00a0<a href=\"https:\/\/apcz.umk.pl\/czasopisma\/index.php\/RA\" target=\"_blank\" rel=\"noopener\">https:\/\/apcz.umk.pl\/czasopisma\/index.php\/RA<\/a><\/li>\n<li><strong>Rocznik Komisji Nauk Pedagogicznych<\/strong>, dost\u0119p:\u00a0<a href=\"http:\/\/journals.pan.pl\/rknp\" target=\"_blank\" rel=\"noopener\">http:\/\/journals.pan.pl\/rknp<\/a><\/li>\n<li><strong>Rocznik Pedagogiczny<\/strong>, dost\u0119p:\u00a0<a href=\"http:\/\/journals.pan.pl\/rp\" target=\"_blank\" rel=\"noopener\">http:\/\/journals.pan.pl\/rp<\/a><\/li>\n<li><strong>Roczniki Pedagogiczne<\/strong>, dost\u0119p:\u00a0<a href=\"https:\/\/ojs.tnkul.pl\/index.php\/rped\/issue\/archive\" target=\"_blank\" rel=\"noopener\">https:\/\/ojs.tnkul.pl\/index.php\/rped\/issue\/archive<\/a><\/li>\n<li><strong>Spo\u0142ecze\u0144stwo Edukacja J\u0119zyk<\/strong>, dost\u0119p:\u00a0<a href=\"https:\/\/czasopismanaukowe.mazowiecka.edu.pl\/index.php\/sej\" target=\"_blank\" rel=\"noopener\">https:\/\/czasopismanaukowe.mazowiecka.edu.pl\/index.php\/sej<\/a><\/li>\n<li><strong>Student niepe\u0142nosprawny. Szkice i Rozprawy<\/strong>, dost\u0119p:\u00a0<a href=\"https:\/\/czasopisma.uph.edu.pl\/index.php\/studentniepelnosprawny\/issue\/archive\" target=\"_blank\" rel=\"noopener\">https:\/\/czasopisma.uph.edu.pl\/index.php\/studentniepelnosprawny\/issue\/archiv<\/a><\/li>\n<li>S<strong>tudia Pedagogica Ignatiana<\/strong>, dost\u0119p:\u00a0<a href=\"https:\/\/apcz.umk.pl\/SPI\/issue\/archive\" target=\"_blank\" rel=\"noopener\">https:\/\/apcz.umk.pl\/SPI\/issue\/archive<\/a><\/li>\n<li><strong>Studia Pedagogiczne<\/strong>, dost\u0119p:\u00a0<a href=\"http:\/\/journals.pan.pl\/stp\" target=\"_blank\" rel=\"noopener\">http:\/\/journals.pan.pl\/stp<\/a><\/li>\n<li><strong>Studia Pedagogiczne. Problemy spo\u0142eczne, edukacyjne i artystyczne<\/strong>, dost\u0119p:\u00a0<a href=\"https:\/\/studiapedagogiczne.ujk.edu.pl\/archiwum.html\" target=\"_blank\" rel=\"noopener\">https:\/\/studiapedagogiczne.ujk.edu.pl\/archiwum.html<\/a><\/li>\n<li><strong>Szko\u0142a Specjalna<\/strong>, dsot\u0119p:\u00a0<a href=\"http:\/\/www.szkolaspecjalna.aps.edu.pl\/numery-archiwalne\/\" target=\"_blank\" rel=\"noopener\">http:\/\/www.szkolaspecjalna.aps.edu.pl\/<\/a><\/li>\n<li><strong>Tera\u017aniejszo\u015b\u0107 &#8211; Cz\u0142owiek &#8211; Edukacja<\/strong>, dost\u0119p:\u00a0<a href=\"https:\/\/insted-tce.pl\/ojs\/index.php\/tce\/issue\/archive\" target=\"_blank\" rel=\"noopener\">https:\/\/insted-tce.pl\/ojs\/index.php\/tce\/issue\/archive<\/a><\/li>\n<li><strong>Terapia Specjalna Dzieci Doros\u0142ych, dost\u0119p:\u00a0<\/strong><a href=\"https:\/\/terapiaspecjalna.pl\/lista-wydan\" target=\"_blank\" rel=\"noopener\">https:\/\/terapiaspecjalna.pl\/lista-wydan<\/a><\/li>\n<li><strong>Uczy\u0107 Lepiej<\/strong>, dost\u0119p:\u00a0<a href=\"https:\/\/ul.odnpoznan.pl\/\">https:\/\/ul.odnpoznan.pl\/<\/a><\/li>\n<li><strong><span dir=\"auto\">Ukrai\u0144skie czasopismo pedagogiczne=\u0423\u043a\u0440\u0430\u0457\u043d\u0441\u044c\u043a\u0438\u0439 \u043f\u0435\u0434\u0430\u0433\u043e\u0433\u0456\u0447\u043d\u0438\u0439 \u0436\u0443\u0440\u043d\u0430\u043b<\/span><\/strong><span dir=\"auto\">, dost\u0119p:<\/span><strong><span dir=\"auto\">\u00a0<\/span><\/strong><span dir=\"auto\"><a href=\"https:\/\/uej.undip.org.ua\/index.php\/journal\/issue\/view\/49\" target=\"_blank\" rel=\"noopener\">https:\/\/uej.undip.org.ua\/index.php\/journal\/issue\/view\/49<\/a><\/span><\/li>\n<li><strong>Zeszyty Pracy Socjalnej<\/strong>, dost\u0119p:\u00a0<a href=\"https:\/\/www.ejournals.eu\/ZPS\/\" target=\"_blank\" rel=\"noopener\">https:\/\/www.ejournals.eu\/ZPS<\/a><\/li>\n<\/ol>\n                                <\/div>\n\n                                <button class=\"block-content-with-gallery__read-more\"\n                                    data-read-more=\"Czytaj wi\u0119cej\"\n                                    data-read-less=\"Poka\u017c mniej\">\n                                    Czytaj wi\u0119cej                                <\/button>\n                            \n                        <\/div>\n                                        <\/div>\n            <\/div>\n        <\/div>\n            <\/section>\n\n    <script>\n        document.addEventListener('DOMContentLoaded', function() {\n            var containerId = \"block-69e2e35003f9e2.97819444\";\n            var container = document.getElementById(containerId);\n\n            if (container) {\n                const button = container.querySelector('.block-content-with-gallery__read-more');\n                const truncated = container.querySelector('.block-content-with-gallery__text-truncated');\n                const full = container.querySelector('.block-content-with-gallery__text-full');\n\n                button.addEventListener('click', function() {\n                    if (truncated.style.display !== 'none') {\n                        truncated.style.display = 'none';\n                        full.style.display = 'block';\n                        button.textContent = button.getAttribute('data-read-less');\n                    } else {\n                        truncated.style.display = 'block';\n                        full.style.display = 'none';\n                        button.textContent = button.getAttribute('data-read-more');\n                    }\n                });\n            }\n        });\n    <\/script>\n","protected":false},"excerpt":{"rendered":"","protected":false},"author":6,"featured_media":0,"parent":16441,"menu_order":0,"comment_status":"closed","ping_status":"closed","template":"","meta":{"_acf_changed":false,"inline_featured_image":false,"footnotes":""},"class_list":["post-16447","page","type-page","status-publish","hentry"],"acf":[],"yoast_head":"<!-- This site is optimized with the Yoast SEO Premium plugin v27.3 (Yoast SEO v27.3) - https:\/\/yoast.com\/product\/yoast-seo-premium-wordpress\/ -->\n<title>Pedagogika - Akademia Humanitas<\/title>\n<meta name=\"robots\" content=\"index, follow, max-snippet:-1, max-image-preview:large, max-video-preview:-1\" \/>\n<link rel=\"canonical\" href=\"https:\/\/humanitas.edu.pl\/en\/biblioteka\/czasopisma-elektroniczne\/pedagogika\/\" \/>\n<meta property=\"og:locale\" content=\"en_US\" \/>\n<meta property=\"og:type\" content=\"article\" \/>\n<meta property=\"og:title\" content=\"Pedagogika\" \/>\n<meta property=\"og:url\" content=\"https:\/\/humanitas.edu.pl\/en\/biblioteka\/czasopisma-elektroniczne\/pedagogika\/\" \/>\n<meta property=\"og:site_name\" content=\"Akademia Humanitas\" \/>\n<meta name=\"twitter:card\" content=\"summary_large_image\" \/>\n<meta name=\"twitter:label1\" content=\"Est. reading time\" \/>\n\t<meta name=\"twitter:data1\" content=\"3 minutes\" \/>\n<script type=\"application\/ld+json\" class=\"yoast-schema-graph\">{\"@context\":\"https:\\\/\\\/schema.org\",\"@graph\":[{\"@type\":\"WebPage\",\"@id\":\"https:\\\/\\\/humanitas.edu.pl\\\/en\\\/biblioteka\\\/czasopisma-elektroniczne\\\/pedagogika\\\/\",\"url\":\"https:\\\/\\\/humanitas.edu.pl\\\/en\\\/biblioteka\\\/czasopisma-elektroniczne\\\/pedagogika\\\/\",\"name\":\"Pedagogika - Akademia Humanitas\",\"isPartOf\":{\"@id\":\"https:\\\/\\\/humanitas.edu.pl\\\/en\\\/#website\"},\"datePublished\":\"2026-01-26T07:36:33+00:00\",\"breadcrumb\":{\"@id\":\"https:\\\/\\\/humanitas.edu.pl\\\/en\\\/biblioteka\\\/czasopisma-elektroniczne\\\/pedagogika\\\/#breadcrumb\"},\"inLanguage\":\"en-US\",\"potentialAction\":[{\"@type\":\"ReadAction\",\"target\":[\"https:\\\/\\\/humanitas.edu.pl\\\/en\\\/biblioteka\\\/czasopisma-elektroniczne\\\/pedagogika\\\/\"]}]},{\"@type\":\"BreadcrumbList\",\"@id\":\"https:\\\/\\\/humanitas.edu.pl\\\/en\\\/biblioteka\\\/czasopisma-elektroniczne\\\/pedagogika\\\/#breadcrumb\",\"itemListElement\":[{\"@type\":\"ListItem\",\"position\":1,\"name\":\"Home\",\"item\":\"https:\\\/\\\/humanitas.edu.pl\\\/en\\\/\"},{\"@type\":\"ListItem\",\"position\":2,\"name\":\"Biblioteka\",\"item\":\"https:\\\/\\\/humanitas.edu.pl\\\/en\\\/biblioteka\\\/\"},{\"@type\":\"ListItem\",\"position\":3,\"name\":\"Czasopisma elektroniczne\",\"item\":\"https:\\\/\\\/humanitas.edu.pl\\\/en\\\/biblioteka\\\/czasopisma-elektroniczne\\\/\"},{\"@type\":\"ListItem\",\"position\":4,\"name\":\"Pedagogika\"}]},{\"@type\":\"WebSite\",\"@id\":\"https:\\\/\\\/humanitas.edu.pl\\\/en\\\/#website\",\"url\":\"https:\\\/\\\/humanitas.edu.pl\\\/en\\\/\",\"name\":\"Akademia Humanitas\",\"description\":\"\",\"potentialAction\":[{\"@type\":\"SearchAction\",\"target\":{\"@type\":\"EntryPoint\",\"urlTemplate\":\"https:\\\/\\\/humanitas.edu.pl\\\/en\\\/?s={search_term_string}\"},\"query-input\":{\"@type\":\"PropertyValueSpecification\",\"valueRequired\":true,\"valueName\":\"search_term_string\"}}],\"inLanguage\":\"en-US\"}]}<\/script>\n<!-- \/ Yoast SEO Premium plugin. -->","yoast_head_json":{"title":"Pedagogika - Akademia Humanitas","robots":{"index":"index","follow":"follow","max-snippet":"max-snippet:-1","max-image-preview":"max-image-preview:large","max-video-preview":"max-video-preview:-1"},"canonical":"https:\/\/humanitas.edu.pl\/en\/biblioteka\/czasopisma-elektroniczne\/pedagogika\/","og_locale":"en_US","og_type":"article","og_title":"Pedagogika","og_url":"https:\/\/humanitas.edu.pl\/en\/biblioteka\/czasopisma-elektroniczne\/pedagogika\/","og_site_name":"Akademia Humanitas","twitter_card":"summary_large_image","twitter_misc":{"Est. reading time":"3 minutes"},"schema":{"@context":"https:\/\/schema.org","@graph":[{"@type":"WebPage","@id":"https:\/\/humanitas.edu.pl\/en\/biblioteka\/czasopisma-elektroniczne\/pedagogika\/","url":"https:\/\/humanitas.edu.pl\/en\/biblioteka\/czasopisma-elektroniczne\/pedagogika\/","name":"Pedagogika - Akademia Humanitas","isPartOf":{"@id":"https:\/\/humanitas.edu.pl\/en\/#website"},"datePublished":"2026-01-26T07:36:33+00:00","breadcrumb":{"@id":"https:\/\/humanitas.edu.pl\/en\/biblioteka\/czasopisma-elektroniczne\/pedagogika\/#breadcrumb"},"inLanguage":"en-US","potentialAction":[{"@type":"ReadAction","target":["https:\/\/humanitas.edu.pl\/en\/biblioteka\/czasopisma-elektroniczne\/pedagogika\/"]}]},{"@type":"BreadcrumbList","@id":"https:\/\/humanitas.edu.pl\/en\/biblioteka\/czasopisma-elektroniczne\/pedagogika\/#breadcrumb","itemListElement":[{"@type":"ListItem","position":1,"name":"Home","item":"https:\/\/humanitas.edu.pl\/en\/"},{"@type":"ListItem","position":2,"name":"Biblioteka","item":"https:\/\/humanitas.edu.pl\/en\/biblioteka\/"},{"@type":"ListItem","position":3,"name":"Czasopisma elektroniczne","item":"https:\/\/humanitas.edu.pl\/en\/biblioteka\/czasopisma-elektroniczne\/"},{"@type":"ListItem","position":4,"name":"Pedagogika"}]},{"@type":"WebSite","@id":"https:\/\/humanitas.edu.pl\/en\/#website","url":"https:\/\/humanitas.edu.pl\/en\/","name":"Akademia Humanitas","description":"","potentialAction":[{"@type":"SearchAction","target":{"@type":"EntryPoint","urlTemplate":"https:\/\/humanitas.edu.pl\/en\/?s={search_term_string}"},"query-input":{"@type":"PropertyValueSpecification","valueRequired":true,"valueName":"search_term_string"}}],"inLanguage":"en-US"}]}},"_links":{"self":[{"href":"https:\/\/humanitas.edu.pl\/en\/wp-json\/wp\/v2\/pages\/16447","targetHints":{"allow":["GET"]}}],"collection":[{"href":"https:\/\/humanitas.edu.pl\/en\/wp-json\/wp\/v2\/pages"}],"about":[{"href":"https:\/\/humanitas.edu.pl\/en\/wp-json\/wp\/v2\/types\/page"}],"author":[{"embeddable":true,"href":"https:\/\/humanitas.edu.pl\/en\/wp-json\/wp\/v2\/users\/6"}],"replies":[{"embeddable":true,"href":"https:\/\/humanitas.edu.pl\/en\/wp-json\/wp\/v2\/comments?post=16447"}],"version-history":[{"count":2,"href":"https:\/\/humanitas.edu.pl\/en\/wp-json\/wp\/v2\/pages\/16447\/revisions"}],"predecessor-version":[{"id":18029,"href":"https:\/\/humanitas.edu.pl\/en\/wp-json\/wp\/v2\/pages\/16447\/revisions\/18029"}],"up":[{"embeddable":true,"href":"https:\/\/humanitas.edu.pl\/en\/wp-json\/wp\/v2\/pages\/16441"}],"wp:attachment":[{"href":"https:\/\/humanitas.edu.pl\/en\/wp-json\/wp\/v2\/media?parent=16447"}],"curies":[{"name":"wp","href":"https:\/\/api.w.org\/{rel}","templated":true}]}}