{"id":12237,"date":"2025-10-07T13:15:15","date_gmt":"2025-10-07T13:15:15","guid":{"rendered":"https:\/\/humanitas.edu.pl\/?page_id=12237"},"modified":"2026-04-09T12:14:03","modified_gmt":"2026-04-09T10:14:03","slug":"praktyki-studia-podyplomowe","status":"publish","type":"page","link":"https:\/\/humanitas.edu.pl\/en\/praktyki-studenckie\/praktyki-studia-podyplomowe\/","title":{"rendered":"Praktyki studia podyplomowe"},"content":{"rendered":"<section class=\"block-hero\">\n            <figure class=\"block-hero__background-image\">\n            <img loading=\"lazy\" decoding=\"async\" width=\"500\" height=\"600\" src=\"https:\/\/humanitas.edu.pl\/wp-content\/uploads\/2024\/02\/biblioteka-500x600.png\" class=\"attachment-hero size-hero\" alt=\"\" aria-hidden=\"true\" \/>        <\/figure>\n        <div class=\"container\">\n        <div class=\"block-hero__wrapper\">\n            \n<section class=\"breadcrumbs breadcrumbs--secondary\">\n    <div class=\"breadcrumbs__wrapper\">\n        <a href=\"https:\/\/humanitas.edu.pl\/en\/\" class=\"breadcrumbs__link\">\n            Home page        <\/a>\n        <svg aria-hidden=\"true\" focusable=\"false\" width=\"7\" height=\"7\" viewBox=\"0 0 5.6 9\" xmlns=\"http:\/\/www.w3.org\/2000\/svg\"><path d=\"M1.1 0L0 1.1l3.4 3.4L0 7.9 1.1 9l4.5-4.5z\"\/><\/svg>\n            <\/div>\n<\/section>            <h1 class=\"block-hero__title fade-in  \">Praktyki studia podyplomowe<\/h1>\n                    <\/div>\n    <\/div>\n    <\/section>\n<nav class=\"secondary-menu secondary-menu--automatic\">\n    <div class=\"container fade-in\">\n        <ul class=\"secondary-menu__list js-delay\">\n                                                    <li class=\"menu-item js-delay-item\">\n                            <a\n                                href=\"#dokumenty\"\n                                class=\"secondary-menu__link\"\n                                target=\"_self\"\n                                aria-label=\"Dokumenty\"\n                                title=\"Dokumenty\">Dokumenty<\/a>\n                        <\/li>\n                                        <li class=\"menu-item js-delay-item\">\n                            <a\n                                href=\"#opiekun\"\n                                class=\"secondary-menu__link\"\n                                target=\"_self\"\n                                aria-label=\"Opiekun\"\n                                title=\"Opiekun\">Opiekun<\/a>\n                        <\/li>\n                                        <li class=\"menu-item js-delay-item\">\n                            <a\n                                href=\"#kontakt\"\n                                class=\"secondary-menu__link\"\n                                target=\"_self\"\n                                aria-label=\"Kontakt\"\n                                title=\"Kontakt\">Kontakt<\/a>\n                        <\/li>\n                                    <\/ul>\n    <\/div>\n<\/nav>\n\n<section\n    class=\"block-content-with-buttons block-content-with-buttons--light-blue block-content-with-buttons--right\"\n    id=\"dokumenty\">\n            \n<div class=\"triangle triangle--top-left default\">\n    <svg aria-hidden=\"true\" focusable=\"false\" width=\"1440\" height=\"98\" viewBox=\"0 0 1440 98\" fill=\"none\" xmlns=\"http:\/\/www.w3.org\/2000\/svg\">\n<path d=\"M0 98L1440 0H0V98Z\" fill=\"white\"\/>\n<\/svg>\n<\/div>\n        <div class=\"container\">\n        <div class=\"block-content-with-buttons__wrapper\">\n            <figure\n                class=\"block-content-with-buttons__image fade-in \">\n                <img loading=\"lazy\" decoding=\"async\" width=\"1050\" height=\"750\" src=\"https:\/\/humanitas.edu.pl\/wp-content\/uploads\/2024\/01\/event-1.png\" class=\"attachment-full size-full\" alt=\"\" aria-hidden=\"true\" srcset=\"https:\/\/humanitas.edu.pl\/wp-content\/uploads\/2024\/01\/event-1.png 1050w, https:\/\/humanitas.edu.pl\/wp-content\/uploads\/2024\/01\/event-1-300x214.png 300w, https:\/\/humanitas.edu.pl\/wp-content\/uploads\/2024\/01\/event-1-1024x731.png 1024w, https:\/\/humanitas.edu.pl\/wp-content\/uploads\/2024\/01\/event-1-768x549.png 768w\" sizes=\"(max-width: 1050px) 100vw, 1050px\" \/>            <\/figure>\n            <div class=\"block-content-with-buttons__content\">\n                <h2\n                    class=\"block-content-with-buttons__title heading-underline heading-dot fade-in \">\n                    Dokumenty do pobrania<\/h2>\n                <div class=\"block-content-with-buttons__text fade-in\">\n                    <p><a href=\"https:\/\/humanitas.edu.pl\/wp-content\/uploads\/2026\/01\/TYGODNIOWA-KARTA-CZASU-PRAKTYKI-PODYPLOMOWE-1.docx\" target=\"_blank\" rel=\"noopener\">Tygodniowa karta czasu praktyki do wype\u0142nienia komputerowego (docx &#8211; 141 KB)<\/a><\/p>\n<h4>Przygotowanie pedagogiczne<\/h4>\n<ul>\n<li><a href=\"https:\/\/humanitas.edu.pl\/wp-content\/uploads\/2025\/10\/Instrukcja-i-dziennik-praktyk-Przygotowanie-Pedagogiczne-AH.pdf\" target=\"_blank\" rel=\"noopener\">Instrukcja i dziennik praktyk (PDF 325 KB)<\/a><\/li>\n<li><a href=\"https:\/\/humanitas.edu.pl\/wp-content\/uploads\/2025\/10\/Wniosek-o-zwolnienie-z-praktyk-na-podstawie-zatrudnienia-PRZYGOTOWANIE-PED-AH-2.pdf\" target=\"_blank\" rel=\"noopener\">Wniosek o zaliczenie praktyki na podstawie zatrudnienia (PDF &#8211; 254 KB)<\/a><\/li>\n<\/ul>\n<h4>Przygotowanie pedagogiczne do wykonywania zawodu psychologa<\/h4>\n<ul style=\"text-align: left\">\n<li><a href=\"https:\/\/humanitas.edu.pl\/wp-content\/uploads\/2025\/10\/Instrukcja-i-dziennik-praktyk-Przygotowanie-Ped-do-wykonywania-zawodu-psychologa-AH.pdf\" target=\"_blank\" rel=\"noopener\">Instrukcja i dziennik praktyk (PDF &#8211; 309 KB)<\/a><\/li>\n<li><a href=\"https:\/\/humanitas.edu.pl\/wp-content\/uploads\/2025\/10\/Wniosek-o-zwolnienie-z-praktyk-na-podstawie-zatrudnienia-PRZYGOTOWANIE-PEDAGOGICZNE-do-wykonywania-zawodu-nauczyciela-psychologa-AH-1.pdf\" target=\"_blank\" rel=\"noopener\">Wniosek o zaliczenie praktyki na podstawie zatrudnienia (PDF &#8211; 254 KB)<\/a><\/li>\n<\/ul>\n<h4>Integracja sensoryczna i terapia r\u0119ki<\/h4>\n<ul style=\"text-align: left\">\n<li><a href=\"https:\/\/humanitas.edu.pl\/wp-content\/uploads\/2025\/10\/Instrukcja-i-dziennik-praktyk-INTEGRACJA-SENSORYCZNA-i-terapia-reki-AH.pdf\" target=\"_blank\" rel=\"noopener\">Instrukcja i dziennik praktyk (PDF &#8211; 271 KB)<\/a><\/li>\n<\/ul>\n<h4>Edukacja i rehabilitacja os\u00f3b niepe\u0142nosprawno\u015bci\u0105 intelektualn\u0105 (Oligofrenopedagogika)<\/h4>\n<ul style=\"text-align: left\">\n<li><a href=\"https:\/\/humanitas.edu.pl\/wp-content\/uploads\/2025\/10\/Instrukcja-i-dziennik-praktyk-Oligofrenopedagogika-AH.pdf\" target=\"_blank\" rel=\"noopener\">Instrukcja i dziennik praktyk (PDF &#8211; 334 KB)<\/a><\/li>\n<li><a href=\"https:\/\/humanitas.edu.pl\/wp-content\/uploads\/2025\/10\/Wniosek-o-zwolnienie-z-praktyk-na-podstawie-zatrudnienia-Oligo-AH-1.pdf\" target=\"_blank\" rel=\"noopener\">Wniosek o zaliczenie praktyki na podstawie zatrudnienia (PDF &#8211; 232 KB)<\/a><\/li>\n<\/ul>\n<h4>Bibliotekoznawstwo z informacj\u0105 naukow\u0105<\/h4>\n<ul style=\"text-align: left\">\n<li><a href=\"https:\/\/humanitas.edu.pl\/wp-content\/uploads\/2026\/03\/Instrukcja-i-dziennik-praktyk-Bibliotekoznawstwo-z-informacja-naukowa-AH-1.pdf\" target=\"_blank\" rel=\"noopener\">Instrukcja i dziennik praktyk (PDF &#8211; 312 KB)<\/a><\/li>\n<li><a href=\"https:\/\/humanitas.edu.pl\/wp-content\/uploads\/2025\/10\/Wniosek-o-zaliczenie-praktyk-na-podstawie-zatrudnienia-Bibliotekoznawstwo-z-inf.-naukowa-AH-2.pdf\" target=\"_blank\" rel=\"noopener\">Wniosek o zaliczenie praktyki na podstawie zatrudnienia (PDF &#8211; 234 KB)<\/a><\/li>\n<\/ul>\n<h4>Edukacja i terapia os\u00f3b z zaburzeniami ze spektrum autyzmu<\/h4>\n<ul style=\"text-align: left\">\n<li><a href=\"https:\/\/humanitas.edu.pl\/wp-content\/uploads\/2025\/10\/Instrukcja-i-dziennik-praktyk-Edukacja-i-terapia-osob-z-zaburzeniami-ze-spekturm-autyzmu-AH.pdf\" target=\"_blank\" rel=\"noopener\">Instrukcja i dziennik praktyk (PDF &#8211; 315 KB)<\/a><\/li>\n<li><a href=\"https:\/\/humanitas.edu.pl\/wp-content\/uploads\/2025\/10\/Wniosek-o-zwolnienie-z-praktyk-na-podstawie-edukacja-i-terapia-osob-ze-spektrum-autyzmu-AH-1.pdf\" target=\"_blank\" rel=\"noopener\">Wniosek o zaliczenie praktyki na podstawie zatrudnienia (PDF &#8211; 232 KB)<\/a><\/li>\n<\/ul>\n<h4>Pedagogika korekcyjna<\/h4>\n<ul style=\"text-align: left\">\n<li><a href=\"https:\/\/humanitas.edu.pl\/wp-content\/uploads\/2025\/10\/Instrukcja-i-dziennik-praktyk-Pedagogika-korekcyjna-AH.pdf\" target=\"_blank\" rel=\"noopener\">Instrukcja i dziennik praktyk (PDF &#8211; 319 KB)<\/a><\/li>\n<li><a href=\"https:\/\/humanitas.edu.pl\/wp-content\/uploads\/2025\/10\/Wniosek-o-zwolnienie-z-praktyk-na-podstawie-Pedagogika-korekcyjna-AH-1.pdf\" target=\"_blank\" rel=\"noopener\">Wniosek o zaliczenie praktyki na podstawie zatrudnienia (PDF &#8211; 231 KB)<\/a><\/li>\n<\/ul>\n<h4>Logopedia<\/h4>\n<ul>\n<li style=\"text-align: left\"><a href=\"https:\/\/humanitas.edu.pl\/wp-content\/uploads\/2025\/10\/Instrukcja-i-dziennik-praktyk-LOGO-AH-nowa.pdf\" target=\"_blank\" rel=\"noopener\">Instrukcja i dziennik praktyk (PDF &#8211; 317 KB)<\/a><\/li>\n<\/ul>\n                <\/div>\n                                <div\n                    class=\"block-content-with-buttons__buttons block-content-with-buttons__buttons--without-icons js-delay fade-in\">\n                                    <\/div>\n            <\/div>\n        <\/div>\n    <\/div>\n            \n<div class=\"triangle triangle--bottom-right \">\n    <svg aria-hidden=\"true\" focusable=\"false\" width=\"1440\" height=\"98\" viewBox=\"0 0 1440 98\" fill=\"none\" xmlns=\"http:\/\/www.w3.org\/2000\/svg\">\n<path d=\"M1440 0L0 98H1440V0Z\" fill=\"white\"\/>\n<\/svg>\n<\/div>\n    <\/section>\n\n\n    <section\n        class=\"block-content-with-list block-content-with-list--dark-blue block-content-with-list--left\"\n        id=\"opiekun\">\n                    \n<div class=\"triangle triangle--top-left default\">\n    <svg aria-hidden=\"true\" focusable=\"false\" width=\"1440\" height=\"98\" viewBox=\"0 0 1440 98\" fill=\"none\" xmlns=\"http:\/\/www.w3.org\/2000\/svg\">\n<path d=\"M0 98L1440 0H0V98Z\" fill=\"white\"\/>\n<\/svg>\n<\/div>\n                <div class=\"container\">\n            <div class=\"block-content-with-list__wrapper\">\n                <figure\n                    class=\"block-content-with-list__image fade-in \">\n                                    <\/figure>\n                <div class=\"block-content-with-list__content\">\n                                            <h2\n                            class=\"block-content-with-list__title heading-underline heading-dot fade-in \">\n                            Opiekun <span class=\"text-highlight\">praktyk<\/span><\/h2>\n                                        <div class=\"block-content-with-list__text fade-in\">\n                        <p style=\"text-align: left\">Opiekun praktyk z ramienia Uczelni jako przedstawiciel Akademii Humanitas odpowiada za realizacj\u0119 praktyki zgodnie z jej celem i programem, a tak\u017ce upowa\u017cniony jest rozstrzygania wsp\u00f3lnie z przedstawicielem zak\u0142adu pracy spraw zwi\u0105zanych z przebiegiem praktyki.<\/p>\n<p style=\"text-align: left\">Praktyki studenckie podlegaj\u0105 hospitacji.<\/p>\n                    <\/div>\n\n                    <div\n                        class=\"block-content-with-list__list block-content-with-list__list-- js-delay fade-in\">\n                                                        <div class=\"block-content-with-list__item\">\n                                    <div class=\"block-content-with-list__item-icon\">\n                                        <img loading=\"lazy\" decoding=\"async\" width=\"80\" height=\"68\" src=\"https:\/\/humanitas.edu.pl\/wp-content\/uploads\/2024\/12\/administracja_icon-e1751438596556.png\" class=\"attachment-full-size size-full-size\" alt=\"\" aria-hidden=\"true\" \/>                                    <\/div>\n                                    <div class=\"block-content-with-list__item-content\">\n                                        <h4 class=\"block-content-with-list__item-title\">\n                                            mgr Marta Lekston                                        <\/h4>\n                                        <p class=\"block-content-with-list__item-text\">\n                                            <p>marta.lekston@humanitas.edu.pl<\/p>\n                                        <\/p>\n                                    <\/div>\n                                <\/div>\n\n                                                        <div class=\"block-content-with-list__item\">\n                                    <div class=\"block-content-with-list__item-icon\">\n                                                                            <\/div>\n                                    <div class=\"block-content-with-list__item-content\">\n                                        <h4 class=\"block-content-with-list__item-title\">\n                                            Dy\u017cur stacjonarny i telefoniczny opiekuna:                                        <\/h4>\n                                        <p class=\"block-content-with-list__item-text\">\n                                            <p>\u015aroda 12:00-18:00 i czwartek 12:00-15:30<br \/>\nPok\u00f3j 011 lub pod nr telefonu 736-282-165<\/p>\n                                        <\/p>\n                                    <\/div>\n                                <\/div>\n\n                                            <\/div>\n\n                                                        <\/div>\n            <\/div>\n        <\/div>\n                    \n<div class=\"triangle triangle--bottom-right \">\n    <svg aria-hidden=\"true\" focusable=\"false\" width=\"1440\" height=\"98\" viewBox=\"0 0 1440 98\" fill=\"none\" xmlns=\"http:\/\/www.w3.org\/2000\/svg\">\n<path d=\"M1440 0L0 98H1440V0Z\" fill=\"white\"\/>\n<\/svg>\n<\/div>\n            <\/section>\n\n\n<section\n    class=\"block-content-with-buttons block-content-with-buttons--white block-content-with-buttons--left\"\n    id=\"kontakt\">\n        <div class=\"container\">\n        <div class=\"block-content-with-buttons__wrapper\">\n            <figure\n                class=\"block-content-with-buttons__image fade-in \">\n                <img loading=\"lazy\" decoding=\"async\" width=\"1365\" height=\"2048\" src=\"https:\/\/humanitas.edu.pl\/wp-content\/uploads\/2025\/05\/DSC07154.jpg\" class=\"attachment-full size-full\" alt=\"\" aria-hidden=\"true\" srcset=\"https:\/\/humanitas.edu.pl\/wp-content\/uploads\/2025\/05\/DSC07154.jpg 1365w, https:\/\/humanitas.edu.pl\/wp-content\/uploads\/2025\/05\/DSC07154-200x300.jpg 200w, https:\/\/humanitas.edu.pl\/wp-content\/uploads\/2025\/05\/DSC07154-683x1024.jpg 683w, https:\/\/humanitas.edu.pl\/wp-content\/uploads\/2025\/05\/DSC07154-768x1152.jpg 768w, https:\/\/humanitas.edu.pl\/wp-content\/uploads\/2025\/05\/DSC07154-1024x1536.jpg 1024w\" sizes=\"(max-width: 1365px) 100vw, 1365px\" \/>            <\/figure>\n            <div class=\"block-content-with-buttons__content\">\n                <h2\n                    class=\"block-content-with-buttons__title heading-underline heading-dot fade-in \">\n                    Kontakt<\/h2>\n                <div class=\"block-content-with-buttons__text fade-in\">\n                                    <\/div>\n                                <div\n                    class=\"block-content-with-buttons__buttons block-content-with-buttons__buttons--with-icons js-delay fade-in\">\n                                                                                \n    <a \n        href=\"https:\/\/humanitas.edu.pl\/en\/kontakt-en\/dzial-praktyk\/\" \n        target=\"\" \n        aria-label=\"Dzia\u0142 Praktyk\" \n        title=\"Dzia\u0142 Praktyk\" \n        class=\"button-card button-card--tertiary block-content-with-buttons__button js-delay-item\">\n                    <span class=\"button-card__icon\"><?xml version=\"1.0\" encoding=\"UTF-8\"?>\n<svg aria-hidden=\"true\" focusable=\"false\" xmlns=\"http:\/\/www.w3.org\/2000\/svg\" width=\"48\" height=\"48\" viewBox=\"0 0 48 48\" fill=\"none\">\n  <g id=\"email 1\">\n    <g id=\"_x31_0\">\n      <path id=\"Vector\" d=\"M24.5471 32.3944C24.2234 32.1494 23.7759 32.1494 23.4522 32.3944L19.8968 35.0906C19.4988 35.3931 19.4201 35.9609 19.7225 36.3594C20.0232 36.7573 20.5919 36.8356 20.9917 36.534L23.9997 34.2526L27.0085 36.534C27.4039 36.8343 27.9745 36.7605 28.2777 36.3594C28.5801 35.9609 28.5014 35.3927 28.1034 35.0906L24.5471 32.3944Z\" fill=\"white\"><\/path>\n      <path id=\"Vector_2\" d=\"M8.42471 5.8951V15.8293L3.91764 19.2377C2.92244 19.9865 2.2832 21.2612 2.2832 22.5189V41.6046C2.2832 43.8381 4.10405 45.7274 6.40555 45.7274H41.5945C43.9123 45.7274 45.7169 43.8051 45.7169 41.6046V22.5189C45.7169 21.3164 45.1434 20.0348 44.0833 19.2381L39.5807 15.8339V5.8951C39.5807 3.89761 37.956 2.27246 35.958 2.27246H12.0474C10.0494 2.27246 8.42471 3.89761 8.42471 5.8951ZM8.42206 18.1025V23.7474L4.72402 20.948C5.01062 20.6403 4.83114 20.8388 8.42206 18.1025ZM4.09452 41.6046V22.7432C21.9873 36.2933 15.806 31.6122 17.1452 32.6264L4.23719 42.4008C4.14372 42.1502 4.09452 41.8828 4.09452 41.6046ZM41.5945 43.916H6.40555C6.10828 43.916 5.80058 43.8568 5.49276 43.7221C7.38884 42.2863 0.329767 47.6317 22.5403 30.8131C23.4008 30.168 24.6001 30.1671 25.4554 30.81C35.3679 38.3167 37.8824 40.2208 42.5069 43.7229C42.1996 43.8566 41.8925 43.916 41.5945 43.916ZM39.5807 18.1052C43.1425 20.8184 42.9809 20.6311 43.2747 20.9464L39.5807 23.7324V18.1052ZM43.9055 22.7395V41.6046C43.9055 41.8823 43.8563 42.1492 43.7619 42.4008L30.8531 32.6258C32.1877 31.6149 26.0184 36.2877 43.9055 22.7395ZM10.236 5.8951C10.236 4.89613 11.0488 4.08378 12.0474 4.08378H35.958C36.9566 4.08378 37.7693 4.89613 37.7693 5.8951C37.769 7.85992 37.7707 -1.22088 37.7658 25.1029L29.3531 31.4889L26.5494 29.3613C25.0512 28.2337 22.956 28.2337 21.4524 29.364C21.3611 29.4332 18.4673 31.6253 18.6492 31.4876L10.236 25.1174V5.8951Z\" fill=\"white\"><\/path>\n      <path id=\"Vector_3\" d=\"M23.9978 16.7701C25.9736 16.7701 27.5815 15.1622 27.5815 13.186C27.5815 11.2097 25.9736 9.60181 23.9978 9.60181C22.0211 9.60181 20.4132 11.2097 20.4132 13.186C20.4132 15.1622 22.0211 16.7701 23.9978 16.7701ZM23.9978 11.4131C24.9751 11.4131 25.7702 12.2082 25.7702 13.186C25.7702 14.1637 24.9751 14.9588 23.9978 14.9588C23.0196 14.9588 22.2245 14.1637 22.2245 13.186C22.2245 12.2082 23.0196 11.4131 23.9978 11.4131Z\" fill=\"white\"><\/path>\n      <path id=\"Vector_4\" d=\"M34.4147 16.3101C34.4147 10.567 29.7422 5.89502 23.9996 5.89502C18.2569 5.89502 13.5845 10.567 13.5845 16.3101C13.5845 22.0429 18.2141 26.7252 23.9996 26.7252C29.6542 26.7252 34.4147 22.195 34.4147 16.3101ZM16.7352 20.9138C15.8694 19.5456 15.3958 17.9527 15.3958 16.3101C15.3958 11.566 19.2555 7.70634 23.9996 7.70634C28.7437 7.70634 32.6033 11.566 32.6033 16.3101C32.6033 17.9576 32.1304 19.553 31.2675 20.9192C30.3621 19.6299 29.1254 18.5846 27.6832 17.9233C27.4259 17.8048 27.1287 17.8132 26.8802 17.9468C25.1228 18.8816 22.9135 18.8874 21.1084 17.9587C20.8634 17.8336 20.575 17.8256 20.323 17.9384C18.8772 18.588 17.6409 19.623 16.7352 20.9138ZM17.9283 22.3966C18.5914 21.2805 19.5516 20.3683 20.6971 19.7696C22.7923 20.7009 25.2484 20.6956 27.3047 19.7563C28.437 20.3599 29.392 21.2679 30.0718 22.3993C28.3846 24.0615 26.1439 24.9139 23.9996 24.9139C21.8395 24.9139 19.6001 24.0638 17.9283 22.3966Z\" fill=\"white\"><\/path>\n    <\/g>\n  <\/g>\n<\/svg>\n<\/span>\n                <span class=\"button-card__title\">Dzia\u0142 Praktyk<\/span>\n    <\/a>\n                                                                                            <\/div>\n            <\/div>\n        <\/div>\n    <\/div>\n    <\/section>","protected":false},"excerpt":{"rendered":"","protected":false},"author":6,"featured_media":0,"parent":10009,"menu_order":0,"comment_status":"closed","ping_status":"closed","template":"","meta":{"_acf_changed":false,"inline_featured_image":false,"footnotes":""},"class_list":["post-12237","page","type-page","status-publish","hentry"],"acf":[],"yoast_head":"<!-- This site is optimized with the Yoast SEO Premium plugin v27.3 (Yoast SEO v27.3) - https:\/\/yoast.com\/product\/yoast-seo-premium-wordpress\/ -->\n<title>Praktyki studia podyplomowe - Akademia Humanitas<\/title>\n<meta name=\"robots\" content=\"index, follow, max-snippet:-1, max-image-preview:large, max-video-preview:-1\" \/>\n<link rel=\"canonical\" href=\"https:\/\/humanitas.edu.pl\/en\/praktyki-studenckie\/praktyki-studia-podyplomowe\/\" \/>\n<meta property=\"og:locale\" content=\"en_US\" \/>\n<meta property=\"og:type\" content=\"article\" \/>\n<meta property=\"og:title\" content=\"Praktyki studia podyplomowe\" \/>\n<meta property=\"og:url\" content=\"https:\/\/humanitas.edu.pl\/en\/praktyki-studenckie\/praktyki-studia-podyplomowe\/\" \/>\n<meta property=\"og:site_name\" content=\"Akademia Humanitas\" \/>\n<meta property=\"article:modified_time\" content=\"2026-04-09T10:14:03+00:00\" \/>\n<meta name=\"twitter:card\" content=\"summary_large_image\" \/>\n<meta name=\"twitter:label1\" content=\"Est. reading time\" \/>\n\t<meta name=\"twitter:data1\" content=\"3 minutes\" \/>\n<script type=\"application\/ld+json\" class=\"yoast-schema-graph\">{\"@context\":\"https:\\\/\\\/schema.org\",\"@graph\":[{\"@type\":\"WebPage\",\"@id\":\"https:\\\/\\\/humanitas.edu.pl\\\/en\\\/praktyki-studenckie\\\/praktyki-studia-podyplomowe\\\/\",\"url\":\"https:\\\/\\\/humanitas.edu.pl\\\/en\\\/praktyki-studenckie\\\/praktyki-studia-podyplomowe\\\/\",\"name\":\"Praktyki studia podyplomowe - Akademia Humanitas\",\"isPartOf\":{\"@id\":\"https:\\\/\\\/humanitas.edu.pl\\\/en\\\/#website\"},\"datePublished\":\"2025-10-07T13:15:15+00:00\",\"dateModified\":\"2026-04-09T10:14:03+00:00\",\"breadcrumb\":{\"@id\":\"https:\\\/\\\/humanitas.edu.pl\\\/en\\\/praktyki-studenckie\\\/praktyki-studia-podyplomowe\\\/#breadcrumb\"},\"inLanguage\":\"en-US\",\"potentialAction\":[{\"@type\":\"ReadAction\",\"target\":[\"https:\\\/\\\/humanitas.edu.pl\\\/en\\\/praktyki-studenckie\\\/praktyki-studia-podyplomowe\\\/\"]}]},{\"@type\":\"BreadcrumbList\",\"@id\":\"https:\\\/\\\/humanitas.edu.pl\\\/en\\\/praktyki-studenckie\\\/praktyki-studia-podyplomowe\\\/#breadcrumb\",\"itemListElement\":[{\"@type\":\"ListItem\",\"position\":1,\"name\":\"Home\",\"item\":\"https:\\\/\\\/humanitas.edu.pl\\\/en\\\/\"},{\"@type\":\"ListItem\",\"position\":2,\"name\":\"Praktyki studenckie\",\"item\":\"https:\\\/\\\/humanitas.edu.pl\\\/en\\\/praktyki-studenckie\\\/\"},{\"@type\":\"ListItem\",\"position\":3,\"name\":\"Praktyki studia podyplomowe\"}]},{\"@type\":\"WebSite\",\"@id\":\"https:\\\/\\\/humanitas.edu.pl\\\/en\\\/#website\",\"url\":\"https:\\\/\\\/humanitas.edu.pl\\\/en\\\/\",\"name\":\"Akademia Humanitas\",\"description\":\"\",\"potentialAction\":[{\"@type\":\"SearchAction\",\"target\":{\"@type\":\"EntryPoint\",\"urlTemplate\":\"https:\\\/\\\/humanitas.edu.pl\\\/en\\\/?s={search_term_string}\"},\"query-input\":{\"@type\":\"PropertyValueSpecification\",\"valueRequired\":true,\"valueName\":\"search_term_string\"}}],\"inLanguage\":\"en-US\"}]}<\/script>\n<!-- \/ Yoast SEO Premium plugin. -->","yoast_head_json":{"title":"Praktyki studia podyplomowe - Akademia Humanitas","robots":{"index":"index","follow":"follow","max-snippet":"max-snippet:-1","max-image-preview":"max-image-preview:large","max-video-preview":"max-video-preview:-1"},"canonical":"https:\/\/humanitas.edu.pl\/en\/praktyki-studenckie\/praktyki-studia-podyplomowe\/","og_locale":"en_US","og_type":"article","og_title":"Praktyki studia podyplomowe","og_url":"https:\/\/humanitas.edu.pl\/en\/praktyki-studenckie\/praktyki-studia-podyplomowe\/","og_site_name":"Akademia Humanitas","article_modified_time":"2026-04-09T10:14:03+00:00","twitter_card":"summary_large_image","twitter_misc":{"Est. reading time":"3 minutes"},"schema":{"@context":"https:\/\/schema.org","@graph":[{"@type":"WebPage","@id":"https:\/\/humanitas.edu.pl\/en\/praktyki-studenckie\/praktyki-studia-podyplomowe\/","url":"https:\/\/humanitas.edu.pl\/en\/praktyki-studenckie\/praktyki-studia-podyplomowe\/","name":"Praktyki studia podyplomowe - Akademia Humanitas","isPartOf":{"@id":"https:\/\/humanitas.edu.pl\/en\/#website"},"datePublished":"2025-10-07T13:15:15+00:00","dateModified":"2026-04-09T10:14:03+00:00","breadcrumb":{"@id":"https:\/\/humanitas.edu.pl\/en\/praktyki-studenckie\/praktyki-studia-podyplomowe\/#breadcrumb"},"inLanguage":"en-US","potentialAction":[{"@type":"ReadAction","target":["https:\/\/humanitas.edu.pl\/en\/praktyki-studenckie\/praktyki-studia-podyplomowe\/"]}]},{"@type":"BreadcrumbList","@id":"https:\/\/humanitas.edu.pl\/en\/praktyki-studenckie\/praktyki-studia-podyplomowe\/#breadcrumb","itemListElement":[{"@type":"ListItem","position":1,"name":"Home","item":"https:\/\/humanitas.edu.pl\/en\/"},{"@type":"ListItem","position":2,"name":"Praktyki studenckie","item":"https:\/\/humanitas.edu.pl\/en\/praktyki-studenckie\/"},{"@type":"ListItem","position":3,"name":"Praktyki studia podyplomowe"}]},{"@type":"WebSite","@id":"https:\/\/humanitas.edu.pl\/en\/#website","url":"https:\/\/humanitas.edu.pl\/en\/","name":"Akademia Humanitas","description":"","potentialAction":[{"@type":"SearchAction","target":{"@type":"EntryPoint","urlTemplate":"https:\/\/humanitas.edu.pl\/en\/?s={search_term_string}"},"query-input":{"@type":"PropertyValueSpecification","valueRequired":true,"valueName":"search_term_string"}}],"inLanguage":"en-US"}]}},"_links":{"self":[{"href":"https:\/\/humanitas.edu.pl\/en\/wp-json\/wp\/v2\/pages\/12237","targetHints":{"allow":["GET"]}}],"collection":[{"href":"https:\/\/humanitas.edu.pl\/en\/wp-json\/wp\/v2\/pages"}],"about":[{"href":"https:\/\/humanitas.edu.pl\/en\/wp-json\/wp\/v2\/types\/page"}],"author":[{"embeddable":true,"href":"https:\/\/humanitas.edu.pl\/en\/wp-json\/wp\/v2\/users\/6"}],"replies":[{"embeddable":true,"href":"https:\/\/humanitas.edu.pl\/en\/wp-json\/wp\/v2\/comments?post=12237"}],"version-history":[{"count":21,"href":"https:\/\/humanitas.edu.pl\/en\/wp-json\/wp\/v2\/pages\/12237\/revisions"}],"predecessor-version":[{"id":23190,"href":"https:\/\/humanitas.edu.pl\/en\/wp-json\/wp\/v2\/pages\/12237\/revisions\/23190"}],"up":[{"embeddable":true,"href":"https:\/\/humanitas.edu.pl\/en\/wp-json\/wp\/v2\/pages\/10009"}],"wp:attachment":[{"href":"https:\/\/humanitas.edu.pl\/en\/wp-json\/wp\/v2\/media?parent=12237"}],"curies":[{"name":"wp","href":"https:\/\/api.w.org\/{rel}","templated":true}]}}