{"id":11831,"date":"2025-09-29T09:43:12","date_gmt":"2025-09-29T09:43:12","guid":{"rendered":"https:\/\/humanitas.edu.pl\/?page_id=11831"},"modified":"2026-01-21T10:57:19","modified_gmt":"2026-01-21T08:57:19","slug":"ksiazki","status":"publish","type":"page","link":"https:\/\/humanitas.edu.pl\/en\/biblioteka\/ksiazki\/","title":{"rendered":"Ksi\u0105\u017cki"},"content":{"rendered":"<section class=\"block-hero\">\n            <figure class=\"block-hero__background-image\">\n            <img loading=\"lazy\" decoding=\"async\" width=\"1094\" height=\"600\" src=\"https:\/\/humanitas.edu.pl\/wp-content\/uploads\/2024\/02\/1e17d56668bb99ff9d3fb0fa41e906dd-1-1094x600.png\" class=\"attachment-hero size-hero\" alt=\"\" aria-hidden=\"true\" \/>        <\/figure>\n        <div class=\"container\">\n        <div class=\"block-hero__wrapper\">\n            \n<section class=\"breadcrumbs breadcrumbs--secondary\">\n    <div class=\"breadcrumbs__wrapper\">\n        <a href=\"https:\/\/humanitas.edu.pl\/en\/\" class=\"breadcrumbs__link\">\n            Home page        <\/a>\n        <svg aria-hidden=\"true\" focusable=\"false\" width=\"7\" height=\"7\" viewBox=\"0 0 5.6 9\" xmlns=\"http:\/\/www.w3.org\/2000\/svg\"><path d=\"M1.1 0L0 1.1l3.4 3.4L0 7.9 1.1 9l4.5-4.5z\"\/><\/svg>\n            <\/div>\n<\/section>            <h1 class=\"block-hero__title fade-in  \">Ksi\u0105\u017cki<\/h1>\n                    <\/div>\n    <\/div>\n            \n<div class=\"triangle triangle--bottom-right default\">\n    <svg aria-hidden=\"true\" focusable=\"false\" width=\"1440\" height=\"98\" viewBox=\"0 0 1440 98\" fill=\"none\" xmlns=\"http:\/\/www.w3.org\/2000\/svg\">\n<path d=\"M1440 0L0 98H1440V0Z\" fill=\"white\"\/>\n<\/svg>\n<\/div>\n    <\/section>\n\n\n    <section\n        class=\"block-content-with-gallery block-content-with-gallery--white block-content-with-gallery--left\"\n        id=\"block_0bd13d6858376b370bbf49e6c11eacca\">\n                <div class=\"container\">\n            <div class=\"block-content-with-gallery__wrapper\">\n                <div class=\"block-content-with-gallery__gallery js-delay fade-in\">\n                                                                        <figure class=\"block-content-with-gallery__item js-delay-item\">\n                                <img loading=\"lazy\" decoding=\"async\" width=\"2048\" height=\"1365\" src=\"https:\/\/humanitas.edu.pl\/wp-content\/uploads\/2025\/05\/DSC08368.jpg\" class=\"attachment-full-size size-full-size\" alt=\"\" aria-hidden=\"true\" srcset=\"https:\/\/humanitas.edu.pl\/wp-content\/uploads\/2025\/05\/DSC08368.jpg 2048w, https:\/\/humanitas.edu.pl\/wp-content\/uploads\/2025\/05\/DSC08368-300x200.jpg 300w, https:\/\/humanitas.edu.pl\/wp-content\/uploads\/2025\/05\/DSC08368-1024x683.jpg 1024w, https:\/\/humanitas.edu.pl\/wp-content\/uploads\/2025\/05\/DSC08368-768x512.jpg 768w, https:\/\/humanitas.edu.pl\/wp-content\/uploads\/2025\/05\/DSC08368-1536x1024.jpg 1536w\" sizes=\"(max-width: 2048px) 100vw, 2048px\" \/>                            <\/figure>\n                                                            <\/div>\n                <div id=\"block-69e2ca9462f5d9.46095599\" class=\"block-content-with-gallery__content\">\n                    <h2\n                        class=\"block-content-with-gallery__title heading-underline heading-dot fade-in \">\n                        Ksi\u0119gozbi\u00f3r Biblioteki<\/h3>\n                        <div class=\"block-content-with-gallery__text fade-in\">\n\n                                                            <div class=\"block-content-with-gallery__text-full\">\n                                    <p>Ksi\u0119gozbi\u00f3r Biblioteki AH liczy ok. 40 000 ksi\u0105\u017cek\/volumin\u00f3w starannie wyselekcjonowanych wed\u0142ug profilu kszta\u0142cenia i szczeg\u00f3\u0142owych wytycznych zalecanych na poszczeg\u00f3lnych kierunkach studi\u00f3w. Dzia\u0142 j\u0119zykowy uzupe\u0142niaj\u0105 s\u0142owniki i materia\u0142y multimedialne do nauki j\u0119zyk\u00f3w obcych. Ca\u0142y ksi\u0119gozbi\u00f3r zosta\u0142 podzielony na dwie agendy biblioteki. W czytelni znajduj\u0105 si\u0119 pojedyncze egzemplarze wi\u0119kszo\u015bci nabytych tytu\u0142\u00f3w, w tym zawsze najnowsze wydania ksi\u0105\u017cek z zakresu prawa i podr\u0119cznik\u00f3w. Osobno wydzielono ksi\u0119gozbi\u00f3r podr\u0119czny obejmuj\u0105cy: s\u0142owniki, leksykony, encyklopedia og\u00f3lne i specjalistyczne oraz poradniki fachowe. Z kolei na wypo\u017cyczalni\u0119 sk\u0142ada si\u0119 pozosta\u0142a cz\u0119\u015b\u0107 zbior\u00f3w przeznaczonych do wypo\u017cyczenia, czyli samodzielnej pracy w domu. Bez wzgl\u0119du na miejsce udost\u0119pniania ksi\u0119gozbi\u00f3r Biblioteki AH zosta\u0142 uporz\u0105dkowany wed\u0142ug dzia\u0142\u00f3w, z kt\u00f3rych g\u0142\u00f3wne to m.in.:<\/p>\n<ul>\n<li>administracja publiczna,<\/li>\n<li>bankowo\u015b\u0107,<\/li>\n<li>bezpiecze\u0144stwo i higiena pracy,<\/li>\n<li>bezpiecze\u0144stwo narodowe,<\/li>\n<li>ekonomia,<\/li>\n<li>elektroradiologia,<\/li>\n<li>finanse: przedsi\u0119biorstwa, publiczne, samorz\u0105dowe,<\/li>\n<li>marketing,<\/li>\n<li>media i dziennikarstwo,<\/li>\n<li>nieruchomo\u015bci,<\/li>\n<li>organizacja przedsi\u0119biorstwa,<\/li>\n<li>pedagogika,<\/li>\n<li>post\u0119powanie administracyjne,<\/li>\n<li>prawo i jego r\u00f3\u017cne odmiany,<\/li>\n<li>psychologia,<\/li>\n<li>public relations,<\/li>\n<li>reklama,<\/li>\n<li>samorz\u0105d terytorialny,<\/li>\n<li>statystyka,<\/li>\n<li>Unia Europejska,<\/li>\n<li>zarz\u0105dzanie przedsi\u0119biorstwem,<\/li>\n<li>zdrowie publiczne.<\/li>\n<\/ul>\n<p>Posiadamy tak\u017ce ksi\u0105\u017cki z zakresu informatyki, etyki, filozofii, socjologii, komunikacji spo\u0142ecznej, historii kultury oraz podr\u0119czniki do nauki j\u0119zyk\u00f3w.<\/p>\n<p>Wychodz\u0105c naprzeciw potrzebom czytelniczym student\u00f3w AH sukcesywnie jest budowany dzia\u0142 beletrystyki, na kt\u00f3ry sk\u0142ada si\u0119 najnowsza literatura (pi\u0119kna i popularna) w j\u0119zyku polskim oraz literatura pi\u0119kna w j\u0119zyku angielskim.<\/p>\n<p>W trzynastym roku \u017cywotnej dzia\u0142alno\u015bci zbiory Biblioteki AH wzbogaci\u0142y si\u0119 o szczeg\u00f3lny ksi\u0119gozbi\u00f3r im. Ryszarda Koz\u0142owskiego, kt\u00f3ry przekaza\u0142 w darze jego syn, Konrad Koz\u0142owski. Ten wyj\u0105tkowy dar reprezentuje bogaty zas\u00f3b literatury spo\u0142ecznej, popularnej i naukowej oraz klasyka literatury \u015bwiatowej, w j\u0119zyku niemieckim.<\/p>\n                                <\/div>\n                            \n                        <\/div>\n                                        <\/div>\n            <\/div>\n        <\/div>\n            <\/section>\n\n    <script>\n        document.addEventListener('DOMContentLoaded', function() {\n            var containerId = \"block-69e2ca9462f5d9.46095599\";\n            var container = document.getElementById(containerId);\n\n            if (container) {\n                const button = container.querySelector('.block-content-with-gallery__read-more');\n                const truncated = container.querySelector('.block-content-with-gallery__text-truncated');\n                const full = container.querySelector('.block-content-with-gallery__text-full');\n\n                button.addEventListener('click', function() {\n                    if (truncated.style.display !== 'none') {\n                        truncated.style.display = 'none';\n                        full.style.display = 'block';\n                        button.textContent = button.getAttribute('data-read-less');\n                    } else {\n                        truncated.style.display = 'block';\n                        full.style.display = 'none';\n                        button.textContent = button.getAttribute('data-read-more');\n                    }\n                });\n            }\n        });\n    <\/script>\n","protected":false},"excerpt":{"rendered":"","protected":false},"author":6,"featured_media":0,"parent":3027,"menu_order":0,"comment_status":"closed","ping_status":"closed","template":"","meta":{"_acf_changed":false,"inline_featured_image":false,"footnotes":""},"class_list":["post-11831","page","type-page","status-publish","hentry"],"acf":[],"yoast_head":"<!-- This site is optimized with the Yoast SEO Premium plugin v27.3 (Yoast SEO v27.3) - https:\/\/yoast.com\/product\/yoast-seo-premium-wordpress\/ -->\n<title>Ksi\u0105\u017cki - Akademia Humanitas<\/title>\n<meta name=\"robots\" content=\"index, follow, max-snippet:-1, max-image-preview:large, max-video-preview:-1\" \/>\n<link rel=\"canonical\" href=\"https:\/\/humanitas.edu.pl\/en\/biblioteka\/ksiazki\/\" \/>\n<meta property=\"og:locale\" content=\"en_US\" \/>\n<meta property=\"og:type\" content=\"article\" \/>\n<meta property=\"og:title\" content=\"Ksi\u0105\u017cki\" \/>\n<meta property=\"og:url\" content=\"https:\/\/humanitas.edu.pl\/en\/biblioteka\/ksiazki\/\" \/>\n<meta property=\"og:site_name\" content=\"Akademia Humanitas\" \/>\n<meta property=\"article:modified_time\" content=\"2026-01-21T08:57:19+00:00\" \/>\n<meta name=\"twitter:card\" content=\"summary_large_image\" \/>\n<meta name=\"twitter:label1\" content=\"Est. reading time\" \/>\n\t<meta name=\"twitter:data1\" content=\"2 minutes\" \/>\n<script type=\"application\/ld+json\" class=\"yoast-schema-graph\">{\"@context\":\"https:\\\/\\\/schema.org\",\"@graph\":[{\"@type\":\"WebPage\",\"@id\":\"https:\\\/\\\/humanitas.edu.pl\\\/en\\\/biblioteka\\\/ksiazki\\\/\",\"url\":\"https:\\\/\\\/humanitas.edu.pl\\\/en\\\/biblioteka\\\/ksiazki\\\/\",\"name\":\"Ksi\u0105\u017cki - Akademia Humanitas\",\"isPartOf\":{\"@id\":\"https:\\\/\\\/humanitas.edu.pl\\\/en\\\/#website\"},\"datePublished\":\"2025-09-29T09:43:12+00:00\",\"dateModified\":\"2026-01-21T08:57:19+00:00\",\"breadcrumb\":{\"@id\":\"https:\\\/\\\/humanitas.edu.pl\\\/en\\\/biblioteka\\\/ksiazki\\\/#breadcrumb\"},\"inLanguage\":\"en-US\",\"potentialAction\":[{\"@type\":\"ReadAction\",\"target\":[\"https:\\\/\\\/humanitas.edu.pl\\\/en\\\/biblioteka\\\/ksiazki\\\/\"]}]},{\"@type\":\"BreadcrumbList\",\"@id\":\"https:\\\/\\\/humanitas.edu.pl\\\/en\\\/biblioteka\\\/ksiazki\\\/#breadcrumb\",\"itemListElement\":[{\"@type\":\"ListItem\",\"position\":1,\"name\":\"Home\",\"item\":\"https:\\\/\\\/humanitas.edu.pl\\\/en\\\/\"},{\"@type\":\"ListItem\",\"position\":2,\"name\":\"Biblioteka\",\"item\":\"https:\\\/\\\/humanitas.edu.pl\\\/en\\\/biblioteka\\\/\"},{\"@type\":\"ListItem\",\"position\":3,\"name\":\"Ksi\u0105\u017cki\"}]},{\"@type\":\"WebSite\",\"@id\":\"https:\\\/\\\/humanitas.edu.pl\\\/en\\\/#website\",\"url\":\"https:\\\/\\\/humanitas.edu.pl\\\/en\\\/\",\"name\":\"Akademia Humanitas\",\"description\":\"\",\"potentialAction\":[{\"@type\":\"SearchAction\",\"target\":{\"@type\":\"EntryPoint\",\"urlTemplate\":\"https:\\\/\\\/humanitas.edu.pl\\\/en\\\/?s={search_term_string}\"},\"query-input\":{\"@type\":\"PropertyValueSpecification\",\"valueRequired\":true,\"valueName\":\"search_term_string\"}}],\"inLanguage\":\"en-US\"}]}<\/script>\n<!-- \/ Yoast SEO Premium plugin. -->","yoast_head_json":{"title":"Ksi\u0105\u017cki - Akademia Humanitas","robots":{"index":"index","follow":"follow","max-snippet":"max-snippet:-1","max-image-preview":"max-image-preview:large","max-video-preview":"max-video-preview:-1"},"canonical":"https:\/\/humanitas.edu.pl\/en\/biblioteka\/ksiazki\/","og_locale":"en_US","og_type":"article","og_title":"Ksi\u0105\u017cki","og_url":"https:\/\/humanitas.edu.pl\/en\/biblioteka\/ksiazki\/","og_site_name":"Akademia Humanitas","article_modified_time":"2026-01-21T08:57:19+00:00","twitter_card":"summary_large_image","twitter_misc":{"Est. reading time":"2 minutes"},"schema":{"@context":"https:\/\/schema.org","@graph":[{"@type":"WebPage","@id":"https:\/\/humanitas.edu.pl\/en\/biblioteka\/ksiazki\/","url":"https:\/\/humanitas.edu.pl\/en\/biblioteka\/ksiazki\/","name":"Ksi\u0105\u017cki - Akademia Humanitas","isPartOf":{"@id":"https:\/\/humanitas.edu.pl\/en\/#website"},"datePublished":"2025-09-29T09:43:12+00:00","dateModified":"2026-01-21T08:57:19+00:00","breadcrumb":{"@id":"https:\/\/humanitas.edu.pl\/en\/biblioteka\/ksiazki\/#breadcrumb"},"inLanguage":"en-US","potentialAction":[{"@type":"ReadAction","target":["https:\/\/humanitas.edu.pl\/en\/biblioteka\/ksiazki\/"]}]},{"@type":"BreadcrumbList","@id":"https:\/\/humanitas.edu.pl\/en\/biblioteka\/ksiazki\/#breadcrumb","itemListElement":[{"@type":"ListItem","position":1,"name":"Home","item":"https:\/\/humanitas.edu.pl\/en\/"},{"@type":"ListItem","position":2,"name":"Biblioteka","item":"https:\/\/humanitas.edu.pl\/en\/biblioteka\/"},{"@type":"ListItem","position":3,"name":"Ksi\u0105\u017cki"}]},{"@type":"WebSite","@id":"https:\/\/humanitas.edu.pl\/en\/#website","url":"https:\/\/humanitas.edu.pl\/en\/","name":"Akademia Humanitas","description":"","potentialAction":[{"@type":"SearchAction","target":{"@type":"EntryPoint","urlTemplate":"https:\/\/humanitas.edu.pl\/en\/?s={search_term_string}"},"query-input":{"@type":"PropertyValueSpecification","valueRequired":true,"valueName":"search_term_string"}}],"inLanguage":"en-US"}]}},"_links":{"self":[{"href":"https:\/\/humanitas.edu.pl\/en\/wp-json\/wp\/v2\/pages\/11831","targetHints":{"allow":["GET"]}}],"collection":[{"href":"https:\/\/humanitas.edu.pl\/en\/wp-json\/wp\/v2\/pages"}],"about":[{"href":"https:\/\/humanitas.edu.pl\/en\/wp-json\/wp\/v2\/types\/page"}],"author":[{"embeddable":true,"href":"https:\/\/humanitas.edu.pl\/en\/wp-json\/wp\/v2\/users\/6"}],"replies":[{"embeddable":true,"href":"https:\/\/humanitas.edu.pl\/en\/wp-json\/wp\/v2\/comments?post=11831"}],"version-history":[{"count":3,"href":"https:\/\/humanitas.edu.pl\/en\/wp-json\/wp\/v2\/pages\/11831\/revisions"}],"predecessor-version":[{"id":18556,"href":"https:\/\/humanitas.edu.pl\/en\/wp-json\/wp\/v2\/pages\/11831\/revisions\/18556"}],"up":[{"embeddable":true,"href":"https:\/\/humanitas.edu.pl\/en\/wp-json\/wp\/v2\/pages\/3027"}],"wp:attachment":[{"href":"https:\/\/humanitas.edu.pl\/en\/wp-json\/wp\/v2\/media?parent=11831"}],"curies":[{"name":"wp","href":"https:\/\/api.w.org\/{rel}","templated":true}]}}