{"id":11824,"date":"2025-09-29T09:33:48","date_gmt":"2025-09-29T09:33:48","guid":{"rendered":"https:\/\/humanitas.edu.pl\/?page_id=11824"},"modified":"2025-12-04T10:14:22","modified_gmt":"2025-12-04T08:14:22","slug":"e-szkolenie-biblioteczne","status":"publish","type":"page","link":"https:\/\/humanitas.edu.pl\/en\/biblioteka\/e-szkolenie-biblioteczne\/","title":{"rendered":"E-szkolenie biblioteczne"},"content":{"rendered":"<section class=\"block-hero\">\n            <figure class=\"block-hero__background-image\">\n            <img loading=\"lazy\" decoding=\"async\" width=\"1094\" height=\"600\" src=\"https:\/\/humanitas.edu.pl\/wp-content\/uploads\/2024\/02\/1e17d56668bb99ff9d3fb0fa41e906dd-1-1094x600.png\" class=\"attachment-hero size-hero\" alt=\"\" aria-hidden=\"true\" \/>        <\/figure>\n        <div class=\"container\">\n        <div class=\"block-hero__wrapper\">\n            \n<section class=\"breadcrumbs breadcrumbs--secondary\">\n    <div class=\"breadcrumbs__wrapper\">\n        <a href=\"https:\/\/humanitas.edu.pl\/en\/\" class=\"breadcrumbs__link\">\n            Home page        <\/a>\n        <svg aria-hidden=\"true\" focusable=\"false\" width=\"7\" height=\"7\" viewBox=\"0 0 5.6 9\" xmlns=\"http:\/\/www.w3.org\/2000\/svg\"><path d=\"M1.1 0L0 1.1l3.4 3.4L0 7.9 1.1 9l4.5-4.5z\"\/><\/svg>\n            <\/div>\n<\/section>            <h1 class=\"block-hero__title fade-in  \">E-szkolenie biblioteczne<\/h1>\n                    <\/div>\n    <\/div>\n            \n<div class=\"triangle triangle--bottom-right default\">\n    <svg aria-hidden=\"true\" focusable=\"false\" width=\"1440\" height=\"98\" viewBox=\"0 0 1440 98\" fill=\"none\" xmlns=\"http:\/\/www.w3.org\/2000\/svg\">\n<path d=\"M1440 0L0 98H1440V0Z\" fill=\"white\"\/>\n<\/svg>\n<\/div>\n    <\/section>\n\n\n    <section\n        class=\"block-content-with-gallery block-content-with-gallery--white block-content-with-gallery--left\"\n        id=\"block_586a4881c9266b0040068bbfd76cac50\">\n                <div class=\"container\">\n            <div class=\"block-content-with-gallery__wrapper\">\n                <div class=\"block-content-with-gallery__gallery js-delay fade-in\">\n                                                                        <figure class=\"block-content-with-gallery__item js-delay-item\">\n                                <img loading=\"lazy\" decoding=\"async\" width=\"2048\" height=\"1365\" src=\"https:\/\/humanitas.edu.pl\/wp-content\/uploads\/2025\/05\/DSC08368.jpg\" class=\"attachment-full-size size-full-size\" alt=\"\" aria-hidden=\"true\" srcset=\"https:\/\/humanitas.edu.pl\/wp-content\/uploads\/2025\/05\/DSC08368.jpg 2048w, https:\/\/humanitas.edu.pl\/wp-content\/uploads\/2025\/05\/DSC08368-300x200.jpg 300w, https:\/\/humanitas.edu.pl\/wp-content\/uploads\/2025\/05\/DSC08368-1024x683.jpg 1024w, https:\/\/humanitas.edu.pl\/wp-content\/uploads\/2025\/05\/DSC08368-768x512.jpg 768w, https:\/\/humanitas.edu.pl\/wp-content\/uploads\/2025\/05\/DSC08368-1536x1024.jpg 1536w\" sizes=\"(max-width: 2048px) 100vw, 2048px\" \/>                            <\/figure>\n                                                            <\/div>\n                <div id=\"block-69d8a4624f6ca3.14447646\" class=\"block-content-with-gallery__content\">\n                    <h2\n                        class=\"block-content-with-gallery__title heading-underline heading-dot fade-in \">\n                        Szkolenie biblioteczne<\/h3>\n                        <div class=\"block-content-with-gallery__text fade-in\">\n\n                                                            <div class=\"block-content-with-gallery__text-full\">\n                                    <p>Biblioteka AH zapewnia swoim czytelnikom innowacyjn\u0105 form\u0119 szkolenia bibliotecznego. Szkolenie realizowane jest on-line za po\u015brednictwem platformy Moodle. Ma bardzo przyst\u0119pn\u0105 form\u0119, sk\u0142ada si\u0119 z kilkunastu slajd\u00f3w zawieraj\u0105cych najistotniejsze informacje pozwalaj\u0105ce na poruszanie si\u0119 w przestrzeni Biblioteki AH.<\/p>\n<p>Dla student\u00f3w I-go semestru studi\u00f3w licencjackich oraz jednolitych magisterskich odbycie szkolenia jest obowi\u0105zkowe. Poprawne rozwi\u0105zanie testu ko\u0144cz\u0105cego szkolenie gwarantuje studentom otrzymanie wpisu do indeksu niezb\u0119dnego do zaliczenia semestru.<\/p>\n<p>Je\u017celi jeste\u015b studentem I-go semestru studi\u00f3w licencjackich i jednolitych magisterskich:<\/p>\n<ul>\n<li>Korzystaj\u0105c z odno\u015bnika zamieszczonego na dole wejd\u017a na stron\u0119 platformy Moodle.<\/li>\n<li>B\u0119d\u0105c na platformie Moodle uruchom kurs \u201eE-Szkolenie Biblioteczne\u201d i zaloguj si\u0119 w nast\u0119puj\u0105cy spos\u00f3b:<\/li>\n<\/ul>\n<p><strong><span lang=\"en-us\">Login:\u00a0<\/span><span lang=\"en-us\">numer_albumu@humanitas365.edu.pl<\/span><br \/>\n<span lang=\"en-us\">Has\u0142o: has\u0142o_do_WU<\/span><\/strong><\/p>\n<p><strong>Klucz:\u00a0Biblioteka2026!GHCSRT<\/strong><\/p>\n<p><strong>Uwaga!<\/strong><\/p>\n<p><strong>Zaliczenie ze szkolenia bibliotecznego b\u0119dzie wpisane na Wirtualn\u0105 Uczelni\u0119 z ko\u0144cem semestru w sesji egzaminacyjnej.<\/strong><\/p>\n<p>Po zalogowaniu zapoznaj si\u0119 z informacjami zawartymi w kursie i odpowiedz na pytania znajduj\u0105ce si\u0119 w te\u015bcie.<\/p>\n<p>Wej\u015bcie na platform\u0119 Moodle &#8211; <a href=\"https:\/\/moodle.humanitas.edu.pl\"><strong>kliknij &gt;&gt;&gt;<\/strong><\/a><\/p>\n                                <\/div>\n                            \n                        <\/div>\n                                        <\/div>\n            <\/div>\n        <\/div>\n            <\/section>\n\n    <script>\n        document.addEventListener('DOMContentLoaded', function() {\n            var containerId = \"block-69d8a4624f6ca3.14447646\";\n            var container = document.getElementById(containerId);\n\n            if (container) {\n                const button = container.querySelector('.block-content-with-gallery__read-more');\n                const truncated = container.querySelector('.block-content-with-gallery__text-truncated');\n                const full = container.querySelector('.block-content-with-gallery__text-full');\n\n                button.addEventListener('click', function() {\n                    if (truncated.style.display !== 'none') {\n                        truncated.style.display = 'none';\n                        full.style.display = 'block';\n                        button.textContent = button.getAttribute('data-read-less');\n                    } else {\n                        truncated.style.display = 'block';\n                        full.style.display = 'none';\n                        button.textContent = button.getAttribute('data-read-more');\n                    }\n                });\n            }\n        });\n    <\/script>\n\n\n    <section\n        class=\"block-content-with-gallery block-content-with-gallery--light-blue block-content-with-gallery--right\"\n        id=\"block_35b7eb40be5c0a73bfcd6ce6823cd1fa\">\n                    \n<div class=\"triangle triangle--top-left default\">\n    <svg aria-hidden=\"true\" focusable=\"false\" width=\"1440\" height=\"98\" viewBox=\"0 0 1440 98\" fill=\"none\" xmlns=\"http:\/\/www.w3.org\/2000\/svg\">\n<path d=\"M0 98L1440 0H0V98Z\" fill=\"white\"\/>\n<\/svg>\n<\/div>\n                <div class=\"container\">\n            <div class=\"block-content-with-gallery__wrapper\">\n                <div class=\"block-content-with-gallery__gallery js-delay fade-in\">\n                                    <\/div>\n                <div id=\"block-69d8a46253a875.24940987\" class=\"block-content-with-gallery__content\">\n                    <h2\n                        class=\"block-content-with-gallery__title heading-underline heading-dot fade-in \">\n                        Instrukcja obs\u0142ugi Sowa Mobi<\/h3>\n                        <div class=\"block-content-with-gallery__text fade-in\">\n\n                                                            <div class=\"block-content-with-gallery__text-full\">\n                                    <p><strong>SOWA MOBI \u2013 co to jest?<\/strong><\/p>\n<p>Sowa MOBI to bezp\u0142atna aplikacja mobilna dla Czytelnik\u00f3w, dost\u0119pna na telefony i tablety z systemem Android oraz z systemem iOS. Dzi\u0119ki aplikacji mo\u017cna przegl\u0105da\u0107 zasoby biblioteczne, wypo\u017cycza\u0107 ksi\u0105\u017cki, czy te\u017c prolongowa\u0107 termin ich zwrotu.<\/p>\n<p>Poni\u017cej znajduje si\u0119 do pobrania za\u0142\u0105cznik zawieraj\u0105cy instrukcj\u0119 obs\u0142ugi aplikacji:<\/p>\n<p><a href=\"https:\/\/humanitas.edu.pl\/wp-content\/uploads\/2025\/08\/INSTRUKCJA-OBSLUGI-APLIKACJI-MOBILNEJ.pdf\">Instrukcja obs\u0142ugi aplikacji mobilnej Sowa MOBI &#8211; pobierz<\/a><\/p>\n<p>Wszelkie informacje dotycz\u0105ce aplikacji Sowa MOBI znajdziesz na stronie internetowej: <a href=\"https:\/\/mobi.sowa.pl\/\">https:\/\/mobi.sowa.pl\/<\/a>.<\/p>\n<p>&nbsp;<\/p>\n<p>W razie pyta\u0144 skontaktuj si\u0119 z pracownikami naszej biblioteki<\/p>\n                                <\/div>\n                            \n                        <\/div>\n                                                    \n    <a \n        href=\"https:\/\/humanitas.edu.pl\/en\/kontakt-en\/biblioteka\/\" \n        target=\"\" \n        aria-label=\"Biblioteka\" \n        title=\"Biblioteka\" \n                class=\"button   button-tertiary fade-in button-blue\">\n                Biblioteka        <\/a>\n                                        <\/div>\n            <\/div>\n        <\/div>\n                    \n<div class=\"triangle triangle--bottom-right default\">\n    <svg aria-hidden=\"true\" focusable=\"false\" width=\"1440\" height=\"98\" viewBox=\"0 0 1440 98\" fill=\"none\" xmlns=\"http:\/\/www.w3.org\/2000\/svg\">\n<path d=\"M1440 0L0 98H1440V0Z\" fill=\"white\"\/>\n<\/svg>\n<\/div>\n            <\/section>\n\n    <script>\n        document.addEventListener('DOMContentLoaded', function() {\n            var containerId = \"block-69d8a46253a875.24940987\";\n            var container = document.getElementById(containerId);\n\n            if (container) {\n                const button = container.querySelector('.block-content-with-gallery__read-more');\n                const truncated = container.querySelector('.block-content-with-gallery__text-truncated');\n                const full = container.querySelector('.block-content-with-gallery__text-full');\n\n                button.addEventListener('click', function() {\n                    if (truncated.style.display !== 'none') {\n                        truncated.style.display = 'none';\n                        full.style.display = 'block';\n                        button.textContent = button.getAttribute('data-read-less');\n                    } else {\n                        truncated.style.display = 'block';\n                        full.style.display = 'none';\n                        button.textContent = button.getAttribute('data-read-more');\n                    }\n                });\n            }\n        });\n    <\/script>\n","protected":false},"excerpt":{"rendered":"","protected":false},"author":6,"featured_media":0,"parent":3027,"menu_order":0,"comment_status":"closed","ping_status":"closed","template":"","meta":{"_acf_changed":false,"inline_featured_image":false,"footnotes":""},"class_list":["post-11824","page","type-page","status-publish","hentry"],"acf":[],"yoast_head":"<!-- This site is optimized with the Yoast SEO Premium plugin v27.3 (Yoast SEO v27.3) - https:\/\/yoast.com\/product\/yoast-seo-premium-wordpress\/ -->\n<title>E-szkolenie biblioteczne - Akademia Humanitas<\/title>\n<meta name=\"robots\" content=\"index, follow, max-snippet:-1, max-image-preview:large, max-video-preview:-1\" \/>\n<link rel=\"canonical\" href=\"https:\/\/humanitas.edu.pl\/en\/biblioteka\/e-szkolenie-biblioteczne\/\" \/>\n<meta property=\"og:locale\" content=\"en_US\" \/>\n<meta property=\"og:type\" content=\"article\" \/>\n<meta property=\"og:title\" content=\"E-szkolenie biblioteczne\" \/>\n<meta property=\"og:url\" content=\"https:\/\/humanitas.edu.pl\/en\/biblioteka\/e-szkolenie-biblioteczne\/\" \/>\n<meta property=\"og:site_name\" content=\"Akademia Humanitas\" \/>\n<meta property=\"article:modified_time\" content=\"2025-12-04T08:14:22+00:00\" \/>\n<meta name=\"twitter:card\" content=\"summary_large_image\" \/>\n<meta name=\"twitter:label1\" content=\"Est. reading time\" \/>\n\t<meta name=\"twitter:data1\" content=\"2 minutes\" \/>\n<script type=\"application\/ld+json\" class=\"yoast-schema-graph\">{\"@context\":\"https:\\\/\\\/schema.org\",\"@graph\":[{\"@type\":\"WebPage\",\"@id\":\"https:\\\/\\\/humanitas.edu.pl\\\/en\\\/biblioteka\\\/e-szkolenie-biblioteczne\\\/\",\"url\":\"https:\\\/\\\/humanitas.edu.pl\\\/en\\\/biblioteka\\\/e-szkolenie-biblioteczne\\\/\",\"name\":\"E-szkolenie biblioteczne - Akademia Humanitas\",\"isPartOf\":{\"@id\":\"https:\\\/\\\/humanitas.edu.pl\\\/en\\\/#website\"},\"datePublished\":\"2025-09-29T09:33:48+00:00\",\"dateModified\":\"2025-12-04T08:14:22+00:00\",\"breadcrumb\":{\"@id\":\"https:\\\/\\\/humanitas.edu.pl\\\/en\\\/biblioteka\\\/e-szkolenie-biblioteczne\\\/#breadcrumb\"},\"inLanguage\":\"en-US\",\"potentialAction\":[{\"@type\":\"ReadAction\",\"target\":[\"https:\\\/\\\/humanitas.edu.pl\\\/en\\\/biblioteka\\\/e-szkolenie-biblioteczne\\\/\"]}]},{\"@type\":\"BreadcrumbList\",\"@id\":\"https:\\\/\\\/humanitas.edu.pl\\\/en\\\/biblioteka\\\/e-szkolenie-biblioteczne\\\/#breadcrumb\",\"itemListElement\":[{\"@type\":\"ListItem\",\"position\":1,\"name\":\"Home\",\"item\":\"https:\\\/\\\/humanitas.edu.pl\\\/en\\\/\"},{\"@type\":\"ListItem\",\"position\":2,\"name\":\"Biblioteka\",\"item\":\"https:\\\/\\\/humanitas.edu.pl\\\/en\\\/biblioteka\\\/\"},{\"@type\":\"ListItem\",\"position\":3,\"name\":\"E-szkolenie biblioteczne\"}]},{\"@type\":\"WebSite\",\"@id\":\"https:\\\/\\\/humanitas.edu.pl\\\/en\\\/#website\",\"url\":\"https:\\\/\\\/humanitas.edu.pl\\\/en\\\/\",\"name\":\"Akademia Humanitas\",\"description\":\"\",\"potentialAction\":[{\"@type\":\"SearchAction\",\"target\":{\"@type\":\"EntryPoint\",\"urlTemplate\":\"https:\\\/\\\/humanitas.edu.pl\\\/en\\\/?s={search_term_string}\"},\"query-input\":{\"@type\":\"PropertyValueSpecification\",\"valueRequired\":true,\"valueName\":\"search_term_string\"}}],\"inLanguage\":\"en-US\"}]}<\/script>\n<!-- \/ Yoast SEO Premium plugin. -->","yoast_head_json":{"title":"E-szkolenie biblioteczne - Akademia Humanitas","robots":{"index":"index","follow":"follow","max-snippet":"max-snippet:-1","max-image-preview":"max-image-preview:large","max-video-preview":"max-video-preview:-1"},"canonical":"https:\/\/humanitas.edu.pl\/en\/biblioteka\/e-szkolenie-biblioteczne\/","og_locale":"en_US","og_type":"article","og_title":"E-szkolenie biblioteczne","og_url":"https:\/\/humanitas.edu.pl\/en\/biblioteka\/e-szkolenie-biblioteczne\/","og_site_name":"Akademia Humanitas","article_modified_time":"2025-12-04T08:14:22+00:00","twitter_card":"summary_large_image","twitter_misc":{"Est. reading time":"2 minutes"},"schema":{"@context":"https:\/\/schema.org","@graph":[{"@type":"WebPage","@id":"https:\/\/humanitas.edu.pl\/en\/biblioteka\/e-szkolenie-biblioteczne\/","url":"https:\/\/humanitas.edu.pl\/en\/biblioteka\/e-szkolenie-biblioteczne\/","name":"E-szkolenie biblioteczne - Akademia Humanitas","isPartOf":{"@id":"https:\/\/humanitas.edu.pl\/en\/#website"},"datePublished":"2025-09-29T09:33:48+00:00","dateModified":"2025-12-04T08:14:22+00:00","breadcrumb":{"@id":"https:\/\/humanitas.edu.pl\/en\/biblioteka\/e-szkolenie-biblioteczne\/#breadcrumb"},"inLanguage":"en-US","potentialAction":[{"@type":"ReadAction","target":["https:\/\/humanitas.edu.pl\/en\/biblioteka\/e-szkolenie-biblioteczne\/"]}]},{"@type":"BreadcrumbList","@id":"https:\/\/humanitas.edu.pl\/en\/biblioteka\/e-szkolenie-biblioteczne\/#breadcrumb","itemListElement":[{"@type":"ListItem","position":1,"name":"Home","item":"https:\/\/humanitas.edu.pl\/en\/"},{"@type":"ListItem","position":2,"name":"Biblioteka","item":"https:\/\/humanitas.edu.pl\/en\/biblioteka\/"},{"@type":"ListItem","position":3,"name":"E-szkolenie biblioteczne"}]},{"@type":"WebSite","@id":"https:\/\/humanitas.edu.pl\/en\/#website","url":"https:\/\/humanitas.edu.pl\/en\/","name":"Akademia Humanitas","description":"","potentialAction":[{"@type":"SearchAction","target":{"@type":"EntryPoint","urlTemplate":"https:\/\/humanitas.edu.pl\/en\/?s={search_term_string}"},"query-input":{"@type":"PropertyValueSpecification","valueRequired":true,"valueName":"search_term_string"}}],"inLanguage":"en-US"}]}},"_links":{"self":[{"href":"https:\/\/humanitas.edu.pl\/en\/wp-json\/wp\/v2\/pages\/11824","targetHints":{"allow":["GET"]}}],"collection":[{"href":"https:\/\/humanitas.edu.pl\/en\/wp-json\/wp\/v2\/pages"}],"about":[{"href":"https:\/\/humanitas.edu.pl\/en\/wp-json\/wp\/v2\/types\/page"}],"author":[{"embeddable":true,"href":"https:\/\/humanitas.edu.pl\/en\/wp-json\/wp\/v2\/users\/6"}],"replies":[{"embeddable":true,"href":"https:\/\/humanitas.edu.pl\/en\/wp-json\/wp\/v2\/comments?post=11824"}],"version-history":[{"count":4,"href":"https:\/\/humanitas.edu.pl\/en\/wp-json\/wp\/v2\/pages\/11824\/revisions"}],"predecessor-version":[{"id":13159,"href":"https:\/\/humanitas.edu.pl\/en\/wp-json\/wp\/v2\/pages\/11824\/revisions\/13159"}],"up":[{"embeddable":true,"href":"https:\/\/humanitas.edu.pl\/en\/wp-json\/wp\/v2\/pages\/3027"}],"wp:attachment":[{"href":"https:\/\/humanitas.edu.pl\/en\/wp-json\/wp\/v2\/media?parent=11824"}],"curies":[{"name":"wp","href":"https:\/\/api.w.org\/{rel}","templated":true}]}}