{"id":11261,"date":"2025-09-18T12:01:54","date_gmt":"2025-09-18T12:01:54","guid":{"rendered":"https:\/\/humanitas.edu.pl\/?page_id=11261"},"modified":"2025-09-18T12:01:56","modified_gmt":"2025-09-18T12:01:56","slug":"centrum-badan-i-ekspertyz-rynkowych","status":"publish","type":"page","link":"https:\/\/humanitas.edu.pl\/en\/centrum-badan-i-ekspertyz-rynkowych\/","title":{"rendered":"Centrum Bada\u0144 i Ekspertyz Rynkowych"},"content":{"rendered":"<section class=\"block-hero\">\n        <div class=\"container\">\n        <div class=\"block-hero__wrapper\">\n            \n<section class=\"breadcrumbs breadcrumbs--secondary\">\n    <div class=\"breadcrumbs__wrapper\">\n        <a href=\"https:\/\/humanitas.edu.pl\/en\/\" class=\"breadcrumbs__link\">\n            Home page        <\/a>\n        <svg aria-hidden=\"true\" focusable=\"false\" width=\"7\" height=\"7\" viewBox=\"0 0 5.6 9\" xmlns=\"http:\/\/www.w3.org\/2000\/svg\"><path d=\"M1.1 0L0 1.1l3.4 3.4L0 7.9 1.1 9l4.5-4.5z\"\/><\/svg>\n            <\/div>\n<\/section>            <h1 class=\"block-hero__title fade-in heading-underline \">Centrum Bada\u0144 i Ekspertyz Rynkowych<\/h1>\n                    <\/div>\n    <\/div>\n            \n<div class=\"triangle triangle--bottom-right default\">\n    <svg aria-hidden=\"true\" focusable=\"false\" width=\"1440\" height=\"98\" viewBox=\"0 0 1440 98\" fill=\"none\" xmlns=\"http:\/\/www.w3.org\/2000\/svg\">\n<path d=\"M1440 0L0 98H1440V0Z\" fill=\"white\"\/>\n<\/svg>\n<\/div>\n    <\/section>\n\n\n<section\n    class=\"block-content-with-buttons block-content-with-buttons--white block-content-with-buttons--left\"\n    id=\"block_911535062a80aeb56b29d2a56107d1d5\">\n        <div class=\"container\">\n        <div class=\"block-content-with-buttons__wrapper\">\n            <figure\n                class=\"block-content-with-buttons__image fade-in \">\n                            <\/figure>\n            <div class=\"block-content-with-buttons__content\">\n                <h2\n                    class=\"block-content-with-buttons__title heading-underline heading-dot fade-in \">\n                    O Centrum<\/h2>\n                <div class=\"block-content-with-buttons__text fade-in\">\n                    <p><strong>Centrum<\/strong>\u00a0dzia\u0142aj\u0105ce przy Akademii Humanitas to jednostka o charakterze badawczym, zajmuj\u0105ca si\u0119 analityk\u0105 rynkowo\u0105 w uk\u0142adzie komercyjnym. Centrum \u015bwiadczy\u00a0<strong>badania\u00a0<\/strong><strong>i ekspertyzy rynkowe\u00a0<\/strong>o charakterze ekonomicznym dla jednostek biznesu oraz\u00a0 innych organizacji. Jednostka proponuje\u00a0<strong>badania stanu rynkowego\u00a0 i rozwi\u0105zania prognostyczne\u00a0<\/strong>oraz badania i\u00a0<strong>doradztwo ekonomiczne\u00a0<\/strong>ze szczeg\u00f3lnym uwzgl\u0119dnieniem zarz\u0105dzania<\/p>\n<p>Centrum realizuje\u00a0<strong>analizy\u00a0<\/strong><strong>otoczenia\u00a0<\/strong><strong>i\/lub\u00a0<\/strong><strong>organizacji<\/strong>, a tak\u017ce proponuje\u00a0<strong>rozwi\u0105zania dotycz\u0105ce kszta\u0142towania systemu zarz\u0105dzania organizacj\u0105\u00a0<\/strong>ze wskazaniem kierunk\u00f3w i trend\u00f3w rozwojowych. Ponadto, eksperci CBiER przygotowuj\u0105\u00a0<strong>strategie,\u00a0<\/strong><strong>biznes plany, oceny pojemno\u015bci i ch\u0142onno\u015bci rynkowej, analizy preferencji nabywc\u00f3w i oceny zjawisk\u00a0<\/strong>rynkowych, od kt\u00f3rych zale\u017cy organizacja.<\/p>\n<p>Obszar mo\u017cliwo\u015bci wsp\u00f3\u0142pracy z Centrum Bada\u0144 i\u00a0 Ekspertyz Rynkowych jest\u00a0 szeroki, a ka\u017cda mo\u017cliwo\u015b\u0107 wsp\u00f3\u0142pracy jest poddawana wnikliwej analizie z przygotowaniem indywidualnej oferty w\u0142\u0105cznie. Ka\u017cdy\u00a0<strong>Klient\u00a0<\/strong><strong>jest traktowany indywidualnie<\/strong>, a zatrudniani eksperci, to\u00a0<strong>wysokiej klasy specjali\u015bci\u00a0<\/strong>b\u0119d\u0105cy praktykami o r\u00f3wnoczesnych, wysokich kompetencjach akademickich.<\/p>\n<p>&nbsp;<\/p>\n<p><a href=\"https:\/\/humanitas.edu.pl\/wp-content\/uploads\/2025\/09\/CBiER_Humanitas.jpg\"><img loading=\"lazy\" decoding=\"async\" class=\"alignnone wp-image-11262 size-full\" src=\"https:\/\/humanitas.edu.pl\/wp-content\/uploads\/2025\/09\/CBiER_Humanitas.jpg\" alt=\"\" width=\"1200\" height=\"1616\" srcset=\"https:\/\/humanitas.edu.pl\/wp-content\/uploads\/2025\/09\/CBiER_Humanitas.jpg 1200w, https:\/\/humanitas.edu.pl\/wp-content\/uploads\/2025\/09\/CBiER_Humanitas-223x300.jpg 223w, https:\/\/humanitas.edu.pl\/wp-content\/uploads\/2025\/09\/CBiER_Humanitas-760x1024.jpg 760w, https:\/\/humanitas.edu.pl\/wp-content\/uploads\/2025\/09\/CBiER_Humanitas-768x1034.jpg 768w, https:\/\/humanitas.edu.pl\/wp-content\/uploads\/2025\/09\/CBiER_Humanitas-1141x1536.jpg 1141w\" sizes=\"(max-width: 1200px) 100vw, 1200px\" \/><\/a><\/p>\n<p><strong>Jednostka zatrudnia\u00a0<\/strong>specjalist\u00f3w &#8211; praktyk\u00f3w i pracownik\u00f3w uczelni z r\u00f3\u017cnych obszar\u00f3w zarz\u0105dzania organizacj\u0105. Wysokie kwalifikacje badaczy s\u0105 gwarantem rzetelnie wykonywanej pracy.\u00a0<strong>Proces realizacji\u00a0<\/strong>zlecenia ka\u017cdorazowo poprzedzony jest indywidualnymi ustaleniami dotycz\u0105cymi zakresu merytorycznego oraz przestrzennego i czasowego.<\/p>\n<p><strong>Indywidualne traktowanie Klienta\u00a0<\/strong>przejawia si\u0119 w przygotowaniu oferty pog\u0142\u0119bionej, specjalistycznej, oddzielnie dla ka\u017cdego zainteresowanego wsp\u00f3\u0142prac\u0105 zleceniodawcy.<\/p>\n<p><strong>Warunki wsp\u00f3\u0142pracy\u00a0<\/strong>uwzgl\u0119dniaj\u0105 zachowanie tajemnicy zwi\u0105zanej z sytuacj\u0105 zleceniodawcy.<\/p>\n<p><strong>Ceny\u00a0<\/strong>okre\u015blane s\u0105 podczas negocjacji w zale\u017cno\u015bci od zakresu zlecenia.<\/p>\n<p><strong>Wyniki bada\u0144\u00a0<\/strong>s\u0105 opracowywane na rzecz Klienta w formie raportu pisemnego, w wersji papierowej i elektronicznej.<\/p>\n                <\/div>\n                                <div\n                    class=\"block-content-with-buttons__buttons block-content-with-buttons__buttons--with-icons js-delay fade-in\">\n                                    <\/div>\n            <\/div>\n        <\/div>\n    <\/div>\n    <\/section>\n\n<section\n    class=\"block-content-with-buttons block-content-with-buttons--white block-content-with-buttons--left\"\n    id=\"block_cb9ef947f2c6da118b2b86732021f62e\">\n        <div class=\"container\">\n        <div class=\"block-content-with-buttons__wrapper\">\n            <figure\n                class=\"block-content-with-buttons__image fade-in \">\n                            <\/figure>\n            <div class=\"block-content-with-buttons__content\">\n                <h2\n                    class=\"block-content-with-buttons__title heading-underline heading-dot fade-in \">\n                    Kontakt<\/h2>\n                <div class=\"block-content-with-buttons__text fade-in\">\n                    <p><strong>dr hab. Jolanta Staszewska\u00a0prof. AH<br \/>\n<\/strong>Dyrektor Centrum Bada\u0144 i Ekspertyz Rynkowych<br \/>\n<strong>e-mail:<\/strong>\u00a0<a href=\"mailto:jolanta.staszewska@humanitas.edu.pl\">jolanta.staszewska@humanitas.edu.pl<\/a><\/p>\n                <\/div>\n                                <div\n                    class=\"block-content-with-buttons__buttons block-content-with-buttons__buttons--with-icons js-delay fade-in\">\n                                    <\/div>\n            <\/div>\n        <\/div>\n    <\/div>\n    <\/section>","protected":false},"excerpt":{"rendered":"","protected":false},"author":6,"featured_media":0,"parent":0,"menu_order":0,"comment_status":"closed","ping_status":"closed","template":"","meta":{"_acf_changed":false,"inline_featured_image":false,"footnotes":""},"class_list":["post-11261","page","type-page","status-publish","hentry"],"acf":[],"yoast_head":"<!-- This site is optimized with the Yoast SEO Premium plugin v27.3 (Yoast SEO v27.3) - https:\/\/yoast.com\/product\/yoast-seo-premium-wordpress\/ -->\n<title>Centrum Bada\u0144 i Ekspertyz Rynkowych - Akademia Humanitas<\/title>\n<meta name=\"robots\" content=\"index, follow, max-snippet:-1, max-image-preview:large, max-video-preview:-1\" \/>\n<link rel=\"canonical\" href=\"https:\/\/humanitas.edu.pl\/en\/centrum-badan-i-ekspertyz-rynkowych\/\" \/>\n<meta property=\"og:locale\" content=\"en_US\" \/>\n<meta property=\"og:type\" content=\"article\" \/>\n<meta property=\"og:title\" content=\"Centrum Bada\u0144 i Ekspertyz Rynkowych\" \/>\n<meta property=\"og:url\" content=\"https:\/\/humanitas.edu.pl\/en\/centrum-badan-i-ekspertyz-rynkowych\/\" \/>\n<meta property=\"og:site_name\" content=\"Akademia Humanitas\" \/>\n<meta property=\"article:modified_time\" content=\"2025-09-18T12:01:56+00:00\" \/>\n<meta name=\"twitter:card\" content=\"summary_large_image\" \/>\n<meta name=\"twitter:label1\" content=\"Est. reading time\" \/>\n\t<meta name=\"twitter:data1\" content=\"2 minutes\" \/>\n<script type=\"application\/ld+json\" class=\"yoast-schema-graph\">{\"@context\":\"https:\\\/\\\/schema.org\",\"@graph\":[{\"@type\":\"WebPage\",\"@id\":\"https:\\\/\\\/humanitas.edu.pl\\\/en\\\/centrum-badan-i-ekspertyz-rynkowych\\\/\",\"url\":\"https:\\\/\\\/humanitas.edu.pl\\\/en\\\/centrum-badan-i-ekspertyz-rynkowych\\\/\",\"name\":\"Centrum Bada\u0144 i Ekspertyz Rynkowych - Akademia Humanitas\",\"isPartOf\":{\"@id\":\"https:\\\/\\\/humanitas.edu.pl\\\/en\\\/#website\"},\"datePublished\":\"2025-09-18T12:01:54+00:00\",\"dateModified\":\"2025-09-18T12:01:56+00:00\",\"breadcrumb\":{\"@id\":\"https:\\\/\\\/humanitas.edu.pl\\\/en\\\/centrum-badan-i-ekspertyz-rynkowych\\\/#breadcrumb\"},\"inLanguage\":\"en-US\",\"potentialAction\":[{\"@type\":\"ReadAction\",\"target\":[\"https:\\\/\\\/humanitas.edu.pl\\\/en\\\/centrum-badan-i-ekspertyz-rynkowych\\\/\"]}]},{\"@type\":\"BreadcrumbList\",\"@id\":\"https:\\\/\\\/humanitas.edu.pl\\\/en\\\/centrum-badan-i-ekspertyz-rynkowych\\\/#breadcrumb\",\"itemListElement\":[{\"@type\":\"ListItem\",\"position\":1,\"name\":\"Home\",\"item\":\"https:\\\/\\\/humanitas.edu.pl\\\/en\\\/\"},{\"@type\":\"ListItem\",\"position\":2,\"name\":\"Centrum Bada\u0144 i Ekspertyz Rynkowych\"}]},{\"@type\":\"WebSite\",\"@id\":\"https:\\\/\\\/humanitas.edu.pl\\\/en\\\/#website\",\"url\":\"https:\\\/\\\/humanitas.edu.pl\\\/en\\\/\",\"name\":\"Akademia Humanitas\",\"description\":\"\",\"potentialAction\":[{\"@type\":\"SearchAction\",\"target\":{\"@type\":\"EntryPoint\",\"urlTemplate\":\"https:\\\/\\\/humanitas.edu.pl\\\/en\\\/?s={search_term_string}\"},\"query-input\":{\"@type\":\"PropertyValueSpecification\",\"valueRequired\":true,\"valueName\":\"search_term_string\"}}],\"inLanguage\":\"en-US\"}]}<\/script>\n<!-- \/ Yoast SEO Premium plugin. -->","yoast_head_json":{"title":"Centrum Bada\u0144 i Ekspertyz Rynkowych - Akademia Humanitas","robots":{"index":"index","follow":"follow","max-snippet":"max-snippet:-1","max-image-preview":"max-image-preview:large","max-video-preview":"max-video-preview:-1"},"canonical":"https:\/\/humanitas.edu.pl\/en\/centrum-badan-i-ekspertyz-rynkowych\/","og_locale":"en_US","og_type":"article","og_title":"Centrum Bada\u0144 i Ekspertyz Rynkowych","og_url":"https:\/\/humanitas.edu.pl\/en\/centrum-badan-i-ekspertyz-rynkowych\/","og_site_name":"Akademia Humanitas","article_modified_time":"2025-09-18T12:01:56+00:00","twitter_card":"summary_large_image","twitter_misc":{"Est. reading time":"2 minutes"},"schema":{"@context":"https:\/\/schema.org","@graph":[{"@type":"WebPage","@id":"https:\/\/humanitas.edu.pl\/en\/centrum-badan-i-ekspertyz-rynkowych\/","url":"https:\/\/humanitas.edu.pl\/en\/centrum-badan-i-ekspertyz-rynkowych\/","name":"Centrum Bada\u0144 i Ekspertyz Rynkowych - Akademia Humanitas","isPartOf":{"@id":"https:\/\/humanitas.edu.pl\/en\/#website"},"datePublished":"2025-09-18T12:01:54+00:00","dateModified":"2025-09-18T12:01:56+00:00","breadcrumb":{"@id":"https:\/\/humanitas.edu.pl\/en\/centrum-badan-i-ekspertyz-rynkowych\/#breadcrumb"},"inLanguage":"en-US","potentialAction":[{"@type":"ReadAction","target":["https:\/\/humanitas.edu.pl\/en\/centrum-badan-i-ekspertyz-rynkowych\/"]}]},{"@type":"BreadcrumbList","@id":"https:\/\/humanitas.edu.pl\/en\/centrum-badan-i-ekspertyz-rynkowych\/#breadcrumb","itemListElement":[{"@type":"ListItem","position":1,"name":"Home","item":"https:\/\/humanitas.edu.pl\/en\/"},{"@type":"ListItem","position":2,"name":"Centrum Bada\u0144 i Ekspertyz Rynkowych"}]},{"@type":"WebSite","@id":"https:\/\/humanitas.edu.pl\/en\/#website","url":"https:\/\/humanitas.edu.pl\/en\/","name":"Akademia Humanitas","description":"","potentialAction":[{"@type":"SearchAction","target":{"@type":"EntryPoint","urlTemplate":"https:\/\/humanitas.edu.pl\/en\/?s={search_term_string}"},"query-input":{"@type":"PropertyValueSpecification","valueRequired":true,"valueName":"search_term_string"}}],"inLanguage":"en-US"}]}},"_links":{"self":[{"href":"https:\/\/humanitas.edu.pl\/en\/wp-json\/wp\/v2\/pages\/11261","targetHints":{"allow":["GET"]}}],"collection":[{"href":"https:\/\/humanitas.edu.pl\/en\/wp-json\/wp\/v2\/pages"}],"about":[{"href":"https:\/\/humanitas.edu.pl\/en\/wp-json\/wp\/v2\/types\/page"}],"author":[{"embeddable":true,"href":"https:\/\/humanitas.edu.pl\/en\/wp-json\/wp\/v2\/users\/6"}],"replies":[{"embeddable":true,"href":"https:\/\/humanitas.edu.pl\/en\/wp-json\/wp\/v2\/comments?post=11261"}],"version-history":[{"count":1,"href":"https:\/\/humanitas.edu.pl\/en\/wp-json\/wp\/v2\/pages\/11261\/revisions"}],"predecessor-version":[{"id":11265,"href":"https:\/\/humanitas.edu.pl\/en\/wp-json\/wp\/v2\/pages\/11261\/revisions\/11265"}],"wp:attachment":[{"href":"https:\/\/humanitas.edu.pl\/en\/wp-json\/wp\/v2\/media?parent=11261"}],"curies":[{"name":"wp","href":"https:\/\/api.w.org\/{rel}","templated":true}]}}